{"id":532,"date":"2012-10-10T10:31:35","date_gmt":"2012-10-10T08:31:35","guid":{"rendered":"http:\/\/blogs.uni-paderborn.de\/shortcuts\/?page_id=532"},"modified":"2013-06-19T06:42:03","modified_gmt":"2013-06-19T04:42:03","slug":"weiterbildungsangebote-an-der-upb","status":"publish","type":"page","link":"https:\/\/blogs.uni-paderborn.de\/shortcuts\/weitere-angebote\/weiterbildungsangebote-an-der-upb\/","title":{"rendered":"Weiterbildungsangebote an der UPB"},"content":{"rendered":"<div class=\"twoclick_social_bookmarks_post_532 social_share_privacy clearfix 1.6.4 locale-de_DE sprite-de_DE\"><\/div><div class=\"twoclick-js\"><script type=\"text\/javascript\">\/* <![CDATA[ *\/\njQuery(document).ready(function($){if($('.twoclick_social_bookmarks_post_532')){$('.twoclick_social_bookmarks_post_532').socialSharePrivacy({\"txt_help\":\"Wenn Sie diese Felder durch einen Klick aktivieren, werden Informationen an Facebook, Twitter, Flattr, Xing, t3n, LinkedIn, Pinterest oder Google eventuell ins Ausland \\u00fcbertragen und unter Umst\\u00e4nden auch dort gespeichert. N\\u00e4heres erfahren Sie durch einen Klick auf das <em>i<\\\/em>.\",\"settings_perma\":\"Dauerhaft aktivieren und Daten\\u00fcber-tragung zustimmen:\",\"info_link\":\"http:\\\/\\\/www.heise.de\\\/ct\\\/artikel\\\/2-Klicks-fuer-mehr-Datenschutz-1333879.html\",\"uri\":\"https:\\\/\\\/blogs.uni-paderborn.de\\\/shortcuts\\\/weitere-angebote\\\/weiterbildungsangebote-an-der-upb\\\/\",\"post_id\":532,\"post_title_referrer_track\":\"Weiterbildungsangebote+an+der+UPB\",\"display_infobox\":\"on\"});}});\n\/* ]]> *\/<\/script><\/div><p style=\"text-align: justify\">Die\u00a0 Hochschuldidaktik der Universit\u00e4t kooperiert mit zahlreichen weiteren <strong>Einrichtungen und Instituten der Universit\u00e4t Paderborn <\/strong>um das Angebot um (fach-)spezifische Angebote erweitern.<\/p>\n<ul style=\"text-align: justify\">\n<li><a href=\"http:\/\/www.uni-paderborn.de\/weiterbildung-fuer-mitarbeitende\" target=\"_self\">\u00dcbersicht aller Weiterbildungsangebote f\u00fcr MitarbeiterInnen der Universit\u00e4t Paderborn.\u00a0<\/a><\/li>\n<\/ul>\n<p style=\"text-align: justify\"><strong>Erkundigen Sie sich bei uns \u00fcber die Anerkennung der jeweiligen Angebote! Gerne beraten wir Sie auch bei Ihrer pers\u00f6nlichen Weiterbildungsplanung! <\/strong><\/p>\n","protected":false},"excerpt":{"rendered":"<p>Die\u00a0 Hochschuldidaktik der Universit\u00e4t kooperiert mit zahlreichen weiteren Einrichtungen und Instituten der Universit\u00e4t Paderborn um das Angebot um (fach-)spezifische Angebote erweitern. \u00dcbersicht aller Weiterbildungsangebote f\u00fcr MitarbeiterInnen der Universit\u00e4t Paderborn.\u00a0 Erkundigen Sie sich bei uns \u00fcber die Anerkennung der jeweiligen Angebote! &hellip; <a href=\"https:\/\/blogs.uni-paderborn.de\/shortcuts\/weitere-angebote\/weiterbildungsangebote-an-der-upb\/\">Weiterlesen <span class=\"meta-nav\">&rarr;<\/span><\/a><\/p>\n","protected":false},"author":2462,"featured_media":0,"parent":502,"menu_order":2,"comment_status":"closed","ping_status":"open","template":"","meta":{"footnotes":""},"class_list":["post-532","page","type-page","status-publish","hentry"],"_links":{"self":[{"href":"https:\/\/blogs.uni-paderborn.de\/shortcuts\/wp-json\/wp\/v2\/pages\/532","targetHints":{"allow":["GET"]}}],"collection":[{"href":"https:\/\/blogs.uni-paderborn.de\/shortcuts\/wp-json\/wp\/v2\/pages"}],"about":[{"href":"https:\/\/blogs.uni-paderborn.de\/shortcuts\/wp-json\/wp\/v2\/types\/page"}],"author":[{"embeddable":true,"href":"https:\/\/blogs.uni-paderborn.de\/shortcuts\/wp-json\/wp\/v2\/users\/2462"}],"replies":[{"embeddable":true,"href":"https:\/\/blogs.uni-paderborn.de\/shortcuts\/wp-json\/wp\/v2\/comments?post=532"}],"version-history":[{"count":6,"href":"https:\/\/blogs.uni-paderborn.de\/shortcuts\/wp-json\/wp\/v2\/pages\/532\/revisions"}],"predecessor-version":[{"id":2832,"href":"https:\/\/blogs.uni-paderborn.de\/shortcuts\/wp-json\/wp\/v2\/pages\/532\/revisions\/2832"}],"up":[{"embeddable":true,"href":"https:\/\/blogs.uni-paderborn.de\/shortcuts\/wp-json\/wp\/v2\/pages\/502"}],"wp:attachment":[{"href":"https:\/\/blogs.uni-paderborn.de\/shortcuts\/wp-json\/wp\/v2\/media?parent=532"}],"curies":[{"name":"wp","href":"https:\/\/api.w.org\/{rel}","templated":true}]}}