{"id":462,"date":"2012-10-10T09:27:20","date_gmt":"2012-10-10T07:27:20","guid":{"rendered":"http:\/\/blogs.uni-paderborn.de\/shortcuts\/?page_id=462"},"modified":"2013-06-19T06:42:03","modified_gmt":"2013-06-19T04:42:03","slug":"zertifikatsprogramm-hochschuldidaktik","status":"publish","type":"page","link":"https:\/\/blogs.uni-paderborn.de\/shortcuts\/weitere-angebote\/zertifikatsprogramm-hochschuldidaktik\/","title":{"rendered":"Zertifikatsprogramm Hochschuldidaktik"},"content":{"rendered":"<div class=\"twoclick_social_bookmarks_post_462 social_share_privacy clearfix 1.6.4 locale-de_DE sprite-de_DE\"><\/div><div class=\"twoclick-js\"><script type=\"text\/javascript\">\/* <![CDATA[ *\/\njQuery(document).ready(function($){if($('.twoclick_social_bookmarks_post_462')){$('.twoclick_social_bookmarks_post_462').socialSharePrivacy({\"txt_help\":\"Wenn Sie diese Felder durch einen Klick aktivieren, werden Informationen an Facebook, Twitter, Flattr, Xing, t3n, LinkedIn, Pinterest oder Google eventuell ins Ausland \\u00fcbertragen und unter Umst\\u00e4nden auch dort gespeichert. N\\u00e4heres erfahren Sie durch einen Klick auf das <em>i<\\\/em>.\",\"settings_perma\":\"Dauerhaft aktivieren und Daten\\u00fcber-tragung zustimmen:\",\"info_link\":\"http:\\\/\\\/www.heise.de\\\/ct\\\/artikel\\\/2-Klicks-fuer-mehr-Datenschutz-1333879.html\",\"uri\":\"https:\\\/\\\/blogs.uni-paderborn.de\\\/shortcuts\\\/weitere-angebote\\\/zertifikatsprogramm-hochschuldidaktik\\\/\",\"post_id\":462,\"post_title_referrer_track\":\"Zertifikatsprogramm+Hochschuldidaktik\",\"display_infobox\":\"on\"});}});\n\/* ]]> *\/<\/script><\/div><p style=\"text-align: justify\">Das Paderborner Weiterbildungsprogramm <strong>&#8222;Professionelle Lehrkompetenz f\u00fcr die Hochschule&#8220; <\/strong>ist landesweit im <strong>&#8222;Netzwerk Hochschuldidaktik NRW&#8220; <\/strong>abgestimmt, orientiert sich an nationalen und internationalen Standards f\u00fcr die Aus- und Weiterbildung der Lehrkompetenz. Die berufsbegleitende Weiterbildung umfasst insgesamt drei Module und schlie\u00dft mit einem \u00fcberregional anerkannten Zertifikat ab.\u00a0Die hochschuldidaktische Weiterbildung soll beitragen zur <strong>Verbesserung und Sicherung der Qualit\u00e4t der Lehre <\/strong>f\u00fcr Studierende und f\u00fcr Lehrende durch die Entwicklung und Implementierung neuer und innovativer Methoden f\u00fcr die Hochschullehre. Zudem dient es der <strong>Verbesserung beruflicher Karrierechancen <\/strong>des wissenschaftlichen Nachwuchses durch eine fundierte Grundqualifizierung und den Erhalt eines anerkannten Zertifikats, das den <strong>Nachweis der p\u00e4dagogischen Eignung <\/strong>unterst\u00fctzt &#8211; im Hochschulgesetz NRW (\u00a7 36 Abs. 1) als Einstellungsvoraussetzung f\u00fcr Hochschullehrer gefordert.<\/p>\n<p style=\"text-align: justify\">Auf den folgenden Seiten k\u00f6nnen Sie sich genauer \u00fcber die Programmstruktur, die Durchf\u00fchrungsmodalit\u00e4ten und allgemeinen Rahmenbedingungen informieren.<\/p>\n<p style=\"text-align: justify\"><a href=\"https:\/\/www.uni-paderborn.de\/universitaet\/bildungsinnovationen\/zertifikatsprogramm\/\"><strong>Zertifikatsprogramm Hochschuldidaktik<\/strong><\/a><\/p>\n<p style=\"text-align: justify\">Nat\u00fcrlich laden wir Sie dazu bereits gerne zu einem <a title=\"Team und Ansprechpartner\" href=\"http:\/\/blogs.uni-paderborn.de\/shortcuts\/kontakt\/team-und-ansprechpartner\/\">pers\u00f6nlichen Gespr\u00e4ch<\/a> ein!<\/p>\n<p style=\"text-align: justify\">\n","protected":false},"excerpt":{"rendered":"<p>Das Paderborner Weiterbildungsprogramm &#8222;Professionelle Lehrkompetenz f\u00fcr die Hochschule&#8220; ist landesweit im &#8222;Netzwerk Hochschuldidaktik NRW&#8220; abgestimmt, orientiert sich an nationalen und internationalen Standards f\u00fcr die Aus- und Weiterbildung der Lehrkompetenz. Die berufsbegleitende Weiterbildung umfasst insgesamt drei Module und schlie\u00dft mit einem &hellip; <a href=\"https:\/\/blogs.uni-paderborn.de\/shortcuts\/weitere-angebote\/zertifikatsprogramm-hochschuldidaktik\/\">Weiterlesen <span class=\"meta-nav\">&rarr;<\/span><\/a><\/p>\n","protected":false},"author":2462,"featured_media":0,"parent":502,"menu_order":1,"comment_status":"closed","ping_status":"open","template":"","meta":{"footnotes":""},"class_list":["post-462","page","type-page","status-publish","hentry"],"_links":{"self":[{"href":"https:\/\/blogs.uni-paderborn.de\/shortcuts\/wp-json\/wp\/v2\/pages\/462","targetHints":{"allow":["GET"]}}],"collection":[{"href":"https:\/\/blogs.uni-paderborn.de\/shortcuts\/wp-json\/wp\/v2\/pages"}],"about":[{"href":"https:\/\/blogs.uni-paderborn.de\/shortcuts\/wp-json\/wp\/v2\/types\/page"}],"author":[{"embeddable":true,"href":"https:\/\/blogs.uni-paderborn.de\/shortcuts\/wp-json\/wp\/v2\/users\/2462"}],"replies":[{"embeddable":true,"href":"https:\/\/blogs.uni-paderborn.de\/shortcuts\/wp-json\/wp\/v2\/comments?post=462"}],"version-history":[{"count":10,"href":"https:\/\/blogs.uni-paderborn.de\/shortcuts\/wp-json\/wp\/v2\/pages\/462\/revisions"}],"predecessor-version":[{"id":2822,"href":"https:\/\/blogs.uni-paderborn.de\/shortcuts\/wp-json\/wp\/v2\/pages\/462\/revisions\/2822"}],"up":[{"embeddable":true,"href":"https:\/\/blogs.uni-paderborn.de\/shortcuts\/wp-json\/wp\/v2\/pages\/502"}],"wp:attachment":[{"href":"https:\/\/blogs.uni-paderborn.de\/shortcuts\/wp-json\/wp\/v2\/media?parent=462"}],"curies":[{"name":"wp","href":"https:\/\/api.w.org\/{rel}","templated":true}]}}