{"id":432,"date":"2012-10-10T09:26:39","date_gmt":"2012-10-10T07:26:39","guid":{"rendered":"http:\/\/blogs.uni-paderborn.de\/shortcuts\/?page_id=432"},"modified":"2013-06-19T06:42:03","modified_gmt":"2013-06-19T04:42:03","slug":"vorschau-sose-13","status":"publish","type":"page","link":"https:\/\/blogs.uni-paderborn.de\/shortcuts\/veranstaltungen\/vorschau-sose-13\/","title":{"rendered":"Vorschau SoSe 13"},"content":{"rendered":"<div class=\"twoclick_social_bookmarks_post_432 social_share_privacy clearfix 1.6.4 locale-de_DE sprite-de_DE\"><\/div><div class=\"twoclick-js\"><script type=\"text\/javascript\">\/* <![CDATA[ *\/\njQuery(document).ready(function($){if($('.twoclick_social_bookmarks_post_432')){$('.twoclick_social_bookmarks_post_432').socialSharePrivacy({\"txt_help\":\"Wenn Sie diese Felder durch einen Klick aktivieren, werden Informationen an Facebook, Twitter, Flattr, Xing, t3n, LinkedIn, Pinterest oder Google eventuell ins Ausland \\u00fcbertragen und unter Umst\\u00e4nden auch dort gespeichert. N\\u00e4heres erfahren Sie durch einen Klick auf das <em>i<\\\/em>.\",\"settings_perma\":\"Dauerhaft aktivieren und Daten\\u00fcber-tragung zustimmen:\",\"info_link\":\"http:\\\/\\\/www.heise.de\\\/ct\\\/artikel\\\/2-Klicks-fuer-mehr-Datenschutz-1333879.html\",\"uri\":\"https:\\\/\\\/blogs.uni-paderborn.de\\\/shortcuts\\\/veranstaltungen\\\/vorschau-sose-13\\\/\",\"post_id\":432,\"post_title_referrer_track\":\"Vorschau+SoSe+13\",\"display_infobox\":\"on\"});}});\n\/* ]]> *\/<\/script><\/div><p style=\"text-align: justify\"><a href=\"http:\/\/blogs.uni-paderborn.de\/shortcuts\/files\/2012\/10\/taxedo1.png\"><img loading=\"lazy\" decoding=\"async\" class=\"alignnone size-medium wp-image-1732\" title=\"taxedo\" src=\"http:\/\/blogs.uni-paderborn.de\/shortcuts\/files\/2012\/10\/taxedo1-300x160.png\" alt=\"\" width=\"300\" height=\"160\" srcset=\"https:\/\/blogs.uni-paderborn.de\/shortcuts\/files\/2012\/10\/taxedo1-300x160.png 300w, https:\/\/blogs.uni-paderborn.de\/shortcuts\/files\/2012\/10\/taxedo1-500x266.png 500w, https:\/\/blogs.uni-paderborn.de\/shortcuts\/files\/2012\/10\/taxedo1.png 725w\" sizes=\"auto, (max-width: 300px) 100vw, 300px\" \/><\/a><\/p>\n<p style=\"text-align: justify\">F\u00fcr das Sommersemester 2013 planen wir eine Fortf\u00fchrung der Useful Shortcuts Reihe! Auf dieser Seite sammeln wir daher Anregungen, R\u00fcckmeldungen, Themenvorschl\u00e4ge etc. die wir f\u00fcr die Konzeption nutzen k\u00f6nnen! Welche Anliegen, Fragestellungen gibt es in Ihrem\/Eurem Fachbereich?<\/p>\n<p style=\"text-align: justify\">Wir freuen uns \u00fcber Kommentare zu dieem Blogeintrag!<\/p>\n","protected":false},"excerpt":{"rendered":"<p>F\u00fcr das Sommersemester 2013 planen wir eine Fortf\u00fchrung der Useful Shortcuts Reihe! Auf dieser Seite sammeln wir daher Anregungen, R\u00fcckmeldungen, Themenvorschl\u00e4ge etc. die wir f\u00fcr die Konzeption nutzen k\u00f6nnen! Welche Anliegen, Fragestellungen gibt es in Ihrem\/Eurem Fachbereich? Wir freuen uns &hellip; <a href=\"https:\/\/blogs.uni-paderborn.de\/shortcuts\/veranstaltungen\/vorschau-sose-13\/\">Weiterlesen <span class=\"meta-nav\">&rarr;<\/span><\/a><\/p>\n","protected":false},"author":2462,"featured_media":1732,"parent":12,"menu_order":6,"comment_status":"closed","ping_status":"open","template":"","meta":{"footnotes":""},"class_list":["post-432","page","type-page","status-publish","has-post-thumbnail","hentry"],"_links":{"self":[{"href":"https:\/\/blogs.uni-paderborn.de\/shortcuts\/wp-json\/wp\/v2\/pages\/432","targetHints":{"allow":["GET"]}}],"collection":[{"href":"https:\/\/blogs.uni-paderborn.de\/shortcuts\/wp-json\/wp\/v2\/pages"}],"about":[{"href":"https:\/\/blogs.uni-paderborn.de\/shortcuts\/wp-json\/wp\/v2\/types\/page"}],"author":[{"embeddable":true,"href":"https:\/\/blogs.uni-paderborn.de\/shortcuts\/wp-json\/wp\/v2\/users\/2462"}],"replies":[{"embeddable":true,"href":"https:\/\/blogs.uni-paderborn.de\/shortcuts\/wp-json\/wp\/v2\/comments?post=432"}],"version-history":[{"count":6,"href":"https:\/\/blogs.uni-paderborn.de\/shortcuts\/wp-json\/wp\/v2\/pages\/432\/revisions"}],"predecessor-version":[{"id":2742,"href":"https:\/\/blogs.uni-paderborn.de\/shortcuts\/wp-json\/wp\/v2\/pages\/432\/revisions\/2742"}],"up":[{"embeddable":true,"href":"https:\/\/blogs.uni-paderborn.de\/shortcuts\/wp-json\/wp\/v2\/pages\/12"}],"wp:featuredmedia":[{"embeddable":true,"href":"https:\/\/blogs.uni-paderborn.de\/shortcuts\/wp-json\/wp\/v2\/media\/1732"}],"wp:attachment":[{"href":"https:\/\/blogs.uni-paderborn.de\/shortcuts\/wp-json\/wp\/v2\/media?parent=432"}],"curies":[{"name":"wp","href":"https:\/\/api.w.org\/{rel}","templated":true}]}}