{"id":382,"date":"2012-10-10T09:23:18","date_gmt":"2012-10-10T07:23:18","guid":{"rendered":"http:\/\/blogs.uni-paderborn.de\/shortcuts\/?page_id=382"},"modified":"2013-06-19T06:42:03","modified_gmt":"2013-06-19T04:42:03","slug":"080313-klartext-in-ubungen","status":"publish","type":"page","link":"https:\/\/blogs.uni-paderborn.de\/shortcuts\/veranstaltungen\/080313-klartext-in-ubungen\/","title":{"rendered":"08\/03\/13 &#8211; Klartext &#8211; Arbeitsauftr\u00e4ge konstruktiv formulieren"},"content":{"rendered":"<div class=\"twoclick_social_bookmarks_post_382 social_share_privacy clearfix 1.6.4 locale-de_DE sprite-de_DE\"><\/div><div class=\"twoclick-js\"><script type=\"text\/javascript\">\/* <![CDATA[ *\/\njQuery(document).ready(function($){if($('.twoclick_social_bookmarks_post_382')){$('.twoclick_social_bookmarks_post_382').socialSharePrivacy({\"txt_help\":\"Wenn Sie diese Felder durch einen Klick aktivieren, werden Informationen an Facebook, Twitter, Flattr, Xing, t3n, LinkedIn, Pinterest oder Google eventuell ins Ausland \\u00fcbertragen und unter Umst\\u00e4nden auch dort gespeichert. N\\u00e4heres erfahren Sie durch einen Klick auf das <em>i<\\\/em>.\",\"settings_perma\":\"Dauerhaft aktivieren und Daten\\u00fcber-tragung zustimmen:\",\"info_link\":\"http:\\\/\\\/www.heise.de\\\/ct\\\/artikel\\\/2-Klicks-fuer-mehr-Datenschutz-1333879.html\",\"uri\":\"https:\\\/\\\/blogs.uni-paderborn.de\\\/shortcuts\\\/veranstaltungen\\\/080313-klartext-in-ubungen\\\/\",\"post_id\":382,\"post_title_referrer_track\":\"08%2F03%2F13+%26%238211%3B+Klartext+%26%238211%3B+Arbeitsauftr%C3%A4ge+konstruktiv+formulieren\",\"display_infobox\":\"on\"});}});\n\/* ]]> *\/<\/script><\/div><p style=\"text-align: justify\"><strong>Klartext &#8211; Arbeitsauftr\u00e4ge konstruktiv formulieren<\/strong><\/p>\n<p style=\"text-align: justify\">In diesem Shortcut geht es zun\u00e4chst darum, alternative Formulierungen zu klassischen Aufgaben zu erproben und zu bewerten. Eine klare Sprache auf beiden Seiten \u2013 von Lehrenden sowie Studierenden &#8211; wird dabei in den Blick genommen.<br \/>\nWie k\u00f6nnen Fragen pr\u00e4zise verfasst werden? Welche Auswirkungen haben der Fragekontext und die Formulierung auf die L\u00f6sung einer \u00dcbungsaufgabe? Welche M\u00f6glichkeiten gibt es, eine Problemstellung zu pr\u00e4sentieren? Wie kann man<br \/>\nStudierende zum produktiven Nachfragen anleiten?<br \/>\nKlartext reden \u2013 in diesem Shortcut und in Ihren \u00dcbungen<\/p>\n<p style=\"text-align: justify\"><strong>Termin<\/strong><br \/>\n09:00-13:00 Uhr in B3.231<\/p>\n<p style=\"text-align: justify\"><strong>Leitung<\/strong><br \/>\n<a href=\"http:\/\/www.ruhr-uni-bochum.de\/ffm\/Lehrstuehle\/stochastik\/griese.html\">OSTR&#8216; Birgit Griese<\/a>, Fakult\u00e4t f\u00fcr Mathematik, Ruhr-Uni Bochum<\/p>\n<p style=\"text-align: justify\">\n","protected":false},"excerpt":{"rendered":"<p>Klartext &#8211; Arbeitsauftr\u00e4ge konstruktiv formulieren In diesem Shortcut geht es zun\u00e4chst darum, alternative Formulierungen zu klassischen Aufgaben zu erproben und zu bewerten. Eine klare Sprache auf beiden Seiten \u2013 von Lehrenden sowie Studierenden &#8211; wird dabei in den Blick genommen. &hellip; <a href=\"https:\/\/blogs.uni-paderborn.de\/shortcuts\/veranstaltungen\/080313-klartext-in-ubungen\/\">Weiterlesen <span class=\"meta-nav\">&rarr;<\/span><\/a><\/p>\n","protected":false},"author":2462,"featured_media":0,"parent":12,"menu_order":5,"comment_status":"closed","ping_status":"open","template":"","meta":{"footnotes":""},"class_list":["post-382","page","type-page","status-publish","hentry"],"_links":{"self":[{"href":"https:\/\/blogs.uni-paderborn.de\/shortcuts\/wp-json\/wp\/v2\/pages\/382","targetHints":{"allow":["GET"]}}],"collection":[{"href":"https:\/\/blogs.uni-paderborn.de\/shortcuts\/wp-json\/wp\/v2\/pages"}],"about":[{"href":"https:\/\/blogs.uni-paderborn.de\/shortcuts\/wp-json\/wp\/v2\/types\/page"}],"author":[{"embeddable":true,"href":"https:\/\/blogs.uni-paderborn.de\/shortcuts\/wp-json\/wp\/v2\/users\/2462"}],"replies":[{"embeddable":true,"href":"https:\/\/blogs.uni-paderborn.de\/shortcuts\/wp-json\/wp\/v2\/comments?post=382"}],"version-history":[{"count":7,"href":"https:\/\/blogs.uni-paderborn.de\/shortcuts\/wp-json\/wp\/v2\/pages\/382\/revisions"}],"predecessor-version":[{"id":712,"href":"https:\/\/blogs.uni-paderborn.de\/shortcuts\/wp-json\/wp\/v2\/pages\/382\/revisions\/712"}],"up":[{"embeddable":true,"href":"https:\/\/blogs.uni-paderborn.de\/shortcuts\/wp-json\/wp\/v2\/pages\/12"}],"wp:attachment":[{"href":"https:\/\/blogs.uni-paderborn.de\/shortcuts\/wp-json\/wp\/v2\/media?parent=382"}],"curies":[{"name":"wp","href":"https:\/\/api.w.org\/{rel}","templated":true}]}}