{"id":312,"date":"2012-10-10T09:16:41","date_gmt":"2012-10-10T07:16:41","guid":{"rendered":"http:\/\/blogs.uni-paderborn.de\/shortcuts\/?page_id=312"},"modified":"2013-06-19T06:42:03","modified_gmt":"2013-06-19T04:42:03","slug":"141212-atem-und-stimmtraining","status":"publish","type":"page","link":"https:\/\/blogs.uni-paderborn.de\/shortcuts\/veranstaltungen\/141212-atem-und-stimmtraining\/","title":{"rendered":"14\/12\/12 &#8211; Atem- und Stimmtraining"},"content":{"rendered":"<div class=\"twoclick_social_bookmarks_post_312 social_share_privacy clearfix 1.6.4 locale-de_DE sprite-de_DE\"><\/div><div class=\"twoclick-js\"><script type=\"text\/javascript\">\/* <![CDATA[ *\/\njQuery(document).ready(function($){if($('.twoclick_social_bookmarks_post_312')){$('.twoclick_social_bookmarks_post_312').socialSharePrivacy({\"txt_help\":\"Wenn Sie diese Felder durch einen Klick aktivieren, werden Informationen an Facebook, Twitter, Flattr, Xing, t3n, LinkedIn, Pinterest oder Google eventuell ins Ausland \\u00fcbertragen und unter Umst\\u00e4nden auch dort gespeichert. N\\u00e4heres erfahren Sie durch einen Klick auf das <em>i<\\\/em>.\",\"settings_perma\":\"Dauerhaft aktivieren und Daten\\u00fcber-tragung zustimmen:\",\"info_link\":\"http:\\\/\\\/www.heise.de\\\/ct\\\/artikel\\\/2-Klicks-fuer-mehr-Datenschutz-1333879.html\",\"uri\":\"https:\\\/\\\/blogs.uni-paderborn.de\\\/shortcuts\\\/veranstaltungen\\\/141212-atem-und-stimmtraining\\\/\",\"post_id\":312,\"post_title_referrer_track\":\"14%2F12%2F12+%26%238211%3B+Atem-+und+Stimmtraining\",\"display_infobox\":\"on\"});}});\n\/* ]]> *\/<\/script><\/div><p style=\"text-align: justify\"><strong>Atem und Stimmtraining f\u00fcr Vielsprecher<\/strong><\/p>\n<p style=\"text-align: justify\">Dozenten m\u00fcssen extrem viel mit ihrer Stimme arbeiten: Volle Seminare, in denen die H\u00f6rer nicht immer ruhig sind, Nebenger\u00e4usche, Au\u00dfenger\u00e4usche. Zudem wird die Stimme ganzt\u00e4gig einer gro\u00dfen Belastung ausgesetzt und dies oftmals viele Tage hintereinander. Nur wenige Berufsgruppen m\u00fcssen ihre Stimme derart belasten und sie genie\u00dfen f\u00fcr diese Zwecke meist eine gesonderte Ausbildung. Diese L\u00fccke m\u00f6chte dieses Seminar schlie\u00dfen.Sie lernen die richtige Atemtechnik, um auch einen langen \u201eSprech-Tag\u201c ohne Heiserkeit und Halsschmerzen zu \u00fcberstehen. Die richtige Technik, um ohne Anstrengung Lautst\u00e4rke zu erzeugen. Die Stimme als dynamisches Instrument Ihres pers\u00f6nlichen Ausdrucks zu nutzen und damit Ihre interessanten Inhalte noch besser zur Geltung zu bringen.<\/p>\n<p style=\"text-align: justify\"><strong>Termin<\/strong><br \/>\n09:00-17:00 Uhr\u00a0in B3.231<\/p>\n<p style=\"text-align: justify\"><strong>Leitung<\/strong><br \/>\n<a href=\"http:\/\/www.pro-charisma.com\">Julia Sobainsky<\/a>. Mitglied in der German Speaker Association (GSA), dem DVNLP (dem Deutschen NLP-Verband) und wurde 2010 in Deutsche Redner-Lexikon aufgenommen.<\/p>\n","protected":false},"excerpt":{"rendered":"<p>Atem und Stimmtraining f\u00fcr Vielsprecher Dozenten m\u00fcssen extrem viel mit ihrer Stimme arbeiten: Volle Seminare, in denen die H\u00f6rer nicht immer ruhig sind, Nebenger\u00e4usche, Au\u00dfenger\u00e4usche. Zudem wird die Stimme ganzt\u00e4gig einer gro\u00dfen Belastung ausgesetzt und dies oftmals viele Tage hintereinander. &hellip; <a href=\"https:\/\/blogs.uni-paderborn.de\/shortcuts\/veranstaltungen\/141212-atem-und-stimmtraining\/\">Weiterlesen <span class=\"meta-nav\">&rarr;<\/span><\/a><\/p>\n","protected":false},"author":2462,"featured_media":0,"parent":12,"menu_order":2,"comment_status":"closed","ping_status":"open","template":"","meta":{"footnotes":""},"class_list":["post-312","page","type-page","status-publish","hentry"],"_links":{"self":[{"href":"https:\/\/blogs.uni-paderborn.de\/shortcuts\/wp-json\/wp\/v2\/pages\/312","targetHints":{"allow":["GET"]}}],"collection":[{"href":"https:\/\/blogs.uni-paderborn.de\/shortcuts\/wp-json\/wp\/v2\/pages"}],"about":[{"href":"https:\/\/blogs.uni-paderborn.de\/shortcuts\/wp-json\/wp\/v2\/types\/page"}],"author":[{"embeddable":true,"href":"https:\/\/blogs.uni-paderborn.de\/shortcuts\/wp-json\/wp\/v2\/users\/2462"}],"replies":[{"embeddable":true,"href":"https:\/\/blogs.uni-paderborn.de\/shortcuts\/wp-json\/wp\/v2\/comments?post=312"}],"version-history":[{"count":8,"href":"https:\/\/blogs.uni-paderborn.de\/shortcuts\/wp-json\/wp\/v2\/pages\/312\/revisions"}],"predecessor-version":[{"id":2702,"href":"https:\/\/blogs.uni-paderborn.de\/shortcuts\/wp-json\/wp\/v2\/pages\/312\/revisions\/2702"}],"up":[{"embeddable":true,"href":"https:\/\/blogs.uni-paderborn.de\/shortcuts\/wp-json\/wp\/v2\/pages\/12"}],"wp:attachment":[{"href":"https:\/\/blogs.uni-paderborn.de\/shortcuts\/wp-json\/wp\/v2\/media?parent=312"}],"curies":[{"name":"wp","href":"https:\/\/api.w.org\/{rel}","templated":true}]}}