{"id":292,"date":"2012-10-10T09:14:12","date_gmt":"2012-10-10T07:14:12","guid":{"rendered":"http:\/\/blogs.uni-paderborn.de\/shortcuts\/?page_id=292"},"modified":"2013-06-19T06:42:03","modified_gmt":"2013-06-19T04:42:03","slug":"091112-interactive-whiteboard","status":"publish","type":"page","link":"https:\/\/blogs.uni-paderborn.de\/shortcuts\/veranstaltungen\/091112-interactive-whiteboard\/","title":{"rendered":"09\/11\/12 &#8211; Interactive Whiteboard"},"content":{"rendered":"<div class=\"twoclick_social_bookmarks_post_292 social_share_privacy clearfix 1.6.4 locale-de_DE sprite-de_DE\"><\/div><div class=\"twoclick-js\"><script type=\"text\/javascript\">\/* <![CDATA[ *\/\njQuery(document).ready(function($){if($('.twoclick_social_bookmarks_post_292')){$('.twoclick_social_bookmarks_post_292').socialSharePrivacy({\"txt_help\":\"Wenn Sie diese Felder durch einen Klick aktivieren, werden Informationen an Facebook, Twitter, Flattr, Xing, t3n, LinkedIn, Pinterest oder Google eventuell ins Ausland \\u00fcbertragen und unter Umst\\u00e4nden auch dort gespeichert. N\\u00e4heres erfahren Sie durch einen Klick auf das <em>i<\\\/em>.\",\"settings_perma\":\"Dauerhaft aktivieren und Daten\\u00fcber-tragung zustimmen:\",\"info_link\":\"http:\\\/\\\/www.heise.de\\\/ct\\\/artikel\\\/2-Klicks-fuer-mehr-Datenschutz-1333879.html\",\"uri\":\"https:\\\/\\\/blogs.uni-paderborn.de\\\/shortcuts\\\/veranstaltungen\\\/091112-interactive-whiteboard\\\/\",\"post_id\":292,\"post_title_referrer_track\":\"09%2F11%2F12+%26%238211%3B+Interactive+Whiteboard\",\"display_infobox\":\"on\"});}});\n\/* ]]> *\/<\/script><\/div><p style=\"text-align: justify\"><strong>Interactive Whiteboards<\/strong><\/p>\n<p style=\"text-align: justify\">Dank vielf\u00e4ltiger technischer M\u00f6glichkeiten und zahlreicher praktischer Vorteile beginnen interaktive Whiteboards die altbekannten Kreide- und Whiteboard-Tafeln in der Lehre mehr und mehr zu verdr\u00e4ngen. Notizen und Lernergebnisse, die fr\u00fcher unweigerlich dem Schwamm zum Opfer fielen oder nahezu unm\u00f6glich zu kopieren waren, k\u00f6nnen nun abgespeichert und digital bereitgestellt werden.<\/p>\n<p style=\"text-align: justify\">Der Shortcut besch\u00e4ftigt sich mit der Hard- und Software eines interaktiven Whiteboards. Neben einer kurzen technischen Einf\u00fchrung und der Ann\u00e4herung an die wichtigsten Werkzeuge, werden auch didaktische Einsatzm\u00f6glichkeiten beleuchtet und anhand des Lehralltags der Teilnehmenden diskutiert. Hierzu geh\u00f6rt u.a. die Einbindung des interaktiven Whiteboards in die aktivierende Lehre und die M\u00f6glichkeit zur kollaborativen Probleml\u00f6sung.<br \/>\nAbgeschlossen wird der Shortcut mit einer Gruppenarbeit, bei der die neu gewonnenen Perspektiven ausprobiert und erweitert werden k\u00f6nnen.<\/p>\n<p style=\"text-align: justify\"><strong>Termin<\/strong><br \/>\n09:00-17:00 Uhr &#8211; Raum wird bei Anmeldung bekannt gegeben<\/p>\n<p style=\"text-align: justify\"><strong>Leitung<\/strong><br \/>\n<a href=\"http:\/\/www.uni-siegen.de\/kosi\/kosinews\/linus.html\">Alexander Schn\u00fccker<\/a> (Arbeitsstelle Hochschuldidaktik &#8211;\u00a0LINUS &#8211; Zukunft der Lehre individuell und in sozialer Verantwortung gestalten)<\/p>\n","protected":false},"excerpt":{"rendered":"<p>Interactive Whiteboards Dank vielf\u00e4ltiger technischer M\u00f6glichkeiten und zahlreicher praktischer Vorteile beginnen interaktive Whiteboards die altbekannten Kreide- und Whiteboard-Tafeln in der Lehre mehr und mehr zu verdr\u00e4ngen. Notizen und Lernergebnisse, die fr\u00fcher unweigerlich dem Schwamm zum Opfer fielen oder nahezu unm\u00f6glich &hellip; <a href=\"https:\/\/blogs.uni-paderborn.de\/shortcuts\/veranstaltungen\/091112-interactive-whiteboard\/\">Weiterlesen <span class=\"meta-nav\">&rarr;<\/span><\/a><\/p>\n","protected":false},"author":2462,"featured_media":0,"parent":12,"menu_order":1,"comment_status":"closed","ping_status":"open","template":"","meta":{"footnotes":""},"class_list":["post-292","page","type-page","status-publish","hentry"],"_links":{"self":[{"href":"https:\/\/blogs.uni-paderborn.de\/shortcuts\/wp-json\/wp\/v2\/pages\/292","targetHints":{"allow":["GET"]}}],"collection":[{"href":"https:\/\/blogs.uni-paderborn.de\/shortcuts\/wp-json\/wp\/v2\/pages"}],"about":[{"href":"https:\/\/blogs.uni-paderborn.de\/shortcuts\/wp-json\/wp\/v2\/types\/page"}],"author":[{"embeddable":true,"href":"https:\/\/blogs.uni-paderborn.de\/shortcuts\/wp-json\/wp\/v2\/users\/2462"}],"replies":[{"embeddable":true,"href":"https:\/\/blogs.uni-paderborn.de\/shortcuts\/wp-json\/wp\/v2\/comments?post=292"}],"version-history":[{"count":12,"href":"https:\/\/blogs.uni-paderborn.de\/shortcuts\/wp-json\/wp\/v2\/pages\/292\/revisions"}],"predecessor-version":[{"id":582,"href":"https:\/\/blogs.uni-paderborn.de\/shortcuts\/wp-json\/wp\/v2\/pages\/292\/revisions\/582"}],"up":[{"embeddable":true,"href":"https:\/\/blogs.uni-paderborn.de\/shortcuts\/wp-json\/wp\/v2\/pages\/12"}],"wp:attachment":[{"href":"https:\/\/blogs.uni-paderborn.de\/shortcuts\/wp-json\/wp\/v2\/media?parent=292"}],"curies":[{"name":"wp","href":"https:\/\/api.w.org\/{rel}","templated":true}]}}