{"id":2012,"date":"2013-02-18T16:01:13","date_gmt":"2013-02-18T14:01:13","guid":{"rendered":"http:\/\/blogs.uni-paderborn.de\/shortcuts\/?page_id=2012"},"modified":"2013-06-19T06:42:03","modified_gmt":"2013-06-19T04:42:03","slug":"veranstaltung_sose_2013","status":"publish","type":"page","link":"https:\/\/blogs.uni-paderborn.de\/shortcuts\/veranstaltung_sose_2013\/","title":{"rendered":"Veranstaltungen SoSe 2013"},"content":{"rendered":"<div class=\"twoclick_social_bookmarks_post_2012 social_share_privacy clearfix 1.6.4 locale-de_DE sprite-de_DE\"><\/div><div class=\"twoclick-js\"><script type=\"text\/javascript\">\/* <![CDATA[ *\/\njQuery(document).ready(function($){if($('.twoclick_social_bookmarks_post_2012')){$('.twoclick_social_bookmarks_post_2012').socialSharePrivacy({\"txt_help\":\"Wenn Sie diese Felder durch einen Klick aktivieren, werden Informationen an Facebook, Twitter, Flattr, Xing, t3n, LinkedIn, Pinterest oder Google eventuell ins Ausland \\u00fcbertragen und unter Umst\\u00e4nden auch dort gespeichert. N\\u00e4heres erfahren Sie durch einen Klick auf das <em>i<\\\/em>.\",\"settings_perma\":\"Dauerhaft aktivieren und Daten\\u00fcber-tragung zustimmen:\",\"info_link\":\"http:\\\/\\\/www.heise.de\\\/ct\\\/artikel\\\/2-Klicks-fuer-mehr-Datenschutz-1333879.html\",\"uri\":\"https:\\\/\\\/blogs.uni-paderborn.de\\\/shortcuts\\\/veranstaltung_sose_2013\\\/\",\"post_id\":2012,\"post_title_referrer_track\":\"Veranstaltungen+SoSe+2013\",\"display_infobox\":\"on\"});}});\n\/* ]]> *\/<\/script><\/div><p>Jeden Monat gibt es ein halb- oder ganzt\u00e4giges Angebot f\u00fcr Sie und Euch!\u00a0 Die Teilnahme ist f\u00fcr alle interessierten Lehrenden m\u00f6glich und kostenlos! Weitere Informationen zur Veranstaltungsreihe f\u00fcr das Sommersemester gibt es im <a href=\"http:\/\/blogs.uni-paderborn.de\/shortcuts\/files\/2013\/02\/shortcuts_flyer_sose20131.pdf\">Flyer<\/a><\/p>\n<p>Termine im Sommersemester 2013:<\/p>\n<ul>\n<li>08.03.2013 , 09.00 \u2013 13.00 Uhr <strong>: <a title=\"08\/03\/13 \u2013 Klartext \u2013 Arbeitsauftr\u00e4ge konstruktiv formulieren\" href=\"http:\/\/blogs.uni-paderborn.de\/shortcuts\/veranstaltungen\/080313-klartext-in-ubungen\/\">Klartext\u00a0 &#8211;\u00a0 Arbeitsauftr\u00e4ge in \u00dcbungen konstruktiv formulieren<\/a>; <\/strong>Leitung: Birgit Griese, Fakult\u00e4t f\u00fcr Mathematik, RU Bochum<\/li>\n<li>12.04.2013, 09.00 &#8211; 10.00 Uhr: <a title=\"12\/04\/13 Problemorientiertes Lernen\" href=\"http:\/\/blogs.uni-paderborn.de\/shortcuts\/120413-problemorientiertes-lernen\/\"><strong>Problemorientiertes Lernen in Ihrer Lehre<\/strong><\/a>; Leitung: Prof. Dr. Andreas Slemeyer, TH Mittelhessen<strong><\/strong><\/li>\n<li>17.05.2013, 10.00 \u2013 13.00 Uhr:<strong><a title=\"17\/05\/13 \u2013 Das Labor als idealer Lernort\" href=\"http:\/\/blogs.uni-paderborn.de\/shortcuts\/labordidaktik\/\"> Das Labor als Idealer Lernort<\/a>; <\/strong>Leitung: Dipl. Ing. Gisa von Marcard, TH Mittelhessen<strong><\/strong><\/li>\n<li>04. Juni 2013, 14.00 &#8211; 18.00 Uhr<strong>: <a title=\"04\/06\/13 Feedback und Evaluation in Lehrveranstaltungen\" href=\"http:\/\/blogs.uni-paderborn.de\/shortcuts\/veranstaltungen-sose-2013\/040613-feedback-und-evaluation-in-lehrveranstaltungen\/\">Feedback und Evaluation in Lehrveranstaltung<\/a> ; <\/strong>Leitung: Dr. Peter Pfahler, Institut f\u00fcr Informatik; Dr. Robert Kordts-Freudinger, Hochschuldidaktik; beide Uni Paderborn<strong><\/strong><\/li>\n<li>05.07.2013<strong>: Challenges for teaching Science in English; <\/strong>Leitung: Dr. <em>Christian Dumpitak<\/em>. iGRAD. Heinrich-Heine-Universit\u00e4t D\u00fcsseldorf<\/li>\n<\/ul>\n","protected":false},"excerpt":{"rendered":"<p>Jeden Monat gibt es ein halb- oder ganzt\u00e4giges Angebot f\u00fcr Sie und Euch!\u00a0 Die Teilnahme ist f\u00fcr alle interessierten Lehrenden m\u00f6glich und kostenlos! Weitere Informationen zur Veranstaltungsreihe f\u00fcr das Sommersemester gibt es im Flyer Termine im Sommersemester 2013: 08.03.2013 , &hellip; <a href=\"https:\/\/blogs.uni-paderborn.de\/shortcuts\/veranstaltung_sose_2013\/\">Weiterlesen <span class=\"meta-nav\">&rarr;<\/span><\/a><\/p>\n","protected":false},"author":2462,"featured_media":0,"parent":0,"menu_order":0,"comment_status":"closed","ping_status":"open","template":"","meta":{"footnotes":""},"class_list":["post-2012","page","type-page","status-publish","hentry"],"_links":{"self":[{"href":"https:\/\/blogs.uni-paderborn.de\/shortcuts\/wp-json\/wp\/v2\/pages\/2012","targetHints":{"allow":["GET"]}}],"collection":[{"href":"https:\/\/blogs.uni-paderborn.de\/shortcuts\/wp-json\/wp\/v2\/pages"}],"about":[{"href":"https:\/\/blogs.uni-paderborn.de\/shortcuts\/wp-json\/wp\/v2\/types\/page"}],"author":[{"embeddable":true,"href":"https:\/\/blogs.uni-paderborn.de\/shortcuts\/wp-json\/wp\/v2\/users\/2462"}],"replies":[{"embeddable":true,"href":"https:\/\/blogs.uni-paderborn.de\/shortcuts\/wp-json\/wp\/v2\/comments?post=2012"}],"version-history":[{"count":10,"href":"https:\/\/blogs.uni-paderborn.de\/shortcuts\/wp-json\/wp\/v2\/pages\/2012\/revisions"}],"predecessor-version":[{"id":2132,"href":"https:\/\/blogs.uni-paderborn.de\/shortcuts\/wp-json\/wp\/v2\/pages\/2012\/revisions\/2132"}],"wp:attachment":[{"href":"https:\/\/blogs.uni-paderborn.de\/shortcuts\/wp-json\/wp\/v2\/media?parent=2012"}],"curies":[{"name":"wp","href":"https:\/\/api.w.org\/{rel}","templated":true}]}}