{"id":12,"date":"2012-10-09T13:02:55","date_gmt":"2012-10-09T13:02:55","guid":{"rendered":"http:\/\/blogs.uni-paderborn.de\/shortcuts\/?page_id=2"},"modified":"2013-06-19T06:42:03","modified_gmt":"2013-06-19T04:42:03","slug":"veranstaltungen","status":"publish","type":"page","link":"https:\/\/blogs.uni-paderborn.de\/shortcuts\/veranstaltungen\/","title":{"rendered":"Veranstaltungen WS 12\/13"},"content":{"rendered":"<div class=\"twoclick_social_bookmarks_post_12 social_share_privacy clearfix 1.6.4 locale-de_DE sprite-de_DE\"><\/div><div class=\"twoclick-js\"><script type=\"text\/javascript\">\/* <![CDATA[ *\/\njQuery(document).ready(function($){if($('.twoclick_social_bookmarks_post_12')){$('.twoclick_social_bookmarks_post_12').socialSharePrivacy({\"txt_help\":\"Wenn Sie diese Felder durch einen Klick aktivieren, werden Informationen an Facebook, Twitter, Flattr, Xing, t3n, LinkedIn, Pinterest oder Google eventuell ins Ausland \\u00fcbertragen und unter Umst\\u00e4nden auch dort gespeichert. N\\u00e4heres erfahren Sie durch einen Klick auf das <em>i<\\\/em>.\",\"settings_perma\":\"Dauerhaft aktivieren und Daten\\u00fcber-tragung zustimmen:\",\"info_link\":\"http:\\\/\\\/www.heise.de\\\/ct\\\/artikel\\\/2-Klicks-fuer-mehr-Datenschutz-1333879.html\",\"uri\":\"https:\\\/\\\/blogs.uni-paderborn.de\\\/shortcuts\\\/veranstaltungen\\\/\",\"post_id\":12,\"post_title_referrer_track\":\"Veranstaltungen+WS+12%2F13\",\"display_infobox\":\"on\"});}});\n\/* ]]> *\/<\/script><\/div><p style=\"text-align: justify\">Jeden zweiten Freitag im Monat gibt es ein halb- oder ganzt\u00e4giges Angebot f\u00fcr Sie und Euch!\u00a0 Die Teilnahme ist f\u00fcr alle interessierten Lehrenden m\u00f6glich und kostenlos! Den Flyer zur Veranstaltungsreihe f\u00fcr das Wintersemester 2012\/2013 gibt es <a href=\"http:\/\/blogs.uni-paderborn.de\/shortcuts\/files\/2012\/10\/shortcuts_flyer5.pdf\">hier<\/a><\/p>\n<p style=\"text-align: justify\">Termine im Wintersemester 12\/13:<\/p>\n<ul style=\"text-align: justify\">\n<li><strong> <\/strong>09.11.2012 <strong>Interactive Whiteboards: <\/strong>Leitung: Alexander Schn\u00fccker, LINUS-Projekt Universit\u00e4t Siegen<strong><\/strong>, 09.00 \u2013 17.00 Uhr; Raum tba<\/li>\n<li>14.12.2012 <strong>Atem- und Stimmtraining (f\u00fcr Vielsprecher); <\/strong><br \/>\nLeitung:\u00a0 Julia Sobainsky, Pro-Charisma Rheinberg;\u00a0 09.00 \u2013 17.00 Uhr in B3. 231<\/li>\n<li>11.01.2013 <strong>Bewertung und Betreuung von Studienleistungen:\u00a0 <\/strong>Leitung: Dr.-Ing. Hartwig Junge, Hochschuldidaktiker; 09.00 \u2013 12.15 Uhr in B3. 231<\/li>\n<li>08.02.2013: <strong>Kultursensibel lehren und in Teams arbeiten \u2013 Bsp. China<\/strong>: Leitung: Vera Yu, Programmleiterin \u201eChina-Traineeprogramm an deutschen Hochschulen\u201c der Robert Bosch Stiftung \/ DSW; 9.00 \u2013 17.00 Uhr in B3. 231<\/li>\n<li>08.03.2012: <strong>Klartext- Arbeitsauftr\u00e4ge in \u00dcbungen konstruktiv formulieren<\/strong>: Leitung: Birgit Griese, Fakult\u00e4t f\u00fcr Mathematik, Ruhr Uni Bochum; 09.00 &#8211; 13 Uhr in B3.231<\/li>\n<\/ul>\n<p style=\"text-align: justify\">\n<p style=\"text-align: justify\">\n","protected":false},"excerpt":{"rendered":"<p>Jeden zweiten Freitag im Monat gibt es ein halb- oder ganzt\u00e4giges Angebot f\u00fcr Sie und Euch!\u00a0 Die Teilnahme ist f\u00fcr alle interessierten Lehrenden m\u00f6glich und kostenlos! Den Flyer zur Veranstaltungsreihe f\u00fcr das Wintersemester 2012\/2013 gibt es hier Termine im Wintersemester &hellip; <a href=\"https:\/\/blogs.uni-paderborn.de\/shortcuts\/veranstaltungen\/\">Weiterlesen <span class=\"meta-nav\">&rarr;<\/span><\/a><\/p>\n","protected":false},"author":2431,"featured_media":0,"parent":0,"menu_order":0,"comment_status":"closed","ping_status":"open","template":"","meta":{"footnotes":""},"class_list":["post-12","page","type-page","status-publish","hentry"],"_links":{"self":[{"href":"https:\/\/blogs.uni-paderborn.de\/shortcuts\/wp-json\/wp\/v2\/pages\/12","targetHints":{"allow":["GET"]}}],"collection":[{"href":"https:\/\/blogs.uni-paderborn.de\/shortcuts\/wp-json\/wp\/v2\/pages"}],"about":[{"href":"https:\/\/blogs.uni-paderborn.de\/shortcuts\/wp-json\/wp\/v2\/types\/page"}],"author":[{"embeddable":true,"href":"https:\/\/blogs.uni-paderborn.de\/shortcuts\/wp-json\/wp\/v2\/users\/2431"}],"replies":[{"embeddable":true,"href":"https:\/\/blogs.uni-paderborn.de\/shortcuts\/wp-json\/wp\/v2\/comments?post=12"}],"version-history":[{"count":11,"href":"https:\/\/blogs.uni-paderborn.de\/shortcuts\/wp-json\/wp\/v2\/pages\/12\/revisions"}],"predecessor-version":[{"id":2682,"href":"https:\/\/blogs.uni-paderborn.de\/shortcuts\/wp-json\/wp\/v2\/pages\/12\/revisions\/2682"}],"wp:attachment":[{"href":"https:\/\/blogs.uni-paderborn.de\/shortcuts\/wp-json\/wp\/v2\/media?parent=12"}],"curies":[{"name":"wp","href":"https:\/\/api.w.org\/{rel}","templated":true}]}}