{"id":66,"date":"2021-07-19T09:43:18","date_gmt":"2021-07-19T07:43:18","guid":{"rendered":"https:\/\/blogs.uni-paderborn.de\/pq3-international\/?page_id=66"},"modified":"2021-12-13T13:45:58","modified_gmt":"2021-12-13T12:45:58","slug":"concept-2","status":"publish","type":"page","link":"https:\/\/blogs.uni-paderborn.de\/pq3-international\/concept-2\/","title":{"rendered":"Concept"},"content":{"rendered":"<div class=\"twoclick_social_bookmarks_post_66 social_share_privacy clearfix 1.6.4 locale-de_DE sprite-de_DE\"><\/div><div class=\"twoclick-js\"><script type=\"text\/javascript\">\/* <![CDATA[ *\/\njQuery(document).ready(function($){if($('.twoclick_social_bookmarks_post_66')){$('.twoclick_social_bookmarks_post_66').socialSharePrivacy({\"txt_help\":\"Wenn Sie diese Felder durch einen Klick aktivieren, werden Informationen an Facebook, Twitter, Flattr, Xing, t3n, LinkedIn, Pinterest oder Google eventuell ins Ausland \\u00fcbertragen und unter Umst\\u00e4nden auch dort gespeichert. N\\u00e4heres erfahren Sie durch einen Klick auf das <em>i<\\\/em>.\",\"settings_perma\":\"Dauerhaft aktivieren und Daten\\u00fcber-tragung zustimmen:\",\"info_link\":\"http:\\\/\\\/www.heise.de\\\/ct\\\/artikel\\\/2-Klicks-fuer-mehr-Datenschutz-1333879.html\",\"uri\":\"https:\\\/\\\/blogs.uni-paderborn.de\\\/pq3-international\\\/concept-2\\\/\",\"post_id\":66,\"post_title_referrer_track\":\"Concept\",\"display_infobox\":\"on\"});}});\n\/* ]]> *\/<\/script><\/div>\n<p>Over the past ten to fifteen years, kindergartens and primary schools have intensified their cooperation in order to optimise the transition from elementary to primary level. Children\u2019s wellbeing and a good start to school built the focus of this measures. Many projects and new joint forms of collaborational work have been initiated \u2013 now, the focus lies on a sustainable further development of the achieved quality of cooperation.<\/p>\n\n\n\n<div class=\"wp-block-image\"><figure class=\"alignleft\"><img loading=\"lazy\" decoding=\"async\" width=\"142\" height=\"142\" src=\"https:\/\/blogs.uni-paderborn.de\/pq3-international\/files\/2021\/07\/netzwerkprofil_beispiel.png\" alt=\"\" class=\"wp-image-38\" \/><\/figure><\/div>\n\n\n\n<p>The <em>Paderborner Qualit\u00e4tsstern<\/em> is a <strong>manual to assess the cooperation during the transition from kindergarten to primary school<\/strong>. It enables educators and teachers to take a systematic survey of the activities they have carried out so far to organise the transition processes. The manual developed at the University of Paderborn offers scientifically based reflection of the current situation of cooperation in the form of self-assessment.<\/p>\n\n\n\n<p>The <em>Paderborner Qualit\u00e4tsstern<\/em> differentiates between <strong>three dimensions of cooperation<\/strong>:<\/p>\n\n\n\n<p class=\"has-text-color\" style=\"color:#e60404\"><strong> A: The arrangement of joint work with kindergarten and primary school children.<\/strong><\/p>\n\n\n\n<p class=\"has-text-color\" style=\"color:#1506b2\"><strong>B: Designing a framework for cooperation &#8211; creating structures.<\/strong><\/p>\n\n\n\n<p class=\"has-text-color\" style=\"color:#146100\"><strong>C: Working together in a cooperation network &#8211; multi-professional teamwork.<\/strong><\/p>\n\n\n\n<p>For all dimensions <strong>specific quality standards<\/strong> have been defined.<\/p>\n\n\n\n<p>The <em>Paderborner Qualit\u00e4tsstern<\/em> can be implemented by individual institutions as well as across institutions in an existing cooperation network of kindergartens and primary schools. Through processing and reflection, the users receive a compact overview of the particular strengths and also of those areas of their network that require further development. The visualisation of the results in form of a star serves to provide a clear basis for further work (This is why the instrument bears its name).<\/p>\n\n\n\n<p> Use the tab &#8222;<strong><a href=\"https:\/\/blogs.uni-paderborn.de\/pq3-international\/about-the-pq%c2%b3\/\">About the PQ<\/a><\/strong>&#8220; to download the <strong>PQ\u00b3<\/strong> for free.<\/p>\n\n\n\n<p>In the first and second editions, the <em>Paderborner Qualit\u00e4tsstern<\/em> was developed by the authors Petra B\u00fcker, Julia H\u00f6ke, and Thorsten B\u00fchrmann in cooperation with the<em> Kind &amp; Ko education office<\/em> of the Paderborn youth welfare office. The third edition which now is available was based on the results of evaluation, even more adapted to the needs of practitioners. The team of authors of the third edition is formed by<\/p>\n\n\n\n<p>Julia H\u00f6ke (KatHo NRW), Petra B\u00fcker (University of Paderborn), Jana Herding (University of Paderborn) and Britta Vollmann (Kind &amp; Ko Education Office of the City of Paderborn).<\/p>\n\n\n\n<p>We wish all those who are involved in transition processes from kindergarten to elementary school pleasure and success in developing their pedagogical practice further. We are looking forward to receiving constructive feedback and reports on your experiences!<\/p>\n","protected":false},"excerpt":{"rendered":"<p>Over the past ten to fifteen years, kindergartens and primary schools have intensified their cooperation in order to optimise the transition from elementary to primary level. Children\u2019s wellbeing and a good start to school built the focus of this measures. &hellip; <a href=\"https:\/\/blogs.uni-paderborn.de\/pq3-international\/concept-2\/\">Weiterlesen <span class=\"meta-nav\">&rarr;<\/span><\/a><\/p>\n","protected":false},"author":8904,"featured_media":0,"parent":0,"menu_order":1,"comment_status":"closed","ping_status":"closed","template":"","meta":{"footnotes":""},"class_list":["post-66","page","type-page","status-publish","hentry"],"_links":{"self":[{"href":"https:\/\/blogs.uni-paderborn.de\/pq3-international\/wp-json\/wp\/v2\/pages\/66","targetHints":{"allow":["GET"]}}],"collection":[{"href":"https:\/\/blogs.uni-paderborn.de\/pq3-international\/wp-json\/wp\/v2\/pages"}],"about":[{"href":"https:\/\/blogs.uni-paderborn.de\/pq3-international\/wp-json\/wp\/v2\/types\/page"}],"author":[{"embeddable":true,"href":"https:\/\/blogs.uni-paderborn.de\/pq3-international\/wp-json\/wp\/v2\/users\/8904"}],"replies":[{"embeddable":true,"href":"https:\/\/blogs.uni-paderborn.de\/pq3-international\/wp-json\/wp\/v2\/comments?post=66"}],"version-history":[{"count":8,"href":"https:\/\/blogs.uni-paderborn.de\/pq3-international\/wp-json\/wp\/v2\/pages\/66\/revisions"}],"predecessor-version":[{"id":121,"href":"https:\/\/blogs.uni-paderborn.de\/pq3-international\/wp-json\/wp\/v2\/pages\/66\/revisions\/121"}],"wp:attachment":[{"href":"https:\/\/blogs.uni-paderborn.de\/pq3-international\/wp-json\/wp\/v2\/media?parent=66"}],"curies":[{"name":"wp","href":"https:\/\/api.w.org\/{rel}","templated":true}]}}