{"id":616,"date":"2023-03-15T20:46:21","date_gmt":"2023-03-15T19:46:21","guid":{"rendered":"https:\/\/blogs.uni-paderborn.de\/popgoesmadeira\/?page_id=616"},"modified":"2023-04-12T13:40:23","modified_gmt":"2023-04-12T11:40:23","slug":"impressum","status":"publish","type":"page","link":"https:\/\/blogs.uni-paderborn.de\/popgoesmadeira\/?page_id=616","title":{"rendered":"Impressum"},"content":{"rendered":"<div class=\"twoclick_social_bookmarks_post_616 social_share_privacy clearfix 1.6.4 locale-de_DE sprite-de_DE\"><\/div><div class=\"twoclick-js\"><script type=\"text\/javascript\">\/* <![CDATA[ *\/\njQuery(document).ready(function($){if($('.twoclick_social_bookmarks_post_616')){$('.twoclick_social_bookmarks_post_616').socialSharePrivacy({\"txt_help\":\"Wenn Sie diese Felder durch einen Klick aktivieren, werden Informationen an Facebook, Twitter, Flattr, Xing, t3n, LinkedIn, Pinterest oder Google eventuell ins Ausland \\u00fcbertragen und unter Umst\\u00e4nden auch dort gespeichert. N\\u00e4heres erfahren Sie durch einen Klick auf das <em>i<\\\/em>.\",\"settings_perma\":\"Dauerhaft aktivieren und Daten\\u00fcber-tragung zustimmen:\",\"info_link\":\"http:\\\/\\\/www.heise.de\\\/ct\\\/artikel\\\/2-Klicks-fuer-mehr-Datenschutz-1333879.html\",\"uri\":\"https:\\\/\\\/blogs.uni-paderborn.de\\\/popgoesmadeira\\\/?page_id=616\",\"post_id\":616,\"post_title_referrer_track\":\"Impressum\",\"display_infobox\":\"on\"});}});\n\/* ]]> *\/<\/script><\/div>\n<div class=\"wp-block-columns is-layout-flex wp-container-core-columns-is-layout-9d6595d7 wp-block-columns-is-layout-flex\">\n<div class=\"wp-block-column is-layout-flow wp-block-column-is-layout-flow\">\n<p><strong>Website erstellt von:<\/strong><br>Katharina Schmecht<br>Sina Radke <br>Emily Nass <\/p>\n<\/div>\n\n\n\n<div class=\"wp-block-column is-layout-flow wp-block-column-is-layout-flow\">\n<p><strong>Inhalte gestellt von:<\/strong><br>Mathea Pittelkow<br>Niklas B\u00e4uerle <br>Moritz Holstein<br>Joshua Wick<br>Philip Kersting<br>Jule Feldner <br>Michelle Maurer <br>Andrea De Biaggi <br>Nils Kollmeier<\/p>\n<\/div>\n\n\n\n<div class=\"wp-block-column is-layout-flow wp-block-column-is-layout-flow\">\n<p><strong>Ein besonderer Dank (u. a. f\u00fcr die finanzielle Unterst\u00fctzung) gilt:<\/strong><br>Dem <a rel=\"noreferrer noopener\" href=\"https:\/\/kw.uni-paderborn.de\/fach-musik\" target=\"_blank\">Fach Musik<\/a><br>Der <a rel=\"noreferrer noopener\" href=\"https:\/\/kw.uni-paderborn.de\" target=\"_blank\">Fakult\u00e4t f\u00fcr Kulturwissenschaften<\/a><br>Dem <a rel=\"noreferrer noopener\" href=\"https:\/\/www.uni-paderborn.de\/studium\/international-office\" target=\"_blank\">International Office<\/a><br>Dem Madeiradig-Team und Prof. Dr. Christoph Jacke<\/p>\n<\/div>\n<\/div>\n\n\n\n<hr class=\"wp-block-separator has-alpha-channel-opacity\" \/>\n\n\n\n<p> <\/p>\n\n\n\n<blockquote class=\"wp-block-quote is-layout-flow wp-block-quote-is-layout-flow\">\n<p>\u201eZum dritten Mal war unser Forschungsseminar mit Exkursion zum Festival ein voller Erfolg: Die zw\u00f6lf Studierenden haben erneut sehr eigenst\u00e4ndig und originell den Transfer zwischen Forschungs-, Berichterstattungs-, Festival- und k\u00fcnstlerischer Praxis geleistet und dabei sehr ertragreiche Ergebnisse etwa zu Natur\/Kultur, Digitalit\u00e4t, Journalismus, Festival und Nachhaltigkeit mit Projekten, Talks (u.a. mit Veranstaltenden, Wissenschaftler*innen und Pop-Journalisten) und einer eigenen Website zusammengestellt. Dort sind Filme, Fotos, Radiobeitr\u00e4ge, Essays und ein aus den Sounds der Insel und des Festivals entstandener Track pr\u00e4sentiert. Wir danken dem Fach Musik, der Fakult\u00e4t KW, dem International Office und vor allem kult\u00fcrlich den langj\u00e4hrigen Partner*innen des \u2018MADEIRADiG\u2019 f\u00fcr die Unterst\u00fctzung dieser \u00fcberaus fruchtbaren internationalen Kooperation, die hoffentlich zuk\u00fcnftig weiter stattfinden wird.&#8220; <\/p>\n<cite><em>Prof. Dr. Christoph Jacke<\/em><\/cite><\/blockquote>\n\n\n\n<figure class=\"wp-block-image size-large\"><img loading=\"lazy\" decoding=\"async\" width=\"1024\" height=\"473\" src=\"https:\/\/blogs.uni-paderborn.de\/popgoesmadeira\/files\/2023\/01\/madeiradig-2022_52586448402_o-1024x473.jpg\" alt=\"\" class=\"wp-image-407\" srcset=\"https:\/\/blogs.uni-paderborn.de\/popgoesmadeira\/files\/2023\/01\/madeiradig-2022_52586448402_o-1024x473.jpg 1024w, https:\/\/blogs.uni-paderborn.de\/popgoesmadeira\/files\/2023\/01\/madeiradig-2022_52586448402_o-300x139.jpg 300w, https:\/\/blogs.uni-paderborn.de\/popgoesmadeira\/files\/2023\/01\/madeiradig-2022_52586448402_o-768x355.jpg 768w, https:\/\/blogs.uni-paderborn.de\/popgoesmadeira\/files\/2023\/01\/madeiradig-2022_52586448402_o-1536x710.jpg 1536w, https:\/\/blogs.uni-paderborn.de\/popgoesmadeira\/files\/2023\/01\/madeiradig-2022_52586448402_o-2048x946.jpg 2048w\" sizes=\"auto, (max-width: 1024px) 100vw, 1024px\" \/><figcaption class=\"wp-element-caption\">\u00a9Roland Owsnitzki<\/figcaption><\/figure>\n","protected":false},"excerpt":{"rendered":"<p>Website erstellt von:Katharina SchmechtSina Radke Emily Nass Inhalte gestellt von:Mathea PittelkowNiklas B\u00e4uerle Moritz HolsteinJoshua WickPhilip KerstingJule Feldner Michelle Maurer Andrea De Biaggi Nils Kollmeier Ein besonderer Dank (u. a. f\u00fcr die finanzielle Unterst\u00fctzung) gilt:Dem Fach MusikDer Fakult\u00e4t f\u00fcr KulturwissenschaftenDem International OfficeDem Madeiradig-Team und Prof. Dr. Christoph Jacke \u201eZum dritten Mal war unser Forschungsseminar mit Exkursion &hellip; <a href=\"https:\/\/blogs.uni-paderborn.de\/popgoesmadeira\/?page_id=616\" class=\"more-link\"><span class=\"screen-reader-text\">Impressum<\/span> weiterlesen<\/a><\/p>\n","protected":false},"author":9052,"featured_media":0,"parent":0,"menu_order":0,"comment_status":"closed","ping_status":"closed","template":"","meta":{"footnotes":""},"class_list":["post-616","page","type-page","status-publish","hentry"],"_links":{"self":[{"href":"https:\/\/blogs.uni-paderborn.de\/popgoesmadeira\/index.php?rest_route=\/wp\/v2\/pages\/616","targetHints":{"allow":["GET"]}}],"collection":[{"href":"https:\/\/blogs.uni-paderborn.de\/popgoesmadeira\/index.php?rest_route=\/wp\/v2\/pages"}],"about":[{"href":"https:\/\/blogs.uni-paderborn.de\/popgoesmadeira\/index.php?rest_route=\/wp\/v2\/types\/page"}],"author":[{"embeddable":true,"href":"https:\/\/blogs.uni-paderborn.de\/popgoesmadeira\/index.php?rest_route=\/wp\/v2\/users\/9052"}],"replies":[{"embeddable":true,"href":"https:\/\/blogs.uni-paderborn.de\/popgoesmadeira\/index.php?rest_route=%2Fwp%2Fv2%2Fcomments&post=616"}],"version-history":[{"count":9,"href":"https:\/\/blogs.uni-paderborn.de\/popgoesmadeira\/index.php?rest_route=\/wp\/v2\/pages\/616\/revisions"}],"predecessor-version":[{"id":699,"href":"https:\/\/blogs.uni-paderborn.de\/popgoesmadeira\/index.php?rest_route=\/wp\/v2\/pages\/616\/revisions\/699"}],"wp:attachment":[{"href":"https:\/\/blogs.uni-paderborn.de\/popgoesmadeira\/index.php?rest_route=%2Fwp%2Fv2%2Fmedia&parent=616"}],"curies":[{"name":"wp","href":"https:\/\/api.w.org\/{rel}","templated":true}]}}