{"id":24,"date":"2023-01-22T15:45:34","date_gmt":"2023-01-22T14:45:34","guid":{"rendered":"https:\/\/blogs.uni-paderborn.de\/popgoesmadeira\/?page_id=24"},"modified":"2023-04-05T14:26:53","modified_gmt":"2023-04-05T12:26:53","slug":"madeira-seminar","status":"publish","type":"page","link":"https:\/\/blogs.uni-paderborn.de\/popgoesmadeira\/?page_id=24","title":{"rendered":"MADEIRADiG 2022: Festival, Digitalit\u00e4t, Natur, Kultur"},"content":{"rendered":"<div class=\"twoclick_social_bookmarks_post_24 social_share_privacy clearfix 1.6.4 locale-de_DE sprite-de_DE\"><\/div><div class=\"twoclick-js\"><script type=\"text\/javascript\">\/* <![CDATA[ *\/\njQuery(document).ready(function($){if($('.twoclick_social_bookmarks_post_24')){$('.twoclick_social_bookmarks_post_24').socialSharePrivacy({\"txt_help\":\"Wenn Sie diese Felder durch einen Klick aktivieren, werden Informationen an Facebook, Twitter, Flattr, Xing, t3n, LinkedIn, Pinterest oder Google eventuell ins Ausland \\u00fcbertragen und unter Umst\\u00e4nden auch dort gespeichert. N\\u00e4heres erfahren Sie durch einen Klick auf das <em>i<\\\/em>.\",\"settings_perma\":\"Dauerhaft aktivieren und Daten\\u00fcber-tragung zustimmen:\",\"info_link\":\"http:\\\/\\\/www.heise.de\\\/ct\\\/artikel\\\/2-Klicks-fuer-mehr-Datenschutz-1333879.html\",\"uri\":\"https:\\\/\\\/blogs.uni-paderborn.de\\\/popgoesmadeira\\\/?page_id=24\",\"post_id\":24,\"post_title_referrer_track\":\"MADEIRADiG+2022%3A+Festival%2C+Digitalit%C3%A4t%2C+Natur%2C+Kultur\",\"display_infobox\":\"on\"});}});\n\/* ]]> *\/<\/script><\/div><div class=\"wp-block-image\">\n<figure class=\"aligncenter size-large is-resized\"><img loading=\"lazy\" decoding=\"async\" src=\"https:\/\/blogs.uni-paderborn.de\/popgoesmadeira\/files\/2023\/01\/2-1024x1024.png\" alt=\"\" class=\"wp-image-64\" width=\"320\" height=\"320\" srcset=\"https:\/\/blogs.uni-paderborn.de\/popgoesmadeira\/files\/2023\/01\/2-1024x1024.png 1024w, https:\/\/blogs.uni-paderborn.de\/popgoesmadeira\/files\/2023\/01\/2-300x300.png 300w, https:\/\/blogs.uni-paderborn.de\/popgoesmadeira\/files\/2023\/01\/2-150x150.png 150w, https:\/\/blogs.uni-paderborn.de\/popgoesmadeira\/files\/2023\/01\/2-768x768.png 768w, https:\/\/blogs.uni-paderborn.de\/popgoesmadeira\/files\/2023\/01\/2.png 1080w\" sizes=\"auto, (max-width: 320px) 100vw, 320px\" \/><\/figure>\n<\/div>\n\n\n<div class=\"wp-block-columns is-layout-flex wp-container-core-columns-is-layout-9d6595d7 wp-block-columns-is-layout-flex\">\n<div class=\"wp-block-column is-layout-flow wp-block-column-is-layout-flow\">\n<p>Im Wintersemester 2022\/2023 fand unter Leitung von Prof. Dr. Christoph Jacke zum dritten Mal das Master-Seminar \u201dMadeiraDig 2022: Festival, Digitalit\u00e4t, Natur, Kultur\u201d statt. <\/p>\n\n\n\n<p>Konzept des Seminars war eine wissenschaftliche Auseinandersetzung mit Theorien sowie praktischen Konzepten zur Analyse des renommierten Musik-, Klangkunst- und Film-Festivals &#8222;Madeiradig 2022\u201c auf Madeira (08.-13.12.2022). Die Lehrveranstaltung inklusive Exkursion wurde bereits in den Jahren 2014 und 2017 angeboten. <br><br>Im dritten Jahrgang 2022 wurde ein thematischer Schwerpunkt auf die Aspekte &#8222;Natur \u2013 Kultur \u2013 Digitalit\u00e4t \u2013 Musikfestival\u201c gesetzt. Diese theoretische Auseinandersetzung vor Antritt der Exkursion leitete die Ausgestaltung der inhaltlichen Analysegegenst\u00e4nde w\u00e4hrend des Festivals an. Daf\u00fcr fanden sich dreizehn Studierende der Masterstudieng\u00e4nge Popul\u00e4re Musik und Medien und Medienwissenschaften in Projektgruppen zusammen. Konkret wurden die Arbeitsgemeinschaften \u00d6ffentlichkeitsarbeit \/ mediale Berichterstattung, Klangcollage, Film und Fotos sowie Radioreportage gegr\u00fcndet. Gemeinsam arbeiteten die Studierenden au\u00dferdem Leitf\u00e4den f\u00fcr <a rel=\"noreferrer noopener\" href=\"https:\/\/blogs.uni-paderborn.de\/popgoesmadeira\/?p=297\" target=\"_blank\">journalistische Talks<\/a> mit auf der Insel befindlichen Gespr\u00e4chspartner*innen aus. <\/p>\n<\/div>\n<\/div>\n\n\n<ul class=\"wp-block-latest-posts__list wp-block-latest-posts\"><li><a class=\"wp-block-latest-posts__post-title\" href=\"https:\/\/blogs.uni-paderborn.de\/popgoesmadeira\/?p=235\">Theoretische Grundlagen<\/a><div class=\"wp-block-latest-posts__post-excerpt\">Im Wintersemester 2022\/2023 fand unter Leitung von Prof. Dr. Christoph Jacke zum dritten Mal das Master-Seminar \u201dMadeiraDig 2022: Festival, Digitalit\u00e4t, Natur, Kultur\u201d statt. Konzept des Seminars war eine wissenschaftliche Auseinandersetzung mit Theorien sowie praktischen Konzepten zur Analyse des renommierten Musik-, Klangkunst- und Film-Festivals\u00a0&#8222;MadeiraDig\u00a02022\u201c auf Madeira\u00a0(08.-13.12.2022). Die Exkursions-Lehrveranstaltung wurde bereits in den Jahren 2014 und 2017 &hellip; <a href=\"https:\/\/blogs.uni-paderborn.de\/popgoesmadeira\/?p=235\" class=\"more-link\"><span class=\"screen-reader-text\">Theoretische Grundlagen<\/span> weiterlesen<\/a><\/div><\/li>\n<\/ul>\n\n<ul class=\"wp-block-latest-posts__list wp-block-latest-posts\"><li><a class=\"wp-block-latest-posts__post-title\" href=\"https:\/\/blogs.uni-paderborn.de\/popgoesmadeira\/?p=271\">Anwendungsbereiche<\/a><div class=\"wp-block-latest-posts__post-excerpt\">Das Masterstudium \u201ePopul\u00e4re Musik und Medien\u201c bildet vielseitig f\u00fcr T\u00e4tigkeiten in unterschiedlichen Bereichen aus, so mitunter (Musik-)Journalismus, Kultur- und Eventmanagement, Marketing, Werbung und Public Relations und Kulturpolitik und -vermittlung. Durch die praktische Arbeit der Studierenden auf dem Festival nutzten diese die M\u00f6glichkeit, sich in den verschiedenen Anwendungsfeldern zu erproben und ihre medientechnischen F\u00e4higkeiten in Form &hellip; <a href=\"https:\/\/blogs.uni-paderborn.de\/popgoesmadeira\/?p=271\" class=\"more-link\"><span class=\"screen-reader-text\">Anwendungsbereiche<\/span> weiterlesen<\/a><\/div><\/li>\n<\/ul>\n\n<ul class=\"wp-block-latest-posts__list wp-block-latest-posts\"><li><a class=\"wp-block-latest-posts__post-title\" href=\"https:\/\/blogs.uni-paderborn.de\/popgoesmadeira\/?p=481\">MADEIRADiG Projekte<\/a><div class=\"wp-block-latest-posts__post-excerpt\">Hier werden die vorausgehend erw\u00e4hnten Projekte, die im Rahmen des Festivals auf der Insel produziert und im Vorfeld konzipiert wurden, pr\u00e4sentiert. Viel Spa\u00df beim Anschauen, Reinh\u00f6ren und Durchlesen! Projekt Radioreportage (Mathea pittelkow, andrea de biaggi, nils kollmeier) Die Erstellung einer Radioreportage war das Ziel dreier Studierender. Der Gedanke dahinter war es, die Natur und Kultur &hellip; <a href=\"https:\/\/blogs.uni-paderborn.de\/popgoesmadeira\/?p=481\" class=\"more-link\"><span class=\"screen-reader-text\">MADEIRADiG Projekte<\/span> weiterlesen<\/a><\/div><\/li>\n<\/ul>","protected":false},"excerpt":{"rendered":"<p>Im Wintersemester 2022\/2023 fand unter Leitung von Prof. Dr. Christoph Jacke zum dritten Mal das Master-Seminar \u201dMadeiraDig 2022: Festival, Digitalit\u00e4t, Natur, Kultur\u201d statt. Konzept des Seminars war eine wissenschaftliche Auseinandersetzung mit Theorien sowie praktischen Konzepten zur Analyse des renommierten Musik-, Klangkunst- und Film-Festivals &#8222;Madeiradig 2022\u201c auf Madeira (08.-13.12.2022). Die Lehrveranstaltung inklusive Exkursion wurde bereits in &hellip; <a href=\"https:\/\/blogs.uni-paderborn.de\/popgoesmadeira\/?page_id=24\" class=\"more-link\"><span class=\"screen-reader-text\">MADEIRADiG 2022: Festival, Digitalit\u00e4t, Natur, Kultur<\/span> weiterlesen<\/a><\/p>\n","protected":false},"author":9269,"featured_media":0,"parent":0,"menu_order":0,"comment_status":"closed","ping_status":"closed","template":"","meta":{"footnotes":""},"class_list":["post-24","page","type-page","status-publish","hentry"],"_links":{"self":[{"href":"https:\/\/blogs.uni-paderborn.de\/popgoesmadeira\/index.php?rest_route=\/wp\/v2\/pages\/24","targetHints":{"allow":["GET"]}}],"collection":[{"href":"https:\/\/blogs.uni-paderborn.de\/popgoesmadeira\/index.php?rest_route=\/wp\/v2\/pages"}],"about":[{"href":"https:\/\/blogs.uni-paderborn.de\/popgoesmadeira\/index.php?rest_route=\/wp\/v2\/types\/page"}],"author":[{"embeddable":true,"href":"https:\/\/blogs.uni-paderborn.de\/popgoesmadeira\/index.php?rest_route=\/wp\/v2\/users\/9269"}],"replies":[{"embeddable":true,"href":"https:\/\/blogs.uni-paderborn.de\/popgoesmadeira\/index.php?rest_route=%2Fwp%2Fv2%2Fcomments&post=24"}],"version-history":[{"count":42,"href":"https:\/\/blogs.uni-paderborn.de\/popgoesmadeira\/index.php?rest_route=\/wp\/v2\/pages\/24\/revisions"}],"predecessor-version":[{"id":695,"href":"https:\/\/blogs.uni-paderborn.de\/popgoesmadeira\/index.php?rest_route=\/wp\/v2\/pages\/24\/revisions\/695"}],"wp:attachment":[{"href":"https:\/\/blogs.uni-paderborn.de\/popgoesmadeira\/index.php?rest_route=%2Fwp%2Fv2%2Fmedia&parent=24"}],"curies":[{"name":"wp","href":"https:\/\/api.w.org\/{rel}","templated":true}]}}