{"id":20,"date":"2023-01-22T14:14:13","date_gmt":"2023-01-22T13:14:13","guid":{"rendered":"https:\/\/blogs.uni-paderborn.de\/popgoesmadeira\/?page_id=20"},"modified":"2023-03-30T12:01:56","modified_gmt":"2023-03-30T10:01:56","slug":"madeiradig-2022","status":"publish","type":"page","link":"https:\/\/blogs.uni-paderborn.de\/popgoesmadeira\/?page_id=20","title":{"rendered":"About MADEIRADiG"},"content":{"rendered":"<div class=\"twoclick_social_bookmarks_post_20 social_share_privacy clearfix 1.6.4 locale-de_DE sprite-de_DE\"><\/div><div class=\"twoclick-js\"><script type=\"text\/javascript\">\/* <![CDATA[ *\/\njQuery(document).ready(function($){if($('.twoclick_social_bookmarks_post_20')){$('.twoclick_social_bookmarks_post_20').socialSharePrivacy({\"txt_help\":\"Wenn Sie diese Felder durch einen Klick aktivieren, werden Informationen an Facebook, Twitter, Flattr, Xing, t3n, LinkedIn, Pinterest oder Google eventuell ins Ausland \\u00fcbertragen und unter Umst\\u00e4nden auch dort gespeichert. N\\u00e4heres erfahren Sie durch einen Klick auf das <em>i<\\\/em>.\",\"settings_perma\":\"Dauerhaft aktivieren und Daten\\u00fcber-tragung zustimmen:\",\"info_link\":\"http:\\\/\\\/www.heise.de\\\/ct\\\/artikel\\\/2-Klicks-fuer-mehr-Datenschutz-1333879.html\",\"uri\":\"https:\\\/\\\/blogs.uni-paderborn.de\\\/popgoesmadeira\\\/?page_id=20\",\"post_id\":20,\"post_title_referrer_track\":\"About+MADEIRADiG\",\"display_infobox\":\"on\"});}});\n\/* ]]> *\/<\/script><\/div>\n<p>Fokus des avantgardistischen Festivals von Michael Rosen liegt auf digitaler und elektronischer Kunst \u2013 also experimenteller elektronischer und digitaler Musik, interaktiven Performances und Installationen, und Videos. Dies alles legt die experimentelle Natur des Landes zugrunde. Das Festival, das seit 2004 jedes Jahr in der ersten Dezemberwoche stattfindet, ist die \u00e4lteste kulturelle Veranstaltung der autonomen Region Madeira, die der digitalen Kunst gewidmet ist.&nbsp;<\/p>\n\n\n\n<p>Gef\u00f6rdert wird das MADEIRADiG durch die Agentur f\u00fcr die F\u00f6rderung atlantischer Kultur (APCA), dem <a rel=\"noreferrer noopener\" href=\"https:\/\/www.pontadosol.com\/pt\/\" target=\"_blank\">Estalagem da Ponta do Sol<\/a> und <a rel=\"noreferrer noopener\" href=\"https:\/\/digitalinberlin.eu\" target=\"_blank\">Digital in Berlin<\/a>. Das Estalagem da Ponta do Sol ist auch der Austragungsort f\u00fcr die After-Sessions, die jeden Abend nach den Konzerten stattfinden. Die Konzerte finden traditionell im <a href=\"https:\/\/www.cmcalheta.pt\/de\/landkreis-aktivitaet\/casa-das-mudas\" target=\"_blank\" rel=\"noreferrer noopener\">Mudas (Museu de Arte Contempor\u00e2nea da Madeira)<\/a> statt.&nbsp;<\/p>\n\n\n\n<p>Durch den \u00fcberschaubaren Austragsraum, den Michael Rosen im Estalagem da Ponta do Sol gefunden hat, entsteht eine ganz besondere Atmosph\u00e4re. Hier treffen Hotelbesucher:innen, K\u00fcnstler:innen und Besucher:innen des Festivals auf eine famili\u00e4re Art und Weise nicht nur bei den After-Sessions, sondern auch schon beim Fr\u00fchst\u00fcck zusammen.<sup>1<\/sup><\/p>\n\n\n\n<p>English version: <\/p>\n\n\n\n<p>Focus of Michael Rosen&#8217;s avant-garde festival is digital and electronic art; that is, experimental electronic and digital music, interactive performances and installations, and videos. This all underlies the experimental nature of the country. The festival, which has been held every year since 2004 in the first week of December, is the oldest cultural event in the autonomous region of Madeira dedicated to digital art.<\/p>\n\n\n\n<p>MADEIRADiG is sponsored by the Agency for the Promotion of Atlantic Culture (APCA), the Estalagem da Ponta do Sol and Digital Berlin. The Estalagem da Ponta do Sol is also the venue for the after-sessions, which take place every evening after the concerts. The concerts traditionally take place at Mudas (Museu de Arte Contempor\u00e2nea da Madeira).<\/p>\n\n\n\n<p>The small venue that Michael Rosen has found in the Estalagem da Ponta do Sol creates a very special atmosphere. Here, hotel visitors, artists and presenters of the festival meet in a familiar way, not only at the after-sessions, but also at breakfast.<sup>1<\/sup><\/p>\n\n\n<ul class=\"wp-block-latest-posts__list wp-block-latest-posts\"><li><a class=\"wp-block-latest-posts__post-title\" href=\"https:\/\/blogs.uni-paderborn.de\/popgoesmadeira\/?p=287\">MADEIRADiG Locations<\/a><div class=\"wp-block-latest-posts__post-excerpt\">Madeira &#8211; Die Insel Die Insel Madeira wurde vor \u00fcber 600 Jahren, genau genommen 1419, vom portugiesischen Seefahrer Jo\u00e3o Gon\u00e7alves Zarco entdeckt und anschlie\u00dfend von den Portugiesen als Lebensraum besiedelt.&nbsp; Seitdem gilt Madeira mit der lokalen Flora und Fauna als eine der sch\u00f6nsten Inseln Europas und als die Blumeninsel im Atlantik. Wegen des angenehmen Klimas &hellip; <a href=\"https:\/\/blogs.uni-paderborn.de\/popgoesmadeira\/?p=287\" class=\"more-link\"><span class=\"screen-reader-text\">MADEIRADiG Locations<\/span> weiterlesen<\/a><\/div><\/li>\n<\/ul>\n\n<ul class=\"wp-block-latest-posts__list wp-block-latest-posts\"><\/ul>\n\n\n<p><sup>1<\/sup>: https:\/\/digitalinberlin.eu<\/p>\n","protected":false},"excerpt":{"rendered":"<p>Fokus des avantgardistischen Festivals von Michael Rosen liegt auf digitaler und elektronischer Kunst \u2013 also experimenteller elektronischer und digitaler Musik, interaktiven Performances und Installationen, und Videos. Dies alles legt die experimentelle Natur des Landes zugrunde. Das Festival, das seit 2004 jedes Jahr in der ersten Dezemberwoche stattfindet, ist die \u00e4lteste kulturelle Veranstaltung der autonomen Region &hellip; <a href=\"https:\/\/blogs.uni-paderborn.de\/popgoesmadeira\/?page_id=20\" class=\"more-link\"><span class=\"screen-reader-text\">About MADEIRADiG<\/span> weiterlesen<\/a><\/p>\n","protected":false},"author":9269,"featured_media":0,"parent":0,"menu_order":0,"comment_status":"closed","ping_status":"closed","template":"","meta":{"footnotes":""},"class_list":["post-20","page","type-page","status-publish","hentry"],"_links":{"self":[{"href":"https:\/\/blogs.uni-paderborn.de\/popgoesmadeira\/index.php?rest_route=\/wp\/v2\/pages\/20","targetHints":{"allow":["GET"]}}],"collection":[{"href":"https:\/\/blogs.uni-paderborn.de\/popgoesmadeira\/index.php?rest_route=\/wp\/v2\/pages"}],"about":[{"href":"https:\/\/blogs.uni-paderborn.de\/popgoesmadeira\/index.php?rest_route=\/wp\/v2\/types\/page"}],"author":[{"embeddable":true,"href":"https:\/\/blogs.uni-paderborn.de\/popgoesmadeira\/index.php?rest_route=\/wp\/v2\/users\/9269"}],"replies":[{"embeddable":true,"href":"https:\/\/blogs.uni-paderborn.de\/popgoesmadeira\/index.php?rest_route=%2Fwp%2Fv2%2Fcomments&post=20"}],"version-history":[{"count":27,"href":"https:\/\/blogs.uni-paderborn.de\/popgoesmadeira\/index.php?rest_route=\/wp\/v2\/pages\/20\/revisions"}],"predecessor-version":[{"id":688,"href":"https:\/\/blogs.uni-paderborn.de\/popgoesmadeira\/index.php?rest_route=\/wp\/v2\/pages\/20\/revisions\/688"}],"wp:attachment":[{"href":"https:\/\/blogs.uni-paderborn.de\/popgoesmadeira\/index.php?rest_route=%2Fwp%2Fv2%2Fmedia&parent=20"}],"curies":[{"name":"wp","href":"https:\/\/api.w.org\/{rel}","templated":true}]}}