{"id":18,"date":"2023-01-22T14:13:35","date_gmt":"2023-01-22T13:13:35","guid":{"rendered":"https:\/\/blogs.uni-paderborn.de\/popgoesmadeira\/?page_id=18"},"modified":"2023-03-15T20:58:06","modified_gmt":"2023-03-15T19:58:06","slug":"madeiradig-itself","status":"publish","type":"page","link":"https:\/\/blogs.uni-paderborn.de\/popgoesmadeira\/?page_id=18","title":{"rendered":"Pop goes Madeira"},"content":{"rendered":"<div class=\"twoclick_social_bookmarks_post_18 social_share_privacy clearfix 1.6.4 locale-de_DE sprite-de_DE\"><\/div><div class=\"twoclick-js\"><script type=\"text\/javascript\">\/* <![CDATA[ *\/\njQuery(document).ready(function($){if($('.twoclick_social_bookmarks_post_18')){$('.twoclick_social_bookmarks_post_18').socialSharePrivacy({\"txt_help\":\"Wenn Sie diese Felder durch einen Klick aktivieren, werden Informationen an Facebook, Twitter, Flattr, Xing, t3n, LinkedIn, Pinterest oder Google eventuell ins Ausland \\u00fcbertragen und unter Umst\\u00e4nden auch dort gespeichert. N\\u00e4heres erfahren Sie durch einen Klick auf das <em>i<\\\/em>.\",\"settings_perma\":\"Dauerhaft aktivieren und Daten\\u00fcber-tragung zustimmen:\",\"info_link\":\"http:\\\/\\\/www.heise.de\\\/ct\\\/artikel\\\/2-Klicks-fuer-mehr-Datenschutz-1333879.html\",\"uri\":\"https:\\\/\\\/blogs.uni-paderborn.de\\\/popgoesmadeira\\\/?page_id=18\",\"post_id\":18,\"post_title_referrer_track\":\"Pop+goes+Madeira\",\"display_infobox\":\"on\"});}});\n\/* ]]> *\/<\/script><\/div>\n<p>Wie auch in den Jahren zuvor wurden die <a href=\"https:\/\/blogs.uni-paderborn.de\/popgoesmadeira\/?p=285\" target=\"_blank\" rel=\"noreferrer noopener\">musikalischen Programmpunkte<\/a> des MADEiRADiG \u00fcber vier Tage auf der Hauptb\u00fchne der <a rel=\"noreferrer noopener\" href=\"https:\/\/blogs.uni-paderborn.de\/popgoesmadeira\/?p=287\" target=\"_blank\">Casa das Mudas<\/a> pr\u00e4sentiert. Weitere Konzerte und Aktivit\u00e4ten fanden im Kulturzentrum <a rel=\"noreferrer noopener\" href=\"https:\/\/blogs.uni-paderborn.de\/popgoesmadeira\/?p=287\" target=\"_blank\">John Dos Passos<\/a> in Ponta do Sol statt. Gerahmt wurden die Konzerte mit <a href=\"https:\/\/blogs.uni-paderborn.de\/popgoesmadeira\/?p=293\" target=\"_blank\" rel=\"noreferrer noopener\">gemeinschaftlichen Aktivit\u00e4ten <\/a>wie Tagesausfl\u00fcge in die Natur, in die Hauptstadt Funchal, aber auch sportliche Aktivit\u00e4ten wie Yoga. Dreh- und Angelpunkt dieser Aktivit\u00e4ten, aber auch des Zusammenkommens, des Austausches und des gemeinsamen Feierns sowie Speisens war das Hotel <a rel=\"noreferrer noopener\" href=\"https:\/\/blogs.uni-paderborn.de\/popgoesmadeira\/?p=287\" target=\"_blank\">Estalagem da Ponta do Sol<\/a>. Mit einem atemberaubenden Ausblick lie\u00df sich von dort die Co-Veranstalterin des Festivals \u2013 die Insel \u2013  bewundern.<\/p>\n\n\n<ul class=\"wp-block-latest-posts__list wp-block-latest-posts\"><li><a class=\"wp-block-latest-posts__post-title\" href=\"https:\/\/blogs.uni-paderborn.de\/popgoesmadeira\/?p=285\">MADEIRADiG Programm 2022<\/a><div class=\"wp-block-latest-posts__post-excerpt\">Auf dem Programm des intimen Festivals standen die japanische Noise-K\u00fcnstlerin Phew, der wegweisende englische Komponist und Musiker Richard Skelton, die spanische elektroakustische Komponistin, Sounddesignerin und T\u00e4nzerin Charo Calvo, die d\u00e4nische Klangk\u00fcnstlerin und Komponistin Sofie Birch, die in London lebende Bratschistin und S\u00e4ngerin Alison Cotton, der improvisierende amerikanische Klangk\u00fcnstler und Komponist Bob Ostertag und viele mehr.1 &hellip; <a href=\"https:\/\/blogs.uni-paderborn.de\/popgoesmadeira\/?p=285\" class=\"more-link\"><span class=\"screen-reader-text\">MADEIRADiG Programm 2022<\/span> weiterlesen<\/a><\/div><\/li>\n<\/ul>\n\n<ul class=\"wp-block-latest-posts__list wp-block-latest-posts\"><li><a class=\"wp-block-latest-posts__post-title\" href=\"https:\/\/blogs.uni-paderborn.de\/popgoesmadeira\/?p=297\">MADEIRADiG Talks<\/a><div class=\"wp-block-latest-posts__post-excerpt\">Eine Arbeitsgruppe konzipierte mehrere Interviews. Die Musikjournalisten Jens Balzer, Andreas Borcholte, Tobi M\u00fcller und Sebastian Zabel sprachen mit der Seminargruppe \u00fcber das MADEIRADiG, Pop und Politik sowie den aktuellen Stand des Musikjournalismus. Mit dem Rechtsanwalt und Spielst\u00e4ttenleiter Stephan Benn tauschte sich die Gruppe \u00fcber Clubkultur, die Newcomer-Szene und politische Popkulturf\u00f6rderung aus. Einen kulturgeschichtlichen und umweltpolitischen &hellip; <a href=\"https:\/\/blogs.uni-paderborn.de\/popgoesmadeira\/?p=297\" class=\"more-link\"><span class=\"screen-reader-text\">MADEIRADiG Talks<\/span> weiterlesen<\/a><\/div><\/li>\n<\/ul>\n\n<ul class=\"wp-block-latest-posts__list wp-block-latest-posts\"><li><a class=\"wp-block-latest-posts__post-title\" href=\"https:\/\/blogs.uni-paderborn.de\/popgoesmadeira\/?p=295\">MADEIRADiG Musikalische Ausrichtung<\/a><div class=\"wp-block-latest-posts__post-excerpt\">Das Casa das Mudas \u2013 die Hauptkonzertlocation \u2013 spielt eine gro\u00dfe Rolle f\u00fcr das Festival. Das 200 Zuschauer:innen umfassende Auditorium des Museums wird hier in einen Raum, geformt durch den Sog verschiedenster experimenteller elektronischer Darstellungen, verwandelt.\u00a0Ganz anders als bei anderen Konzertarten, ist das Auditorium aufgebaut wie ein Theater. Der absch\u00fcssige Zuschauerraum m\u00fcndet in eine B\u00fchne, &hellip; <a href=\"https:\/\/blogs.uni-paderborn.de\/popgoesmadeira\/?p=295\" class=\"more-link\"><span class=\"screen-reader-text\">MADEIRADiG Musikalische Ausrichtung<\/span> weiterlesen<\/a><\/div><\/li>\n<\/ul>\n\n<ul class=\"wp-block-latest-posts__list wp-block-latest-posts\"><li><a class=\"wp-block-latest-posts__post-title\" href=\"https:\/\/blogs.uni-paderborn.de\/popgoesmadeira\/?p=293\">MADEIRADiG Ausfl\u00fcge<\/a><div class=\"wp-block-latest-posts__post-excerpt\">Das Festival hatte nicht nur musikalische und k\u00fcnstlerische Performances zu bieten, sondern auch eine Vielzahl an Aktivit\u00e4ten, um die Natur und Kultur der Insel kennenzulernen. Dazu z\u00e4hlte ein Ausflug in die Berge, um den \u201eLevada Velha do Raba\u00e7al\u201c zu bewandern, aber auch ein Tagestrip in die Hauptstadt Madeiras \u2013 nach Funchal. Wanderungen Levada Velha do &hellip; <a href=\"https:\/\/blogs.uni-paderborn.de\/popgoesmadeira\/?p=293\" class=\"more-link\"><span class=\"screen-reader-text\">MADEIRADiG Ausfl\u00fcge<\/span> weiterlesen<\/a><\/div><\/li>\n<\/ul>","protected":false},"excerpt":{"rendered":"<p>Wie auch in den Jahren zuvor wurden die musikalischen Programmpunkte des MADEiRADiG \u00fcber vier Tage auf der Hauptb\u00fchne der Casa das Mudas pr\u00e4sentiert. Weitere Konzerte und Aktivit\u00e4ten fanden im Kulturzentrum John Dos Passos in Ponta do Sol statt. Gerahmt wurden die Konzerte mit gemeinschaftlichen Aktivit\u00e4ten wie Tagesausfl\u00fcge in die Natur, in die Hauptstadt Funchal, aber &hellip; <a href=\"https:\/\/blogs.uni-paderborn.de\/popgoesmadeira\/?page_id=18\" class=\"more-link\"><span class=\"screen-reader-text\">Pop goes Madeira<\/span> weiterlesen<\/a><\/p>\n","protected":false},"author":9269,"featured_media":0,"parent":0,"menu_order":0,"comment_status":"closed","ping_status":"closed","template":"","meta":{"footnotes":""},"class_list":["post-18","page","type-page","status-publish","hentry"],"_links":{"self":[{"href":"https:\/\/blogs.uni-paderborn.de\/popgoesmadeira\/index.php?rest_route=\/wp\/v2\/pages\/18","targetHints":{"allow":["GET"]}}],"collection":[{"href":"https:\/\/blogs.uni-paderborn.de\/popgoesmadeira\/index.php?rest_route=\/wp\/v2\/pages"}],"about":[{"href":"https:\/\/blogs.uni-paderborn.de\/popgoesmadeira\/index.php?rest_route=\/wp\/v2\/types\/page"}],"author":[{"embeddable":true,"href":"https:\/\/blogs.uni-paderborn.de\/popgoesmadeira\/index.php?rest_route=\/wp\/v2\/users\/9269"}],"replies":[{"embeddable":true,"href":"https:\/\/blogs.uni-paderborn.de\/popgoesmadeira\/index.php?rest_route=%2Fwp%2Fv2%2Fcomments&post=18"}],"version-history":[{"count":22,"href":"https:\/\/blogs.uni-paderborn.de\/popgoesmadeira\/index.php?rest_route=\/wp\/v2\/pages\/18\/revisions"}],"predecessor-version":[{"id":622,"href":"https:\/\/blogs.uni-paderborn.de\/popgoesmadeira\/index.php?rest_route=\/wp\/v2\/pages\/18\/revisions\/622"}],"wp:attachment":[{"href":"https:\/\/blogs.uni-paderborn.de\/popgoesmadeira\/index.php?rest_route=%2Fwp%2Fv2%2Fmedia&parent=18"}],"curies":[{"name":"wp","href":"https:\/\/api.w.org\/{rel}","templated":true}]}}