{"id":54,"date":"2021-06-09T11:00:28","date_gmt":"2021-06-09T09:00:28","guid":{"rendered":"https:\/\/blogs.uni-paderborn.de\/performla\/?page_id=54"},"modified":"2021-06-11T14:49:04","modified_gmt":"2021-06-11T12:49:04","slug":"impressum","status":"publish","type":"page","link":"https:\/\/blogs.uni-paderborn.de\/performla\/impressum\/","title":{"rendered":"Impressum"},"content":{"rendered":"<div class=\"twoclick_social_bookmarks_post_54 social_share_privacy clearfix 1.6.4 locale-de_DE sprite-de_DE\"><\/div><div class=\"twoclick-js\"><script type=\"text\/javascript\">\/* <![CDATA[ *\/\njQuery(document).ready(function($){if($('.twoclick_social_bookmarks_post_54')){$('.twoclick_social_bookmarks_post_54').socialSharePrivacy({\"txt_help\":\"Wenn Sie diese Felder durch einen Klick aktivieren, werden Informationen an Facebook, Twitter, Flattr, Xing, t3n, LinkedIn, Pinterest oder Google eventuell ins Ausland \\u00fcbertragen und unter Umst\\u00e4nden auch dort gespeichert. N\\u00e4heres erfahren Sie durch einen Klick auf das <em>i<\\\/em>.\",\"settings_perma\":\"Dauerhaft aktivieren und Daten\\u00fcber-tragung zustimmen:\",\"info_link\":\"http:\\\/\\\/www.heise.de\\\/ct\\\/artikel\\\/2-Klicks-fuer-mehr-Datenschutz-1333879.html\",\"uri\":\"https:\\\/\\\/blogs.uni-paderborn.de\\\/performla\\\/impressum\\\/\",\"post_id\":54,\"post_title_referrer_track\":\"Impressum\",\"display_infobox\":\"on\"});}});\n\/* ]]> *\/<\/script><\/div>\n<p>Adresse:<br>\nUniversit\u00e4t Paderborn<br>\nWarburger Str. 100<br>\n33098 Paderborn<br>\nDeutschland<\/p>\n\n\n\n<p>Telefon: +49 5251 60-0<\/p>\n\n\n\n<p>E-Mail: <a href=\"mailto:webmaster@uni-paderborn.de\">webmaster@uni-paderborn.de<\/a><\/p>\n\n\n\n<p>Internet: <a href=\"https:\/\/www.uni-paderborn.de\">https:\/\/www.uni-paderborn.de<\/a><\/p>\n\n\n\n<p>Die Universit\u00e4t Paderborn ist eine vom Land NRW getragene, rechtsf\u00e4hige\nK\u00f6rperschaft des \u00d6ffentlichen Rechts.&nbsp;Sie wird durch die Vizepr\u00e4sidentin\nSimone Probst vertreten.<\/p>\n\n\n\n<p>Zust\u00e4ndige Aufsichtsbeh\u00f6rde: Ministerium f\u00fcr Kultur und Wissenschaft (MKW)\ndes Landes Nordrhein-Westfalen, V\u00f6lklinger Str. 49, 40221 D\u00fcsseldorf,\nDeutschland<\/p>\n\n\n\n<p>Umsatzsteuer-Identifikationsnummer gem\u00e4\u00df \u00a7 27 a Umsatzsteuergesetz: DE\n811209907<\/p>\n\n\n\n<p><strong>Urheberrechtshinweis<\/strong><\/p>\n\n\n\n<p>Die Urheber- und Nutzungsrechte (Copyright) f\u00fcr Texte, Grafiken, Bilder, Design und Quellcode liegen soweit nicht anders angegeben bei der Universit\u00e4t Paderborn. Die Erstellung, Verwendung und Weitergabe von Kopien in elektronischer oder ausgedruckter Form bedarf der Genehmigung.<\/p>\n\n\n\n<p>Bei der Header-Grafik handelt es sich um eine von Ha My Truong bearbeitete Version einer Pixabay-Lizenz unterliegenden Originalgrafik: https:\/\/pixabay.com\/de\/photos\/schwarz-tafel-kreidespuren-schule-1072366\/. <\/p>\n\n\n\n<p>Das Logo der Nachwuchsforschungsgruppe wurde entworfen und erstellt von Ha My Truong.<\/p>\n\n\n\n<p><strong>Haftungshinweis<\/strong><\/p>\n\n\n\n<p>F\u00fcr auf den Seiten vorhandene externe Links und die dar\u00fcber verf\u00fcgbaren\nInhalte \u00fcbernehmen wir keine Haftung. Sie stellen kein Angebot der Universit\u00e4t\nPaderborn dar. F\u00fcr den Inhalt der verlinkten Seiten sind ausschlie\u00dflich deren\nBetreiber verantwortlich.<\/p>\n","protected":false},"excerpt":{"rendered":"<p>Adresse: Universit\u00e4t Paderborn Warburger Str. 100 33098 Paderborn Deutschland Telefon: +49 5251 60-0 E-Mail: webmaster@uni-paderborn.de Internet: https:\/\/www.uni-paderborn.de Die Universit\u00e4t Paderborn ist eine vom Land NRW getragene, rechtsf\u00e4hige K\u00f6rperschaft des \u00d6ffentlichen Rechts.&nbsp;Sie wird durch die Vizepr\u00e4sidentin Simone Probst vertreten. Zust\u00e4ndige Aufsichtsbeh\u00f6rde: Ministerium f\u00fcr Kultur und Wissenschaft (MKW) des Landes Nordrhein-Westfalen, V\u00f6lklinger Str. 49, 40221 D\u00fcsseldorf, Deutschland [&hellip;]<\/p>\n","protected":false},"author":9072,"featured_media":0,"parent":0,"menu_order":0,"comment_status":"closed","ping_status":"closed","template":"","meta":{"footnotes":""},"class_list":["post-54","page","type-page","status-publish","hentry"],"_links":{"self":[{"href":"https:\/\/blogs.uni-paderborn.de\/performla\/wp-json\/wp\/v2\/pages\/54","targetHints":{"allow":["GET"]}}],"collection":[{"href":"https:\/\/blogs.uni-paderborn.de\/performla\/wp-json\/wp\/v2\/pages"}],"about":[{"href":"https:\/\/blogs.uni-paderborn.de\/performla\/wp-json\/wp\/v2\/types\/page"}],"author":[{"embeddable":true,"href":"https:\/\/blogs.uni-paderborn.de\/performla\/wp-json\/wp\/v2\/users\/9072"}],"replies":[{"embeddable":true,"href":"https:\/\/blogs.uni-paderborn.de\/performla\/wp-json\/wp\/v2\/comments?post=54"}],"version-history":[{"count":4,"href":"https:\/\/blogs.uni-paderborn.de\/performla\/wp-json\/wp\/v2\/pages\/54\/revisions"}],"predecessor-version":[{"id":144,"href":"https:\/\/blogs.uni-paderborn.de\/performla\/wp-json\/wp\/v2\/pages\/54\/revisions\/144"}],"wp:attachment":[{"href":"https:\/\/blogs.uni-paderborn.de\/performla\/wp-json\/wp\/v2\/media?parent=54"}],"curies":[{"name":"wp","href":"https:\/\/api.w.org\/{rel}","templated":true}]}}