{"id":5,"date":"2021-05-19T16:36:28","date_gmt":"2021-05-19T14:36:28","guid":{"rendered":"https:\/\/blogs.uni-paderborn.de\/performla\/?page_id=5"},"modified":"2025-11-03T09:51:05","modified_gmt":"2025-11-03T08:51:05","slug":"ueber-uns","status":"publish","type":"page","link":"https:\/\/blogs.uni-paderborn.de\/performla\/ueber-uns\/","title":{"rendered":"\u00dcber den Blog"},"content":{"rendered":"<div class=\"twoclick_social_bookmarks_post_5 social_share_privacy clearfix 1.6.4 locale-de_DE sprite-de_DE\"><\/div><div class=\"twoclick-js\"><script type=\"text\/javascript\">\/* <![CDATA[ *\/\njQuery(document).ready(function($){if($('.twoclick_social_bookmarks_post_5')){$('.twoclick_social_bookmarks_post_5').socialSharePrivacy({\"txt_help\":\"Wenn Sie diese Felder durch einen Klick aktivieren, werden Informationen an Facebook, Twitter, Flattr, Xing, t3n, LinkedIn, Pinterest oder Google eventuell ins Ausland \\u00fcbertragen und unter Umst\\u00e4nden auch dort gespeichert. N\\u00e4heres erfahren Sie durch einen Klick auf das <em>i<\\\/em>.\",\"settings_perma\":\"Dauerhaft aktivieren und Daten\\u00fcber-tragung zustimmen:\",\"info_link\":\"http:\\\/\\\/www.heise.de\\\/ct\\\/artikel\\\/2-Klicks-fuer-mehr-Datenschutz-1333879.html\",\"uri\":\"https:\\\/\\\/blogs.uni-paderborn.de\\\/performla\\\/ueber-uns\\\/\",\"post_id\":5,\"post_title_referrer_track\":\"%C3%9Cber+den+Blog\",\"display_infobox\":\"on\"});}});\n\/* ]]> *\/<\/script><\/div>\n<p>Die Lehrerbildungsforschung hat zum Ziel, <br>empirische Erkenntnisse zur Weiterentwicklung <br>der Ausbildung von zuk\u00fcnftigen Lehrkr\u00e4ften zu gewinnen.<\/p>\n\n\n\n<p>In diesem Feld widmen wir uns <br>im Forschungsprojekt <strong><a rel=\"noreferrer noopener\" aria-label=\"PERFORM-LA  (\u00f6ffnet in neuem Tab)\" href=\"https:\/\/wihofo.bmbfcluster.de\/de\/perform-la-3605.php\" target=\"_blank\">PERFORM-LA <\/a><\/strong><br>der Entwicklung und Erprobung von handlungsnahen Pr\u00fcfungsformaten <br>f\u00fcr verschiedene Bereiche des Lehramtsstudiums. <\/p>\n\n\n\n<p>Mit diesem Blog laden wir dazu ein, <br>in variierenden Formaten <br>Einblicke in unterschiedliche Aspekte des Forschungsalltages zu gewinnen <br>und interessante Hinweise <br>auf Veranstaltungen, Literatur und Materialien zu bekommen. <\/p>\n\n\n\n<p>Herzlich willkommen und viel Vergn\u00fcgen <br>auf dem Blog des PERFORM-LA Forschungsprojektes.&nbsp;  <\/p>\n\n\n\n<p class=\"has-medium-font-size\">Wer wir sind <\/p>\n\n\n\n<p><strong>Dr. Christoph Vogelsang &#8211; Forschungsgruppenleiter<\/strong><br>Koordiniert und betreut die Arbeiten im Projekt. <\/p>\n\n\n\n<p><strong>Dr. Lea Grotegut &#8211;  <strong>Wissenschaftliche Mitarbeiterin (Post-Doc)<\/strong> <\/strong><br>Erstellt und erprobt einen OSTE-Prototypen im Fach Physik mit bildungswissenschaftlicher Erg\u00e4nzung. <\/p>\n\n\n\n<p><strong>Thomas Janzen &#8211; Doktorand (Ehemaliger)<\/strong><br>Entwickelte und erprobte ein handlungsnahes Pr\u00fcfungsformat f\u00fcr das Fach Englisch.<\/p>\n\n\n\n<p><strong>Philipp Wotschel &#8211; Doktorand<\/strong><br>Entwickelt und erprobt einen Performanztest f\u00fcr fach\u00fcbergreifende Beratungsgespr\u00e4che. <\/p>\n\n\n\n<div style=\"height:20px\" aria-hidden=\"true\" class=\"wp-block-spacer\"><\/div>\n\n\n\n<p>F\u00fcr Nachfragen, Anregungen und Kritik sind wir per <a><strong>E-Mail<\/strong> <\/a>erreichbar.<\/p>\n\n\n<p><!--EndFragment--><\/p>\n\n\n<p><\/p>\n","protected":false},"excerpt":{"rendered":"<p>Die Lehrerbildungsforschung hat zum Ziel, empirische Erkenntnisse zur Weiterentwicklung der Ausbildung von zuk\u00fcnftigen Lehrkr\u00e4ften zu gewinnen. In diesem Feld widmen wir uns im Forschungsprojekt PERFORM-LA der Entwicklung und Erprobung von handlungsnahen Pr\u00fcfungsformaten f\u00fcr verschiedene Bereiche des Lehramtsstudiums. Mit diesem Blog laden wir dazu ein, in variierenden Formaten Einblicke in unterschiedliche Aspekte des Forschungsalltages zu gewinnen [&hellip;]<\/p>\n","protected":false},"author":9072,"featured_media":0,"parent":0,"menu_order":0,"comment_status":"closed","ping_status":"closed","template":"","meta":{"footnotes":""},"class_list":["post-5","page","type-page","status-publish","hentry"],"_links":{"self":[{"href":"https:\/\/blogs.uni-paderborn.de\/performla\/wp-json\/wp\/v2\/pages\/5","targetHints":{"allow":["GET"]}}],"collection":[{"href":"https:\/\/blogs.uni-paderborn.de\/performla\/wp-json\/wp\/v2\/pages"}],"about":[{"href":"https:\/\/blogs.uni-paderborn.de\/performla\/wp-json\/wp\/v2\/types\/page"}],"author":[{"embeddable":true,"href":"https:\/\/blogs.uni-paderborn.de\/performla\/wp-json\/wp\/v2\/users\/9072"}],"replies":[{"embeddable":true,"href":"https:\/\/blogs.uni-paderborn.de\/performla\/wp-json\/wp\/v2\/comments?post=5"}],"version-history":[{"count":17,"href":"https:\/\/blogs.uni-paderborn.de\/performla\/wp-json\/wp\/v2\/pages\/5\/revisions"}],"predecessor-version":[{"id":3349,"href":"https:\/\/blogs.uni-paderborn.de\/performla\/wp-json\/wp\/v2\/pages\/5\/revisions\/3349"}],"wp:attachment":[{"href":"https:\/\/blogs.uni-paderborn.de\/performla\/wp-json\/wp\/v2\/media?parent=5"}],"curies":[{"name":"wp","href":"https:\/\/api.w.org\/{rel}","templated":true}]}}