{"id":39,"date":"2021-06-09T10:05:40","date_gmt":"2021-06-09T08:05:40","guid":{"rendered":"https:\/\/blogs.uni-paderborn.de\/performla\/?page_id=39"},"modified":"2021-06-10T09:52:44","modified_gmt":"2021-06-10T07:52:44","slug":"datenschutzerklaerung","status":"publish","type":"page","link":"https:\/\/blogs.uni-paderborn.de\/performla\/datenschutzerklaerung\/","title":{"rendered":"Datenschutzerkl\u00e4rung"},"content":{"rendered":"<div class=\"twoclick_social_bookmarks_post_39 social_share_privacy clearfix 1.6.4 locale-de_DE sprite-de_DE\"><\/div><div class=\"twoclick-js\"><script type=\"text\/javascript\">\/* <![CDATA[ *\/\njQuery(document).ready(function($){if($('.twoclick_social_bookmarks_post_39')){$('.twoclick_social_bookmarks_post_39').socialSharePrivacy({\"txt_help\":\"Wenn Sie diese Felder durch einen Klick aktivieren, werden Informationen an Facebook, Twitter, Flattr, Xing, t3n, LinkedIn, Pinterest oder Google eventuell ins Ausland \\u00fcbertragen und unter Umst\\u00e4nden auch dort gespeichert. N\\u00e4heres erfahren Sie durch einen Klick auf das <em>i<\\\/em>.\",\"settings_perma\":\"Dauerhaft aktivieren und Daten\\u00fcber-tragung zustimmen:\",\"info_link\":\"http:\\\/\\\/www.heise.de\\\/ct\\\/artikel\\\/2-Klicks-fuer-mehr-Datenschutz-1333879.html\",\"uri\":\"https:\\\/\\\/blogs.uni-paderborn.de\\\/performla\\\/datenschutzerklaerung\\\/\",\"post_id\":39,\"post_title_referrer_track\":\"Datenschutzerkl%C3%A4rung\",\"display_infobox\":\"on\"});}});\n\/* ]]> *\/<\/script><\/div>\n<p>Informationen\n\u00fcber die Verarbeitung Ihrer personenbezogenen Daten im Rahmen der Nutzung der\nzentralen Blog-\/WordPress-Installation von der Universit\u00e4t Paderborn gem\u00e4\u00df Art.\n13 der Datenschutz-Grundverordnung (im Folgenden: DS-GVO). Hinsichtlich der im\nFolgenden verwendeten Begriffe, bspw. \u201epersonenbezogene Daten\u201c, \u201eVerarbeitung\u201c,\n\u201eVerantwortlicher\u201c etc., wird auf die Definitionen in Art. 4 der DS-GVO\nverwiesen.<\/p>\n\n\n\n<p><strong>1. Namen und\nKontaktdaten<\/strong><\/p>\n\n\n\n<p>Verantwortlich\nf\u00fcr die Verarbeitung Ihrer personenbezogenen Daten im Rahmen der Nutzung der\nzentralen Blog-\/WordPress-Installation ist die Universit\u00e4t Paderborn, eine vom\nLand NRW getragene, rechtsf\u00e4hige K\u00f6rperschaft des \u00d6ffentlichen Rechts. Sie wird\ndurch den*die Pr\u00e4sident*in vertreten.<\/p>\n\n\n\n<p><strong>1.1 Name und\nKontaktdaten des Verantwortlichen<\/strong><\/p>\n\n\n\n<p>Universit\u00e4t\nPaderborn<br>\nWarburger Str. 100<br>\n33098 Paderborn<br>\nTel.: +49 5251 60-0<br>\nWeb: <a href=\"https:\/\/www.uni-paderborn.de\/\">https:\/\/www.uni-paderborn.de<\/a><\/p>\n\n\n\n<p><strong>1.2\nAnsprechpartner*in f\u00fcr die zentrale Blog-\/WordPress-Installation<\/strong><\/p>\n\n\n\n<p>Universit\u00e4t\nPaderborn<br>\nZentrum f\u00fcr Informations- und Medientechnologien (IMT)<br>\nLeitung: Prof. Dr. Gudrun Oevel<br>\nE-Mail: imt@uni-paderborn.de<br>\nTelefon: +49 5251 60-5544<br>\nWeb: <a href=\"https:\/\/imt.uni-paderborn.de\">https:\/\/imt.uni-paderborn.de<\/a><\/p>\n\n\n\n<p><strong>1.3\nKontaktdaten der*des Datenschutzbeauftragten<\/strong><\/p>\n\n\n\n<p>Die*den\nbeh\u00f6rdliche*n Datenschutzbeauftragte*n der Universit\u00e4t Paderborn erreichen Sie\npostalisch unter der oben angegebenen Adresse des Verantwortlichen (siehe\nZiffer 1.1) oder wie folgt:<\/p>\n\n\n\n<p>E-Mail: <a href=\"mailto:datenschutz@uni-paderborn.de\">datenschutz@uni-paderborn.de<\/a><br>\nTel.: +49 5251 60-4444<br>\nWeb: <a href=\"https:\/\/www.uni-paderborn.de\/datenschutz\/\">https:\/\/www.uni-paderborn.de\/datenschutz\/<\/a><\/p>\n\n\n\n<p><strong>2.\nDatenkategorie\/n, Zwecke und Rechtsgrundlagen der Verarbeitung Ihrer\npersonenbezogenen Daten<\/strong><\/p>\n\n\n\n<p>Im Rahmen\nder Nutzung der zentralen Blog-\/WordPress-Installation werden von der\nUniversit\u00e4t Paderborn folgende Ihrer personenbezogenen Daten zu folgenden\nZwecken und Rechtsgrundlagen verarbeitet:<\/p>\n\n\n\n<p><strong>2.1 Log\nDaten<\/strong><\/p>\n\n\n\n<p>Beim Aufruf\neiner Webseite \u00fcbermittelt Ihr Browser an den Webserver grunds\u00e4tzlich Daten\nIhres abrufenden Ger\u00e4ts, bspw. die IP-Adresse, an die die Webseite\nzur\u00fcckgeschickt werden soll. Folgende Daten werden von der Universit\u00e4t\nPaderborn in gesicherten Log-Dateien gespeichert:<\/p>\n\n\n\n<ul class=\"wp-block-list\"><li>abgerufene Webseite\/-adresse<\/li><li>Datum und Uhrzeit des Zugriffs<\/li><li>IP-Adresse von Nutzer*innen<\/li><li>HTTP-Statuscode<\/li><li>abgerufene Datenmenge<\/li><li>Browsertyp und-version \/ verwendetes Betriebssystem von Nutzer*innen<\/li><\/ul>\n\n\n\n<p>Zus\u00e4tzlich\nwerden die Anmeldung am System sowie das Auftreten von Fehlern gespeichert. Die\nErhebung und Nutzung der Log-Daten erfolgen lediglich zum Zweck der Wahrung der\ntechnischen Sicherheit, des Aufsp\u00fcrens von Fehlern und deren Beseitigung sowie\nggf. einer damit verbundenen anonymisierten Auswertung zu statistischen\nZwecken. Die Daten werden nicht in Verbindung mit Namen oder E-Mail-Adresse\nausgewertet. Rechtsgrundlage f\u00fcr die Erhebung und Nutzung der Log-Daten ist die\nim \u00f6ffentlichen Interesse liegende erforderliche Aufgabenerf\u00fcllung der\nUniversit\u00e4t Paderborn gem\u00e4\u00df Art. 6 Abs. 1 UAbs. 1 lit. e), Abs. 3 DS-GVO i. V.\nm. \u00a7 3 Abs. 1 DSG NRW.<\/p>\n\n\n\n<p><strong>2.2 Cookies<\/strong><\/p>\n\n\n\n<p>Cookies sind\nDateien, die von dem Anbieter einer Webseite im Verzeichnis des\nBrowserprogramms auf dem Rechner von Nutzer*innen abgelegt werden k\u00f6nnen. Diese\nDateien enthalten Textinformationen und k\u00f6nnen bei einem erneuten Seitenaufruf\nvom Anbieter wieder gelesen werden. Der Anbieter kann diese Cookies bspw. dazu\nnutzen, Seiten immer in der von Nutzer*innen gew\u00e4hlten Sprache auszuliefern.<\/p>\n\n\n\n<p>Cookies\nk\u00f6nnen mit einer Verfallszeit versehen werden. So werden bspw. Cookies, die nur\nin einer Sitzung verwendet werden oder deren Verfallszeit abgelaufen ist, beim\nBeenden des Browsers automatisch gel\u00f6scht. Das Speichern von Cookies k\u00f6nnen Sie\nin den Einstellungen des Browsers ausschalten, allerdings lassen sich die \u00fcber\ndie Cookies gesteuerten Funktionen dann nicht mehr nutzen. Sie k\u00f6nnen die im\nBrowser gespeicherten Cookies einsehen und jederzeit auch einzelne Cookies\nl\u00f6schen.<\/p>\n\n\n\n<p>Im Rahmen\ndes Blogs werden folgende Cookies verwendet:<\/p>\n\n\n\n<ul class=\"wp-block-list\"><li>wordpress_\u2026(Wiedererkennung von Nutzer*innen w\u00e4hrend einer Session und der Verwaltung der Session; sie sind bis zum Ende der Sitzung g\u00fcltig)<\/li><li>wp-settings- (diese Cookies werden nur f\u00fcr angemeldete Nutzer*innen gesetzt; \u00fcber sie werden Konfigurationen zugeordnet; die G\u00fcltigkeit dieser Cookies ist 1 Jahr)<\/li><\/ul>\n\n\n\n<p>Diese\nCookies sind f\u00fcr den Betrieb der Blog-\/WordPress-Installation technisch\nerforderlich. Rechtsgrundlage f\u00fcr die gesetzten Cookies ist die im \u00f6ffentlichen\nInteresse liegende erforderliche Aufgabenerf\u00fcllung der Universit\u00e4t Paderborn\ngem\u00e4\u00df Art. 6 Abs. 1 UAbs. 1 lit. e), Abs. 3 DS-GVO i. V. m. \u00a7 3 Abs. 1 DSG NRW.<\/p>\n\n\n\n<p><strong>2.3\nAngemeldete Autoren von Blog-Eintr\u00e4gen<\/strong><\/p>\n\n\n\n<p>Zum\nEinstellen von Inhalten (bspw. neue Blogeintr\u00e4ge oder Kommentare) ist eine\nAnmeldung am System erforderlich \u2013 das Publizieren von Inhalten ist ohne\nAnmeldung nicht m\u00f6glich. Der Zugang zur zentralen Blog-\/WordPress-Installation\nerfolgt personalisiert mittels einer an Angeh\u00f6rige der Universit\u00e4t Paderborn\nzentral vergebenen \u201eUNI-Kennung\u201c.<\/p>\n\n\n\n<p><strong>2.3.1\nAccount-Daten<\/strong><\/p>\n\n\n\n<p>Die\nAuthentifizierung am Blog findet mit der hochschulweiten Kennung und dem\nzugeh\u00f6rigen Passwort statt. Das eingegebene Passwort wird nicht in der\nzentralen Blog-\/WordPress-Installation gespeichert, sondern bei jeder Anmeldung\nam System gegen\u00fcber dem im IMT der&nbsp;Universit\u00e4t Paderborn betriebenen\nVerzeichnisdienst gepr\u00fcft. Bei jeder Anmeldung werden aus dem Verzeichnisdienst\ndie<\/p>\n\n\n\n<ul class=\"wp-block-list\"><li>Kennung,<\/li><li>Nachnamen,<\/li><li>Vornamen, sowie die<\/li><li>E-Mail-Adresse<\/li><\/ul>\n\n\n\n<p>in die\nzentrale Blog-\/WordPress-Installation \u00fcbernommen. Basierend auf der Kennung\nwird in der jeweiligen zentralen Blog-\/WordPress-Installation-Instanz (Blog)\nein Account angelegt, dem die aufgelisteten Daten zugeordnet werden.<\/p>\n\n\n\n<p>Die Daten in\nder zentralen Blog-\/WordPress-Installation werden f\u00fcr die Authentifizierung,\ndie Administration und die Zuordnung von Inhalten und Kommentaren verwendet.\nDie Anzeige der Autoren von Beitr\u00e4gen und Kommentaren erfolgt mit Vor- und Nachnamen.\nAu\u00dferdem verschickt die zentrale Blog-\/WordPress-Installation ggf.\nSystemmeldungen an die \u00fcbermittelte Mail-Adresse. Eine weitergehende Nutzung\nder Daten findet nicht statt.<\/p>\n\n\n\n<p><strong>2.3.2\nBlog-Inhalte<\/strong><\/p>\n\n\n\n<p>Authentifizierte\nNutzer*innen k\u00f6nnen sich einen eigenen Blog anlegen und darin Inhalte\npublizieren. Die Inhalte werden in der zentralen Blog-\/WordPress-Installation\ngespeichert und sind \u00fcber das Web weltweit verf\u00fcgbar. Die Ver\u00f6ffentlichung\npersonenbezogener Daten obliegt den einzelnen Nutzer*innen und basiert stets\nauf Freiwilligkeit. Authentifizierte Nutzer*innen k\u00f6nnen in anderen Blogs\nKommentare schreiben. Die Kommentare werden mit Nutzerkennung und Zeitstempel\nversehen und wie Blog-Inhalte gespeichert und sind weltweit lesbar.<\/p>\n\n\n\n<p>Werden von\nden Betreibern einzelner Blogs zus\u00e4tzliche Daten (bspw. in Formularen) erhoben,\nso wird \u00fcber die damit zusammenh\u00e4ngende Verarbeitung personenbezogener Daten in\nden Datenschutzerkl\u00e4rungen der einzelnen Blogs informiert<\/p>\n\n\n\n<p>S\u00e4mtliche\nDaten der zentralen Blog-\/WordPress-Installation-Instanz werden auf gesicherten\nSystemen der Universit\u00e4t Paderborn gespeichert.<\/p>\n\n\n\n<p>Rechtsgrundlage\nf\u00fcr die Verarbeitung personenbezogener Daten hinsichtlich der Anmeldung am\nSystem sowie dem Einstellen von Inhalten in ein eigenes Blog sowie der Nutzung\nvon weiteren Kommunikationsfunktionen basiert auf einer Einwilligung gem\u00e4\u00df Art.\n6 Abs. 1 UAbs. 1 lit. a) DS-GVO.<\/p>\n\n\n\n<p><strong>3. Empf\u00e4nger\nIhrer personenbezogenen Daten&nbsp;<\/strong><\/p>\n\n\n\n<p>Personenbezogene\nDaten, die im Rahmen der Nutzung der zentralen Blog-\/WordPress-Installation von\nder Universit\u00e4t Paderborn wie oben beschrieben verarbeitet werden, \u00fcbermittelt\ndie Universit\u00e4t Paderborn vorbehaltlich der nachstehend beschriebenen\nDatenverarbeitungen, grunds\u00e4tzlich nicht an Dritte. In Einzelf\u00e4llen kann eine\n\u00dcbermittlung Ihrer Daten auf Grundlage einer gesetzlichen Erlaubnis erfolgen.\nSofern (technische) Dienstleister Zugang zu Ihren personenbezogenen Daten\nerhalten, geschieht dies im Bedarfsfall auf Grundlage eines Vertrags gem\u00e4\u00df Art.\n28 DS-GVO. F\u00fcr Datenverarbeitungen die mit anderen Verantwortlichen\nstattfinden, geschieht dies im Bedarfsfall auf Grundlage einer Vereinbarung\ngem\u00e4\u00df Art. 26 DS-GVO. Innerhalb der Universit\u00e4t Paderborn erhalten nur\ndiejenigen Stellen und Besch\u00e4ftigten Ihre personenbezogenen Daten, wenn diese\nbefugt sind und sie diese zur Erf\u00fcllung der\/s o. g. Zwecke\/s ben\u00f6tigen.<\/p>\n\n\n\n<p><strong>4.\nDaten\u00fcbermittlung au\u00dferhalb der EU<\/strong><\/p>\n\n\n\n<p>Blog-Inhalte\nwerden \u00fcber die zentrale Blog-\/WordPress-Installation jedoch weltweit \u00fcber das\nWeb publiziert. Darin besteht der Zweck der Blogs. Die Universit\u00e4t Paderborn\nmacht darauf aufmerksam, dass bei jeder Ver\u00f6ffentlichung personenbezogener\nDaten im Internet weltweit von jedermann auf die personenbezogenen Daten \u2013 auch\nmit Hilfe von Suchmaschinen (bspw. Google) \u2013 zugegriffen werden kann. Auf diese\nWeise k\u00f6nnen Pers\u00f6nlichkeitsprofile erstellt werden, indem diese Daten mit\nweiteren im Internet \u00fcber Sie verf\u00fcgbaren Daten verkn\u00fcpft werden. Ebenso k\u00f6nnen\ndie Daten von Dritten auf diese Weise zu anderen Zwecken genutzt werden, ohne\ndass die Universit\u00e4t Paderborn darauf vollst\u00e4ndigen Einfluss hat.\nArchivfunktionen von Suchmaschinen (siehe bspw. www.archive.org) erm\u00f6glichen\ngegebenenfalls auch dann noch einen Zugriff auf die Daten, wenn sie aus den\noben genannten Internet-Angeboten der Hochschule bereits entfernt oder ge\u00e4ndert\nwurden. Mit der Verwendung Ihrer personenbezogenen Daten innerhalb des\nInternets k\u00f6nnen auch Daten in L\u00e4nder au\u00dferhalb der EU \u00fcbertragen und dort ggf.\nf\u00fcr nicht bekannte Zwecke gespeichert und genutzt werden. Es kann sein, dass in\ndem Empf\u00e4ngerland die Datenschutzgesetze oder -regelungen oder deren Anwendung\nein schlechteres Schutzniveau haben als in der EU und Sie dort nicht Ihre\nRechte geltend machen k\u00f6nnen.<\/p>\n\n\n\n<p><strong>5. Dauer der\nSpeicherung Ihrer personenbezogenen Daten<\/strong><\/p>\n\n\n\n<p>Ihre\npersonenbezogenen Daten, die im Rahmen der zentralen\nBlog-\/WordPress-Installation von der Universit\u00e4t Paderborn wie oben\nbeschrieben, verarbeitet werden, werden grunds\u00e4tzlich gel\u00f6scht, sobald sie\nnicht mehr f\u00fcr die Zwecke, f\u00fcr die sie erhoben wurden, ben\u00f6tigt werden, Die\nLog-Daten werden f\u00fcr eine Dauer von l\u00e4ngstens 7 Tagen gespeichert und dann\ngel\u00f6scht. Daten, deren weitere Aufbewahrung zu Beweiszwecken erforderlich ist,\nsind bis zur endg\u00fcltigen Kl\u00e4rung des jeweiligen Vorfalls von der L\u00f6schung\nausgenommen.<\/p>\n\n\n\n<p>Die Dauer\nder Speicherung der Cookies entnehmen Sie den o. g. Beschreibungen.<\/p>\n\n\n\n<p>F\u00fcr den\nAccount-Daten und Bloginhalte gilt: Ihre personenbezogenen Daten werden bis auf\nWiderruf gespeichert. Eine komplette L\u00f6schung von Nutzer*innen und der damit\nverbundenen Account-Daten und Bloginhalte erfolgt mit Ausscheiden aus der\nUniversit\u00e4t und dem damit verbundenen Auslaufen der Identit\u00e4t im\nVerzeichnisdienst des IMT. Dar\u00fcber hinaus ist eine L\u00f6schung des pers\u00f6nlichen\nBlogs jederzeit durch Nutzer*innen selbst m\u00f6glich.<\/p>\n\n\n\n<p><strong>6.\nBetroffenenrechte<\/strong><\/p>\n\n\n\n<p>Sie k\u00f6nnen\nals betroffene Person jederzeit die Ihnen durch die DS-GVO gew\u00e4hrten Rechte\ngeltend machen; diese sind:<\/p>\n\n\n\n<ul class=\"wp-block-list\"><li>das Recht auf Auskunft, ob und welche Daten von Ihnen verarbeitet werden nach Ma\u00dfgabe des Art. 15 DS-GVO, \u00a7 12 DSG NRW;<\/li><li>das Recht, die Berichtigung oder Vervollst\u00e4ndigung der Sie betreffenden Daten nach Ma\u00dfgabe des Art. 16 DS-GVO zu verlangen;<\/li><li>das Recht auf L\u00f6schung der Sie betreffenden Daten nach Ma\u00dfgabe des Art. 17 DS-GVO, \u00a7 10 DSG NRW;<\/li><li>das Recht der Einschr\u00e4nkung der Verarbeitung nach Ma\u00dfgabe des Art. 18 DS-GVO;<\/li><li>das Recht auf Daten\u00fcbertragung der Sie betreffenden Daten nach Ma\u00dfgabe des Art. 20 DS-GVO.<\/li><\/ul>\n\n\n\n<p><strong>7.\nWiderspruch gegen die Verarbeitung Ihrer personenbezogenen Daten und\nWiderruflichkeit Ihrer Einwilligung<\/strong><\/p>\n\n\n\n<p>Sie haben\ndas Recht, aus Gr\u00fcnden, die sich aus Ihrer besonderen Situation ergeben,\njederzeit gegen die Verarbeitung Sie betreffender personenbezogener Daten, die\naufgrund von Art. 6 Abs. 1 S. 1 lit. e) DS-GVO erfolgt, Widerspruch nach\nMa\u00dfgabe des Art. 21 DS-GVO einzulegen. Das Recht auf Widerspruch gem\u00e4\u00df Art. 21\nDS-GVO gegen\u00fcber einer \u00f6ffentlichen Stelle besteht nicht, soweit an der\nVerarbeitung ein zwingendes \u00f6ffentliches Interesse besteht, das die Interessen\nder betroffenen Person \u00fcberwiegt, oder eine Rechtsvorschrift zur Verarbeitung\nverpflichtet (\u00a7 14 DSG NRW). M\u00f6chten Sie von Ihrem Widerspruchsrecht gem\u00e4\u00df Art.\n21 DS-GVO Gebrauch machen, gen\u00fcgt eine E-Mail an den*die o. g.\nAnsprechpartner*in <a href=\"mailto:datenschutz@uni-paderborn.de\">datenschutz@uni-paderborn.de<\/a><\/p>\n\n\n\n<p>Eine etwa\nerteilte Einwilligung kann jederzeit ohne Angabe von Gr\u00fcnden ganz oder\nteilweise widerrufen werden. Durch den Widerruf wird die Rechtm\u00e4\u00dfigkeit der\naufgrund der Einwilligung bis zum Widerruf erfolgten Verarbeitung nicht ber\u00fchrt\n(Art. 7 Abs. 3 DS-GVO). Dies hat zur Folge, dass die Datenverarbeitung, die auf\ndieser Einwilligung beruht, f\u00fcr die Zukunft nicht mehr fortgef\u00fchrt werden darf\nund Ihre Daten gel\u00f6scht werden m\u00fcssen. M\u00f6chten Sie Ihre Einwilligung ganz oder\nteilweise widerrufen, gen\u00fcgt eine E-Mail an den*die o. g. Ansprechpartner*in\noder an <a href=\"mailto:datenschutz@uni-paderborn.de\">datenschutz@uni-paderborn.de<\/a>.<\/p>\n\n\n\n<p><strong>8. Recht auf\nBeschwerde<\/strong><\/p>\n\n\n\n<p>Sie haben\n\u00fcber die genannten Rechte hinaus das Recht, eine Beschwerde bei der\ndatenschutzrechtlichen Aufsichtsbeh\u00f6rde einzureichen (Art. 77 DS-GVO), wenn Sie\nder Ansicht sind, dass die Verarbeitung der Sie betreffenden personenbezogenen\nDaten gegen die datenschutzrechtlichen Anforderungen verst\u00f6\u00dft; bspw. bei der\nf\u00fcr die Hochschule zust\u00e4ndigen Landesbeauftragten f\u00fcr Datenschutz und\nInformationsfreiheit Nordrhein-Westfalen, Kavalleriestr. 2-4, 40213 D\u00fcsseldorf,\nTelefon: +49 211 38424-0, E-Mail: <a href=\"mailto:poststelle@ldi.nrw.de\">poststelle@ldi.nrw.de<\/a><\/p>\n\n\n\n<p><strong>9.\nAutomatisierte Entscheidungsfindung\/Profilbildung<\/strong><\/p>\n\n\n\n<p>Es findet\nkeine automatisierte Entscheidungsfindung oder ein Profiling gem\u00e4\u00df Art. 22\nDS-GVO <em>statt.<\/em><\/p>\n\n\n\n<p><strong>10.\nG\u00fcltigkeit der Datenschutzerkl\u00e4rung<\/strong><\/p>\n\n\n\n<p>Die\nUniversit\u00e4t Paderborn beh\u00e4lt sich das Recht vor, diese Datenschutzerkl\u00e4rung\nabzu\u00e4ndern, um sie gegebenenfalls an \u00c4nderungen relevanter Gesetze bzw.\nVorschriften anzupassen oder Ihren Bed\u00fcrfnissen besser gerecht zu werden. Diese\nDatenschutzerkl\u00e4rung gilt in der jeweils zuletzt durch die Universit\u00e4t\nPaderborn ver\u00f6ffentlichten Fassung. Bitte beachten Sie daher die aktuelle\nVersionsnummer der Datenschutzerkl\u00e4rung.<\/p>\n","protected":false},"excerpt":{"rendered":"<p>Informationen \u00fcber die Verarbeitung Ihrer personenbezogenen Daten im Rahmen der Nutzung der zentralen Blog-\/WordPress-Installation von der Universit\u00e4t Paderborn gem\u00e4\u00df Art. 13 der Datenschutz-Grundverordnung (im Folgenden: DS-GVO). Hinsichtlich der im Folgenden verwendeten Begriffe, bspw. \u201epersonenbezogene Daten\u201c, \u201eVerarbeitung\u201c, \u201eVerantwortlicher\u201c etc., wird auf die Definitionen in Art. 4 der DS-GVO verwiesen. 1. Namen und Kontaktdaten Verantwortlich f\u00fcr die [&hellip;]<\/p>\n","protected":false},"author":9064,"featured_media":0,"parent":0,"menu_order":0,"comment_status":"closed","ping_status":"closed","template":"","meta":{"footnotes":""},"class_list":["post-39","page","type-page","status-publish","hentry"],"_links":{"self":[{"href":"https:\/\/blogs.uni-paderborn.de\/performla\/wp-json\/wp\/v2\/pages\/39","targetHints":{"allow":["GET"]}}],"collection":[{"href":"https:\/\/blogs.uni-paderborn.de\/performla\/wp-json\/wp\/v2\/pages"}],"about":[{"href":"https:\/\/blogs.uni-paderborn.de\/performla\/wp-json\/wp\/v2\/types\/page"}],"author":[{"embeddable":true,"href":"https:\/\/blogs.uni-paderborn.de\/performla\/wp-json\/wp\/v2\/users\/9064"}],"replies":[{"embeddable":true,"href":"https:\/\/blogs.uni-paderborn.de\/performla\/wp-json\/wp\/v2\/comments?post=39"}],"version-history":[{"count":5,"href":"https:\/\/blogs.uni-paderborn.de\/performla\/wp-json\/wp\/v2\/pages\/39\/revisions"}],"predecessor-version":[{"id":100,"href":"https:\/\/blogs.uni-paderborn.de\/performla\/wp-json\/wp\/v2\/pages\/39\/revisions\/100"}],"wp:attachment":[{"href":"https:\/\/blogs.uni-paderborn.de\/performla\/wp-json\/wp\/v2\/media?parent=39"}],"curies":[{"name":"wp","href":"https:\/\/api.w.org\/{rel}","templated":true}]}}