{"id":4,"date":"2018-03-24T11:42:58","date_gmt":"2018-03-24T10:42:58","guid":{"rendered":"https:\/\/blogs.uni-paderborn.de\/paderborner-qualitaetsstern\/?page_id=2"},"modified":"2024-08-30T10:01:35","modified_gmt":"2024-08-30T08:01:35","slug":"zum-instrument","status":"publish","type":"page","link":"https:\/\/blogs.uni-paderborn.de\/paderborner-qualitaetsstern\/zum-instrument\/","title":{"rendered":"Zum PQ\u00b3"},"content":{"rendered":"<div class=\"twoclick_social_bookmarks_post_4 social_share_privacy clearfix 1.6.4 locale-de_DE sprite-de_DE\"><\/div><div class=\"twoclick-js\"><script type=\"text\/javascript\">\/* <![CDATA[ *\/\njQuery(document).ready(function($){if($('.twoclick_social_bookmarks_post_4')){$('.twoclick_social_bookmarks_post_4').socialSharePrivacy({\"txt_help\":\"Wenn Sie diese Felder durch einen Klick aktivieren, werden Informationen an Facebook, Twitter, Flattr, Xing, t3n, LinkedIn, Pinterest oder Google eventuell ins Ausland \\u00fcbertragen und unter Umst\\u00e4nden auch dort gespeichert. N\\u00e4heres erfahren Sie durch einen Klick auf das <em>i<\\\/em>.\",\"settings_perma\":\"Dauerhaft aktivieren und Daten\\u00fcber-tragung zustimmen:\",\"info_link\":\"http:\\\/\\\/www.heise.de\\\/ct\\\/artikel\\\/2-Klicks-fuer-mehr-Datenschutz-1333879.html\",\"uri\":\"https:\\\/\\\/blogs.uni-paderborn.de\\\/paderborner-qualitaetsstern\\\/zum-instrument\\\/\",\"post_id\":4,\"post_title_referrer_track\":\"Zum+PQ%C2%B3\",\"display_infobox\":\"on\"});}});\n\/* ]]> *\/<\/script><\/div>\n<div style=\"font-family: 'Century Gothic';font-size: 12pt;text-align: justify\">\n<p>Hier finden Sie die aktuelle dritte Auflage des Paderborner Qualit\u00e4tsstern zur Einsch\u00e4tzung der Kooperation im \u00dcbergang Kita-Grundschule als PDF-Datei zum kostenlosen Download.<\/p>\n<p><strong>Wenn Sie auf den PQ\u00b3 zugreifen m\u00f6chten, ist eine Anmeldung \u00fcber ein Kontaktformular erforderlich. Nach der Anmeldung senden wir Ihnen innerhalb weniger Tage eine Email mit dem PQ\u00b3 als PDF im Anhang kostenlos zu.<\/strong> Sie k\u00f6nnen den PQ\u00b3 dann f\u00fcr den Eigengebrauch in Ihrer Einrichtung bzw. in Ihrem Netzwerk ausdrucken. Wir empfehlen Ihnen die Verwendung eines Farbdruckers.<\/p>\n<p style=\"text-align: left\"><a href=\"https:\/\/blogs.uni-paderborn.de\/paderborner-qualitaetsstern\/files\/2021\/07\/PaderbornerQualita\u0308tsstern_3.Auflage_geku\u0308rzt_15-05-2020_CC.pdf\"><img loading=\"lazy\" decoding=\"async\" class=\"alignnone\" src=\"https:\/\/groups.uni-paderborn.de\/ag-bueker\/paderborner-qualitaetsstern-kita-gs\/page\/images\/ErsterBlick_Symbol.png\" alt=\"Vorschau\" width=\"70\" height=\"70\">&nbsp; &nbsp; &nbsp; <strong>Hier<\/strong><\/a> k\u00f6nnen Sie einen <strong>ersten Blick<\/strong> in den PQ\u00b3 werfen.<\/p>\n<p><a href=\"https:\/\/kw.uni-paderborn.de\/index.php?id=147394\"><img loading=\"lazy\" decoding=\"async\" class=\"alignleft\" src=\"https:\/\/groups.uni-paderborn.de\/ag-bueker\/paderborner-qualitaetsstern-kita-gs\/page\/images\/Kontaktformular_Symbol.png\" alt=\"Kontaktformular\" width=\"70\" height=\"70\"><\/a><\/p>\n<p style=\"text-align: left\"><a href=\"https:\/\/kw.uni-paderborn.de\/institut-fuer-erziehungswissenschaft\/arbeitsbereiche\/grundschulpaedagogik-und-fruehe-bildung\/forschungsprojekte-prof-dr-petra-bueker\/paderborner-qualitaetsstern\/anmeldeformular-pq\"><strong>Hier<\/strong><\/a> geht es zum <strong>Kontaktformular<\/strong>.<\/p><\/div>\n","protected":false},"excerpt":{"rendered":"<p>Hier finden Sie die aktuelle dritte Auflage des Paderborner Qualit\u00e4tsstern zur Einsch\u00e4tzung der Kooperation im \u00dcbergang Kita-Grundschule als PDF-Datei zum kostenlosen Download. Wenn Sie auf den PQ\u00b3 zugreifen m\u00f6chten, ist eine Anmeldung \u00fcber ein Kontaktformular erforderlich. Nach der Anmeldung senden &hellip; <a href=\"https:\/\/blogs.uni-paderborn.de\/paderborner-qualitaetsstern\/zum-instrument\/\">Weiterlesen <span class=\"meta-nav\">&rarr;<\/span><\/a><\/p>\n","protected":false},"author":8118,"featured_media":380,"parent":0,"menu_order":2,"comment_status":"closed","ping_status":"closed","template":"","meta":{"footnotes":""},"class_list":["post-4","page","type-page","status-publish","has-post-thumbnail","hentry"],"_links":{"self":[{"href":"https:\/\/blogs.uni-paderborn.de\/paderborner-qualitaetsstern\/wp-json\/wp\/v2\/pages\/4","targetHints":{"allow":["GET"]}}],"collection":[{"href":"https:\/\/blogs.uni-paderborn.de\/paderborner-qualitaetsstern\/wp-json\/wp\/v2\/pages"}],"about":[{"href":"https:\/\/blogs.uni-paderborn.de\/paderborner-qualitaetsstern\/wp-json\/wp\/v2\/types\/page"}],"author":[{"embeddable":true,"href":"https:\/\/blogs.uni-paderborn.de\/paderborner-qualitaetsstern\/wp-json\/wp\/v2\/users\/8118"}],"replies":[{"embeddable":true,"href":"https:\/\/blogs.uni-paderborn.de\/paderborner-qualitaetsstern\/wp-json\/wp\/v2\/comments?post=4"}],"version-history":[{"count":97,"href":"https:\/\/blogs.uni-paderborn.de\/paderborner-qualitaetsstern\/wp-json\/wp\/v2\/pages\/4\/revisions"}],"predecessor-version":[{"id":1437,"href":"https:\/\/blogs.uni-paderborn.de\/paderborner-qualitaetsstern\/wp-json\/wp\/v2\/pages\/4\/revisions\/1437"}],"wp:featuredmedia":[{"embeddable":true,"href":"https:\/\/blogs.uni-paderborn.de\/paderborner-qualitaetsstern\/wp-json\/wp\/v2\/media\/380"}],"wp:attachment":[{"href":"https:\/\/blogs.uni-paderborn.de\/paderborner-qualitaetsstern\/wp-json\/wp\/v2\/media?parent=4"}],"curies":[{"name":"wp","href":"https:\/\/api.w.org\/{rel}","templated":true}]}}