{"id":111,"date":"2018-04-11T17:22:34","date_gmt":"2018-04-11T15:22:34","guid":{"rendered":"https:\/\/blogs.uni-paderborn.de\/paderborner-qualitaetsstern\/?page_id=111"},"modified":"2022-06-27T14:33:20","modified_gmt":"2022-06-27T12:33:20","slug":"impressum","status":"publish","type":"page","link":"https:\/\/blogs.uni-paderborn.de\/paderborner-qualitaetsstern\/impressum\/","title":{"rendered":"Impressum"},"content":{"rendered":"<div class=\"twoclick_social_bookmarks_post_111 social_share_privacy clearfix 1.6.4 locale-de_DE sprite-de_DE\"><\/div><div class=\"twoclick-js\"><script type=\"text\/javascript\">\/* <![CDATA[ *\/\njQuery(document).ready(function($){if($('.twoclick_social_bookmarks_post_111')){$('.twoclick_social_bookmarks_post_111').socialSharePrivacy({\"txt_help\":\"Wenn Sie diese Felder durch einen Klick aktivieren, werden Informationen an Facebook, Twitter, Flattr, Xing, t3n, LinkedIn, Pinterest oder Google eventuell ins Ausland \\u00fcbertragen und unter Umst\\u00e4nden auch dort gespeichert. N\\u00e4heres erfahren Sie durch einen Klick auf das <em>i<\\\/em>.\",\"settings_perma\":\"Dauerhaft aktivieren und Daten\\u00fcber-tragung zustimmen:\",\"info_link\":\"http:\\\/\\\/www.heise.de\\\/ct\\\/artikel\\\/2-Klicks-fuer-mehr-Datenschutz-1333879.html\",\"uri\":\"https:\\\/\\\/blogs.uni-paderborn.de\\\/paderborner-qualitaetsstern\\\/impressum\\\/\",\"post_id\":111,\"post_title_referrer_track\":\"Impressum\",\"display_infobox\":\"on\"});}});\n\/* ]]> *\/<\/script><\/div>\n<p style=\"text-align: left;font-family: 'Century Gothic';font-size: 12pt\">Universit\u00e4t Paderborn<br>Warburger Str. 100<br>33098 Paderborn, Deutschland<\/p>\n<p style=\"text-align: left;font-family: 'Century Gothic';font-size: 12pt\">Die Universit\u00e4t Paderborn ist eine vom Land NRW getragene, rechtsf\u00e4hige K\u00f6rperschaft des \u00d6ffentlichen Rechts. Sie wird durch die Pr\u00e4sidentin Prof. Dr. Birgitt Riegraf vertreten.<\/p>\n<p style=\"text-align: left;font-family: 'Century Gothic';font-size: 12pt\">Zust\u00e4ndige Aufsichtsbeh\u00f6rde: Ministerium f\u00fcr Innovation, Wissenschaft, Forschung und Technologie (MIWF) des Landes Nordrhein-Westfalen, V\u00f6lklinger Str. 49, D-40221 D\u00fcsseldorf<\/p>\n<p style=\"text-align: left;font-family: 'Century Gothic';font-size: 12pt\">Umsatzsteuer-Identifikationsnummer gem\u00e4\u00df \u00a7 27 a Umsatzsteuergesetz:<br>DE 811209907<\/p>\n<p style=\"text-align: left;font-family: 'Century Gothic';font-size: 12pt\"><strong>Inhaltliche Verantwortung<\/strong><\/p>\n<p style=\"text-align: left;font-family: 'Century Gothic';font-size: 12pt\">Inhaltlich verantwortlich f\u00fcr das Instrument \u201ePaderborner Qualit\u00e4tsstern zur Einsch\u00e4tzung der Kooperation im \u00dcbergang Kita \u2013 Grundschule\u201c sind die vier Autorinnen:<\/p>\n<p style=\"text-align: left;font-family: 'Century Gothic';font-size: 12pt\">Dr. Julia H\u00f6ke<br>Katholische Hochschule Nordrhein-Westfalen (KatHo NRW)<br>Abteilung Paderborn<br>Leostra\u00dfe 19<br>33098 Paderborn<br>E-Mail: j.hoeke@katho-nrw.de<br>Web: <a href=\"https:\/\/www.katho-nrw.de\/paderborn\/studium-lehre\/lehrende\/hauptamtlich-lehrende-im-fachbereich-sozialwesen\/hoeke-julia-dr\/\">https:\/\/www.katho-nrw.de\/paderborn\/studium-lehre\/lehrende\/hauptamtlich-lehrende-im-fachbereich-sozialwesen\/hoeke-julia-dr\/<\/a><\/p>\n<p style=\"text-align: left;font-family: 'Century Gothic';font-size: 12pt\">Prof. Dr. Petra B\u00fcker<br>Universit\u00e4t Paderborn<br>Institut f\u00fcr Erziehungswissenschaft<br>Arbeitsbereich Grundschulp\u00e4dagogik und Fr\u00fche Bildung<br>Warburger Stra\u00dfe 100<br>33098 Paderborn<br>E-Mail: pbueker@mail.upb.de<br>Web: <a href=\"http:\/\/kw.uni-paderborn.de\/ag-bueker\">http:\/\/kw.uni-paderborn.de\/ag-bueker<\/a><\/p>\n<p style=\"text-align: left;font-family: 'Century Gothic';font-size: 12pt\">Jana Herding (Geb. Ogrodowski)<br>Universit\u00e4t Paderborn<br>Institut f\u00fcr Erziehungswissenschaft<br>Arbeitsbereich Grundschulp\u00e4dagogik und Fr\u00fche Bildung<br>Warburger Stra\u00dfe 100<br>33098 Paderborn<br>E-Mail: jana.herding@uni-paderborn.de<br>Web: <a href=\"http:\/\/kw.uni-paderborn.de\/ag-bueker\">http:\/\/kw.uni-paderborn.de\/ag-bueker<\/a><\/p>\n<p style=\"text-align: left;font-family: 'Century Gothic';font-size: 12pt\">Britta Vollmann<br>Stadt Paderborn<br>Bildungsb\u00fcro Kind &amp; Ko<br>Am Hoppenhof 33<br>33104 Paderborn<br>E-Mail: b.vollmann@paderborn.de<br>Web: <a href=\"http:\/\/kindundko-paderborn.de\">http:\/\/kindundko-paderborn.de<\/a><\/p>\n<p style=\"text-align: left;font-family: 'Century Gothic';font-size: 12pt\">Inhaltlich verantwortlich f\u00fcr die Website \u201ePaderborner Qualit\u00e4tsstern\u201c ist Frau Prof. Dr. Petra B\u00fcker.<\/p>\n<p style=\"text-align: left;font-family: 'Century Gothic';font-size: 12pt\"><strong>Urheberrecht<\/strong><\/p>\n<p style=\"text-align: left;font-family: 'Century Gothic';font-size: 12pt\">Das Instrument \u201ePaderborner Qualit\u00e4tsstern zur Einsch\u00e4tzung der Kooperation im \u00dcbergang Kita \u2013 Grundschule\u201c wurde in erster Auflage 2017 und in zweiter, \u00fcberarbeiteter Auflage 2018 entwickelt von Prof. Dr. Petra B\u00fcker, Dr. Julia H\u00f6ke sowie Prof. Dr. Thorsten B\u00fchrmann. Die hier vorliegende, stark \u00fcberarbeitete dritte Auflage wurde im Jahr 2020 entwickelt von Dr. Julia H\u00f6ke, Prof. Dr. Petra B\u00fcker, Jana Herding und Britta Vollmann.<\/p>\n<p style=\"text-align: left;font-family: 'Century Gothic';font-size: 12pt\">Das Instrument \u201ePaderborner Qualit\u00e4tsstern zur Einsch\u00e4tzung der Kooperation im \u00dcbergang Kita \u2013 Grundschule\u201c, welches auf der Website<\/p>\n<p style=\"text-align: left;font-family: 'Century Gothic';font-size: 12pt\"><a href=\"https:\/\/blogs.uni-paderborn.de\/paderborner-qualitaetsstern\/\">https:\/\/blogs.uni-paderborn.de\/paderborner-qualitaetsstern\/<\/a><\/p>\n<p style=\"text-align: left;font-family: 'Century Gothic';font-size: 12pt\">pr\u00e4sentiert und Nutzer\/innen aus p\u00e4dagogischer Praxis und Wissenschaft nach Anmeldung f\u00fcr den eigenen Gebrauch zur Verf\u00fcgung gestellt wird, ist urheberrechtlich gesch\u00fctzt. Jegliche Art der weiteren Nutzung, Verbreitung oder Weiterverwertung, sowie die Vervielf\u00e4ltigung auf Datentr\u00e4gern bed\u00fcrfen der Genehmigung durch die Universit\u00e4t Paderborn.<br>Wenn auf Konzeption und Inhalte zu wissenschaftlichen oder anderen Zwecken verwiesen werden soll, ist die Seite zu zitieren als:<\/p>\n<p style=\"text-align: left;font-family: 'Century Gothic';font-size: 12pt\">H\u00f6ke, Julia; B\u00fcker, Petra, Herding, Jana &amp; Vollmann, Britta (2020): Paderborner Qualit\u00e4tsstern zur Einsch\u00e4tzung der Kooperation im \u00dcbergang Kita \u2013 Grundschule. Paderborn. Universit\u00e4t Paderborn. 3., stark \u00fcberarb. Auflage. Unter Mitarbeit von Alina Bruyn und Theresa Driller. URL: <a href=\"https:\/\/blogs.uni-paderborn.de\/paderborner-qualitaetsstern\/\">https:\/\/blogs.uni-paderborn.de\/paderborner-qualitaetsstern\/<\/a><\/p>\n<p style=\"text-align: left;font-family: 'Century Gothic';font-size: 12pt\"><strong>Grafik und Layout<\/strong><\/p>\n<p style=\"text-align: left;font-family: 'Century Gothic';font-size: 12pt\">Grafik und Layout des Paderborner Qualit\u00e4tssterns wurde gestaltet von Lara Pl\u00fcschke (<a href=\"mailto:lara.plueschke@gmail.com\">lara.plueschke@gmail.com<\/a>), Friederike Hoffmann (<a href=\"mailto:friederike-hoffmann@live.de\">friederike-hoffmann@live.de<\/a>) und Alina Bruyn (<a href=\"mailto:alinabruyn@web.de\">alinabruyn@web.de<\/a>).<\/p>\n<p style=\"text-align: left;font-family: 'Century Gothic';font-size: 12pt\"><strong>Haftungshinweis<\/strong><\/p>\n<p style=\"text-align: left;font-family: 'Century Gothic';font-size: 12pt\">Links, die in diesem ausdruckbaren Dokument sowie auf der Website (URL: <a href=\"https:\/\/blogs.uni-paderborn.de\/paderborner-qualitaetsstern\/\">https:\/\/blogs.uni-paderborn.de\/paderborner-qualitaetsstern\/<\/a>) vorzufinden sind, stehen in thematischer Affinit\u00e4t zum \u201ePaderborner Qualit\u00e4tsstern\u201c. Dies bezieht sich auf den Zeitpunkt des Abrufs, der hinter jedem Link angegeben ist. F\u00fcr die Inhalte der verlinkten Seiten sind ausschlie\u00dflich deren Betreiber\/innen verantwortlich; es kann nicht gew\u00e4hrleistet werden, dass Inhalte, die nach dem letzten Abruf ver\u00e4ndert oder hinzugef\u00fcgt wurden, auf Zustimmung seitens der Betreiber\/innen dieser Website sowie der Urheber\/innen des Instruments \u201ePaderborner Qualit\u00e4tsstern\u201c und dessen zugeh\u00f6rigen Materialien sto\u00dfen.<\/p>\n\n\n<p style=\"text-align: left;font-family: 'Century Gothic';font-size: 12pt\"><a rel=\"license\" href=\"http:\/\/creativecommons.org\/licenses\/by-nc-sa\/4.0\/\"><img decoding=\"async\" alt=\"Creative Commons Lizenzvertrag\" style=\"border-width:0\" src=\"https:\/\/i.creativecommons.org\/l\/by-nc-sa\/4.0\/88x31.png\"><\/a><br><span>Paderborner Qualit\u00e4tsstern<\/span> von <a href=\"https:\/\/blogs.uni-paderborn.de\/paderborner-qualitaetsstern\/\" rel=\"cc:attributionURL\">Universit\u00e4t Paderborn<\/a> ist lizenziert unter einer <a rel=\"license\" href=\"http:\/\/creativecommons.org\/licenses\/by-nc-sa\/4.0\/\">Creative Commons Namensnennung &#8211; Nicht-kommerziell &#8211; Weitergabe unter gleichen Bedingungen 4.0 International Lizenz<\/a>.\n","protected":false},"excerpt":{"rendered":"<p>Universit\u00e4t PaderbornWarburger Str. 10033098 Paderborn, Deutschland Die Universit\u00e4t Paderborn ist eine vom Land NRW getragene, rechtsf\u00e4hige K\u00f6rperschaft des \u00d6ffentlichen Rechts. Sie wird durch die Pr\u00e4sidentin Prof. Dr. Birgitt Riegraf vertreten. Zust\u00e4ndige Aufsichtsbeh\u00f6rde: Ministerium f\u00fcr Innovation, Wissenschaft, Forschung und Technologie (MIWF) &hellip; <a href=\"https:\/\/blogs.uni-paderborn.de\/paderborner-qualitaetsstern\/impressum\/\">Weiterlesen <span class=\"meta-nav\">&rarr;<\/span><\/a><\/p>\n","protected":false},"author":8118,"featured_media":0,"parent":0,"menu_order":5,"comment_status":"closed","ping_status":"closed","template":"","meta":{"footnotes":""},"class_list":["post-111","page","type-page","status-publish","hentry"],"_links":{"self":[{"href":"https:\/\/blogs.uni-paderborn.de\/paderborner-qualitaetsstern\/wp-json\/wp\/v2\/pages\/111","targetHints":{"allow":["GET"]}}],"collection":[{"href":"https:\/\/blogs.uni-paderborn.de\/paderborner-qualitaetsstern\/wp-json\/wp\/v2\/pages"}],"about":[{"href":"https:\/\/blogs.uni-paderborn.de\/paderborner-qualitaetsstern\/wp-json\/wp\/v2\/types\/page"}],"author":[{"embeddable":true,"href":"https:\/\/blogs.uni-paderborn.de\/paderborner-qualitaetsstern\/wp-json\/wp\/v2\/users\/8118"}],"replies":[{"embeddable":true,"href":"https:\/\/blogs.uni-paderborn.de\/paderborner-qualitaetsstern\/wp-json\/wp\/v2\/comments?post=111"}],"version-history":[{"count":84,"href":"https:\/\/blogs.uni-paderborn.de\/paderborner-qualitaetsstern\/wp-json\/wp\/v2\/pages\/111\/revisions"}],"predecessor-version":[{"id":1403,"href":"https:\/\/blogs.uni-paderborn.de\/paderborner-qualitaetsstern\/wp-json\/wp\/v2\/pages\/111\/revisions\/1403"}],"wp:attachment":[{"href":"https:\/\/blogs.uni-paderborn.de\/paderborner-qualitaetsstern\/wp-json\/wp\/v2\/media?parent=111"}],"curies":[{"name":"wp","href":"https:\/\/api.w.org\/{rel}","templated":true}]}}