{"id":172,"date":"2019-09-29T18:19:01","date_gmt":"2019-09-29T16:19:01","guid":{"rendered":"https:\/\/blogs.uni-paderborn.de\/oberhausentrifftpaderborn2019\/?page_id=172"},"modified":"2021-01-16T13:36:45","modified_gmt":"2021-01-16T12:36:45","slug":"event-infos","status":"publish","type":"page","link":"https:\/\/blogs.uni-paderborn.de\/oberhausentrifftpaderborn2019\/event-infos\/","title":{"rendered":""},"content":{"rendered":"<div class=\"twoclick_social_bookmarks_post_172 social_share_privacy clearfix 1.6.4 locale-de_DE sprite-de_DE\"><\/div><div class=\"twoclick-js\"><script type=\"text\/javascript\">\/* <![CDATA[ *\/\njQuery(document).ready(function($){if($('.twoclick_social_bookmarks_post_172')){$('.twoclick_social_bookmarks_post_172').socialSharePrivacy({\"services\":{\"facebook\":{\"status\":\"on\",\"txt_info\":\"2 Klicks f\\u00fcr mehr Datenschutz: Erst wenn Sie hier klicken, wird der Button aktiv und Sie k\\u00f6nnen Ihre Empfehlung an Facebook senden. Schon beim Aktivieren werden Daten an Dritte \\u00fcbertragen - siehe <em>i<\\\/em>.\",\"perma_option\":\"off\",\"action\":\"like\",\"language\":\"de_DE\"}},\"txt_help\":\"Wenn Sie diese Felder durch einen Klick aktivieren, werden Informationen an Facebook, Twitter, Flattr, Xing, t3n, LinkedIn, Pinterest oder Google eventuell ins Ausland \\u00fcbertragen und unter Umst\\u00e4nden auch dort gespeichert. N\\u00e4heres erfahren Sie durch einen Klick auf das <em>i<\\\/em>.\",\"settings_perma\":\"Dauerhaft aktivieren und Daten\\u00fcber-tragung zustimmen:\",\"info_link\":\"http:\\\/\\\/www.heise.de\\\/ct\\\/artikel\\\/2-Klicks-fuer-mehr-Datenschutz-1333879.html\",\"uri\":\"https:\\\/\\\/blogs.uni-paderborn.de\\\/oberhausentrifftpaderborn2019\\\/event-infos\\\/\",\"post_id\":172,\"post_title_referrer_track\":\"\",\"display_infobox\":\"on\"});}});\n\/* ]]> *\/<\/script><\/div>\n<h1 style=\"color:#6bbb35\"><strong>Verkaufsstellen:<\/strong><\/h1>\n\n\n\n<p>Tickets k\u00f6nnt ihr <strong>an jedem Wochentag<\/strong> von <strong>13 bis 14 Uhr<\/strong> in der <strong>Uni Paderborn <\/strong>vor dem Raum <strong>E2.116 <\/strong>ergattern. <\/p>\n\n\n\n<p>Wer sich in Zentrumn\u00e4he befindet, kann au\u00dferdem im <strong>UCI Paderborn <\/strong>vorbeischauen. Hier gibt es die Karten ganzt\u00e4gig im Vorverkauf. F\u00fcr Spontane: dort findet auch die Abendkasse statt!<\/p>\n\n\n\n<strong>VVK: 5\u20ac<\/strong> <br>\n\n\n\n<strong>AK: 6\u20ac<\/strong>\n\n\n\n<h1 style=\"color:#6bbb35\"><strong>Anfahrt:<\/strong><\/h1>\n\n\n\n<p>Unsere Vorstellung spielt sich im <strong>UCI Kino<\/strong> in der Paderborner Innenstadt ab. Ihr findet das UCI im obersten Stockwerk der Libori-Galerie.<\/p>\n\n\n\n<a href=\"https:\/\/www.google.de\/maps\/place\/UCI+KINOWELT+Paderborn\/@51.7164528,8.7568723,17z\/data=!3m1!4b1!4m5!3m4!1s0x47ba4c9581f4affb:0xd389a0b32a2abc7e!8m2!3d51.7164528!4d8.759061\">\n<figure class=\"wp-block-image\"><img loading=\"lazy\" decoding=\"async\" width=\"1024\" height=\"532\" style=\"border: 1px solid grey\" src=\"https:\/\/blogs.uni-paderborn.de\/oberhausentrifftpaderborn2019\/files\/2019\/10\/Maps-2-1024x532.png\" alt=\"\" class=\"wp-image-339\" srcset=\"https:\/\/blogs.uni-paderborn.de\/oberhausentrifftpaderborn2019\/files\/2019\/10\/Maps-2-1024x532.png 1024w, https:\/\/blogs.uni-paderborn.de\/oberhausentrifftpaderborn2019\/files\/2019\/10\/Maps-2-300x156.png 300w, https:\/\/blogs.uni-paderborn.de\/oberhausentrifftpaderborn2019\/files\/2019\/10\/Maps-2-768x399.png 768w, https:\/\/blogs.uni-paderborn.de\/oberhausentrifftpaderborn2019\/files\/2019\/10\/Maps-2-624x324.png 624w, https:\/\/blogs.uni-paderborn.de\/oberhausentrifftpaderborn2019\/files\/2019\/10\/Maps-2.png 1294w\" sizes=\"auto, (max-width: 1024px) 100vw, 1024px\" \/><\/figure>\n<\/a><p style=\"text-align:center;font-size:8pt;line-height: 10%\">Quelle: Google Maps<\/p>\n\n\n\n<p>Ob mit dem Auto, Bus oder zu Fu\u00df \u2013 das Kino ist einfach zu\nerreichen:<\/p>\n\n\n\n<p><strong>F\u00fcr\nAutofahrer: <\/strong>Im Parkhaus der Libori-Galerie gibt es zahlreiche Parkpl\u00e4tze,\ndie ihr nutzen k\u00f6nnt.<\/p>\n\n\n\n<p><strong>F\u00fcr\nBusnutzer: <\/strong>Die n\u00e4chstgelegene Haltestelle hei\u00dft \u201eKamp\u201c und wird z.B. von\nden Buslinien 4 und 9 angefahren. Dort steigt ihr aus und seid in wenigen\nSekunden am Eingang der Libori-Galerie.<\/p>\n","protected":false},"excerpt":{"rendered":"<p>Verkaufsstellen: Tickets k\u00f6nnt ihr an jedem Wochentag von 13 bis 14 Uhr in der Uni Paderborn vor dem Raum E2.116 ergattern. Wer sich in Zentrumn\u00e4he befindet, kann au\u00dferdem im UCI Paderborn vorbeischauen. Hier gibt es die Karten ganzt\u00e4gig im Vorverkauf. F\u00fcr Spontane: dort findet auch die Abendkasse statt! VVK: 5\u20ac AK: 6\u20ac Anfahrt: Unsere Vorstellung [&hellip;]<\/p>\n","protected":false},"author":8489,"featured_media":0,"parent":0,"menu_order":0,"comment_status":"closed","ping_status":"closed","template":"","meta":{"footnotes":""},"class_list":["post-172","page","type-page","status-publish","hentry"],"_links":{"self":[{"href":"https:\/\/blogs.uni-paderborn.de\/oberhausentrifftpaderborn2019\/wp-json\/wp\/v2\/pages\/172","targetHints":{"allow":["GET"]}}],"collection":[{"href":"https:\/\/blogs.uni-paderborn.de\/oberhausentrifftpaderborn2019\/wp-json\/wp\/v2\/pages"}],"about":[{"href":"https:\/\/blogs.uni-paderborn.de\/oberhausentrifftpaderborn2019\/wp-json\/wp\/v2\/types\/page"}],"author":[{"embeddable":true,"href":"https:\/\/blogs.uni-paderborn.de\/oberhausentrifftpaderborn2019\/wp-json\/wp\/v2\/users\/8489"}],"replies":[{"embeddable":true,"href":"https:\/\/blogs.uni-paderborn.de\/oberhausentrifftpaderborn2019\/wp-json\/wp\/v2\/comments?post=172"}],"version-history":[{"count":33,"href":"https:\/\/blogs.uni-paderborn.de\/oberhausentrifftpaderborn2019\/wp-json\/wp\/v2\/pages\/172\/revisions"}],"predecessor-version":[{"id":707,"href":"https:\/\/blogs.uni-paderborn.de\/oberhausentrifftpaderborn2019\/wp-json\/wp\/v2\/pages\/172\/revisions\/707"}],"wp:attachment":[{"href":"https:\/\/blogs.uni-paderborn.de\/oberhausentrifftpaderborn2019\/wp-json\/wp\/v2\/media?parent=172"}],"curies":[{"name":"wp","href":"https:\/\/api.w.org\/{rel}","templated":true}]}}