{"id":170,"date":"2019-09-29T18:19:00","date_gmt":"2019-09-29T16:19:00","guid":{"rendered":"https:\/\/blogs.uni-paderborn.de\/oberhausentrifftpaderborn2019\/?page_id=170"},"modified":"2019-11-07T15:17:40","modified_gmt":"2019-11-07T14:17:40","slug":"filme","status":"publish","type":"page","link":"https:\/\/blogs.uni-paderborn.de\/oberhausentrifftpaderborn2019\/filme\/","title":{"rendered":""},"content":{"rendered":"<div class=\"twoclick_social_bookmarks_post_170 social_share_privacy clearfix 1.6.4 locale-de_DE sprite-de_DE\"><\/div><div class=\"twoclick-js\"><script type=\"text\/javascript\">\/* <![CDATA[ *\/\njQuery(document).ready(function($){if($('.twoclick_social_bookmarks_post_170')){$('.twoclick_social_bookmarks_post_170').socialSharePrivacy({\"services\":{\"facebook\":{\"status\":\"on\",\"txt_info\":\"2 Klicks f\\u00fcr mehr Datenschutz: Erst wenn Sie hier klicken, wird der Button aktiv und Sie k\\u00f6nnen Ihre Empfehlung an Facebook senden. Schon beim Aktivieren werden Daten an Dritte \\u00fcbertragen - siehe <em>i<\\\/em>.\",\"perma_option\":\"off\",\"action\":\"like\",\"language\":\"de_DE\"}},\"txt_help\":\"Wenn Sie diese Felder durch einen Klick aktivieren, werden Informationen an Facebook, Twitter, Flattr, Xing, t3n, LinkedIn, Pinterest oder Google eventuell ins Ausland \\u00fcbertragen und unter Umst\\u00e4nden auch dort gespeichert. N\\u00e4heres erfahren Sie durch einen Klick auf das <em>i<\\\/em>.\",\"settings_perma\":\"Dauerhaft aktivieren und Daten\\u00fcber-tragung zustimmen:\",\"info_link\":\"http:\\\/\\\/www.heise.de\\\/ct\\\/artikel\\\/2-Klicks-fuer-mehr-Datenschutz-1333879.html\",\"uri\":\"https:\\\/\\\/blogs.uni-paderborn.de\\\/oberhausentrifftpaderborn2019\\\/filme\\\/\",\"post_id\":170,\"post_title_referrer_track\":\"\",\"display_infobox\":\"on\"});}});\n\/* ]]> *\/<\/script><\/div>\n<p>Damit ihr bereits\neinen kleinen Vorgeschmack auf unser Programm erhalten k\u00f6nnt, stellen wir euch\nhier schon ein paar unserer FilmemacherInnen vor!<\/p>\n\n\n\n<hr class=\"wp-block-separator is-style-wide\" \/>\n\n\n\n<p style=\"color: #6bbb35\"><strong>Eva Stefani<\/strong><\/p>\n\n\n\n<p>Zuletzt waren ihre Arbeiten auf der <em>documenta 14<\/em>&nbsp; in Athen und Kassel zu sehen: Wir freuen uns sehr dar\u00fcber, dass auch wir einen Film der griechischen K\u00fcnstlerin Eva Stefani zeigen d\u00fcrfen. Aus der Position der beteiligten Beobachterin f\u00e4ngt Stefani menschliche Situationen ein und l\u00e4sst uns Realit\u00e4t poetisch und r\u00e4tselhaft neu erleben . In ihren Arbeiten verwendet sie Super-8-Filmmaterial, sowie Porno- und Archivmaterial.<\/p>\n\n\n\n<p style=\"color: #6bbb35\"><strong>Kiri Dalena<\/strong><\/p>\n\n\n\n<p>Kiri Dalena ist Filmemacherin und Menschenrechtsaktivistin. Sie verbindet in ihren dokumentarischen Arbeiten politisches Engagement mit experimentellen Ausdrucksformen. Sie greift soziale und politische Missst\u00e4nde auf den Philippinen auf. Die international bekannte K\u00fcnstlerin verbindet Aktualit\u00e4t immer auch mit traumatischen Erinnerungen an die Geschichte ihres Heimatlandes. <\/p>\n\n\n\n<p><p style=\"color: #6bbb35\"><strong>Alexander Sokurov<\/strong><\/p><\/p>\n\n\n\n<p>Der russische Autorenfilmer z\u00e4hlt zu den bedeutendsten Regisseuren unserer Zeit. Wir freuen uns einen fr\u00fchen Film von ihm zeigen zu k\u00f6nnen. Sokurovs Spiel- und Dokumentarfilme wurden mit zahlreichen Preisen ausgezeichnet, darunter der Goldene L\u00f6we der Internationalen Filmfestspiele von Venedig. Mit \u201eRussian Ark\u201c (2002), einem Film, der aus einer einzigen langen Kamerafahrt durch die S\u00e4le der St. Petersburger Eremitage besteht, wurde er international bekannt. Als politisch engagierter Filmemacher kam er in Konflikt mit der Sowjetunion. Nach deren Ende bleibt er weiter Kritiker des Regimes, der herrschenden Politik und Kulturpolitik. <\/p>\n\n\n\n<p><p style=\"color: #6bbb35\"><strong>Kayako Oki<\/strong><\/p><\/p>\n\n\n\n<p>Oki nimmt Film als Material\nernst. Sie f\u00e4rbt, schneidet, schichtet, verwebt:\nihr Filmmaterial ist haptisch, verbindet sich mit\nTextilem. Inspiriert durch ihr Studium des Textildesigns schafft die\njapanische K\u00fcnstlerin und&nbsp; Filmemacherin eine einzigartige Verbindung\nzwischen Film und Stoffen. Ihre Super 8 Filme stellen die Fragilit\u00e4t des kleinen\nFormats in seiner farbigen Sch\u00f6nheit aus.<\/p>\n\n\n\n<p><p style=\"color: #6bbb35\"><strong>Kerstin Honeit<\/strong><\/p><\/p>\n\n\n\n<p>Wir freuen uns Kerstin Honeit als Gast unseres Kurzfilmabends begr\u00fcssen zu d\u00fcrfen. Anhand von Videoarbeiten, Installationen und Performances hinterfragt sie die Produktion hegemonialer Bilderwelten und die Konstruktion sozialer Normen. Genderbinarit\u00e4t, Menschliches und Animalisches, Technik und Macht stehen im Fokus.<\/p>\n","protected":false},"excerpt":{"rendered":"<p>Damit ihr bereits einen kleinen Vorgeschmack auf unser Programm erhalten k\u00f6nnt, stellen wir euch hier schon ein paar unserer FilmemacherInnen vor! Eva Stefani Zuletzt waren ihre Arbeiten auf der documenta 14&nbsp; in Athen und Kassel zu sehen: Wir freuen uns sehr dar\u00fcber, dass auch wir einen Film der griechischen K\u00fcnstlerin Eva Stefani zeigen d\u00fcrfen. Aus [&hellip;]<\/p>\n","protected":false},"author":8489,"featured_media":0,"parent":0,"menu_order":0,"comment_status":"closed","ping_status":"closed","template":"","meta":{"footnotes":""},"class_list":["post-170","page","type-page","status-publish","hentry"],"_links":{"self":[{"href":"https:\/\/blogs.uni-paderborn.de\/oberhausentrifftpaderborn2019\/wp-json\/wp\/v2\/pages\/170","targetHints":{"allow":["GET"]}}],"collection":[{"href":"https:\/\/blogs.uni-paderborn.de\/oberhausentrifftpaderborn2019\/wp-json\/wp\/v2\/pages"}],"about":[{"href":"https:\/\/blogs.uni-paderborn.de\/oberhausentrifftpaderborn2019\/wp-json\/wp\/v2\/types\/page"}],"author":[{"embeddable":true,"href":"https:\/\/blogs.uni-paderborn.de\/oberhausentrifftpaderborn2019\/wp-json\/wp\/v2\/users\/8489"}],"replies":[{"embeddable":true,"href":"https:\/\/blogs.uni-paderborn.de\/oberhausentrifftpaderborn2019\/wp-json\/wp\/v2\/comments?post=170"}],"version-history":[{"count":9,"href":"https:\/\/blogs.uni-paderborn.de\/oberhausentrifftpaderborn2019\/wp-json\/wp\/v2\/pages\/170\/revisions"}],"predecessor-version":[{"id":675,"href":"https:\/\/blogs.uni-paderborn.de\/oberhausentrifftpaderborn2019\/wp-json\/wp\/v2\/pages\/170\/revisions\/675"}],"wp:attachment":[{"href":"https:\/\/blogs.uni-paderborn.de\/oberhausentrifftpaderborn2019\/wp-json\/wp\/v2\/media?parent=170"}],"curies":[{"name":"wp","href":"https:\/\/api.w.org\/{rel}","templated":true}]}}