{"id":168,"date":"2019-09-29T18:19:00","date_gmt":"2019-09-29T16:19:00","guid":{"rendered":"https:\/\/blogs.uni-paderborn.de\/oberhausentrifftpaderborn2019\/?page_id=168"},"modified":"2019-10-16T11:58:20","modified_gmt":"2019-10-16T09:58:20","slug":"projekt","status":"publish","type":"page","link":"https:\/\/blogs.uni-paderborn.de\/oberhausentrifftpaderborn2019\/projekt\/","title":{"rendered":""},"content":{"rendered":"<div class=\"twoclick_social_bookmarks_post_168 social_share_privacy clearfix 1.6.4 locale-de_DE sprite-de_DE\"><\/div><div class=\"twoclick-js\"><script type=\"text\/javascript\">\/* <![CDATA[ *\/\njQuery(document).ready(function($){if($('.twoclick_social_bookmarks_post_168')){$('.twoclick_social_bookmarks_post_168').socialSharePrivacy({\"services\":{\"facebook\":{\"status\":\"on\",\"txt_info\":\"2 Klicks f\\u00fcr mehr Datenschutz: Erst wenn Sie hier klicken, wird der Button aktiv und Sie k\\u00f6nnen Ihre Empfehlung an Facebook senden. Schon beim Aktivieren werden Daten an Dritte \\u00fcbertragen - siehe <em>i<\\\/em>.\",\"perma_option\":\"off\",\"action\":\"like\",\"language\":\"de_DE\"}},\"txt_help\":\"Wenn Sie diese Felder durch einen Klick aktivieren, werden Informationen an Facebook, Twitter, Flattr, Xing, t3n, LinkedIn, Pinterest oder Google eventuell ins Ausland \\u00fcbertragen und unter Umst\\u00e4nden auch dort gespeichert. N\\u00e4heres erfahren Sie durch einen Klick auf das <em>i<\\\/em>.\",\"settings_perma\":\"Dauerhaft aktivieren und Daten\\u00fcber-tragung zustimmen:\",\"info_link\":\"http:\\\/\\\/www.heise.de\\\/ct\\\/artikel\\\/2-Klicks-fuer-mehr-Datenschutz-1333879.html\",\"uri\":\"https:\\\/\\\/blogs.uni-paderborn.de\\\/oberhausentrifftpaderborn2019\\\/projekt\\\/\",\"post_id\":168,\"post_title_referrer_track\":\"\",\"display_infobox\":\"on\"});}});\n\/* ]]> *\/<\/script><\/div>\n<p>Nach elf erfolgreichen Ausgaben\nholt auch in diesem Jahr eine Gruppe Studierender der Uni Paderborn den\nKurzfilm f\u00fcr eine Nacht in die Domstadt. Innerhalb des Praxisseminars\n\u201eOberhausen trifft Paderborn\u201c lie\u00dfen sie sich vom Besuch der <strong>65. Internationalen Kurzfilmtage Oberhausen<\/strong>\ninspirieren. Das Festival gilt als eines der \u00e4ltesten und wichtigsten\nKurzfilmfestivals mit internationaler Reichweite. J\u00e4hrlich werden dort erlesene\nKurzfilme von Filmemachern aus aller Welt in verschiedenen Kategorien\nvorgestellt und mit Preisen ausgezeichnet. Auf dem Programm stehen unter anderem\ninternationale und deutsche Werke, Musikvideos, Filme aus dem Raum NRW, sowie\ndes Kinder- und Jugendkinos. <\/p>\n\n\n\n<p>Mit der Intention, das Format des\nKurzfilms zu best\u00e4rken und in die Paderborner Filmkultur einzubetten, gestalten\ndie j\u00e4hrlich wechselnden Projektteilnehmer &#8211; mit Unterst\u00fctzung ihrer Dozentinnen\nProf. Dr. Annette Brauerhoch und Elena Fingerhut &#8211; die mittlerweile 12. Kurzfilmnacht\nin Paderborn. Interessenten jeder Art sind herzlich eingeladen, an dieser Nacht\nteilzunehmen!<\/p>\n","protected":false},"excerpt":{"rendered":"<p>Nach elf erfolgreichen Ausgaben holt auch in diesem Jahr eine Gruppe Studierender der Uni Paderborn den Kurzfilm f\u00fcr eine Nacht in die Domstadt. Innerhalb des Praxisseminars \u201eOberhausen trifft Paderborn\u201c lie\u00dfen sie sich vom Besuch der 65. Internationalen Kurzfilmtage Oberhausen inspirieren. Das Festival gilt als eines der \u00e4ltesten und wichtigsten Kurzfilmfestivals mit internationaler Reichweite. J\u00e4hrlich werden [&hellip;]<\/p>\n","protected":false},"author":8489,"featured_media":0,"parent":0,"menu_order":0,"comment_status":"closed","ping_status":"closed","template":"","meta":{"footnotes":""},"class_list":["post-168","page","type-page","status-publish","hentry"],"_links":{"self":[{"href":"https:\/\/blogs.uni-paderborn.de\/oberhausentrifftpaderborn2019\/wp-json\/wp\/v2\/pages\/168","targetHints":{"allow":["GET"]}}],"collection":[{"href":"https:\/\/blogs.uni-paderborn.de\/oberhausentrifftpaderborn2019\/wp-json\/wp\/v2\/pages"}],"about":[{"href":"https:\/\/blogs.uni-paderborn.de\/oberhausentrifftpaderborn2019\/wp-json\/wp\/v2\/types\/page"}],"author":[{"embeddable":true,"href":"https:\/\/blogs.uni-paderborn.de\/oberhausentrifftpaderborn2019\/wp-json\/wp\/v2\/users\/8489"}],"replies":[{"embeddable":true,"href":"https:\/\/blogs.uni-paderborn.de\/oberhausentrifftpaderborn2019\/wp-json\/wp\/v2\/comments?post=168"}],"version-history":[{"count":3,"href":"https:\/\/blogs.uni-paderborn.de\/oberhausentrifftpaderborn2019\/wp-json\/wp\/v2\/pages\/168\/revisions"}],"predecessor-version":[{"id":499,"href":"https:\/\/blogs.uni-paderborn.de\/oberhausentrifftpaderborn2019\/wp-json\/wp\/v2\/pages\/168\/revisions\/499"}],"wp:attachment":[{"href":"https:\/\/blogs.uni-paderborn.de\/oberhausentrifftpaderborn2019\/wp-json\/wp\/v2\/media?parent=168"}],"curies":[{"name":"wp","href":"https:\/\/api.w.org\/{rel}","templated":true}]}}