{"id":4,"date":"2018-09-10T14:42:28","date_gmt":"2018-09-10T12:42:28","guid":{"rendered":"https:\/\/blogs.uni-paderborn.de\/oberhausentrifftpaderborn\/?page_id=2"},"modified":"2018-09-20T14:27:13","modified_gmt":"2018-09-20T12:27:13","slug":"beispiel-seite","status":"publish","type":"page","link":"https:\/\/blogs.uni-paderborn.de\/oberhausentrifftpaderborn2018\/beispiel-seite\/","title":{"rendered":"Worum geht es?"},"content":{"rendered":"<div class=\"twoclick_social_bookmarks_post_4 social_share_privacy clearfix 1.6.4 locale-de_DE sprite-de_DE\"><\/div><div class=\"twoclick-js\"><script type=\"text\/javascript\">\/* <![CDATA[ *\/\njQuery(document).ready(function($){if($('.twoclick_social_bookmarks_post_4')){$('.twoclick_social_bookmarks_post_4').socialSharePrivacy({\"txt_help\":\"Wenn Sie diese Felder durch einen Klick aktivieren, werden Informationen an Facebook, Twitter, Flattr, Xing, t3n, LinkedIn, Pinterest oder Google eventuell ins Ausland \\u00fcbertragen und unter Umst\\u00e4nden auch dort gespeichert. N\\u00e4heres erfahren Sie durch einen Klick auf das <em>i<\\\/em>.\",\"settings_perma\":\"Dauerhaft aktivieren und Daten\\u00fcber-tragung zustimmen:\",\"info_link\":\"http:\\\/\\\/www.heise.de\\\/ct\\\/artikel\\\/2-Klicks-fuer-mehr-Datenschutz-1333879.html\",\"uri\":\"https:\\\/\\\/blogs.uni-paderborn.de\\\/oberhausentrifftpaderborn2018\\\/beispiel-seite\\\/\",\"post_id\":4,\"post_title_referrer_track\":\"Worum+geht+es%3F\",\"display_infobox\":\"on\"});}});\n\/* ]]> *\/<\/script><\/div><div class=\"_3-8w\">\n<div id=\"id_5ba38d55d48010b64735589\" class=\"text_exposed_root text_exposed\">Bereits zum elften Mal findet das studentische Projekt &#8222;Oberhausen trifft Paderborn&#8220; statt.<br \/>\nOrganisiert wird die Veranstaltung von Studierenden der Universit\u00e4t<span class=\"text_exposed_show\"><span class=\"text_exposed_show\"> Paderborn, die im Rahmen eines Praxisseminars die &#8222;64. Internationalen Kurzfilmtage&#8220; in Oberhausen besucht haben.<\/span><\/span>Das Kurzfilmfestival im Ruhrgebiet ist im Laufe der vergangenen Jahrzehnte zu einem der wichtigsten Kurzfilmfestivals und damit wichtige Plattform f\u00fcr nationale und internationale Kurzfilme geworden. Der Lichtburg Filmpalast zeigt j\u00e4hrlich Kurzfilme aus aller Welt und verleiht Preise in den Kategorien: Internationaler Wettbewerb, Deutscher Wettbewerb, NRW- Wettbewerb, Kinder- und Jugendkino und Musikvideo.Die vergangenen Kurzfilmn\u00e4chte zum Thema &#8222;Oberhausen trifft Paderborn&#8220; stie\u00dfen bei den Studierenden sowie dem Paderborner Filmpublikum auf erfreulich gro\u00dfes Interesse. Die Resonanz war durchweg positiv. Motiviert durch den Erfolg dieses Projektes wollen wir in diesem Jahr erneut den Kurzfilm f\u00fcr eine Nacht in den Mittelpunkt der Kinob\u00fchne r\u00fccken.<\/p>\n<p>&#8222;Oberhausen trifft Paderborn&#8220; ist ein Projekt, das die Bedeutung des Formats Kurzfilm unterstreichen und, ankn\u00fcpfend an den Erfolg der vergangenen 10 Jahre, in der kulturellen Landschaft Paderborns etablieren m\u00f6chte. Die Kurzfilmnacht richtet sich an alle Filminteressierten in Paderborn und Umgebung, Studierende und Stadtbewohner gleicherma\u00dfen.<\/p>\n<\/div>\n<\/div>\n","protected":false},"excerpt":{"rendered":"<p>Bereits zum elften Mal findet das studentische Projekt &#8222;Oberhausen trifft Paderborn&#8220; statt. Organisiert wird die Veranstaltung von Studierenden der Universit\u00e4t Paderborn, die im Rahmen eines Praxisseminars die &#8222;64. Internationalen Kurzfilmtage&#8220; in Oberhausen besucht haben.Das Kurzfilmfestival im Ruhrgebiet ist im Laufe &hellip; <a href=\"https:\/\/blogs.uni-paderborn.de\/oberhausentrifftpaderborn2018\/beispiel-seite\/\">Weiterlesen <span class=\"meta-nav\">&rarr;<\/span><\/a><\/p>\n","protected":false},"author":8244,"featured_media":0,"parent":0,"menu_order":0,"comment_status":"closed","ping_status":"open","template":"","meta":{"footnotes":""},"class_list":["post-4","page","type-page","status-publish","hentry"],"_links":{"self":[{"href":"https:\/\/blogs.uni-paderborn.de\/oberhausentrifftpaderborn2018\/wp-json\/wp\/v2\/pages\/4","targetHints":{"allow":["GET"]}}],"collection":[{"href":"https:\/\/blogs.uni-paderborn.de\/oberhausentrifftpaderborn2018\/wp-json\/wp\/v2\/pages"}],"about":[{"href":"https:\/\/blogs.uni-paderborn.de\/oberhausentrifftpaderborn2018\/wp-json\/wp\/v2\/types\/page"}],"author":[{"embeddable":true,"href":"https:\/\/blogs.uni-paderborn.de\/oberhausentrifftpaderborn2018\/wp-json\/wp\/v2\/users\/8244"}],"replies":[{"embeddable":true,"href":"https:\/\/blogs.uni-paderborn.de\/oberhausentrifftpaderborn2018\/wp-json\/wp\/v2\/comments?post=4"}],"version-history":[{"count":10,"href":"https:\/\/blogs.uni-paderborn.de\/oberhausentrifftpaderborn2018\/wp-json\/wp\/v2\/pages\/4\/revisions"}],"predecessor-version":[{"id":122,"href":"https:\/\/blogs.uni-paderborn.de\/oberhausentrifftpaderborn2018\/wp-json\/wp\/v2\/pages\/4\/revisions\/122"}],"wp:attachment":[{"href":"https:\/\/blogs.uni-paderborn.de\/oberhausentrifftpaderborn2018\/wp-json\/wp\/v2\/media?parent=4"}],"curies":[{"name":"wp","href":"https:\/\/api.w.org\/{rel}","templated":true}]}}