{"id":204,"date":"2018-09-20T15:16:53","date_gmt":"2018-09-20T13:16:53","guid":{"rendered":"https:\/\/blogs.uni-paderborn.de\/oberhausentrifftpaderborn\/?page_id=204"},"modified":"2018-11-05T14:46:04","modified_gmt":"2018-11-05T13:46:04","slug":"filme","status":"publish","type":"page","link":"https:\/\/blogs.uni-paderborn.de\/oberhausentrifftpaderborn2018\/filme\/","title":{"rendered":"Kurzfilme"},"content":{"rendered":"<div class=\"twoclick_social_bookmarks_post_204 social_share_privacy clearfix 1.6.4 locale-de_DE sprite-de_DE\"><\/div><div class=\"twoclick-js\"><script type=\"text\/javascript\">\/* <![CDATA[ *\/\njQuery(document).ready(function($){if($('.twoclick_social_bookmarks_post_204')){$('.twoclick_social_bookmarks_post_204').socialSharePrivacy({\"txt_help\":\"Wenn Sie diese Felder durch einen Klick aktivieren, werden Informationen an Facebook, Twitter, Flattr, Xing, t3n, LinkedIn, Pinterest oder Google eventuell ins Ausland \\u00fcbertragen und unter Umst\\u00e4nden auch dort gespeichert. N\\u00e4heres erfahren Sie durch einen Klick auf das <em>i<\\\/em>.\",\"settings_perma\":\"Dauerhaft aktivieren und Daten\\u00fcber-tragung zustimmen:\",\"info_link\":\"http:\\\/\\\/www.heise.de\\\/ct\\\/artikel\\\/2-Klicks-fuer-mehr-Datenschutz-1333879.html\",\"uri\":\"https:\\\/\\\/blogs.uni-paderborn.de\\\/oberhausentrifftpaderborn2018\\\/filme\\\/\",\"post_id\":204,\"post_title_referrer_track\":\"Kurzfilme\",\"display_infobox\":\"on\"});}});\n\/* ]]> *\/<\/script><\/div><p><strong><u>Copyshop<\/u><\/strong><\/p>\n<p>Definiert der Rapper Romano mit seinem Song das Original neu, oder ist es die Kopie, von der Kopie, von der Kopie?<\/p>\n<p style=\"text-align: right\"><strong><u>Three Casualties<\/u><\/strong><\/p>\n<p style=\"text-align: right\">Ein Film, der sich mit der t\u00f6dlichen Seite des Berufsbildes von Stuntdoublen besch\u00e4ftigt. Gezeigt werden drei reale Filmszenen, deren tats\u00e4chlicher Ausgang den Filmzuschauern vorenthalten blieb.<\/p>\n<p style=\"text-align: left\"><strong><u>Das satanische Dickicht<\/u><\/strong><\/p>\n<p style=\"text-align: left\">Fernando. Wurstbrot. Rollerblades. Lust. Verlangen. Scham. Plastik. Ritter. Eis. W\u00fcrstchen. Melone. Schnitt. Techno als Takt, Allusion als Rhythmus.<\/p>\n<p style=\"text-align: right\"><strong><u>Nomades<\/u><\/strong><\/p>\n<p style=\"text-align: right\">Ein Film zum sich verliebt f\u00fchlen. Er entf\u00fchrt &#8211; stumm &#8211; in die laute Welt Rio de Janeiros. K\u00f6rper und Kamera sind sprechen.<\/p>\n<p><strong><u>Fasse dich kurz<\/u><\/strong><\/p>\n<p>Gelbe Gebilde in den St\u00e4dten des Ruhrgebiets als Zeugen einer vergangenen Zeit. Die letzte Episode einer Trilogie, die das Vergessen ins Zentrum r\u00fccken l\u00e4sst und dabei Zufallsprotagonisten eine Stimme gibt.<\/p>\n<p style=\"text-align: right\"><strong><u>Call of Comfort<\/u><\/strong><\/p>\n<p style=\"text-align: right\">Stimme den allgemeinen Gesch\u00e4ftsbedingungen zu und genie\u00dfe ASMR im Gro\u00dfformat. Entspannung zu den Kl\u00e4ngen von Big Data, die w\u00f6rtlich unter die Haut geht.<\/p>\n<p style=\"text-align: left\"><strong><u>Limerence<\/u><\/strong><\/p>\n<p style=\"text-align: left\">Ein nachdenklicher Trip durch 50 Jahre Film. Ein Triptychon, welches uns im Intimsten beobachtet &#8211; obsessiv und gleichsam erotisch.<\/p>\n<p style=\"text-align: right\"><strong><u>Fest<\/u><\/strong><\/p>\n<p style=\"text-align: right\">Puppen, die tanzen, essen und Bungeespringen.<\/p>\n<p><strong><u>Eine Kneipe auf Malle<\/u><\/strong><\/p>\n<p>Ein Film \u00fcber eine Kneipe und Kodachrome zeigt in k\u00f6rnigen Bildern die Extreme unserer Gesellschaft, verwebt Politik, Erinnerung und Filmtechnik.<\/p>\n<p style=\"text-align: right\"><strong><u>I wanna prove to you<\/u><\/strong><\/p>\n<p style=\"text-align: right\">F\u00fcr das Musikvideodreh l\u00e4dt der junge Regisseur <em>The Lemon Twigs<\/em> zu seinen Gro\u00dfeltern ein, um ihr \u00a0Leben zu dokumentieren. Dabei treffen frisch und unterhaltsam zwei Welten aufeinander.<\/p>\n<p><strong><b><u>In Waves<\/u><\/b><\/strong><\/p>\n<p>Puppenspieler bei Nacht. Tanzend zu elektronischen Kl\u00e4ngen. Im Einklang mit ihren Figuren.<\/p>\n","protected":false},"excerpt":{"rendered":"<p>Copyshop Definiert der Rapper Romano mit seinem Song das Original neu, oder ist es die Kopie, von der Kopie, von der Kopie? Three Casualties Ein Film, der sich mit der t\u00f6dlichen Seite des Berufsbildes von Stuntdoublen besch\u00e4ftigt. Gezeigt werden drei &hellip; <a href=\"https:\/\/blogs.uni-paderborn.de\/oberhausentrifftpaderborn2018\/filme\/\">Weiterlesen <span class=\"meta-nav\">&rarr;<\/span><\/a><\/p>\n","protected":false},"author":8244,"featured_media":0,"parent":0,"menu_order":0,"comment_status":"closed","ping_status":"closed","template":"","meta":{"footnotes":""},"class_list":["post-204","page","type-page","status-publish","hentry"],"_links":{"self":[{"href":"https:\/\/blogs.uni-paderborn.de\/oberhausentrifftpaderborn2018\/wp-json\/wp\/v2\/pages\/204","targetHints":{"allow":["GET"]}}],"collection":[{"href":"https:\/\/blogs.uni-paderborn.de\/oberhausentrifftpaderborn2018\/wp-json\/wp\/v2\/pages"}],"about":[{"href":"https:\/\/blogs.uni-paderborn.de\/oberhausentrifftpaderborn2018\/wp-json\/wp\/v2\/types\/page"}],"author":[{"embeddable":true,"href":"https:\/\/blogs.uni-paderborn.de\/oberhausentrifftpaderborn2018\/wp-json\/wp\/v2\/users\/8244"}],"replies":[{"embeddable":true,"href":"https:\/\/blogs.uni-paderborn.de\/oberhausentrifftpaderborn2018\/wp-json\/wp\/v2\/comments?post=204"}],"version-history":[{"count":10,"href":"https:\/\/blogs.uni-paderborn.de\/oberhausentrifftpaderborn2018\/wp-json\/wp\/v2\/pages\/204\/revisions"}],"predecessor-version":[{"id":304,"href":"https:\/\/blogs.uni-paderborn.de\/oberhausentrifftpaderborn2018\/wp-json\/wp\/v2\/pages\/204\/revisions\/304"}],"wp:attachment":[{"href":"https:\/\/blogs.uni-paderborn.de\/oberhausentrifftpaderborn2018\/wp-json\/wp\/v2\/media?parent=204"}],"curies":[{"name":"wp","href":"https:\/\/api.w.org\/{rel}","templated":true}]}}