{"id":144,"date":"2018-09-20T14:50:40","date_gmt":"2018-09-20T12:50:40","guid":{"rendered":"https:\/\/blogs.uni-paderborn.de\/oberhausentrifftpaderborn\/?page_id=144"},"modified":"2018-09-20T15:15:30","modified_gmt":"2018-09-20T13:15:30","slug":"kontakt","status":"publish","type":"page","link":"https:\/\/blogs.uni-paderborn.de\/oberhausentrifftpaderborn2018\/kontakt\/","title":{"rendered":"Kontakt"},"content":{"rendered":"<div class=\"twoclick_social_bookmarks_post_144 social_share_privacy clearfix 1.6.4 locale-de_DE sprite-de_DE\"><\/div><div class=\"twoclick-js\"><script type=\"text\/javascript\">\/* <![CDATA[ *\/\njQuery(document).ready(function($){if($('.twoclick_social_bookmarks_post_144')){$('.twoclick_social_bookmarks_post_144').socialSharePrivacy({\"txt_help\":\"Wenn Sie diese Felder durch einen Klick aktivieren, werden Informationen an Facebook, Twitter, Flattr, Xing, t3n, LinkedIn, Pinterest oder Google eventuell ins Ausland \\u00fcbertragen und unter Umst\\u00e4nden auch dort gespeichert. N\\u00e4heres erfahren Sie durch einen Klick auf das <em>i<\\\/em>.\",\"settings_perma\":\"Dauerhaft aktivieren und Daten\\u00fcber-tragung zustimmen:\",\"info_link\":\"http:\\\/\\\/www.heise.de\\\/ct\\\/artikel\\\/2-Klicks-fuer-mehr-Datenschutz-1333879.html\",\"uri\":\"https:\\\/\\\/blogs.uni-paderborn.de\\\/oberhausentrifftpaderborn2018\\\/kontakt\\\/\",\"post_id\":144,\"post_title_referrer_track\":\"Kontakt\",\"display_infobox\":\"on\"});}});\n\/* ]]> *\/<\/script><\/div><p><img loading=\"lazy\" decoding=\"async\" class=\"alignnone wp-image-146 size-full\" src=\"https:\/\/blogs.uni-paderborn.de\/oberhausentrifftpaderborn\/files\/2018\/09\/WhatsApp-Image-2018-05-03-at-17.14.25.jpeg\" alt=\"\" width=\"1280\" height=\"720\" srcset=\"https:\/\/blogs.uni-paderborn.de\/oberhausentrifftpaderborn2018\/files\/2018\/09\/WhatsApp-Image-2018-05-03-at-17.14.25.jpeg 1280w, https:\/\/blogs.uni-paderborn.de\/oberhausentrifftpaderborn2018\/files\/2018\/09\/WhatsApp-Image-2018-05-03-at-17.14.25-300x169.jpeg 300w, https:\/\/blogs.uni-paderborn.de\/oberhausentrifftpaderborn2018\/files\/2018\/09\/WhatsApp-Image-2018-05-03-at-17.14.25-768x432.jpeg 768w, https:\/\/blogs.uni-paderborn.de\/oberhausentrifftpaderborn2018\/files\/2018\/09\/WhatsApp-Image-2018-05-03-at-17.14.25-1024x576.jpeg 1024w, https:\/\/blogs.uni-paderborn.de\/oberhausentrifftpaderborn2018\/files\/2018\/09\/WhatsApp-Image-2018-05-03-at-17.14.25-500x281.jpeg 500w\" sizes=\"auto, (max-width: 1280px) 100vw, 1280px\" \/><\/p>\n<p style=\"text-align: left\"><strong>Gesch\u00e4ftsf\u00fchrung: Das Projektteam<\/strong><\/p>\n<p style=\"text-align: left\">B\u00fcro: E2.221<\/p>\n<p style=\"text-align: left\">Warburgerstra\u00dfe 100<\/p>\n<p style=\"text-align: left\">33098 Paderborn<\/p>\n<p style=\"text-align: left\">oberhausentrifftpaderborn2018@gmail.com<\/p>\n<p style=\"text-align: left\"><em><strong>Bei Fragen und Anmerkungen schreibt uns gerne eine Mail oder kontaktiert uns \u00fcber Facebook!<\/strong><\/em><\/p>\n","protected":false},"excerpt":{"rendered":"<p>Gesch\u00e4ftsf\u00fchrung: Das Projektteam B\u00fcro: E2.221 Warburgerstra\u00dfe 100 33098 Paderborn oberhausentrifftpaderborn2018@gmail.com Bei Fragen und Anmerkungen schreibt uns gerne eine Mail oder kontaktiert uns \u00fcber Facebook!<\/p>\n","protected":false},"author":8246,"featured_media":0,"parent":0,"menu_order":0,"comment_status":"closed","ping_status":"closed","template":"","meta":{"footnotes":""},"class_list":["post-144","page","type-page","status-publish","hentry"],"_links":{"self":[{"href":"https:\/\/blogs.uni-paderborn.de\/oberhausentrifftpaderborn2018\/wp-json\/wp\/v2\/pages\/144","targetHints":{"allow":["GET"]}}],"collection":[{"href":"https:\/\/blogs.uni-paderborn.de\/oberhausentrifftpaderborn2018\/wp-json\/wp\/v2\/pages"}],"about":[{"href":"https:\/\/blogs.uni-paderborn.de\/oberhausentrifftpaderborn2018\/wp-json\/wp\/v2\/types\/page"}],"author":[{"embeddable":true,"href":"https:\/\/blogs.uni-paderborn.de\/oberhausentrifftpaderborn2018\/wp-json\/wp\/v2\/users\/8246"}],"replies":[{"embeddable":true,"href":"https:\/\/blogs.uni-paderborn.de\/oberhausentrifftpaderborn2018\/wp-json\/wp\/v2\/comments?post=144"}],"version-history":[{"count":5,"href":"https:\/\/blogs.uni-paderborn.de\/oberhausentrifftpaderborn2018\/wp-json\/wp\/v2\/pages\/144\/revisions"}],"predecessor-version":[{"id":202,"href":"https:\/\/blogs.uni-paderborn.de\/oberhausentrifftpaderborn2018\/wp-json\/wp\/v2\/pages\/144\/revisions\/202"}],"wp:attachment":[{"href":"https:\/\/blogs.uni-paderborn.de\/oberhausentrifftpaderborn2018\/wp-json\/wp\/v2\/media?parent=144"}],"curies":[{"name":"wp","href":"https:\/\/api.w.org\/{rel}","templated":true}]}}