{"id":112,"date":"2018-09-20T14:25:18","date_gmt":"2018-09-20T12:25:18","guid":{"rendered":"https:\/\/blogs.uni-paderborn.de\/oberhausentrifftpaderborn\/?page_id=112"},"modified":"2018-10-29T14:54:38","modified_gmt":"2018-10-29T13:54:38","slug":"partner","status":"publish","type":"page","link":"https:\/\/blogs.uni-paderborn.de\/oberhausentrifftpaderborn2018\/partner\/","title":{"rendered":""},"content":{"rendered":"<div class=\"twoclick_social_bookmarks_post_112 social_share_privacy clearfix 1.6.4 locale-de_DE sprite-de_DE\"><\/div><div class=\"twoclick-js\"><script type=\"text\/javascript\">\/* <![CDATA[ *\/\njQuery(document).ready(function($){if($('.twoclick_social_bookmarks_post_112')){$('.twoclick_social_bookmarks_post_112').socialSharePrivacy({\"txt_help\":\"Wenn Sie diese Felder durch einen Klick aktivieren, werden Informationen an Facebook, Twitter, Flattr, Xing, t3n, LinkedIn, Pinterest oder Google eventuell ins Ausland \\u00fcbertragen und unter Umst\\u00e4nden auch dort gespeichert. N\\u00e4heres erfahren Sie durch einen Klick auf das <em>i<\\\/em>.\",\"settings_perma\":\"Dauerhaft aktivieren und Daten\\u00fcber-tragung zustimmen:\",\"info_link\":\"http:\\\/\\\/www.heise.de\\\/ct\\\/artikel\\\/2-Klicks-fuer-mehr-Datenschutz-1333879.html\",\"uri\":\"https:\\\/\\\/blogs.uni-paderborn.de\\\/oberhausentrifftpaderborn2018\\\/partner\\\/\",\"post_id\":112,\"post_title_referrer_track\":\"\",\"display_infobox\":\"on\"});}});\n\/* ]]> *\/<\/script><\/div><p style=\"text-align: center\">Ohne unsere Unterst\u00fctzer w\u00e4re dieses Projekt nicht realisierbar!<\/p>\n<p style=\"text-align: center\"><span style=\"float: none;background-color: transparent;color: #1a1a1a;font-family: 'Vollkorn',serif;font-size: 16px;font-style: normal;font-variant: normal;font-weight: 400;letter-spacing: normal;text-align: left;text-decoration: none;text-indent: 0px\"><strong>Ein herzliches Dankesch\u00f6n an alle Partner, Sponsoren und F\u00f6rderer.\u00a0<\/strong><\/span><\/p>\n<p style=\"text-align: center\"><img loading=\"lazy\" decoding=\"async\" class=\"alignnone  wp-image-274\" src=\"https:\/\/blogs.uni-paderborn.de\/oberhausentrifftpaderborn\/files\/2018\/10\/WhatsApp-Image-2018-10-29-at-14.06.40.jpeg\" alt=\"\" width=\"657\" height=\"351\" \/><\/p>\n<p>&nbsp;<\/p>\n","protected":false},"excerpt":{"rendered":"<p>Ohne unsere Unterst\u00fctzer w\u00e4re dieses Projekt nicht realisierbar! Ein herzliches Dankesch\u00f6n an alle Partner, Sponsoren und F\u00f6rderer.\u00a0 &nbsp;<\/p>\n","protected":false},"author":8244,"featured_media":180,"parent":0,"menu_order":0,"comment_status":"closed","ping_status":"closed","template":"","meta":{"footnotes":""},"class_list":["post-112","page","type-page","status-publish","has-post-thumbnail","hentry"],"_links":{"self":[{"href":"https:\/\/blogs.uni-paderborn.de\/oberhausentrifftpaderborn2018\/wp-json\/wp\/v2\/pages\/112","targetHints":{"allow":["GET"]}}],"collection":[{"href":"https:\/\/blogs.uni-paderborn.de\/oberhausentrifftpaderborn2018\/wp-json\/wp\/v2\/pages"}],"about":[{"href":"https:\/\/blogs.uni-paderborn.de\/oberhausentrifftpaderborn2018\/wp-json\/wp\/v2\/types\/page"}],"author":[{"embeddable":true,"href":"https:\/\/blogs.uni-paderborn.de\/oberhausentrifftpaderborn2018\/wp-json\/wp\/v2\/users\/8244"}],"replies":[{"embeddable":true,"href":"https:\/\/blogs.uni-paderborn.de\/oberhausentrifftpaderborn2018\/wp-json\/wp\/v2\/comments?post=112"}],"version-history":[{"count":11,"href":"https:\/\/blogs.uni-paderborn.de\/oberhausentrifftpaderborn2018\/wp-json\/wp\/v2\/pages\/112\/revisions"}],"predecessor-version":[{"id":276,"href":"https:\/\/blogs.uni-paderborn.de\/oberhausentrifftpaderborn2018\/wp-json\/wp\/v2\/pages\/112\/revisions\/276"}],"wp:featuredmedia":[{"embeddable":true,"href":"https:\/\/blogs.uni-paderborn.de\/oberhausentrifftpaderborn2018\/wp-json\/wp\/v2\/media\/180"}],"wp:attachment":[{"href":"https:\/\/blogs.uni-paderborn.de\/oberhausentrifftpaderborn2018\/wp-json\/wp\/v2\/media?parent=112"}],"curies":[{"name":"wp","href":"https:\/\/api.w.org\/{rel}","templated":true}]}}