{"id":65,"date":"2023-11-10T10:13:47","date_gmt":"2023-11-10T09:13:47","guid":{"rendered":"https:\/\/blogs.uni-paderborn.de\/oberhausentrifftpaderborn\/?page_id=65"},"modified":"2023-11-13T22:22:33","modified_gmt":"2023-11-13T21:22:33","slug":"kontakt","status":"publish","type":"page","link":"https:\/\/blogs.uni-paderborn.de\/oberhausentrifftpaderborn\/kontakt\/","title":{"rendered":"Kontakt"},"content":{"rendered":"<div class=\"twoclick_social_bookmarks_post_65 social_share_privacy clearfix 1.6.4 locale-de_DE sprite-de_DE\"><\/div><div class=\"twoclick-js\"><script type=\"text\/javascript\">\/* <![CDATA[ *\/\njQuery(document).ready(function($){if($('.twoclick_social_bookmarks_post_65')){$('.twoclick_social_bookmarks_post_65').socialSharePrivacy({\"txt_help\":\"Wenn Sie diese Felder durch einen Klick aktivieren, werden Informationen an Facebook, Twitter, Flattr, Xing, t3n, LinkedIn, Pinterest oder Google eventuell ins Ausland \\u00fcbertragen und unter Umst\\u00e4nden auch dort gespeichert. N\\u00e4heres erfahren Sie durch einen Klick auf das <em>i<\\\/em>.\",\"settings_perma\":\"Dauerhaft aktivieren und Daten\\u00fcber-tragung zustimmen:\",\"info_link\":\"http:\\\/\\\/www.heise.de\\\/ct\\\/artikel\\\/2-Klicks-fuer-mehr-Datenschutz-1333879.html\",\"uri\":\"https:\\\/\\\/blogs.uni-paderborn.de\\\/oberhausentrifftpaderborn\\\/kontakt\\\/\",\"post_id\":65,\"post_title_referrer_track\":\"Kontakt\",\"display_infobox\":\"on\"});}});\n\/* ]]> *\/<\/script><\/div>\n<p>Universit\u00e4t Paderborn<br>Institut f\u00fcr Medienwissenschaften<br>Jun. Prof. Dr. Julia Eckel<br>Warburger Str. 100<br>33098 Paderborn<br>Deutschland<\/p>\n\n\n\n<p>E-Mail: julia.eckel@uni-paderborn.de<\/p>\n\n\n\n<hr class=\"wp-block-separator has-alpha-channel-opacity\" \/>\n\n\n\n<h3 class=\"wp-block-heading\">Generelle Hinweise<\/h3>\n\n\n\n<p>Die Universit\u00e4t Paderborn ist eine vom Land NRW getragene, rechtsf\u00e4hige K\u00f6rperschaft des \u00d6ffentlichen Rechts.&nbsp;Sie wird durch die Vizepr\u00e4sidentin Simone Probst vertreten.<\/p>\n\n\n\n<p>Zust\u00e4ndige Aufsichtsbeh\u00f6rde: Ministerium f\u00fcr Kultur und Wissenschaft (MKW) des Landes Nordrhein-Westfalen, V\u00f6lklinger Str. 49, 40221 D\u00fcsseldorf, Deutschland<\/p>\n\n\n\n<p>Umsatzsteuer-Identifikationsnummer gem\u00e4\u00df \u00a7 27 a Umsatzsteuergesetz: DE 811209907<\/p>\n\n\n\n<h3 class=\"wp-block-heading\">Urheberrechtshinweis<\/h3>\n\n\n\n<p>Die Urheber- und Nutzungsrechte (Copyright) f\u00fcr Texte, Grafiken, Bilder, Design und Quellcode liegen soweit nicht anders angegeben bei der Universit\u00e4t Paderborn. Die Erstellung, Verwendung und Weitergabe von Kopien in elektronischer oder ausgedruckter Form bedarf der Genehmigung.<\/p>\n\n\n\n<h3 class=\"wp-block-heading\">Haftungshinweis<\/h3>\n\n\n\n<p>F\u00fcr auf den Seiten vorhandene externe Links und die dar\u00fcber verf\u00fcgbaren Inhalte \u00fcbernehmen wir keine Haftung. Sie stellen kein Angebot der Universit\u00e4t Paderborn dar. F\u00fcr den Inhalt der verlinkten Seiten sind ausschlie\u00dflich deren Betreiber verantwortlich.<\/p>\n","protected":false},"excerpt":{"rendered":"<p>Universit\u00e4t PaderbornInstitut f\u00fcr MedienwissenschaftenJun. Prof. Dr. Julia EckelWarburger Str. 10033098 PaderbornDeutschland E-Mail: julia.eckel@uni-paderborn.de Generelle Hinweise Die Universit\u00e4t Paderborn ist eine vom Land NRW getragene, rechtsf\u00e4hige K\u00f6rperschaft des \u00d6ffentlichen Rechts.&nbsp;Sie wird durch die Vizepr\u00e4sidentin Simone Probst vertreten. Zust\u00e4ndige Aufsichtsbeh\u00f6rde: Ministerium f\u00fcr Kultur und Wissenschaft (MKW) des Landes Nordrhein-Westfalen, V\u00f6lklinger Str. 49, 40221 D\u00fcsseldorf, Deutschland Umsatzsteuer-Identifikationsnummer gem\u00e4\u00df [&hellip;]<\/p>\n","protected":false},"author":9268,"featured_media":0,"parent":0,"menu_order":0,"comment_status":"closed","ping_status":"closed","template":"","meta":{"footnotes":""},"class_list":["post-65","page","type-page","status-publish","hentry"],"_links":{"self":[{"href":"https:\/\/blogs.uni-paderborn.de\/oberhausentrifftpaderborn\/wp-json\/wp\/v2\/pages\/65","targetHints":{"allow":["GET"]}}],"collection":[{"href":"https:\/\/blogs.uni-paderborn.de\/oberhausentrifftpaderborn\/wp-json\/wp\/v2\/pages"}],"about":[{"href":"https:\/\/blogs.uni-paderborn.de\/oberhausentrifftpaderborn\/wp-json\/wp\/v2\/types\/page"}],"author":[{"embeddable":true,"href":"https:\/\/blogs.uni-paderborn.de\/oberhausentrifftpaderborn\/wp-json\/wp\/v2\/users\/9268"}],"replies":[{"embeddable":true,"href":"https:\/\/blogs.uni-paderborn.de\/oberhausentrifftpaderborn\/wp-json\/wp\/v2\/comments?post=65"}],"version-history":[{"count":3,"href":"https:\/\/blogs.uni-paderborn.de\/oberhausentrifftpaderborn\/wp-json\/wp\/v2\/pages\/65\/revisions"}],"predecessor-version":[{"id":216,"href":"https:\/\/blogs.uni-paderborn.de\/oberhausentrifftpaderborn\/wp-json\/wp\/v2\/pages\/65\/revisions\/216"}],"wp:attachment":[{"href":"https:\/\/blogs.uni-paderborn.de\/oberhausentrifftpaderborn\/wp-json\/wp\/v2\/media?parent=65"}],"curies":[{"name":"wp","href":"https:\/\/api.w.org\/{rel}","templated":true}]}}