{"id":61,"date":"2023-11-10T10:13:11","date_gmt":"2023-11-10T09:13:11","guid":{"rendered":"https:\/\/blogs.uni-paderborn.de\/oberhausentrifftpaderborn\/?page_id=61"},"modified":"2023-11-17T17:36:49","modified_gmt":"2023-11-17T16:36:49","slug":"about","status":"publish","type":"page","link":"https:\/\/blogs.uni-paderborn.de\/oberhausentrifftpaderborn\/about\/","title":{"rendered":"About"},"content":{"rendered":"<div class=\"twoclick_social_bookmarks_post_61 social_share_privacy clearfix 1.6.4 locale-de_DE sprite-de_DE\"><\/div><div class=\"twoclick-js\"><script type=\"text\/javascript\">\/* <![CDATA[ *\/\njQuery(document).ready(function($){if($('.twoclick_social_bookmarks_post_61')){$('.twoclick_social_bookmarks_post_61').socialSharePrivacy({\"txt_help\":\"Wenn Sie diese Felder durch einen Klick aktivieren, werden Informationen an Facebook, Twitter, Flattr, Xing, t3n, LinkedIn, Pinterest oder Google eventuell ins Ausland \\u00fcbertragen und unter Umst\\u00e4nden auch dort gespeichert. N\\u00e4heres erfahren Sie durch einen Klick auf das <em>i<\\\/em>.\",\"settings_perma\":\"Dauerhaft aktivieren und Daten\\u00fcber-tragung zustimmen:\",\"info_link\":\"http:\\\/\\\/www.heise.de\\\/ct\\\/artikel\\\/2-Klicks-fuer-mehr-Datenschutz-1333879.html\",\"uri\":\"https:\\\/\\\/blogs.uni-paderborn.de\\\/oberhausentrifftpaderborn\\\/about\\\/\",\"post_id\":61,\"post_title_referrer_track\":\"About\",\"display_infobox\":\"on\"});}});\n\/* ]]> *\/<\/script><\/div>\n<h4 class=\"wp-block-heading\"><strong>\u00dcber <em>Oberhausen trifft Paderborn<\/em><\/strong><\/h4>\n\n\n\n<p>Eine Br\u00fccke zum Avantgarde-Film<\/p>\n\n\n\n<p>Die Internationalen Kurzfilmtage Oberhausen sind das \u00e4lteste Kurzfilmfestival Deutschlands. International steht der Name Oberhausen f\u00fcr ein vielf\u00e4ltiges Programm mit experimentellen, dokumentarischen und medienk\u00fcnstlerischen Formaten, den Austausch verschiedener filmk\u00fcnstlerischer Positionen sowie f\u00fcr kritische Diskurse zur Zukunft der Filmkultur.<\/p>\n\n\n\n<p><em>Oberhausen trifft Paderborn<\/em> ermutigt Studierende nach einer gemeinsamen Exkursion zu den Internationalen Kurzfilmtagen, eine eigene <strong>Kurzfilmnacht<\/strong> in Paderborn zu organisieren. Vom Sichten und Konzipieren bis zur Durchf\u00fchrung erlernen sie das Handwerkszeug, das es f\u00fcr die erfolgreiche Arbeit an einem Kurzfilmprogramm braucht. Im Fokus des Seminars steht dabei das Kuratieren von Filmen, verstanden als eine sowohl filmkulturelle als auch wissenschaftlich herausfordernde T\u00e4tigkeit. Zum einen werden die Filme sowohl in der Filmgeschichte als auch in der Film- und Medientheorie verortet. Zum anderen werden Auff\u00fchrungs- und Verleihstrukturen des Kinos diskutiert und im Hinblick auf eine sich permanent \u00e4ndernde Filmkultur in Frage gestellt. Bereichert wird diese Besch\u00e4ftigung um Gespr\u00e4che und gemeinsame Sichtungen mit Mitarbeiter:innen verschiedener Institutionen, Kurator:innen und Filmemacher:innen. Im Rahmen der Ausgestaltung der Kurzfilmnacht besteht f\u00fcr die Studierenden auch die M\u00f6glichkeit, eigene Schreib- und Filmprojekte zu verfolgen und umzusetzen.<\/p>\n\n\n\n<p><em>Oberhausen trifft Paderborn<\/em> wurde 2008 von Annette Brauerhoch initiiert und bis 2019 geleitet. Die je eigene Ausgestaltung der Kurzfilmnacht liegt in den H\u00e4nden der Studierenden, die eigene Ideen umsetzen und neue Schwerpunkte setzen. Sie bereichern mit der Kurzfilmnacht die Paderborner Filmkultur, indem sie eine Br\u00fccke zwischen der Stadt und der internationalen Avantgarde-Filmwelt schlagen.<\/p>\n\n\n\n<p>Auswahl von G\u00e4sten im Seminar: Anett Busch (Kuratorin und Autorin), Alexandra Gramatke (Kurzfilm Agentur Hamburg e.V.), Sarah Adam (Auswahlkomitee Internationale Kurzfilmtage Oberhausen), C\u00edntia Gil (Doclisboa), Lynne Sachs (Filmemacherin).<\/p>\n\n\n\n<p>.<\/p>\n","protected":false},"excerpt":{"rendered":"<p>\u00dcber Oberhausen trifft Paderborn Eine Br\u00fccke zum Avantgarde-Film Die Internationalen Kurzfilmtage Oberhausen sind das \u00e4lteste Kurzfilmfestival Deutschlands. International steht der Name Oberhausen f\u00fcr ein vielf\u00e4ltiges Programm mit experimentellen, dokumentarischen und medienk\u00fcnstlerischen Formaten, den Austausch verschiedener filmk\u00fcnstlerischer Positionen sowie f\u00fcr kritische Diskurse zur Zukunft der Filmkultur. Oberhausen trifft Paderborn ermutigt Studierende nach einer gemeinsamen Exkursion zu [&hellip;]<\/p>\n","protected":false},"author":9268,"featured_media":86,"parent":0,"menu_order":0,"comment_status":"closed","ping_status":"closed","template":"","meta":{"footnotes":""},"class_list":["post-61","page","type-page","status-publish","has-post-thumbnail","hentry"],"_links":{"self":[{"href":"https:\/\/blogs.uni-paderborn.de\/oberhausentrifftpaderborn\/wp-json\/wp\/v2\/pages\/61","targetHints":{"allow":["GET"]}}],"collection":[{"href":"https:\/\/blogs.uni-paderborn.de\/oberhausentrifftpaderborn\/wp-json\/wp\/v2\/pages"}],"about":[{"href":"https:\/\/blogs.uni-paderborn.de\/oberhausentrifftpaderborn\/wp-json\/wp\/v2\/types\/page"}],"author":[{"embeddable":true,"href":"https:\/\/blogs.uni-paderborn.de\/oberhausentrifftpaderborn\/wp-json\/wp\/v2\/users\/9268"}],"replies":[{"embeddable":true,"href":"https:\/\/blogs.uni-paderborn.de\/oberhausentrifftpaderborn\/wp-json\/wp\/v2\/comments?post=61"}],"version-history":[{"count":3,"href":"https:\/\/blogs.uni-paderborn.de\/oberhausentrifftpaderborn\/wp-json\/wp\/v2\/pages\/61\/revisions"}],"predecessor-version":[{"id":239,"href":"https:\/\/blogs.uni-paderborn.de\/oberhausentrifftpaderborn\/wp-json\/wp\/v2\/pages\/61\/revisions\/239"}],"wp:featuredmedia":[{"embeddable":true,"href":"https:\/\/blogs.uni-paderborn.de\/oberhausentrifftpaderborn\/wp-json\/wp\/v2\/media\/86"}],"wp:attachment":[{"href":"https:\/\/blogs.uni-paderborn.de\/oberhausentrifftpaderborn\/wp-json\/wp\/v2\/media?parent=61"}],"curies":[{"name":"wp","href":"https:\/\/api.w.org\/{rel}","templated":true}]}}