{"id":409,"date":"2025-09-17T10:48:00","date_gmt":"2025-09-17T08:48:00","guid":{"rendered":"https:\/\/blogs.uni-paderborn.de\/oberhausentrifftpaderborn\/?page_id=409"},"modified":"2025-12-17T11:10:04","modified_gmt":"2025-12-17T10:10:04","slug":"otp2025","status":"publish","type":"page","link":"https:\/\/blogs.uni-paderborn.de\/oberhausentrifftpaderborn\/otp2025\/","title":{"rendered":"OBERHAUSEN TRIFFT PADERBORN 2025"},"content":{"rendered":"<div class=\"twoclick_social_bookmarks_post_409 social_share_privacy clearfix 1.6.4 locale-de_DE sprite-de_DE\"><\/div><div class=\"twoclick-js\"><script type=\"text\/javascript\">\/* <![CDATA[ *\/\njQuery(document).ready(function($){if($('.twoclick_social_bookmarks_post_409')){$('.twoclick_social_bookmarks_post_409').socialSharePrivacy({\"txt_help\":\"Wenn Sie diese Felder durch einen Klick aktivieren, werden Informationen an Facebook, Twitter, Flattr, Xing, t3n, LinkedIn, Pinterest oder Google eventuell ins Ausland \\u00fcbertragen und unter Umst\\u00e4nden auch dort gespeichert. N\\u00e4heres erfahren Sie durch einen Klick auf das <em>i<\\\/em>.\",\"settings_perma\":\"Dauerhaft aktivieren und Daten\\u00fcber-tragung zustimmen:\",\"info_link\":\"http:\\\/\\\/www.heise.de\\\/ct\\\/artikel\\\/2-Klicks-fuer-mehr-Datenschutz-1333879.html\",\"uri\":\"https:\\\/\\\/blogs.uni-paderborn.de\\\/oberhausentrifftpaderborn\\\/otp2025\\\/\",\"post_id\":409,\"post_title_referrer_track\":\"OBERHAUSEN+TRIFFT+PADERBORN+2025\",\"display_infobox\":\"on\"});}});\n\/* ]]> *\/<\/script><\/div>\n<div class=\"wp-block-media-text alignwide is-stacked-on-mobile has-tertiary-background-color has-background\" style=\"grid-template-columns:40% auto\" id=\"start2024\"><figure class=\"wp-block-media-text__media\"><img loading=\"lazy\" decoding=\"async\" width=\"724\" height=\"1024\" src=\"https:\/\/blogs.uni-paderborn.de\/oberhausentrifftpaderborn\/files\/2025\/12\/Poster-ohne-Pb-u\u0308berzeugt-724x1024.jpeg\" alt=\"\" class=\"wp-image-421 size-full\" srcset=\"https:\/\/blogs.uni-paderborn.de\/oberhausentrifftpaderborn\/files\/2025\/12\/Poster-ohne-Pb-u\u0308berzeugt-724x1024.jpeg 724w, https:\/\/blogs.uni-paderborn.de\/oberhausentrifftpaderborn\/files\/2025\/12\/Poster-ohne-Pb-u\u0308berzeugt-212x300.jpeg 212w, https:\/\/blogs.uni-paderborn.de\/oberhausentrifftpaderborn\/files\/2025\/12\/Poster-ohne-Pb-u\u0308berzeugt-768x1086.jpeg 768w, https:\/\/blogs.uni-paderborn.de\/oberhausentrifftpaderborn\/files\/2025\/12\/Poster-ohne-Pb-u\u0308berzeugt-1086x1536.jpeg 1086w, https:\/\/blogs.uni-paderborn.de\/oberhausentrifftpaderborn\/files\/2025\/12\/Poster-ohne-Pb-u\u0308berzeugt-1448x2048.jpeg 1448w, https:\/\/blogs.uni-paderborn.de\/oberhausentrifftpaderborn\/files\/2025\/12\/Poster-ohne-Pb-u\u0308berzeugt.jpeg 1587w\" sizes=\"auto, (max-width: 724px) 100vw, 724px\" \/><\/figure><div class=\"wp-block-media-text__content\">\n<h3 class=\"wp-block-heading\"><strong>KURZINFO<\/strong><\/h3>\n\n\n\n<p><strong>Kurzfilmnacht Nr. 15<\/strong><br>15.10.2025 | 20:00 Uhr | Pollux Paderborn<br><br>Organisator:innen: Niklas Ademmer, Anna Mathilda Engelke, Kai Paul Ferdyn, Sina Marie Hinrichs, Leonie Salomea Kraus, Finn Lohaus, Sarah-Marie Missaoui, Torben Pa\u00dfgang, Nermine Sawadzki, Lara Schadow, Arne St\u00f6rmann<br>Seminarleitung: Alexandra Simopoulos<\/p>\n\n\n\n<p><\/p>\n<\/div><\/div>\n\n\n\n<h2 class=\"wp-block-heading alignwide\" id=\"trailer2024\">TRAILER<\/h2>\n\n\n\n<p>tba.<\/p>\n\n\n\n<hr class=\"wp-block-separator alignwide has-alpha-channel-opacity is-style-wide\" \/>\n\n\n\n<h2 class=\"wp-block-heading alignwide\" id=\"info2024\">INFO<\/h2>\n\n\n\n<p>Am 15. Oktober 2025 \u00f6ffnete das Pollux in Paderborn seine Tu\u0308ren fu\u0308r die 16. Kurzfilmnacht \u201eOberhausen trifft Paderborn\u201c. Das Publikum bekam dabei ein emotional bewegendes und farbenfrohes Spektakel auf der Leinwand geboten.<br>Die Kurzfilmnacht brachte dabei einen emotional bewegenden und farbenfrohen Einblick in die globale Kurzfilmszene auf die Leinwand des Pollux Kino.<br>Ein besonderes Highlight in der Vorbereitung der Kurzfilmnacht stellte, wie jedes Jahr, der Besuch der \u201e71. Internationalen Kurzfilmtage Oberhausen\u201c dar. Bei diesem Event hatten die Studierenden der Universit\u00e4t Paderborn die Chance, im Rahmen eines Seminars zum Festival zu fahren, dort Kurzfilme zu sichten und daraus ein eigenes Kurzfilmprogramm zusammenzustellen.<br><br>Auch 2025 konnten so die Glanzlichter der internationalen Kurzfilmkunst ein weiteres Mal in Paderborn aufflackern, wenn \u201eOberhausen trifft Paderborn\u201c abermals seine Tu\u0308ren fu\u0308r eine unvergessliche Kurzfilmnacht \u00f6ffnet. <br><br>Die Veranstaltung fand am 15. Oktober 2025 um 20:00 Uhr (Einlass 19:30 Uhr) im Pollux by Cineplex (Westernstra\u00dfe 34, 33098 Paderborn) statt.<\/p>\n\n\n\n<hr class=\"wp-block-separator alignwide has-alpha-channel-opacity is-style-wide\" \/>\n\n\n\n<h2 class=\"wp-block-heading alignwide\" id=\"filme2024\">FILMPROGRAMM<\/h2>\n\n\n\n<p>tba. <\/p>\n\n\n\n<hr class=\"wp-block-separator alignwide has-alpha-channel-opacity is-style-wide\" \/>\n\n\n\n<h2 class=\"wp-block-heading alignwide\" id=\"team2024\">TEAM<\/h2>\n\n\n\n<figure class=\"wp-block-image size-large is-resized\"><img loading=\"lazy\" decoding=\"async\" width=\"1024\" height=\"946\" src=\"https:\/\/blogs.uni-paderborn.de\/oberhausentrifftpaderborn\/files\/2025\/12\/Bildschirm\u00adfoto-2025-12-17-um-10.44.09-1024x946.png\" alt=\"\" class=\"wp-image-411\" style=\"width:534px;height:auto\" srcset=\"https:\/\/blogs.uni-paderborn.de\/oberhausentrifftpaderborn\/files\/2025\/12\/Bildschirm\u00adfoto-2025-12-17-um-10.44.09-1024x946.png 1024w, https:\/\/blogs.uni-paderborn.de\/oberhausentrifftpaderborn\/files\/2025\/12\/Bildschirm\u00adfoto-2025-12-17-um-10.44.09-300x277.png 300w, https:\/\/blogs.uni-paderborn.de\/oberhausentrifftpaderborn\/files\/2025\/12\/Bildschirm\u00adfoto-2025-12-17-um-10.44.09-768x710.png 768w, https:\/\/blogs.uni-paderborn.de\/oberhausentrifftpaderborn\/files\/2025\/12\/Bildschirm\u00adfoto-2025-12-17-um-10.44.09.png 1123w\" sizes=\"auto, (max-width: 1024px) 100vw, 1024px\" \/><\/figure>\n\n\n\n<hr class=\"wp-block-separator alignwide has-alpha-channel-opacity is-style-wide\" \/>\n\n\n\n<h2 class=\"wp-block-heading alignwide\" id=\"sponsoren2024\">SPONSOREN<\/h2>\n\n\n\n<div class=\"wp-block-columns is-layout-flex wp-container-core-columns-is-layout-28f84493 wp-block-columns-is-layout-flex\">\n<div class=\"wp-block-column is-layout-flow wp-block-column-is-layout-flow\">\n<figure class=\"wp-block-image size-full is-resized\"><img loading=\"lazy\" decoding=\"async\" width=\"378\" height=\"132\" src=\"https:\/\/blogs.uni-paderborn.de\/oberhausentrifftpaderborn\/files\/2025\/12\/AStA-Logo_mit_PB_schwarz.png\" alt=\"\" class=\"wp-image-412\" style=\"width:219px;height:auto\" srcset=\"https:\/\/blogs.uni-paderborn.de\/oberhausentrifftpaderborn\/files\/2025\/12\/AStA-Logo_mit_PB_schwarz.png 378w, https:\/\/blogs.uni-paderborn.de\/oberhausentrifftpaderborn\/files\/2025\/12\/AStA-Logo_mit_PB_schwarz-300x105.png 300w\" sizes=\"auto, (max-width: 378px) 100vw, 378px\" \/><\/figure>\n<\/div>\n\n\n\n<div class=\"wp-block-column is-layout-flow wp-block-column-is-layout-flow\">\n<figure class=\"wp-block-image size-full\"><img loading=\"lazy\" decoding=\"async\" width=\"468\" height=\"100\" src=\"https:\/\/blogs.uni-paderborn.de\/oberhausentrifftpaderborn\/files\/2025\/12\/MeWi-Logo-BLK-e1765964970742.png\" alt=\"\" class=\"wp-image-413\" srcset=\"https:\/\/blogs.uni-paderborn.de\/oberhausentrifftpaderborn\/files\/2025\/12\/MeWi-Logo-BLK-e1765964970742.png 468w, https:\/\/blogs.uni-paderborn.de\/oberhausentrifftpaderborn\/files\/2025\/12\/MeWi-Logo-BLK-e1765964970742-300x64.png 300w\" sizes=\"auto, (max-width: 468px) 100vw, 468px\" \/><\/figure>\n<\/div>\n<\/div>\n\n\n\n<hr class=\"wp-block-separator alignwide has-alpha-channel-opacity is-style-wide\" \/>\n\n\n\n<h2 class=\"wp-block-heading alignwide\" id=\"tickets2024\">TICKETS<\/h2>\n\n\n\n<p>Der Ticketpreis betr\u00e4gt 10\u20ac \/7,50\u20ac (erm.).  <\/p>\n\n\n\n<p>Tickets k\u00f6nnen ganz einfach online erworben werden. <\/p>\n\n\n\n<p><a href=\"https:\/\/www.cineplex.de\/film\/16-kurzfilmnacht-oberhausen-trifft-paderborn\/388518\/paderborn\" target=\"_blank\" rel=\"noreferrer noopener\">Hier geht es zu den Tickets<\/a><\/p>\n\n\n\n<hr class=\"wp-block-separator alignwide has-alpha-channel-opacity is-style-wide\" \/>\n\n\n\n<h2 class=\"wp-block-heading alignwide\" id=\"location2024\">LOCATION<\/h2>\n\n\n\n<p>Pollux by Cineplex<br>Westernstr. 34<br>33098 Paderborn<\/p>\n\n\n\n<figure class=\"wp-block-image size-full\"><img loading=\"lazy\" decoding=\"async\" width=\"750\" height=\"500\" src=\"https:\/\/blogs.uni-paderborn.de\/oberhausentrifftpaderborn\/files\/2024\/09\/Download.png\" alt=\"\" class=\"wp-image-405\" srcset=\"https:\/\/blogs.uni-paderborn.de\/oberhausentrifftpaderborn\/files\/2024\/09\/Download.png 750w, https:\/\/blogs.uni-paderborn.de\/oberhausentrifftpaderborn\/files\/2024\/09\/Download-300x200.png 300w\" sizes=\"auto, (max-width: 750px) 100vw, 750px\" \/><\/figure>\n\n\n\n<p>Weitere Infos zur Anfahrt findet ihr <a href=\"https:\/\/www.cineplex.de\/infos\/anfahrt-und-oeffnungszeiten\/paderborn\/\">hier<\/a><\/p>\n","protected":false},"excerpt":{"rendered":"<p>KURZINFO Kurzfilmnacht Nr. 1515.10.2025 | 20:00 Uhr | Pollux Paderborn Organisator:innen: Niklas Ademmer, Anna Mathilda Engelke, Kai Paul Ferdyn, Sina Marie Hinrichs, Leonie Salomea Kraus, Finn Lohaus, Sarah-Marie Missaoui, Torben Pa\u00dfgang, Nermine Sawadzki, Lara Schadow, Arne St\u00f6rmannSeminarleitung: Alexandra Simopoulos TRAILER tba. INFO Am 15. Oktober 2025 \u00f6ffnete das Pollux in Paderborn seine Tu\u0308ren fu\u0308r die [&hellip;]<\/p>\n","protected":false},"author":9268,"featured_media":420,"parent":0,"menu_order":0,"comment_status":"closed","ping_status":"closed","template":"","meta":{"footnotes":""},"class_list":["post-409","page","type-page","status-publish","has-post-thumbnail","hentry"],"_links":{"self":[{"href":"https:\/\/blogs.uni-paderborn.de\/oberhausentrifftpaderborn\/wp-json\/wp\/v2\/pages\/409","targetHints":{"allow":["GET"]}}],"collection":[{"href":"https:\/\/blogs.uni-paderborn.de\/oberhausentrifftpaderborn\/wp-json\/wp\/v2\/pages"}],"about":[{"href":"https:\/\/blogs.uni-paderborn.de\/oberhausentrifftpaderborn\/wp-json\/wp\/v2\/types\/page"}],"author":[{"embeddable":true,"href":"https:\/\/blogs.uni-paderborn.de\/oberhausentrifftpaderborn\/wp-json\/wp\/v2\/users\/9268"}],"replies":[{"embeddable":true,"href":"https:\/\/blogs.uni-paderborn.de\/oberhausentrifftpaderborn\/wp-json\/wp\/v2\/comments?post=409"}],"version-history":[{"count":6,"href":"https:\/\/blogs.uni-paderborn.de\/oberhausentrifftpaderborn\/wp-json\/wp\/v2\/pages\/409\/revisions"}],"predecessor-version":[{"id":424,"href":"https:\/\/blogs.uni-paderborn.de\/oberhausentrifftpaderborn\/wp-json\/wp\/v2\/pages\/409\/revisions\/424"}],"wp:featuredmedia":[{"embeddable":true,"href":"https:\/\/blogs.uni-paderborn.de\/oberhausentrifftpaderborn\/wp-json\/wp\/v2\/media\/420"}],"wp:attachment":[{"href":"https:\/\/blogs.uni-paderborn.de\/oberhausentrifftpaderborn\/wp-json\/wp\/v2\/media?parent=409"}],"curies":[{"name":"wp","href":"https:\/\/api.w.org\/{rel}","templated":true}]}}