{"id":206,"date":"2023-11-13T22:08:15","date_gmt":"2023-11-13T21:08:15","guid":{"rendered":"https:\/\/blogs.uni-paderborn.de\/oberhausentrifftpaderborn\/?page_id=206"},"modified":"2024-09-12T01:35:28","modified_gmt":"2024-09-11T23:35:28","slug":"otp2014","status":"publish","type":"page","link":"https:\/\/blogs.uni-paderborn.de\/oberhausentrifftpaderborn\/otp2014\/","title":{"rendered":"OBERHAUSEN TRIFFT PADERBORN 2014"},"content":{"rendered":"<div class=\"twoclick_social_bookmarks_post_206 social_share_privacy clearfix 1.6.4 locale-de_DE sprite-de_DE\"><\/div><div class=\"twoclick-js\"><script type=\"text\/javascript\">\/* <![CDATA[ *\/\njQuery(document).ready(function($){if($('.twoclick_social_bookmarks_post_206')){$('.twoclick_social_bookmarks_post_206').socialSharePrivacy({\"txt_help\":\"Wenn Sie diese Felder durch einen Klick aktivieren, werden Informationen an Facebook, Twitter, Flattr, Xing, t3n, LinkedIn, Pinterest oder Google eventuell ins Ausland \\u00fcbertragen und unter Umst\\u00e4nden auch dort gespeichert. N\\u00e4heres erfahren Sie durch einen Klick auf das <em>i<\\\/em>.\",\"settings_perma\":\"Dauerhaft aktivieren und Daten\\u00fcber-tragung zustimmen:\",\"info_link\":\"http:\\\/\\\/www.heise.de\\\/ct\\\/artikel\\\/2-Klicks-fuer-mehr-Datenschutz-1333879.html\",\"uri\":\"https:\\\/\\\/blogs.uni-paderborn.de\\\/oberhausentrifftpaderborn\\\/otp2014\\\/\",\"post_id\":206,\"post_title_referrer_track\":\"OBERHAUSEN+TRIFFT+PADERBORN+2014\",\"display_infobox\":\"on\"});}});\n\/* ]]> *\/<\/script><\/div>\n<div class=\"wp-block-media-text alignwide is-stacked-on-mobile has-tertiary-background-color has-background\" style=\"grid-template-columns:40% auto\"><figure class=\"wp-block-media-text__media\"><img loading=\"lazy\" decoding=\"async\" width=\"724\" height=\"1024\" src=\"https:\/\/blogs.uni-paderborn.de\/oberhausentrifftpaderborn\/files\/2023\/11\/OberhausentrifftPaderborn_Plakat_2014-724x1024.jpg\" alt=\"\" class=\"wp-image-38 size-full\" srcset=\"https:\/\/blogs.uni-paderborn.de\/oberhausentrifftpaderborn\/files\/2023\/11\/OberhausentrifftPaderborn_Plakat_2014-724x1024.jpg 724w, https:\/\/blogs.uni-paderborn.de\/oberhausentrifftpaderborn\/files\/2023\/11\/OberhausentrifftPaderborn_Plakat_2014-212x300.jpg 212w, https:\/\/blogs.uni-paderborn.de\/oberhausentrifftpaderborn\/files\/2023\/11\/OberhausentrifftPaderborn_Plakat_2014-768x1086.jpg 768w, https:\/\/blogs.uni-paderborn.de\/oberhausentrifftpaderborn\/files\/2023\/11\/OberhausentrifftPaderborn_Plakat_2014-1086x1536.jpg 1086w, https:\/\/blogs.uni-paderborn.de\/oberhausentrifftpaderborn\/files\/2023\/11\/OberhausentrifftPaderborn_Plakat_2014.jpg 1448w\" sizes=\"auto, (max-width: 724px) 100vw, 724px\" \/><\/figure><div class=\"wp-block-media-text__content\">\n<h3 class=\"wp-block-heading\"><strong>KURZINFO<\/strong><\/h3>\n\n\n\n<p><strong>Kurzfilmnacht Nr. 7 <\/strong><br>13.11.2014 | 20:00 Uhr | Cineplex Paderborn<br>Organisator:innen: Alekper Imanov, Christine Becker, Oleksii Okhotiuk, Sarah Wissing, Agata Pilarska, Elisabeth Hannappel, Ricarda Huyeng, Nadja Glorius-Kr\u00f6ger, Tim Sifrin<br>Seminarleitung: Annette Brauerhoch<\/p>\n\n\n\n<p><\/p>\n\n\n\n<div class=\"wp-block-buttons is-layout-flex wp-block-buttons-is-layout-flex\">\n<div class=\"wp-block-button\"><a class=\"wp-block-button__link wp-element-button\" href=\"http:\/\/groups.uni-paderborn.de\/oberhausen-trifft-paderborn\/WS1415\/\" style=\"border-radius:10px\" target=\"_blank\" rel=\"noreferrer noopener\">Veranstaltungs-Website<\/a><\/div>\n<\/div>\n<\/div><\/div>\n\n\n\n<hr class=\"wp-block-separator alignwide has-alpha-channel-opacity is-style-wide\" \/>\n\n\n\n<h2 class=\"wp-block-heading alignwide\">TRAILER<\/h2>\n\n\n\n<p>\/\/\/<\/p>\n\n\n\n<hr class=\"wp-block-separator alignwide has-alpha-channel-opacity is-style-wide\" \/>\n\n\n\n<h2 class=\"wp-block-heading alignwide\">INFO<\/h2>\n\n\n\n<p>Zum 60. Mal fanden im Mai 2014 die internationalen Kurzfilmtage in Oberhausen statt. Auch dieses Jahr hat eine Gruppe Paderborner Studenten unter der Leitung von Prof. Dr. Annette Brauerhoch an diesem Ereignis teilgenommen, um einige Highlights auszuw\u00e4hlen und sie im Rahmen der Kurzfilmnacht in Paderborn vorstellen zu k\u00f6nnen.<\/p>\n\n\n\n<p>Das Oberhausener Filmfestival geh\u00f6rt zu den gr\u00f6\u00dften und bekanntesten Deutschlands. Die Kurzfilme wurden in kategorisierten Bl\u00f6cken gezeigt, die sich in NRW-Wettbewerb, internationaler Wettbewerb, deutscher Wettbewerb sowie Kinder- und Jugendfilmwettbewerb aufteilten. Des weiteren wurden Musikvideos und Profile gezeigt; ein solches widmete sich ausschlie\u00dflich den Werken eines Regisseurs. Auch einzelne Verleiher zeigten in eigenen Kategorien diverse Filme aus ihrem Fundus. Ein weiteres Thema widmete sich dem Kinosaal als Ort: \u201eMemories can&#8217;t wait \u2013 film without film\u201c verzichtete vollst\u00e4ndig auf filmische Projektionen und gab dem Publikum die M\u00f6glichkeit, sich auf andere Aspekte des Kinos zu konzentrieren. Zum runden Geburtstag wurde das Filmfestival mit einigen historischen Filmen er\u00f6ffnet. Diese wollen wir Ihnen nicht vorenthalten und haben zwei davon in unser Programm aufgenommen. Des weiteren haben wir unsere Auswahl aus verschiedenen Kategorien zusammen gestellt, um die Vielfalt der Kurzfilmtage widerspiegeln zu k\u00f6nnen.<\/p>\n\n\n\n<hr class=\"wp-block-separator alignwide has-alpha-channel-opacity is-style-wide\" \/>\n\n\n\n<h2 class=\"wp-block-heading alignwide\">FILMPROGRAMM<\/h2>\n\n\n\n<p><strong>Ma\u00dfnahmen gegen Fanatiker <\/strong><br><em>Werner Herzog, Deutschland, 1969, 11&#8242;<\/em><br>Zum 60. J\u00e4hrigen Bestehen der Kurzfilmtage Oberhausen wurde eine Auswahl historischer Filme in das Programm aufgenommen. Warum Rennpferde Schutz vor ihren Bewunderern brauchen, erkl\u00e4rt \u201eMa\u00dfnahmen gegen Fanatiker\u201c, der 1969 in Oberhausen seine Urvorstellung feierte. Mehrere vermeidliche Experten rund um die Rennbahn geben ihr Fachwissen zum Besten. Der Regisseur Werner Herzog z\u00e4hlt zu den wichtigsten Vertretern des neuen deutschen Films.<\/p>\n\n\n\n<hr class=\"wp-block-separator has-alpha-channel-opacity\" \/>\n\n\n\n<p><strong>Joy<\/strong> <br><em>Cate Shortland, Australien 2001, 10\u2019<\/em><\/p>\n\n\n\n<p>Die junge Joy m\u00f6chte Spa\u00df haben. Am Besten geht das in einer Shopping Mall mit zwei Freundinnen. Die Teenager tun alles, wovon ihre Eltern besser nichts wissen sollten: Stehlen, flirten und provozieren. Ganz aus dem Kopf kriegt sie diese jedoch nicht, immer wieder rollen m\u00f6gliche Ermahnungen durch das Bild und lassen erahnen, warum sie lieber nicht nachhause gehen m\u00f6chte. \u201eJoy\u201c wurde 2001 in Oberhauen vorgestellt und geh\u00f6rte ebenfalls zum Er\u00f6ffnungsprogramm der 60. Internationalen Kurzfilmtage.<\/p>\n\n\n\n<hr class=\"wp-block-separator has-alpha-channel-opacity\" \/>\n\n\n\n<p><strong>Noah<\/strong><br><em>Walter Woodman\/Patrick Cederberg, Kanada 2013, 17\u201930\u2019\u2019<\/em><\/p>\n\n\n\n<p>Wie viele Teenager verbringt auch Noah viel Zeit in sozialen Netzwerken. Der ganze Kurzfilm findet auf einem Laptop- oder Smartphone Bildschirm statt. Chatfenster, Browserleisten, Profilfotos, Facebook-Nachrichten, Kurznachrichten, Videochat &#8211; Stillstand gibt es nicht, st\u00e4ndig klickt sich der Protagonist in ein neues Fenster und kommuniziert mit seinen Mitmenschen. Im digitalen Zeitalter kann man allerdings nicht nur einfacher kommunizieren, sondern auch spionieren, was in diesem Fall eine Wende in seiner Beziehung einleitet. Der Kurzfilm versucht zu zeigen, wie sehr sich das Leben mittlerweile \u00fcber soziale Netzwerke abspielt, gerade f\u00fcr Jugendliche.<\/p>\n\n\n\n<hr class=\"wp-block-separator has-alpha-channel-opacity\" \/>\n\n\n\n<p><strong>Sexy<\/strong><br><em>Kurdwin Ayub, Osterreich, 2013, 3\u2019<\/em><br>\u201eWe can\u2019t stop\u201c: Auf einem Flachbildfernseher l\u00e4uft das Musikvideo von Miley Cyrus. Kurdwin Ayub be\u00e4ugt, kopiert und interpretiert auf ihre eigene Art und Weise. Wie der Popstar r\u00e4kelt sie sich im engen bauchfreien Fitness-Outfit, deutet Kopulationsbewegungen auf dem Leintuch an, wackelt mal mit dem Hintern, aber all das in einem spartanisch eingerichteten Raum anstelle von einer gro\u00dfen B\u00fchne. Wie SEXY sind Bewegungen wie diese ohne Lichteffekte und Backgroundt\u00e4nzer?<\/p>\n\n\n\n<hr class=\"wp-block-separator has-alpha-channel-opacity\" \/>\n\n\n\n<p><strong>That Has Been Bothering Me the Whole Time<\/strong> <br><em>Arash T.Riahi, \u00d6sterreich, 2013, 10\u2019<\/em><br>Tiefes Atmen, Rauschen und Fallen von Stoffen, die zu einem tanzenden K\u00f6rper geh\u00f6ren. Die Kamera abstrahiert die Strukturen und Muster, die diese Bewegungen produzieren. Dennoch wird es nicht sofort deutlich, mit was man in dem Kurzfilm konfrontiert ist, bis die T\u00e4nzerin im Vollbild zu sehen ist. Eingeh\u00fcllt in eine Burka k\u00e4mpft und st\u00f6hnt sie \u2013 mal hektisch, mal t\u00e4nzerisch: Jede Geste und Bewegung ist mit einem politischen Inhalt aufgeladen. Da sich die T\u00e4nzerin in ihrer k\u00f6rperlichen Ausdruckskraft dadurch jedoch nicht einschranken l\u00e4sst, gelingt ihr zun\u00e4chst eine Resignifzierung der Burka. Auf dieses fast optimistische Bild folgt jedoch ein knallharter Bruch: Wie eine Marionette h\u00e4ngt die T\u00e4nzerin in der n\u00e4chsten Einstellung in der Luft, wodurch man ihr mit der Bewegungsfreiheit auch jede M\u00f6glichkeit des individuellen Ausdrucks genommen hat.<\/p>\n\n\n\n<hr class=\"wp-block-separator has-alpha-channel-opacity\" \/>\n\n\n\n<p><strong>Room<\/strong><br><em>Nishizaki Keisuke\/ Okamura Tomomi, Japan 2013, 5\u2019<\/em><br>Der Raum hat nur vier W\u00e4nde, doch wie man diese zum Leben erweckt, zeigt sich im Film &#8222;Room&#8220;. Mithilfe des &#8222;Projection Mappings&#8220; wird eine urbane Landschaft und ein M\u00e4nnchen, welche diese entlangl\u00e4uft, an die W\u00e4nde projeziert, w\u00e4hrend die Kamera im 360 Grad Winkel mitl\u00e4uft. Hinzu kommt ein rythmischer Beat, der den Sog auf den Zuschauer noch verst\u00e4rkt.<\/p>\n\n\n\n<hr class=\"wp-block-separator has-alpha-channel-opacity\" \/>\n\n\n\n<p><strong>Vor dem Tor des Ijtihad<\/strong><br><em>Mehmet Akif B\u00fcy\u00fckatalay, Deutschland 2013, 16\u2019<\/em><br>Vier muslimische Freunde unternehmen einen Ausflug in den Wald, um gemeinsam zu beten und sich zu unterhalten. Seydi gesteht seinen Freunden, er habe ges\u00fcndigt und verdiene es, zu sterben. Die Freunde geraten immer mehr in die Spirale der Auseinandersetzung mit dem Islam, S\u00fcnde und Glauben, Vergebung und Bestrafung, denn Seydi verlangt von seinen Freunden die Vollstreckung der gerechten Strafe: er bittet sie, sein Leben in dieser Nacht zu beenden.<\/p>\n\n\n\n<hr class=\"wp-block-separator has-alpha-channel-opacity\" \/>\n\n\n\n<p><strong>Molly und Andy<\/strong><br><em>Ceci Leal, Deutschland 2013, 4&#8217;30&#8220;<\/em><br>Molly und Andy sind Meerschweinchen aus S\u00fcdamerika und eine niedliche Metapher daf\u00fcr, wie sich Migranten in Deutschland bei seltsamen Wetter, ungewohntem Essen, Einsamkeit, Heimweh und fremden Menschen f\u00fchlen. Energievoll und \u00fcberraschend werden die Migrationserfahrungen der Regisseurin in einer Kombination aus Lege-Animation und Realfilmbildern spielerisch umgesetzt.<\/p>\n\n\n\n<hr class=\"wp-block-separator has-alpha-channel-opacity\" \/>\n\n\n\n<p><strong>Good soil <\/strong><br><em>Sebastian Lemke, Deutschland 2013, 8&#8242;<\/em><br>Der in Nordrhein-Westfalen entstandene Dokumentationsfilm stellt uns einen G\u00e4rtner vor, der inzwischen in einem Geisterdorf lebt: Der Braunkohletagebau hat die Umgebung so sehr ver\u00e4ndert, dass kaum noch ein Mensch dort leben m\u00f6chte. Doch er h\u00e4ngt an seinem Betrieb und m\u00f6chte seine Heimat nicht verlassen. So spiegelt er die entt\u00e4uschten Sehns\u00fcchte der verbliebenen Bewohner, vor dem Hintergrund des Niedergangs einer ganzen Region, auf magische Weise in der Montage einer idealisierten Modellbauwelt wider.<\/p>\n\n\n\n<hr class=\"wp-block-separator has-alpha-channel-opacity\" \/>\n\n\n\n<p><strong>Die Bergfrau<\/strong><br><em>Kerstin Neuwirth, Deutschland\/\u00d6sterreich, 2014, 18&#8242;<\/em><br>In den Alpen von \u00d6sterreich betrachten wir die malerische Umgebung der Bergfrau und ihrer Famile. Bildgewaltig, ruhig und manchmal wie in einem Traum wird deren Alltag voller Arbeit und Ersch\u00f6pfung dargestellt, dabei wird der Zuschauer seinen eigenen Assoziationen \u00fcberlassen. Die m\u00e4rchenhafte, sogar mysteri\u00f6s anmutende Aufmachung l\u00e4sst jegliche Interpretation offen. Bild und Ton bilden eine harmonische Klammer und f\u00fchren die Figuren zur\u00fcck an Orte der Erinnerung zwischen Leben und Tod.<\/p>\n\n\n\n<hr class=\"wp-block-separator has-alpha-channel-opacity\" \/>\n\n\n\n<p><strong>S.O.S. Extraterrestria<\/strong> <br><em>Mara Mattuschka, \u00d6sterreich\/Deutschland, 1993, 10&#8242;<\/em><br>\u201eS.O.S. Extraterrestria\u201c stellt auf am\u00fcsante Weise dar, wie eine kost\u00fcmierte Riesin aus dem All wild und unberechenbar eine Stadt verw\u00fcstet, bizarre Laute von sich gibt und f\u00fcr den Eiffelturm ihre ganz eigene Verwendung findet.<\/p>\n\n\n\n<hr class=\"wp-block-separator has-alpha-channel-opacity\" \/>\n\n\n\n<p><strong>Der Investor (Die goldenen Zitronen)<\/strong> <br><em>K.Duve\/T.Gaier\/T.Schierhorn Deutschland 2013, 4\u2019<\/em><br>In dem Musikvideo \u201eDer Investor\u201c von Die Goldene Zitrone wird in einem abgestellten Bahnhof ein Catwalk der Begehrlichkeiten inszeniert und klare Verh\u00e4ltnisse geschaffen. Die Band l\u00e4uft mit zahlreichen Bekannten zu modischer Hochform auf, w\u00e4hrend jeder H\u00f6flichkeit und falschen Freundlichkeit eine Bestandsaufnahme zum Verh\u00e4ltnis von Kunst und Kapital gemacht wird.<\/p>\n\n\n\n<hr class=\"wp-block-separator has-alpha-channel-opacity\" \/>\n\n\n\n<p>\u201e<strong>Two Films about Loneliness<\/strong>&#8220; <br><em>Christopher Eales, Will Bishop-Stephens, Gro\u00dfbritannien 2014, 5&#8217;30&#8220;<\/em><br>Das Stadtleben kann sehr einsam sein. Der Animationsfilm zeigt zwei parallel ablaufende Geschichten. W\u00e4hrend der eine versucht, das Alleinsein mittels Chatbekanntschaften im Internet zu kompensieren, nimmt der andere mit der Webcam seine Kochk\u00fcnste auf. Doch die Technik versagt und ein Gef\u00fchlsausbruch sorgt schlie\u00dflich daf\u00fcr, dass die Protagonisten zueinander finden.<\/p>\n\n\n\n<hr class=\"wp-block-separator alignwide has-alpha-channel-opacity is-style-wide\" \/>\n\n\n\n<h2 class=\"wp-block-heading alignwide\">TEAM<\/h2>\n\n\n\n<div class=\"wp-block-columns is-layout-flex wp-container-core-columns-is-layout-28f84493 wp-block-columns-is-layout-flex\">\n<div class=\"wp-block-column is-layout-flow wp-block-column-is-layout-flow\">\n<figure class=\"wp-block-image size-full\"><img loading=\"lazy\" decoding=\"async\" width=\"608\" height=\"639\" src=\"https:\/\/blogs.uni-paderborn.de\/oberhausentrifftpaderborn\/files\/2024\/09\/grafik-26.png\" alt=\"\" class=\"wp-image-326\" srcset=\"https:\/\/blogs.uni-paderborn.de\/oberhausentrifftpaderborn\/files\/2024\/09\/grafik-26.png 608w, https:\/\/blogs.uni-paderborn.de\/oberhausentrifftpaderborn\/files\/2024\/09\/grafik-26-285x300.png 285w\" sizes=\"auto, (max-width: 608px) 100vw, 608px\" \/><\/figure>\n<\/div>\n\n\n\n<div class=\"wp-block-column is-layout-flow wp-block-column-is-layout-flow\">\n<figure class=\"wp-block-image size-full\"><img loading=\"lazy\" decoding=\"async\" width=\"608\" height=\"639\" src=\"https:\/\/blogs.uni-paderborn.de\/oberhausentrifftpaderborn\/files\/2024\/09\/grafik-27.png\" alt=\"\" class=\"wp-image-327\" srcset=\"https:\/\/blogs.uni-paderborn.de\/oberhausentrifftpaderborn\/files\/2024\/09\/grafik-27.png 608w, https:\/\/blogs.uni-paderborn.de\/oberhausentrifftpaderborn\/files\/2024\/09\/grafik-27-285x300.png 285w\" sizes=\"auto, (max-width: 608px) 100vw, 608px\" \/><\/figure>\n<\/div>\n\n\n\n<div class=\"wp-block-column is-layout-flow wp-block-column-is-layout-flow\">\n<figure class=\"wp-block-image size-full\"><img loading=\"lazy\" decoding=\"async\" width=\"608\" height=\"639\" src=\"https:\/\/blogs.uni-paderborn.de\/oberhausentrifftpaderborn\/files\/2024\/09\/grafik-28.png\" alt=\"\" class=\"wp-image-328\" srcset=\"https:\/\/blogs.uni-paderborn.de\/oberhausentrifftpaderborn\/files\/2024\/09\/grafik-28.png 608w, https:\/\/blogs.uni-paderborn.de\/oberhausentrifftpaderborn\/files\/2024\/09\/grafik-28-285x300.png 285w\" sizes=\"auto, (max-width: 608px) 100vw, 608px\" \/><\/figure>\n<\/div>\n\n\n\n<div class=\"wp-block-column is-layout-flow wp-block-column-is-layout-flow\">\n<figure class=\"wp-block-image size-full\"><img loading=\"lazy\" decoding=\"async\" width=\"608\" height=\"639\" src=\"https:\/\/blogs.uni-paderborn.de\/oberhausentrifftpaderborn\/files\/2024\/09\/grafik-29.png\" alt=\"\" class=\"wp-image-329\" srcset=\"https:\/\/blogs.uni-paderborn.de\/oberhausentrifftpaderborn\/files\/2024\/09\/grafik-29.png 608w, https:\/\/blogs.uni-paderborn.de\/oberhausentrifftpaderborn\/files\/2024\/09\/grafik-29-285x300.png 285w\" sizes=\"auto, (max-width: 608px) 100vw, 608px\" \/><\/figure>\n<\/div>\n<\/div>\n\n\n\n<div class=\"wp-block-columns is-layout-flex wp-container-core-columns-is-layout-28f84493 wp-block-columns-is-layout-flex\">\n<div class=\"wp-block-column is-layout-flow wp-block-column-is-layout-flow\">\n<figure class=\"wp-block-image size-full\"><img loading=\"lazy\" decoding=\"async\" width=\"608\" height=\"639\" src=\"https:\/\/blogs.uni-paderborn.de\/oberhausentrifftpaderborn\/files\/2024\/09\/grafik-30.png\" alt=\"\" class=\"wp-image-330\" srcset=\"https:\/\/blogs.uni-paderborn.de\/oberhausentrifftpaderborn\/files\/2024\/09\/grafik-30.png 608w, https:\/\/blogs.uni-paderborn.de\/oberhausentrifftpaderborn\/files\/2024\/09\/grafik-30-285x300.png 285w\" sizes=\"auto, (max-width: 608px) 100vw, 608px\" \/><\/figure>\n<\/div>\n\n\n\n<div class=\"wp-block-column is-layout-flow wp-block-column-is-layout-flow\">\n<figure class=\"wp-block-image size-large is-resized\"><img loading=\"lazy\" decoding=\"async\" width=\"1024\" height=\"1011\" src=\"https:\/\/blogs.uni-paderborn.de\/oberhausentrifftpaderborn\/files\/2024\/09\/grafik-31-1024x1011.png\" alt=\"\" class=\"wp-image-331\" style=\"width:152px;height:auto\" srcset=\"https:\/\/blogs.uni-paderborn.de\/oberhausentrifftpaderborn\/files\/2024\/09\/grafik-31-1024x1011.png 1024w, https:\/\/blogs.uni-paderborn.de\/oberhausentrifftpaderborn\/files\/2024\/09\/grafik-31-300x296.png 300w, https:\/\/blogs.uni-paderborn.de\/oberhausentrifftpaderborn\/files\/2024\/09\/grafik-31-768x758.png 768w, https:\/\/blogs.uni-paderborn.de\/oberhausentrifftpaderborn\/files\/2024\/09\/grafik-31.png 1303w\" sizes=\"auto, (max-width: 1024px) 100vw, 1024px\" \/><\/figure>\n<\/div>\n\n\n\n<div class=\"wp-block-column is-layout-flow wp-block-column-is-layout-flow\">\n<figure class=\"wp-block-image size-full is-resized\"><img loading=\"lazy\" decoding=\"async\" width=\"608\" height=\"639\" src=\"https:\/\/blogs.uni-paderborn.de\/oberhausentrifftpaderborn\/files\/2024\/09\/grafik-32.png\" alt=\"\" class=\"wp-image-332\" style=\"width:142px;height:auto\" srcset=\"https:\/\/blogs.uni-paderborn.de\/oberhausentrifftpaderborn\/files\/2024\/09\/grafik-32.png 608w, https:\/\/blogs.uni-paderborn.de\/oberhausentrifftpaderborn\/files\/2024\/09\/grafik-32-285x300.png 285w\" sizes=\"auto, (max-width: 608px) 100vw, 608px\" \/><\/figure>\n<\/div>\n\n\n\n<div class=\"wp-block-column is-layout-flow wp-block-column-is-layout-flow\">\n<figure class=\"wp-block-image size-large is-resized\"><img loading=\"lazy\" decoding=\"async\" width=\"1024\" height=\"1011\" src=\"https:\/\/blogs.uni-paderborn.de\/oberhausentrifftpaderborn\/files\/2024\/09\/grafik-33-1024x1011.png\" alt=\"\" class=\"wp-image-333\" style=\"width:149px;height:auto\" srcset=\"https:\/\/blogs.uni-paderborn.de\/oberhausentrifftpaderborn\/files\/2024\/09\/grafik-33-1024x1011.png 1024w, https:\/\/blogs.uni-paderborn.de\/oberhausentrifftpaderborn\/files\/2024\/09\/grafik-33-300x296.png 300w, https:\/\/blogs.uni-paderborn.de\/oberhausentrifftpaderborn\/files\/2024\/09\/grafik-33-768x758.png 768w, https:\/\/blogs.uni-paderborn.de\/oberhausentrifftpaderborn\/files\/2024\/09\/grafik-33.png 1303w\" sizes=\"auto, (max-width: 1024px) 100vw, 1024px\" \/><\/figure>\n<\/div>\n<\/div>\n\n\n\n<div class=\"wp-block-columns is-layout-flex wp-container-core-columns-is-layout-28f84493 wp-block-columns-is-layout-flex\">\n<div class=\"wp-block-column is-layout-flow wp-block-column-is-layout-flow\">\n<figure class=\"wp-block-image size-full\"><img loading=\"lazy\" decoding=\"async\" width=\"608\" height=\"639\" src=\"https:\/\/blogs.uni-paderborn.de\/oberhausentrifftpaderborn\/files\/2024\/09\/grafik-34.png\" alt=\"\" class=\"wp-image-334\" srcset=\"https:\/\/blogs.uni-paderborn.de\/oberhausentrifftpaderborn\/files\/2024\/09\/grafik-34.png 608w, https:\/\/blogs.uni-paderborn.de\/oberhausentrifftpaderborn\/files\/2024\/09\/grafik-34-285x300.png 285w\" sizes=\"auto, (max-width: 608px) 100vw, 608px\" \/><\/figure>\n<\/div>\n\n\n\n<div class=\"wp-block-column is-layout-flow wp-block-column-is-layout-flow\"><\/div>\n\n\n\n<div class=\"wp-block-column is-layout-flow wp-block-column-is-layout-flow\"><\/div>\n\n\n\n<div class=\"wp-block-column is-layout-flow wp-block-column-is-layout-flow\"><\/div>\n<\/div>\n\n\n\n<p>Alekper Imanov, Christine Becker, Oleksii Okhotiuk, Sarah Wissing, Agata Pilarska, Elisabeth Hannappel, Ricarda Huyeng, Nadja Glorius-Kr\u00f6ger, Tim Sifrin<\/p>\n\n\n\n<hr class=\"wp-block-separator alignwide has-alpha-channel-opacity is-style-wide\" \/>\n\n\n\n<h2 class=\"wp-block-heading alignwide\">SPONSOREN<\/h2>\n\n\n\n<div class=\"wp-block-columns has-cyan-bluish-gray-background-color has-background is-layout-flex wp-container-core-columns-is-layout-28f84493 wp-block-columns-is-layout-flex\">\n<div class=\"wp-block-column is-layout-flow wp-block-column-is-layout-flow\">\n<figure class=\"wp-block-image size-full is-resized\"><img loading=\"lazy\" decoding=\"async\" width=\"90\" height=\"150\" src=\"https:\/\/blogs.uni-paderborn.de\/oberhausentrifftpaderborn\/files\/2024\/09\/grafik-21.png\" alt=\"\" class=\"wp-image-320\" style=\"width:49px;height:auto\" \/><\/figure>\n\n\n\n<p><figure class=\"wp-block-image aligncenter size-full is-resized\"><img loading=\"lazy\" decoding=\"async\" width=\"170\" height=\"190\" class=\"wp-image-324\" style=\"width:81px;height:auto\" src=\"https:\/\/blogs.uni-paderborn.de\/oberhausentrifftpaderborn\/files\/2024\/09\/grafik-25.png\" alt=\"\"><\/figure><br><figure class=\"wp-block-image size-full is-resized\"><\/figure><\/p>\n<\/div>\n\n\n\n<div class=\"wp-block-column is-layout-flow wp-block-column-is-layout-flow\">\n<p><figure class=\"wp-block-image aligncenter size-full is-resized\"><img loading=\"lazy\" decoding=\"async\" width=\"250\" height=\"100\" class=\"wp-image-323\" style=\"width:153px;height:auto\" src=\"https:\/\/blogs.uni-paderborn.de\/oberhausentrifftpaderborn\/files\/2024\/09\/grafik-24.png\" alt=\"\"><\/figure><\/p>\n\n\n\n<figure class=\"wp-block-image size-full is-resized\"><img loading=\"lazy\" decoding=\"async\" width=\"450\" height=\"100\" src=\"https:\/\/blogs.uni-paderborn.de\/oberhausentrifftpaderborn\/files\/2024\/09\/grafik-22.png\" alt=\"\" class=\"wp-image-321\" style=\"width:306px;height:auto\" srcset=\"https:\/\/blogs.uni-paderborn.de\/oberhausentrifftpaderborn\/files\/2024\/09\/grafik-22.png 450w, https:\/\/blogs.uni-paderborn.de\/oberhausentrifftpaderborn\/files\/2024\/09\/grafik-22-300x67.png 300w\" sizes=\"auto, (max-width: 450px) 100vw, 450px\" \/><\/figure>\n<\/div>\n\n\n\n<div class=\"wp-block-column is-layout-flow wp-block-column-is-layout-flow\">\n<figure class=\"wp-block-image size-full\"><img loading=\"lazy\" decoding=\"async\" width=\"330\" height=\"120\" src=\"https:\/\/blogs.uni-paderborn.de\/oberhausentrifftpaderborn\/files\/2024\/09\/grafik-23.png\" alt=\"\" class=\"wp-image-322\" srcset=\"https:\/\/blogs.uni-paderborn.de\/oberhausentrifftpaderborn\/files\/2024\/09\/grafik-23.png 330w, https:\/\/blogs.uni-paderborn.de\/oberhausentrifftpaderborn\/files\/2024\/09\/grafik-23-300x109.png 300w\" sizes=\"auto, (max-width: 330px) 100vw, 330px\" \/><\/figure>\n<\/div>\n<\/div>\n\n\n\n<p><\/p>\n\n\n\n<div class=\"wp-block-columns is-layout-flex wp-container-core-columns-is-layout-28f84493 wp-block-columns-is-layout-flex\">\n<div class=\"wp-block-column is-layout-flow wp-block-column-is-layout-flow\"><\/div>\n\n\n\n<div class=\"wp-block-column is-layout-flow wp-block-column-is-layout-flow\"><\/div>\n\n\n\n<div class=\"wp-block-column is-layout-flow wp-block-column-is-layout-flow\"><\/div>\n<\/div>\n","protected":false},"excerpt":{"rendered":"<p>TRAILER \/\/\/ INFO Zum 60. Mal fanden im Mai 2014 die internationalen Kurzfilmtage in Oberhausen statt. Auch dieses Jahr hat eine Gruppe Paderborner Studenten unter der Leitung von Prof. Dr. Annette Brauerhoch an diesem Ereignis teilgenommen, um einige Highlights auszuw\u00e4hlen und sie im Rahmen der Kurzfilmnacht in Paderborn vorstellen zu k\u00f6nnen. Das Oberhausener Filmfestival geh\u00f6rt [&hellip;]<\/p>\n","protected":false},"author":9268,"featured_media":38,"parent":0,"menu_order":0,"comment_status":"closed","ping_status":"closed","template":"","meta":{"footnotes":""},"class_list":["post-206","page","type-page","status-publish","has-post-thumbnail","hentry"],"_links":{"self":[{"href":"https:\/\/blogs.uni-paderborn.de\/oberhausentrifftpaderborn\/wp-json\/wp\/v2\/pages\/206","targetHints":{"allow":["GET"]}}],"collection":[{"href":"https:\/\/blogs.uni-paderborn.de\/oberhausentrifftpaderborn\/wp-json\/wp\/v2\/pages"}],"about":[{"href":"https:\/\/blogs.uni-paderborn.de\/oberhausentrifftpaderborn\/wp-json\/wp\/v2\/types\/page"}],"author":[{"embeddable":true,"href":"https:\/\/blogs.uni-paderborn.de\/oberhausentrifftpaderborn\/wp-json\/wp\/v2\/users\/9268"}],"replies":[{"embeddable":true,"href":"https:\/\/blogs.uni-paderborn.de\/oberhausentrifftpaderborn\/wp-json\/wp\/v2\/comments?post=206"}],"version-history":[{"count":7,"href":"https:\/\/blogs.uni-paderborn.de\/oberhausentrifftpaderborn\/wp-json\/wp\/v2\/pages\/206\/revisions"}],"predecessor-version":[{"id":337,"href":"https:\/\/blogs.uni-paderborn.de\/oberhausentrifftpaderborn\/wp-json\/wp\/v2\/pages\/206\/revisions\/337"}],"wp:featuredmedia":[{"embeddable":true,"href":"https:\/\/blogs.uni-paderborn.de\/oberhausentrifftpaderborn\/wp-json\/wp\/v2\/media\/38"}],"wp:attachment":[{"href":"https:\/\/blogs.uni-paderborn.de\/oberhausentrifftpaderborn\/wp-json\/wp\/v2\/media?parent=206"}],"curies":[{"name":"wp","href":"https:\/\/api.w.org\/{rel}","templated":true}]}}