{"id":184,"date":"2023-11-12T22:53:30","date_gmt":"2023-11-12T21:53:30","guid":{"rendered":"https:\/\/blogs.uni-paderborn.de\/oberhausentrifftpaderborn\/?page_id=184"},"modified":"2024-09-12T01:10:08","modified_gmt":"2024-09-11T23:10:08","slug":"otp2011","status":"publish","type":"page","link":"https:\/\/blogs.uni-paderborn.de\/oberhausentrifftpaderborn\/otp2011\/","title":{"rendered":"OBERHAUSEN TRIFFT PADERBORN 2011"},"content":{"rendered":"<div class=\"twoclick_social_bookmarks_post_184 social_share_privacy clearfix 1.6.4 locale-de_DE sprite-de_DE\"><\/div><div class=\"twoclick-js\"><script type=\"text\/javascript\">\/* <![CDATA[ *\/\njQuery(document).ready(function($){if($('.twoclick_social_bookmarks_post_184')){$('.twoclick_social_bookmarks_post_184').socialSharePrivacy({\"txt_help\":\"Wenn Sie diese Felder durch einen Klick aktivieren, werden Informationen an Facebook, Twitter, Flattr, Xing, t3n, LinkedIn, Pinterest oder Google eventuell ins Ausland \\u00fcbertragen und unter Umst\\u00e4nden auch dort gespeichert. N\\u00e4heres erfahren Sie durch einen Klick auf das <em>i<\\\/em>.\",\"settings_perma\":\"Dauerhaft aktivieren und Daten\\u00fcber-tragung zustimmen:\",\"info_link\":\"http:\\\/\\\/www.heise.de\\\/ct\\\/artikel\\\/2-Klicks-fuer-mehr-Datenschutz-1333879.html\",\"uri\":\"https:\\\/\\\/blogs.uni-paderborn.de\\\/oberhausentrifftpaderborn\\\/otp2011\\\/\",\"post_id\":184,\"post_title_referrer_track\":\"OBERHAUSEN+TRIFFT+PADERBORN+2011\",\"display_infobox\":\"on\"});}});\n\/* ]]> *\/<\/script><\/div>\n<div class=\"wp-block-media-text alignwide is-stacked-on-mobile has-tertiary-background-color has-background\" style=\"grid-template-columns:40% auto\"><figure class=\"wp-block-media-text__media\"><img loading=\"lazy\" decoding=\"async\" width=\"725\" height=\"1024\" src=\"https:\/\/blogs.uni-paderborn.de\/oberhausentrifftpaderborn\/files\/2023\/11\/OberhausentrifftPaderborn_Plakat_2011-1-725x1024.jpg\" alt=\"\" class=\"wp-image-35 size-full\" srcset=\"https:\/\/blogs.uni-paderborn.de\/oberhausentrifftpaderborn\/files\/2023\/11\/OberhausentrifftPaderborn_Plakat_2011-1-725x1024.jpg 725w, https:\/\/blogs.uni-paderborn.de\/oberhausentrifftpaderborn\/files\/2023\/11\/OberhausentrifftPaderborn_Plakat_2011-1-212x300.jpg 212w, https:\/\/blogs.uni-paderborn.de\/oberhausentrifftpaderborn\/files\/2023\/11\/OberhausentrifftPaderborn_Plakat_2011-1-768x1085.jpg 768w, https:\/\/blogs.uni-paderborn.de\/oberhausentrifftpaderborn\/files\/2023\/11\/OberhausentrifftPaderborn_Plakat_2011-1-1088x1536.jpg 1088w, https:\/\/blogs.uni-paderborn.de\/oberhausentrifftpaderborn\/files\/2023\/11\/OberhausentrifftPaderborn_Plakat_2011-1.jpg 1196w\" sizes=\"auto, (max-width: 725px) 100vw, 725px\" \/><\/figure><div class=\"wp-block-media-text__content\">\n<h3 class=\"wp-block-heading\"><strong>KURZINFO<\/strong><\/h3>\n\n\n\n<p><strong>Kurzfilmnacht Nr. 4<\/strong><br>10.11.2011 | 20:15 Uhr | Cineplex Paderborn<br>Organisator:innen: tba.<br>Seminarleitung: Annette Brauerhoch<\/p>\n\n\n\n<p><\/p>\n\n\n\n<div class=\"wp-block-buttons is-layout-flex wp-block-buttons-is-layout-flex\">\n<div class=\"wp-block-button\"><a class=\"wp-block-button__link wp-element-button\" href=\"http:\/\/groups.uni-paderborn.de\/oberhausen-trifft-paderborn\/WS1112\/\" style=\"border-radius:10px\" target=\"_blank\" rel=\"noreferrer noopener\">Veranstaltungs-Website<\/a><\/div>\n<\/div>\n<\/div><\/div>\n\n\n\n<hr class=\"wp-block-separator alignwide has-alpha-channel-opacity is-style-wide\" \/>\n\n\n\n<h2 class=\"wp-block-heading alignwide\">TRAILER<\/h2>\n\n\n\n<p>\/\/\/<\/p>\n\n\n\n<hr class=\"wp-block-separator alignwide has-alpha-channel-opacity is-style-wide\" \/>\n\n\n\n<h2 class=\"wp-block-heading alignwide\">INFO<\/h2>\n\n\n\n<p><strong>Darf\u00b4s auch ein wenig k\u00fcrzer sein?<\/strong> <br><strong>Die Kurzfilmnacht: Oberhausen trifft Paderborn<\/strong><\/p>\n\n\n\n<p>Wir zeigen euch exklusiv ausgew\u00e4hlte und preisgekr\u00f6nte Filme der 57. Internationalen Kurzfilmtage Oberhausen auf gro\u00dfer Leinwand in Paderborn.<\/p>\n\n\n\n<h2 class=\"wp-block-heading alignwide\">ZUM PROJEKT<\/h2>\n\n\n\n<p>Die Idee zu dem studentischen Projekt &#8222;Oberhausen trifft Paderborn&#8220; entstand im Rahmen des gleichnamigen Seminars an der Universit\u00e4t Paderborn und einer Exkursion zu den Internationalen Kurzfilmtagen in Oberhausen. Das Kurzfilmfestival im Ruhrgebiet ist im Laufe der vergangenen Jahrzehnte zu einem der wichtigsten Kurzfilmfestivals und damit wichtige Plattform f\u00fcr nationale und internationale Kurzfilme geworden. Der Lichtburg Filmpalast zeigt j\u00e4hrlich Kurzfilme aus aller Welt und verleiht Preise in den Kategorien: Internationaler Wettbewerb, Deutscher Wettbewerb, NRW- Wettbewerb, Kinder- und Jugendkino und Musikvideo.<\/p>\n\n\n\n<p>Die Exkursion zu den Kurzfilmtagen Oberhausen lie\u00df uns bewusst werden, dass dieses Format in seinem k\u00fcnstlerischen Anspruch und seinem Ausdruck eine unverwechselbare Intensit\u00e4t besitzt, die immer wieder neue Ma\u00dfst\u00e4be f\u00fcr Langfilmformen setzt. Trotzdem wird dem Kurzfilm neben dem konventionellen Langfilm nach wie vor zu wenig Aufmerksamkeit zu Teil und bekommt zuweilen unberechtigter Weise einen musealen Charakter zugeschrieben.<\/p>\n\n\n\n<p>Im November des letzten Jahres fand die Kurzfilmnacht &#8222;Oberhausen trifft Paderborn&#8220; zum dritten Mal statt und stie\u00df bei den Studierenden sowie dem Paderborner Filmpublikum auf erfreulich gro\u00dfes Interesse. Die Resonanz war durchweg positiv. Motiviert durch den Erfolg dieses Projektes wollen wir in diesem Jahr erneut den Kurzfilm f\u00fcr eine Nacht in den Mittelpunkt der Kinob\u00fchne r\u00fccken.<\/p>\n\n\n\n<p>&#8222;Oberhausen trifft Paderborn&#8220; ist ein Projekt, das die Bedeutung des Formats Kurzfilm unterstreichen und, ankn\u00fcpfend an den Erfolg der vergangenen drei Jahre, in der kulturellen Landschaft Paderborns etablieren m\u00f6chte. Die Kurzfilmnacht richtet sich an alle Filminteressierten in Paderborn und Umgebung, Studierende und Stadtbewohner gleicherma\u00dfen.<\/p>\n\n\n\n<p>Mit der circa zweist\u00fcndigen Vorf\u00fchrung nationaler sowie internationaler Kurzfilme verschiedener Genres wollen wir ein von uns zusammengestelltes Programm pr\u00e4sentieren. Dabei handelt es sich um ausgew\u00e4hlte Kurzfilme der diesj\u00e4hrigen Kurzfilmtage Oberhausen. Unser Ziel ist es, unsere Begeisterung f\u00fcr diese Kunstform zu teilen und dem Publikum neue Blicke auf das Medium Film zu erm\u00f6glichen. Das Kurzfilmprogramm soll den Zuschauer bewegen, ihn inspirieren, ihn unterhalten und zum nachdenken anregen. An diesem Abend m\u00f6chten wir f\u00fcr den Kurzfilm begeistern<\/p>\n\n\n\n<hr class=\"wp-block-separator alignwide has-alpha-channel-opacity is-style-wide\" \/>\n\n\n\n<h2 class=\"wp-block-heading alignwide\">FILMPROGRAMM<\/h2>\n\n\n\n<h3 class=\"wp-block-heading\">BLOCK A<\/h3>\n\n\n\n<p><a href=\"http:\/\/groups.uni-paderborn.de\/oberhausen-trifft-paderborn\/WS1112\/stuck.html\">STUCK IN A GROOVE<\/a><br>\u00d6sterreich 2010 | Clemens Kogler | 4 Minuten<\/p>\n\n\n\n<p><a href=\"http:\/\/groups.uni-paderborn.de\/oberhausen-trifft-paderborn\/WS1112\/mad.html\">MAD DOGS AND ENGLISHMEN<\/a><br>Gro\u00dfbritannien 2011 | Daniel Chester | 5 Minuten<\/p>\n\n\n\n<p><a href=\"http:\/\/groups.uni-paderborn.de\/oberhausen-trifft-paderborn\/WS1112\/fahre.html\">ICH FAHRE MIT DEM FAHRRAD IN EINER HALBEN<br>STUNDE AN DEN RAND DER ATMOSPH\u00c4RE<\/a><br>Deutschland 2011 | Michael Kl\u00f6fkorn | 10 Minuten<\/p>\n\n\n\n<p><a href=\"http:\/\/groups.uni-paderborn.de\/oberhausen-trifft-paderborn\/WS1112\/insc.html\">INSCT<\/a><br>Deutschland 2010 | Johannes Timpernagel | 2:30 Minuten<\/p>\n\n\n\n<p><a href=\"http:\/\/groups.uni-paderborn.de\/oberhausen-trifft-paderborn\/WS1112\/nottheenemy.html\">I\u00b4M NOT THE ENEMY<\/a><br>Deutschland 2011 | Bj\u00f8rn Melhus | 13 Minuten<\/p>\n\n\n\n<p><a href=\"http:\/\/groups.uni-paderborn.de\/oberhausen-trifft-paderborn\/WS1112\/elephant.html\">TRACES OF AN ELEPHANT<\/a><br>Deutschland \/ Gro\u00dfbritannien 2011 | Vanessa Nica Mueller | 27 Minuten<\/p>\n\n\n\n<p><\/p>\n\n\n\n<h3 class=\"wp-block-heading\">BLOCK B<\/h3>\n\n\n\n<p><a href=\"http:\/\/groups.uni-paderborn.de\/oberhausen-trifft-paderborn\/WS1112\/how.html\">HOW TO RAISE THE MOON<\/a><br>Deutschland \/ D\u00e4nemark 2011 | Anja Struck | 8:30 Minuten<\/p>\n\n\n\n<p><a href=\"http:\/\/groups.uni-paderborn.de\/oberhausen-trifft-paderborn\/WS1112\/there.html\">THERE WILL BE SINGING<\/a><br>Deutschland 2010 | Jutojo, Phillip Sollmann | 6 Minuten<\/p>\n\n\n\n<p><a href=\"http:\/\/groups.uni-paderborn.de\/oberhausen-trifft-paderborn\/WS1112\/walls.html\">THREE WALLS<\/a><br>Kanada 2011 | Zaheed Mawani | 25 Minuten<\/p>\n\n\n\n<p><a href=\"http:\/\/groups.uni-paderborn.de\/oberhausen-trifft-paderborn\/WS1112\/point.html\">VANISHING POINT<\/a> <br>Japan 2010 | Takuya Hosogane | 2 Minuten<\/p>\n\n\n\n<p><a href=\"http:\/\/groups.uni-paderborn.de\/oberhausen-trifft-paderborn\/WS1112\/karpf.html\">DIE LEIDEN DES HERRN KARPF &#8211; DIE GEHIRNERSCH\u00dcTTERUNG<\/a> <br>Deutschland \/ \u00d6sterreich 2010 | Lola Randl, Rainer Egger | 10 Minuten<\/p>\n\n\n\n<hr class=\"wp-block-separator alignwide has-alpha-channel-opacity is-style-wide\" \/>\n\n\n\n<h2 class=\"wp-block-heading alignwide\">TEAM<\/h2>\n\n\n\n<p>tba.<\/p>\n\n\n\n<hr class=\"wp-block-separator alignwide has-alpha-channel-opacity is-style-wide\" \/>\n\n\n\n<h2 class=\"wp-block-heading alignwide\">SPONSOREN<\/h2>\n\n\n\n<div class=\"wp-block-columns is-layout-flex wp-container-core-columns-is-layout-28f84493 wp-block-columns-is-layout-flex\">\n<div class=\"wp-block-column is-layout-flow wp-block-column-is-layout-flow\">\n<figure class=\"wp-block-image size-full\"><img loading=\"lazy\" decoding=\"async\" width=\"472\" height=\"173\" src=\"https:\/\/blogs.uni-paderborn.de\/oberhausentrifftpaderborn\/files\/2024\/09\/grafik-10.png\" alt=\"\" class=\"wp-image-301\" srcset=\"https:\/\/blogs.uni-paderborn.de\/oberhausentrifftpaderborn\/files\/2024\/09\/grafik-10.png 472w, https:\/\/blogs.uni-paderborn.de\/oberhausentrifftpaderborn\/files\/2024\/09\/grafik-10-300x110.png 300w\" sizes=\"auto, (max-width: 472px) 100vw, 472px\" \/><\/figure>\n<\/div>\n\n\n\n<div class=\"wp-block-column is-layout-flow wp-block-column-is-layout-flow\">\n<figure class=\"wp-block-image aligncenter size-full is-resized\"><img loading=\"lazy\" decoding=\"async\" width=\"415\" height=\"414\" src=\"https:\/\/blogs.uni-paderborn.de\/oberhausentrifftpaderborn\/files\/2024\/09\/grafik-11.png\" alt=\"\" class=\"wp-image-302\" style=\"width:85px;height:auto\" srcset=\"https:\/\/blogs.uni-paderborn.de\/oberhausentrifftpaderborn\/files\/2024\/09\/grafik-11.png 415w, https:\/\/blogs.uni-paderborn.de\/oberhausentrifftpaderborn\/files\/2024\/09\/grafik-11-300x300.png 300w, https:\/\/blogs.uni-paderborn.de\/oberhausentrifftpaderborn\/files\/2024\/09\/grafik-11-150x150.png 150w\" sizes=\"auto, (max-width: 415px) 100vw, 415px\" \/><\/figure>\n<\/div>\n\n\n\n<div class=\"wp-block-column is-layout-flow wp-block-column-is-layout-flow\">\n<figure class=\"wp-block-image size-large is-resized\"><img loading=\"lazy\" decoding=\"async\" width=\"1024\" height=\"225\" src=\"https:\/\/blogs.uni-paderborn.de\/oberhausentrifftpaderborn\/files\/2024\/09\/grafik-12-1024x225.png\" alt=\"\" class=\"wp-image-303\" style=\"width:207px;height:auto\" srcset=\"https:\/\/blogs.uni-paderborn.de\/oberhausentrifftpaderborn\/files\/2024\/09\/grafik-12-1024x225.png 1024w, https:\/\/blogs.uni-paderborn.de\/oberhausentrifftpaderborn\/files\/2024\/09\/grafik-12-300x66.png 300w, https:\/\/blogs.uni-paderborn.de\/oberhausentrifftpaderborn\/files\/2024\/09\/grafik-12-768x169.png 768w, https:\/\/blogs.uni-paderborn.de\/oberhausentrifftpaderborn\/files\/2024\/09\/grafik-12-1536x338.png 1536w, https:\/\/blogs.uni-paderborn.de\/oberhausentrifftpaderborn\/files\/2024\/09\/grafik-12.png 1654w\" sizes=\"auto, (max-width: 1024px) 100vw, 1024px\" \/><\/figure>\n<\/div>\n\n\n\n<div class=\"wp-block-column is-layout-flow wp-block-column-is-layout-flow\">\n<figure class=\"wp-block-image alignright size-full\"><img loading=\"lazy\" decoding=\"async\" width=\"67\" height=\"70\" src=\"https:\/\/blogs.uni-paderborn.de\/oberhausentrifftpaderborn\/files\/2024\/09\/grafik-13.png\" alt=\"\" class=\"wp-image-304\" \/><\/figure>\n<\/div>\n<\/div>\n\n\n\n<div class=\"wp-block-columns is-layout-flex wp-container-core-columns-is-layout-28f84493 wp-block-columns-is-layout-flex\">\n<div class=\"wp-block-column is-layout-flow wp-block-column-is-layout-flow\">\n<figure class=\"wp-block-image size-full\"><img loading=\"lazy\" decoding=\"async\" width=\"249\" height=\"70\" src=\"https:\/\/blogs.uni-paderborn.de\/oberhausentrifftpaderborn\/files\/2024\/09\/grafik-14.png\" alt=\"\" class=\"wp-image-305\" \/><\/figure>\n<\/div>\n\n\n\n<div class=\"wp-block-column is-layout-flow wp-block-column-is-layout-flow\">\n<figure class=\"wp-block-image aligncenter size-full\"><img loading=\"lazy\" decoding=\"async\" width=\"167\" height=\"70\" src=\"https:\/\/blogs.uni-paderborn.de\/oberhausentrifftpaderborn\/files\/2024\/09\/grafik-15.png\" alt=\"\" class=\"wp-image-306\" \/><\/figure>\n<\/div>\n\n\n\n<div class=\"wp-block-column is-layout-flow wp-block-column-is-layout-flow\">\n<figure class=\"wp-block-image alignright size-full\"><img loading=\"lazy\" decoding=\"async\" width=\"149\" height=\"70\" src=\"https:\/\/blogs.uni-paderborn.de\/oberhausentrifftpaderborn\/files\/2024\/09\/grafik-16.png\" alt=\"\" class=\"wp-image-307\" \/><\/figure>\n<\/div>\n<\/div>\n","protected":false},"excerpt":{"rendered":"<p>TRAILER \/\/\/ INFO Darf\u00b4s auch ein wenig k\u00fcrzer sein? Die Kurzfilmnacht: Oberhausen trifft Paderborn Wir zeigen euch exklusiv ausgew\u00e4hlte und preisgekr\u00f6nte Filme der 57. Internationalen Kurzfilmtage Oberhausen auf gro\u00dfer Leinwand in Paderborn. ZUM PROJEKT Die Idee zu dem studentischen Projekt &#8222;Oberhausen trifft Paderborn&#8220; entstand im Rahmen des gleichnamigen Seminars an der Universit\u00e4t Paderborn und einer [&hellip;]<\/p>\n","protected":false},"author":9268,"featured_media":35,"parent":0,"menu_order":0,"comment_status":"closed","ping_status":"closed","template":"","meta":{"footnotes":""},"class_list":["post-184","page","type-page","status-publish","has-post-thumbnail","hentry"],"_links":{"self":[{"href":"https:\/\/blogs.uni-paderborn.de\/oberhausentrifftpaderborn\/wp-json\/wp\/v2\/pages\/184","targetHints":{"allow":["GET"]}}],"collection":[{"href":"https:\/\/blogs.uni-paderborn.de\/oberhausentrifftpaderborn\/wp-json\/wp\/v2\/pages"}],"about":[{"href":"https:\/\/blogs.uni-paderborn.de\/oberhausentrifftpaderborn\/wp-json\/wp\/v2\/types\/page"}],"author":[{"embeddable":true,"href":"https:\/\/blogs.uni-paderborn.de\/oberhausentrifftpaderborn\/wp-json\/wp\/v2\/users\/9268"}],"replies":[{"embeddable":true,"href":"https:\/\/blogs.uni-paderborn.de\/oberhausentrifftpaderborn\/wp-json\/wp\/v2\/comments?post=184"}],"version-history":[{"count":6,"href":"https:\/\/blogs.uni-paderborn.de\/oberhausentrifftpaderborn\/wp-json\/wp\/v2\/pages\/184\/revisions"}],"predecessor-version":[{"id":309,"href":"https:\/\/blogs.uni-paderborn.de\/oberhausentrifftpaderborn\/wp-json\/wp\/v2\/pages\/184\/revisions\/309"}],"wp:featuredmedia":[{"embeddable":true,"href":"https:\/\/blogs.uni-paderborn.de\/oberhausentrifftpaderborn\/wp-json\/wp\/v2\/media\/35"}],"wp:attachment":[{"href":"https:\/\/blogs.uni-paderborn.de\/oberhausentrifftpaderborn\/wp-json\/wp\/v2\/media?parent=184"}],"curies":[{"name":"wp","href":"https:\/\/api.w.org\/{rel}","templated":true}]}}