{"id":182,"date":"2023-11-12T22:50:59","date_gmt":"2023-11-12T21:50:59","guid":{"rendered":"https:\/\/blogs.uni-paderborn.de\/oberhausentrifftpaderborn\/?page_id=182"},"modified":"2024-09-12T01:55:06","modified_gmt":"2024-09-11T23:55:06","slug":"otp2010","status":"publish","type":"page","link":"https:\/\/blogs.uni-paderborn.de\/oberhausentrifftpaderborn\/otp2010\/","title":{"rendered":"OBERHAUSEN TRIFFT PADERBORN 2010"},"content":{"rendered":"<div class=\"twoclick_social_bookmarks_post_182 social_share_privacy clearfix 1.6.4 locale-de_DE sprite-de_DE\"><\/div><div class=\"twoclick-js\"><script type=\"text\/javascript\">\/* <![CDATA[ *\/\njQuery(document).ready(function($){if($('.twoclick_social_bookmarks_post_182')){$('.twoclick_social_bookmarks_post_182').socialSharePrivacy({\"txt_help\":\"Wenn Sie diese Felder durch einen Klick aktivieren, werden Informationen an Facebook, Twitter, Flattr, Xing, t3n, LinkedIn, Pinterest oder Google eventuell ins Ausland \\u00fcbertragen und unter Umst\\u00e4nden auch dort gespeichert. N\\u00e4heres erfahren Sie durch einen Klick auf das <em>i<\\\/em>.\",\"settings_perma\":\"Dauerhaft aktivieren und Daten\\u00fcber-tragung zustimmen:\",\"info_link\":\"http:\\\/\\\/www.heise.de\\\/ct\\\/artikel\\\/2-Klicks-fuer-mehr-Datenschutz-1333879.html\",\"uri\":\"https:\\\/\\\/blogs.uni-paderborn.de\\\/oberhausentrifftpaderborn\\\/otp2010\\\/\",\"post_id\":182,\"post_title_referrer_track\":\"OBERHAUSEN+TRIFFT+PADERBORN+2010\",\"display_infobox\":\"on\"});}});\n\/* ]]> *\/<\/script><\/div>\n<div class=\"wp-block-media-text alignwide is-stacked-on-mobile has-tertiary-background-color has-background\" style=\"grid-template-columns:40% auto\"><figure class=\"wp-block-media-text__media\"><img loading=\"lazy\" decoding=\"async\" width=\"300\" height=\"420\" src=\"https:\/\/blogs.uni-paderborn.de\/oberhausentrifftpaderborn\/files\/2023\/11\/OberhausentrifftPaderborn_Plakat_2010.jpg\" alt=\"\" class=\"wp-image-34 size-full\" srcset=\"https:\/\/blogs.uni-paderborn.de\/oberhausentrifftpaderborn\/files\/2023\/11\/OberhausentrifftPaderborn_Plakat_2010.jpg 300w, https:\/\/blogs.uni-paderborn.de\/oberhausentrifftpaderborn\/files\/2023\/11\/OberhausentrifftPaderborn_Plakat_2010-214x300.jpg 214w\" sizes=\"auto, (max-width: 300px) 100vw, 300px\" \/><\/figure><div class=\"wp-block-media-text__content\">\n<h3 class=\"wp-block-heading\"><strong>KURZINFO<\/strong><\/h3>\n\n\n\n<p><strong>Kurzfilmnacht Nr. 3<\/strong><br>11.11.2010 | 20:00 Uhr | Cineplex Paderborn<br>Organisator:innen: Lilli Ebert, Johanna Doy\u00e9, Roland Mikosch, Bastian Schulz<br>Seminarleitung: Annette Brauerhoch<\/p>\n\n\n\n<div class=\"wp-block-buttons is-layout-flex wp-block-buttons-is-layout-flex\">\n<div class=\"wp-block-button\"><a class=\"wp-block-button__link wp-element-button\" href=\"http:\/\/groups.uni-paderborn.de\/oberhausen-trifft-paderborn\/WS1011\/index.html\" style=\"border-radius:10px\" target=\"_blank\" rel=\"noreferrer noopener\">Veranstaltungs-Website<\/a><\/div>\n<\/div>\n<\/div><\/div>\n\n\n\n<hr class=\"wp-block-separator alignwide has-alpha-channel-opacity is-style-wide\" \/>\n\n\n\n<h2 class=\"wp-block-heading alignwide\">TRAILER<\/h2>\n\n\n\n<p>\/\/\/<\/p>\n\n\n\n<hr class=\"wp-block-separator alignwide has-alpha-channel-opacity is-style-wide\" \/>\n\n\n\n<h2 class=\"wp-block-heading alignwide\">INFO<\/h2>\n\n\n\n<p>Die Idee zu dem studentischen Projekt &#8222;Oberhausen trifft Paderborn&#8220; entstand im Rahmen des medienwissenschaftlichen Seminars &#8222;Kurz&amp;Knapp, 56. Internationale Kurzfilmtage Oberhausen&#8220; an der Universit\u00e4t Paderborn und einer Exkursion zu den Internationalen Kurzfilmtagen in Oberhausen. Das Kurzfilmfestival im Ruhrgebiet ist im Laufe der vergangenen Jahrzehnte zu einem der wichtigsten Kurzfilmfestivals und damit wichtige Plattform f\u00fcr nationale und internationale Kurzfilme geworden. Der Lichtburg Filmpalast zeigt j\u00e4hrlich Kurzfilme aus aller Welt und verleiht Preise in den Kategorien: Internationaler Wettbewerb, Deutscher Wettbewerb, NRW- Wettbewerb, Kinder- und Jugendkino und Musikvideo.<\/p>\n\n\n\n<p>Die Exkursion zu den Kurzfilmtagen Oberhausen lie\u00df uns bewusst werden, dass dieses Format in seinem k\u00fcnstlerischen Anspruch und seinem Ausdruck eine unverwechselbare Intensit\u00e4t besitzt, die immer wieder neue Ma\u00dfst\u00e4be f\u00fcr Langfilmformen setzt. Trotzdem wird dem Kurzfilm neben dem konventionellen Langfilm nach wie vor zu wenig Aufmerksamkeit zu Teil und bekommt zuweilen unberechtigter Weise einen musealen Charakter zugeschrieben.<\/p>\n\n\n\n<p>Im November des letzten Jahres fand die Kurzfilmnacht &#8222;Oberhausen trifft Paderborn&#8220; zum zweiten Mal statt und stie\u00df bei den Studierenden sowie dem Paderborner Filmpublikum auf erfreulich gro\u00dfes Interesse. Die Resonanz war durchweg positiv. Motiviert durch den Erfolg dieses Projektes wollen wir in diesem Jahr erneut den Kurzfilm f\u00fcr eine Nacht in den Mittelpunkt der Kinob\u00fchne r\u00fccken.<img decoding=\"async\" src=\"http:\/\/groups.uni-paderborn.de\/oberhausen-trifft-paderborn\/WS1011\/vorhang.jpg\" alt=\"Kinosaal Lichtburg\" width=\"300px\"> In einem Kinosaal der Lichtburg. FOTO: Lilli Ebert<\/p>\n\n\n\n<p>&#8222;Oberhausen trifft Paderborn&#8220; ist ein Projekt, das die Bedeutung des Formats Kurzfilm unterstreichen und, ankn\u00fcpfend an den Erfolg der vergangenen zwei Jahre, in der kulturellen Landschaft Paderborns etablieren m\u00f6chte. Die Kurzfilmnacht richtet sich an alle Filminteressierten in Paderborn und Umgebung, Studierende und Stadtbewohner gleicherma\u00dfen.<\/p>\n\n\n\n<p>Mit der circa zweist\u00fcndigen Vorf\u00fchrung nationaler sowie internationaler Kurzfilme verschiedener Genres wollen wir ein von uns zusammengestelltes Programm pr\u00e4sentieren. Dabei handelt es sich um ausgew\u00e4hlte Kurzfilme der diesj\u00e4hrigen Kurzfilmtage Oberhausen. Unser Ziel ist es, unsere Begeisterung f\u00fcr diese Kunstform zu teilen und dem Publikum neue Blicke auf das Medium Film zu erm\u00f6glichen. Das Kurzfilmprogramm soll den Zuschauer bewegen, ihn inspirieren, ihn unterhalten und zum nachdenken anregen. An diesem Abend m\u00f6chten wir f\u00fcr den Kurzfilm begeistern.<\/p>\n\n\n\n<hr class=\"wp-block-separator alignwide has-alpha-channel-opacity is-style-wide\" \/>\n\n\n\n<h2 class=\"wp-block-heading alignwide\">FILMPROGRAMM<\/h2>\n\n\n\n<h3 class=\"wp-block-heading\">Block 1<\/h3>\n\n\n\n<p><strong><a href=\"http:\/\/groups.uni-paderborn.de\/oberhausen-trifft-paderborn\/WS1011\/gesangderjuenglinge.php\">Gesang der J\u00fcnglinge<\/a><\/strong><br><em>Deutschland 2009, Regie: Andree Korpys, Markus L\u00f6ffler, 14&#8217;30 Minuten, Deutsch mit englischen Untertiteln, DVD<\/em><br>\u201eEin Schuss, ein Stromschlag, ein Schrei. Ohnmacht und Kontrollverlust.\u201c, beschreibt die Jury des Deutschen Wettbewerbs diesen experimentellen Dokumentarfilm, der den \u201ePreis f\u00fcr den besten Beitrag des Deutschen Wettbewerbs\u201c gewann. Er beschreibt den schmerzhaften Selbstversuch einer Gruppe Polizisten, die sich dem totalen Kontrollverlust stellen. Die verlorene Selbstbeherrschung spiegelt sich in den sich langsam verlierenden Umgebungsger\u00e4uschen wieder, die sich aufl\u00f6sen und hin\u00fcber gleiten in Karlheinz Stockhausens \u201eGesang der J\u00fcnglinge\u201c. Der Zuschauer wird ins schmerzgequ\u00e4lte Innere der Protagonisten gef\u00fchrt und kann die Verletzlichkeit des Menschen sp\u00fcren.<\/p>\n\n\n\n<p><strong><a href=\"http:\/\/groups.uni-paderborn.de\/oberhausen-trifft-paderborn\/WS1011\/fluessigespapier.php\">\/&#8230;fl\u00fcssiges papier<\/a><\/strong><br><em>Deutschland 2010, Regie: Michel Kl\u00f6fkorn, 4 Minuten, Ohne gesprochene Sprache, HDV<\/em><br>Michael Kl\u00f6fk\u00f6rn, Gewinner des \u201eDeutschen Wettbewerbs\u201c der Oberhausener Kurzfilmtage 2009, ist mit diesem Film unter die \u201eCutter\u201c gegangen, und das im wahrsten Sinne des Wortes. Unz\u00e4hlige ausgestanzte Seiten, diverser Fotob\u00fccher, werden mittels Zeitraffer zur einer flie\u00dfende Bewegung, die sich zu verfl\u00fcssigen scheint. Ein Film, wie ein gut komponierter Popsong und mit 3:37 Minuten auch genauso lang.<\/p>\n\n\n\n<p><strong><a href=\"http:\/\/groups.uni-paderborn.de\/oberhausen-trifft-paderborn\/WS1011\/madameandlittleboy.php\">Madame &amp; Little Boy<\/a><\/strong><br><em>Schweden 2009, Regie: Magnus B\u00e4rt\u00e5s, 28 Minuten, Englisch, HDV<\/em><br>&#8222;Madame &amp; Little Boy&#8220; analysiert die historischen Linien und Wiederholungen in der Lebensgeschichte von Choi Eun-hee (Madame Choi) und interpretiert die Genealogie der Monster von Godzilla \u00fcber Pulgasari zu Galgameth als eine Serie bewusster Statements zu Atomwaffen. <a href=\"http:\/\/www.magnusbartas.se\">www.magnusbartas.se<\/a><\/p>\n\n\n\n<p><a href=\"http:\/\/groups.uni-paderborn.de\/oberhausen-trifft-paderborn\/WS1011\/zagrebtramstation.php\"><strong>Zagreb Tram Station<\/strong><\/a><br><em>Deutschland 2009, Regie: J\u00fcrgen Reble, 7&#8217;30 Minuten, Ohne gesprochene Sprache, HDV<\/em><br>\u201eIch wollte daran erinnern, dass Film Chemie ist\u201c (J\u00fcrgen Reble, Kurzfilmtage 2010). Ein Film voller statischer Dynamik, der den Zuschauer jeden einzelnen Augenblick verdeutlicht und nicht vergessen l\u00e4sst, w\u00e4hrend eine neue Begegnung bereits stattfindet. J\u00fcrgen Reble, der schon in den 80er Jahren mit dem Filmproduktionskolletiv \u201eSchmelzdahin\u201c Erfahrung in Bearbeitung von Filmmaterial auf unterschiedlichste Art und Weise gesammelt hat, entf\u00fchrt den Zuschauer in eine Welt, in der Gegenw\u00e4rtiges auf Vergangenes trifft, und schafft damit eine einmalige Momentaufnahme der \u201eZagreb Tram Station\u201c. www.filmalchemist.de<\/p>\n\n\n\n<p><a href=\"http:\/\/groups.uni-paderborn.de\/oberhausen-trifft-paderborn\/WS1011\/magdalena.php\"><strong>What happened to Magdalena Jung<\/strong><\/a><br><em>BRD 1983, Regie: Christopher Schlingensief, 18&#8217;25 Minuten, Deutsch\/Englisch, DVD<\/em><br>\u201eMagdalena Jung verl\u00e4sst am 12. November 1982 den Boden der Realit\u00e4t und behauptet sie k\u00f6nne fliegen.\u201c Unvorstellbar f\u00fcr den naiven Filmstudenten, der diesem Ph\u00e4nomen nach sp\u00fcrt. \u201eWhat happened to Magdalena Jung\u201c besch\u00e4ftigt sich spielerisch mit den Illusionswerkzeugen des Kinos, mit dem \u201eFilm als Wunderding\u201c. Mit diesem experimentellen Kurzfilm, der einer der ersten seiner Filme ist, wollen wir Christoph Schlingensief zweiundachtzig Tage nach seinem fr\u00fchen Tod die letzte Ehre erweisen. www.schlingensief.com<\/p>\n\n\n\n<p><\/p>\n\n\n\n<h3 class=\"wp-block-heading\">Block 2<\/h3>\n\n\n\n<p><a href=\"http:\/\/groups.uni-paderborn.de\/oberhausen-trifft-paderborn\/WS1011\/youandme.php\"><strong>you and me<\/strong><\/a><br><em>Deutschland 2009, Regie: Karsten Krause, 4 Minuten, Englisch, DVD<\/em><br>Eine Frau l\u00e4uft vier Jahrzehnte auf die Kamera ihres Mannes zu. Eine Liebesgeschichte auf Schmalfilm. www.workscited.de<\/p>\n\n\n\n<p><a href=\"http:\/\/groups.uni-paderborn.de\/oberhausen-trifft-paderborn\/WS1011\/alaska.php\"><strong>This is Alaska<\/strong><\/a><br><em>Schweden 2009, Regie: Gunilla Heilborn, M\u00e5rten Nilsson, 11 Minuten, Schwedisch\/englisch mit englischen Untertiteln, DVD<\/em><br>Eine Gruppe von Menschen ist nach Alaska gezogen, auf der Suche nach einer h\u00f6heren Ebene von Freiheit und Individualit\u00e4t. Side by side, strong alone. www.sfi.de<\/p>\n\n\n\n<p><a href=\"http:\/\/groups.uni-paderborn.de\/oberhausen-trifft-paderborn\/WS1011\/travellingfields.php\"><strong>Travelling Fields<\/strong><\/a><br><em>Norwegen 2009, Regie: Inger Lise Hansen, 9 Minuten, Ohne gesprochene Sprache, DVD<\/em><br>In einem interessanten Experiment stellt die norwegische Regisseurin Inger Lise Hansen die Welt auf den Kopf. Dieser erfrischende Kurzfilm, der auf der Kola-Halbinsel in Fennoskandinavien gedreht wurde, definiert mit Hilfe eines simplen Perspektivwechsels die vorbeiziehende Landschaft neu. Gleichzeitig scheint die raue Natur durch gekonnte Kamerabewegungen vor den Augen des Zuschauers mit der l\u00e4ndlichen Architektur zu verschmelzen. &#8222;Travelling Fields&#8220; ist nach &#8222;Proximity&#8220; (2006) und &#8222;Parallax&#8220; (2009) bereits der dritte Film von Hansen, der sich mit vertauschten Perspektiven besch\u00e4ftigt. www.nfi.no<\/p>\n\n\n\n<p><a href=\"http:\/\/groups.uni-paderborn.de\/oberhausen-trifft-paderborn\/WS1011\/monolog.php\"><strong>Monolog<\/strong><\/a><br><em>Gro\u00dfbritannien 2009, Regie: Laure Prouvost, 9 Minuten, Englisch, DVCAM<\/em><br>Die K\u00fcnstlerin erkl\u00e4rt dem Zuschauer etwas \u00fcber ihn und den Raum, in dem er sich befindet. \u00c4u\u00dferst ansprechendes Filmmaterial. www.laureprouvost.com<\/p>\n\n\n\n<p><a href=\"http:\/\/groups.uni-paderborn.de\/oberhausen-trifft-paderborn\/WS1011\/muriwieza.php\"><strong>Mur i wie\u017ca<\/strong><\/a><br><em>Israel, Niederlande, Polen 2009, Regie: Yael Bartana, 16 Minuten, Hebr\u00e4isch\/polnisch mit englischen Untertiteln, HDCAM<\/em><br>Juden kehren nach Europa zur\u00fcck. Sie folgen dem Aufruf aus dem Film Mary Kozmary, j\u00fcdisches Leben in Polen wiederzubeleben. Der Film untersucht politische Propagandafilme und folgt dem ins Gegenteil verkehrten Ethos der zionistischen Bewegung. www.annetgelink.com<\/p>\n\n\n\n<p><a href=\"http:\/\/groups.uni-paderborn.de\/oberhausen-trifft-paderborn\/WS1011\/fuerelise.php\"><strong>F\u00fcr Elise<\/strong><\/a><br><em>BRD 1982, Regie: Christopher Schlingensief, 1&#8217;55 Minuten, Ohne gesprochene Sprache, DVD<\/em><br>Ein St\u00e4ndchen f\u00fcr die Trompete, in off- tune. www.schlingensief.com<\/p>\n\n\n\n<hr class=\"wp-block-separator alignwide has-alpha-channel-opacity is-style-wide\" \/>\n\n\n\n<h2 class=\"wp-block-heading alignwide\">TEAM<\/h2>\n\n\n\n<div class=\"wp-block-columns is-layout-flex wp-container-core-columns-is-layout-28f84493 wp-block-columns-is-layout-flex\">\n<div class=\"wp-block-column is-layout-flow wp-block-column-is-layout-flow\">\n<figure class=\"wp-block-image size-full is-resized\"><img loading=\"lazy\" decoding=\"async\" width=\"216\" height=\"240\" src=\"https:\/\/blogs.uni-paderborn.de\/oberhausentrifftpaderborn\/files\/2024\/09\/grafik-35.png\" alt=\"\" class=\"wp-image-347\" style=\"width:128px;height:auto\" \/><\/figure>\n<\/div>\n\n\n\n<div class=\"wp-block-column is-layout-flow wp-block-column-is-layout-flow\">\n<figure class=\"wp-block-image size-full is-resized\"><img loading=\"lazy\" decoding=\"async\" width=\"216\" height=\"240\" src=\"https:\/\/blogs.uni-paderborn.de\/oberhausentrifftpaderborn\/files\/2024\/09\/grafik-7.png\" alt=\"\" class=\"wp-image-282\" style=\"width:128px;height:auto\" \/><\/figure>\n<\/div>\n\n\n\n<div class=\"wp-block-column is-layout-flow wp-block-column-is-layout-flow\">\n<figure class=\"wp-block-image size-full is-resized\"><img loading=\"lazy\" decoding=\"async\" width=\"216\" height=\"240\" src=\"https:\/\/blogs.uni-paderborn.de\/oberhausentrifftpaderborn\/files\/2024\/09\/grafik-8.png\" alt=\"\" class=\"wp-image-283\" style=\"width:127px;height:auto\" \/><\/figure>\n<\/div>\n\n\n\n<div class=\"wp-block-column is-layout-flow wp-block-column-is-layout-flow\">\n<figure class=\"wp-block-image size-full is-resized\"><img loading=\"lazy\" decoding=\"async\" width=\"216\" height=\"240\" src=\"https:\/\/blogs.uni-paderborn.de\/oberhausentrifftpaderborn\/files\/2024\/09\/grafik-9.png\" alt=\"\" class=\"wp-image-284\" style=\"width:127px;height:auto\" \/><\/figure>\n<\/div>\n<\/div>\n\n\n\n<p>Lilli Ebert, Johanna Doy\u00e9, Roland Mikosch, Bastian Schulz<\/p>\n\n\n\n<hr class=\"wp-block-separator alignwide has-alpha-channel-opacity is-style-wide\" \/>\n\n\n\n<h2 class=\"wp-block-heading alignwide\">SPONSOREN<\/h2>\n\n\n\n<div class=\"wp-block-columns is-layout-flex wp-container-core-columns-is-layout-28f84493 wp-block-columns-is-layout-flex\">\n<div class=\"wp-block-column is-layout-flow wp-block-column-is-layout-flow\">\n<figure class=\"wp-block-image alignleft size-full is-resized\"><a href=\"https:\/\/www.kurzfilmtage.de\/de\/\" target=\"_blank\" rel=\"noreferrer noopener\"><img loading=\"lazy\" decoding=\"async\" width=\"472\" height=\"173\" src=\"https:\/\/blogs.uni-paderborn.de\/oberhausentrifftpaderborn\/files\/2024\/09\/grafik.png\" alt=\"\" class=\"wp-image-275\" style=\"width:194px;height:auto\" srcset=\"https:\/\/blogs.uni-paderborn.de\/oberhausentrifftpaderborn\/files\/2024\/09\/grafik.png 472w, https:\/\/blogs.uni-paderborn.de\/oberhausentrifftpaderborn\/files\/2024\/09\/grafik-300x110.png 300w\" sizes=\"auto, (max-width: 472px) 100vw, 472px\" \/><\/a><\/figure>\n<\/div>\n\n\n\n<div class=\"wp-block-column is-layout-flow wp-block-column-is-layout-flow\">\n<figure class=\"wp-block-image aligncenter size-full is-resized\"><a href=\"http:\/\/kw.uni-paderborn.de\/\" target=\"_blank\" rel=\"noreferrer noopener\"><img loading=\"lazy\" decoding=\"async\" width=\"258\" height=\"70\" src=\"https:\/\/blogs.uni-paderborn.de\/oberhausentrifftpaderborn\/files\/2024\/09\/grafik-1.png\" alt=\"\" class=\"wp-image-276\" style=\"width:224px;height:auto\" \/><\/a><\/figure>\n<\/div>\n\n\n\n<div class=\"wp-block-column is-layout-flow wp-block-column-is-layout-flow\">\n<figure class=\"wp-block-image aligncenter size-full\"><a href=\"http:\/\/www.erzbistum-paderborn.de\/irum\/\" target=\"_blank\" rel=\"noreferrer noopener\"><img loading=\"lazy\" decoding=\"async\" width=\"67\" height=\"70\" src=\"https:\/\/blogs.uni-paderborn.de\/oberhausentrifftpaderborn\/files\/2024\/09\/grafik-2.png\" alt=\"\" class=\"wp-image-277\" \/><\/a><\/figure>\n<\/div>\n<\/div>\n\n\n\n<div class=\"wp-block-columns is-layout-flex wp-container-core-columns-is-layout-28f84493 wp-block-columns-is-layout-flex\">\n<div class=\"wp-block-column is-layout-flow wp-block-column-is-layout-flow\">\n<figure class=\"wp-block-image size-full\"><a href=\"http:\/\/kw.uni-paderborn.de\/institute-einrichtungen\/mewi\/\" target=\"_blank\" rel=\"noreferrer noopener\"><img loading=\"lazy\" decoding=\"async\" width=\"249\" height=\"70\" src=\"https:\/\/blogs.uni-paderborn.de\/oberhausentrifftpaderborn\/files\/2024\/09\/grafik-3.png\" alt=\"\" class=\"wp-image-278\" \/><\/a><\/figure>\n<\/div>\n\n\n\n<div class=\"wp-block-column is-layout-flow wp-block-column-is-layout-flow\">\n<figure class=\"wp-block-image size-full\"><a href=\"http:\/\/kw.uni-paderborn.de\/institute-einrichtungen\/mewi\/arbeitsschwerpunkte\/prof-dr-annette-brauerhoch\/\" target=\"_blank\" rel=\"noreferrer noopener\"><img loading=\"lazy\" decoding=\"async\" width=\"167\" height=\"70\" src=\"https:\/\/blogs.uni-paderborn.de\/oberhausentrifftpaderborn\/files\/2024\/09\/grafik-4.png\" alt=\"\" class=\"wp-image-279\" \/><\/a><\/figure>\n<\/div>\n\n\n\n<div class=\"wp-block-column is-layout-flow wp-block-column-is-layout-flow\">\n<figure class=\"wp-block-image size-full\"><a href=\"http:\/\/www.cineplex.de\/kino\/home\/city40\/\" target=\"_blank\" rel=\"noreferrer noopener\"><img loading=\"lazy\" decoding=\"async\" width=\"149\" height=\"70\" src=\"https:\/\/blogs.uni-paderborn.de\/oberhausentrifftpaderborn\/files\/2024\/09\/grafik-5.png\" alt=\"\" class=\"wp-image-280\" \/><\/a><\/figure>\n<\/div>\n<\/div>\n\n\n\n<p><\/p>\n\n\n\n<p><\/p>\n","protected":false},"excerpt":{"rendered":"<p>TRAILER \/\/\/ INFO Die Idee zu dem studentischen Projekt &#8222;Oberhausen trifft Paderborn&#8220; entstand im Rahmen des medienwissenschaftlichen Seminars &#8222;Kurz&amp;Knapp, 56. Internationale Kurzfilmtage Oberhausen&#8220; an der Universit\u00e4t Paderborn und einer Exkursion zu den Internationalen Kurzfilmtagen in Oberhausen. Das Kurzfilmfestival im Ruhrgebiet ist im Laufe der vergangenen Jahrzehnte zu einem der wichtigsten Kurzfilmfestivals und damit wichtige Plattform [&hellip;]<\/p>\n","protected":false},"author":9268,"featured_media":34,"parent":0,"menu_order":0,"comment_status":"closed","ping_status":"closed","template":"","meta":{"footnotes":""},"class_list":["post-182","page","type-page","status-publish","has-post-thumbnail","hentry"],"_links":{"self":[{"href":"https:\/\/blogs.uni-paderborn.de\/oberhausentrifftpaderborn\/wp-json\/wp\/v2\/pages\/182","targetHints":{"allow":["GET"]}}],"collection":[{"href":"https:\/\/blogs.uni-paderborn.de\/oberhausentrifftpaderborn\/wp-json\/wp\/v2\/pages"}],"about":[{"href":"https:\/\/blogs.uni-paderborn.de\/oberhausentrifftpaderborn\/wp-json\/wp\/v2\/types\/page"}],"author":[{"embeddable":true,"href":"https:\/\/blogs.uni-paderborn.de\/oberhausentrifftpaderborn\/wp-json\/wp\/v2\/users\/9268"}],"replies":[{"embeddable":true,"href":"https:\/\/blogs.uni-paderborn.de\/oberhausentrifftpaderborn\/wp-json\/wp\/v2\/comments?post=182"}],"version-history":[{"count":13,"href":"https:\/\/blogs.uni-paderborn.de\/oberhausentrifftpaderborn\/wp-json\/wp\/v2\/pages\/182\/revisions"}],"predecessor-version":[{"id":349,"href":"https:\/\/blogs.uni-paderborn.de\/oberhausentrifftpaderborn\/wp-json\/wp\/v2\/pages\/182\/revisions\/349"}],"wp:featuredmedia":[{"embeddable":true,"href":"https:\/\/blogs.uni-paderborn.de\/oberhausentrifftpaderborn\/wp-json\/wp\/v2\/media\/34"}],"wp:attachment":[{"href":"https:\/\/blogs.uni-paderborn.de\/oberhausentrifftpaderborn\/wp-json\/wp\/v2\/media?parent=182"}],"curies":[{"name":"wp","href":"https:\/\/api.w.org\/{rel}","templated":true}]}}