{"id":163,"date":"2023-11-12T18:01:16","date_gmt":"2023-11-12T17:01:16","guid":{"rendered":"https:\/\/blogs.uni-paderborn.de\/oberhausentrifftpaderborn\/?page_id=163"},"modified":"2024-09-12T01:56:06","modified_gmt":"2024-09-11T23:56:06","slug":"otp2009","status":"publish","type":"page","link":"https:\/\/blogs.uni-paderborn.de\/oberhausentrifftpaderborn\/otp2009\/","title":{"rendered":"OBERHAUSEN TRIFFT PADERBORN 2009"},"content":{"rendered":"<div class=\"twoclick_social_bookmarks_post_163 social_share_privacy clearfix 1.6.4 locale-de_DE sprite-de_DE\"><\/div><div class=\"twoclick-js\"><script type=\"text\/javascript\">\/* <![CDATA[ *\/\njQuery(document).ready(function($){if($('.twoclick_social_bookmarks_post_163')){$('.twoclick_social_bookmarks_post_163').socialSharePrivacy({\"txt_help\":\"Wenn Sie diese Felder durch einen Klick aktivieren, werden Informationen an Facebook, Twitter, Flattr, Xing, t3n, LinkedIn, Pinterest oder Google eventuell ins Ausland \\u00fcbertragen und unter Umst\\u00e4nden auch dort gespeichert. N\\u00e4heres erfahren Sie durch einen Klick auf das <em>i<\\\/em>.\",\"settings_perma\":\"Dauerhaft aktivieren und Daten\\u00fcber-tragung zustimmen:\",\"info_link\":\"http:\\\/\\\/www.heise.de\\\/ct\\\/artikel\\\/2-Klicks-fuer-mehr-Datenschutz-1333879.html\",\"uri\":\"https:\\\/\\\/blogs.uni-paderborn.de\\\/oberhausentrifftpaderborn\\\/otp2009\\\/\",\"post_id\":163,\"post_title_referrer_track\":\"OBERHAUSEN+TRIFFT+PADERBORN+2009\",\"display_infobox\":\"on\"});}});\n\/* ]]> *\/<\/script><\/div>\n<div class=\"wp-block-media-text alignwide is-stacked-on-mobile has-tertiary-background-color has-background\" style=\"grid-template-columns:40% auto\"><figure class=\"wp-block-media-text__media\"><img loading=\"lazy\" decoding=\"async\" width=\"366\" height=\"500\" src=\"https:\/\/blogs.uni-paderborn.de\/oberhausentrifftpaderborn\/files\/2023\/11\/OberhausentrifftPaderborn_Plakat_2009.jpg\" alt=\"\" class=\"wp-image-33 size-full\" srcset=\"https:\/\/blogs.uni-paderborn.de\/oberhausentrifftpaderborn\/files\/2023\/11\/OberhausentrifftPaderborn_Plakat_2009.jpg 366w, https:\/\/blogs.uni-paderborn.de\/oberhausentrifftpaderborn\/files\/2023\/11\/OberhausentrifftPaderborn_Plakat_2009-220x300.jpg 220w\" sizes=\"auto, (max-width: 366px) 100vw, 366px\" \/><\/figure><div class=\"wp-block-media-text__content\">\n<h3 class=\"wp-block-heading\"><strong>KURZINFO<\/strong><\/h3>\n\n\n\n<p>Kurzfilmnacht Nr. 2<br>09.11.2009 | 20:15 Uhr | Cineplex Paderborn<br><br>Organisator:innen: Katrin Hoffmann, Marc M\u00f6llmann, Nils L. Nebe, Diana Rudolph <br>Seminarleitung: Annette Brauerhoch<\/p>\n\n\n\n<div class=\"wp-block-buttons is-layout-flex wp-block-buttons-is-layout-flex\">\n<div class=\"wp-block-button\"><a class=\"wp-block-button__link wp-element-button\" href=\"http:\/\/groups.uni-paderborn.de\/oberhausen-trifft-paderborn\/WS0910\/\" style=\"border-radius:10px\" target=\"_blank\" rel=\"noreferrer noopener\">Veranstaltungs-Website<\/a><\/div>\n<\/div>\n<\/div><\/div>\n\n\n\n<hr class=\"wp-block-separator alignwide has-alpha-channel-opacity is-style-wide\" \/>\n\n\n\n<h2 class=\"wp-block-heading alignwide\">TRAILER<\/h2>\n\n\n\n<p>tba.<\/p>\n\n\n\n<hr class=\"wp-block-separator alignwide has-alpha-channel-opacity is-style-wide\" \/>\n\n\n\n<h2 class=\"wp-block-heading alignwide\">INFO<\/h2>\n\n\n\n<p>Nach dem gro\u00dfen Erfolg des letzten Jahres geht &#8222;Oberhausen trifft Paderborn&#8220; in die n\u00e4chste Runde. Die Highlights der 55. Internationalen Kurzfilmtage Oberhausen 2009 werden auch in diesem Jahr wieder exklusiv die Paderborner Kinob\u00fchne erobern.<\/p>\n\n\n\n<p>Ob Heartbeats, seelische Abgr\u00fcnde oder die Komik des Allt\u00e4glichen &#8211; dem Facettenreichtum eines Kurzfilmabends kann sich jede:r Cineastin nur schwerlich entziehen. Unter Regisseur:innen genie\u00dft das kurze Format als kreativ-experimentelle Spielwiese hohe Wertsch\u00e4tzung, denn sie alle wissen: Es kommt nicht immer auf die L\u00e4nge an.<\/p>\n\n\n\n<h2 class=\"wp-block-heading alignwide\">ZUM PROJEKT<\/h2>\n\n\n\n<p>Die Idee zu dem studentischen Projekt &#8222;Oberhausen trifft Paderborn&#8220; entstand im Rahmen des medienwissenschaftlichen Seminars &#8222;Festivalkultur und kurzes Format: Die Internationalen Kurzfilmtage Oberhausen&#8220; an der Universit\u00e4t Paderborn und einer Exkursion zu den Internationalen Kurzfilmtagen in Oberhausen.<br>Das Kurzfilmfestival im Ruhrgebiet konnte sich im Laufe der vergangenen Jahrzehnte als feste Gr\u00f6\u00dfe in der internationalen Kurzfilmlandschaft etablieren. Der Lichtburg Filmpalast zeigt j\u00e4hrlich sowohl nationale als auch internationale Kurzfilme und verleiht Preise in den Kategorien: Internationaler Wettbewerb, Deutscher Wettbewerb, NRW-Wettbewerb, Kinder- und Jugendkino und Musikvideo.<br>Die Exkursion nach Oberhausen weckte unsere Begeisterung f\u00fcr den Kurzfilm und zeigte, dass er Schranken aufbrechen und neue Ma\u00dfst\u00e4be f\u00fcr zuk\u00fcnftige Langfilmformen setzen kann. Trotzdem scheint dieses au\u00dfergew\u00f6hnliche Format neben dem konventionellen Langfilm nach wie vor wenig Beachtung zu finden.<br>Im November des letzten Jahres fand die Kurzfilmnacht &#8222;Oberhausen trifft Paderborn&#8220; erstmalig statt und stie\u00df bei den Studierenden sowie dem Paderborner Filmpublikum auf positive Resonanz. Motiviert durch den Erfolg dieses Projektes, wollen wir in diesem Jahr erneut den Kurzfilm f\u00fcr eine Nacht in den Mittelpunkt der Kinob\u00fchne r\u00fccken. &#8222;Oberhausen trifft Paderborn&#8220; ist ein Projekt, getragen von dem Wunsch, dass das Format Kurzfilm langfristig gesehen einen angemessenen Platz neben dem konventionellen Kino findet und sich in der kulturellen Landschaft Paderborns etabliert.<br>Die Kurzfilmnacht richtet sich an Jung und Alt in Paderborn und Umgebung, Studierende und Stadtbewohner:innen, gleicherma\u00dfen. W\u00e4hrend der circa zweist\u00fcndigen Vorf\u00fchrung nationaler sowie internationaler Kurzfilme aus verschiedenen Genres sollen die Zuschauer:innen die M\u00f6glichkeit erhalten, in einer Nacht mehrere Welten zu erleben. Unser Ziel ist es, den konventionellen Blick der Kinog\u00e4nger:innen auf etwas Neues zu lenken, ihr Interesse zu wecken und somit unsere Begeisterung f\u00fcr diese Kunstform weiterzugeben. Wir hoffen unserem Publikum an diesem Abend er\u00f6ffnen zu k\u00f6nnen, dass auch der Kurzfilm &#8222;gro\u00dfes Kino&#8220; bedeuten kann, gleichzeitig aber auch anders und einzigartig ist &#8211; n\u00e4mlich: <strong>kurz, frech, experimentell und \u00fcberraschend.<\/strong><\/p>\n\n\n\n<hr class=\"wp-block-separator alignwide has-alpha-channel-opacity is-style-wide\" \/>\n\n\n\n<h2 class=\"wp-block-heading alignwide\">FILMAUSWAHL<\/h2>\n\n\n\n<h4 class=\"wp-block-heading\"><strong>1. Block<\/strong><\/h4>\n\n\n\n<p><strong><a href=\"http:\/\/groups.uni-paderborn.de\/oberhausen-trifft-paderborn\/WS0910\/film_1.html\">Corporate Cannibal (Grace Jones)<\/a>*<\/strong><br><em>Gro\u00dfbritannien 2008, 6 min, DVD, Regie: Nick Hooker, Label: Wall of Sound, Produktion: Rabbit<\/em><br>Grace Jones&#8216; verzerrte Blickweise auf die Welt: verst\u00f6rend und unheimlich zugleich &#8211; und doch eine geheimnisvoll-d\u00fcstere Erotik ausstrahlend. Grace, dir m\u00f6chte ich nachts nicht in einer verlassenen Gasse begegnen&#8230;<\/p>\n\n\n\n<p><strong><a href=\"http:\/\/groups.uni-paderborn.de\/oberhausen-trifft-paderborn\/WS0910\/film_2.html\">Zitterchor<\/a><\/strong><br><em>Schweiz 1991, 13 min, 35mm, Regie: Herbert Fritsch<\/em><br>Es ist nass, es ist kalt. Doch trotzdem haben sich einige Mutige ins Wasser und vor die Kamera gewagt. Ein Paradebeispiel f\u00fcr Fritschs eigenwilligen Humor.<\/p>\n\n\n\n<p><a href=\"http:\/\/groups.uni-paderborn.de\/oberhausen-trifft-paderborn\/WS0910\/film_3.html\"><strong>Rif<\/strong><\/a><br><em>Niederlande 2008, 12 min, Regie: Eric Steegstra, Produktion: John Croezen Cartoon<\/em><br>Unterwasserromantik mal anders: Eigentlich ist hier kein Wasser zu sehen. Aber so viel Liebe zum Detail, dass die Leinwand zu bersten droht. Klapp, klapp &#8211; w\u00e4re das wahre Leben doch auch nur so sch\u00f6n, dann m\u00fcssten wir uns nicht an der verkl\u00e4renden Meeresschnulzigkeit von Rif erg\u00f6tzen.<\/p>\n\n\n\n<p><strong><a href=\"http:\/\/groups.uni-paderborn.de\/oberhausen-trifft-paderborn\/WS0910\/film_4.html\">Die Leiden des Herrn Karpf &#8211; Der Geburtstag<\/a><\/strong><br><em>Deutschland 2009, 10 min, Beta SP, Regie, Drehbuch: Lola Randl, Rainer Egger, Produktion: Kometfilm<\/em><br>Unglaublich: Herr Karpf hat Geburtstag, doch das Telefon will einfach nicht klingeln. Blockiert der Betreiber bewusst die Leitung, wurde der Anschluss sabotiert oder handelt es sich gar um eine g\u00f6ttliche Verschw\u00f6rung?<\/p>\n\n\n\n<p><a href=\"http:\/\/groups.uni-paderborn.de\/oberhausen-trifft-paderborn\/WS0910\/film_5.html\"><strong>Who&#8217;s gonna save my soul (Gnarls Barkley)<\/strong><\/a><br><em>USA 2008, 3&#8217;30 min, Beta SP, Regie: Chris Milk, Label: Warner Music, Produktion: Radical Media<\/em><br>Es tut so weh, als h\u00e4ttest du mir das Herz &#8218;rausgerissen. Oder war ich es selbst? Wer rettet nun meine Seele? Diese Frage stellt sich \u00fcbrigens auch mein Herz.<\/p>\n\n\n\n<p><strong><a href=\"http:\/\/groups.uni-paderborn.de\/oberhausen-trifft-paderborn\/WS0910\/film_6.html\">Burning Palace<\/a><\/strong><br><em>\u00d6sterreich 2009, 32 min, Beta SP, Regie, Drehbuch: Mara Mattuschka, Chris Haring, Produktion: Minus Film<\/em><br>Zwei M\u00e4nner, zwei Frauen &#8211; gefangen in der Einsamkeit einer Hotelnacht. Ein melancholisch-ekstatisches Epos zwischen Wahnsinn und tiefer Traurigkeit.<br>&#8222;I am so lonely\u2026&#8220;!<\/p>\n\n\n\n<p><\/p>\n\n\n\n<h4 class=\"wp-block-heading\"><strong>2. Block<\/strong><\/h4>\n\n\n\n<p><strong><a href=\"http:\/\/groups.uni-paderborn.de\/oberhausen-trifft-paderborn\/WS0910\/film_7.html\">Murphy<\/a><\/strong><br><em>Deutschland 2008, 3&#8217;30 min, Beta SP, ein Video von: Bj\u00f8rn Melhus, Produktion: Galerie Anita Beckers<\/em><br>Oberhausen behauptet, Murphy sei eine echte post-traumatische Belastungsst\u00f6rung. Dem haben wir nichts hinzuzuf\u00fcgen. Au\u00dfer vielleicht einer kurzen Frage: Wer kann uns sagen, aus welchem Film nochmal der unterliegende Soundtrack stammt?<\/p>\n\n\n\n<p><a href=\"http:\/\/groups.uni-paderborn.de\/oberhausen-trifft-paderborn\/WS0910\/film_8.html\"><strong>Luft<\/strong><\/a><br><em>Deutschland 2008, 1 min, DVD, ein Video von: Natalia St\u00fcrz, Produktion: Natalia St\u00fcrz<\/em><br>Abseits der Tagesschau galt Jens Riewa fr\u00fcher als der R\u00fcpel unter den Nachrichtensprechern. Kein Wunder also, dass er w\u00e4hrend der Sendung so heftig nach Luft schnappen muss.<\/p>\n\n\n\n<p><strong><a href=\"http:\/\/groups.uni-paderborn.de\/oberhausen-trifft-paderborn\/WS0910\/film_9.html\">n.n.<\/a><\/strong><br><em>Deutschland 2009, 11 min, Beta SP, Regie: Michel Kl\u00f6fkorn, Animation: Michel Kl\u00f6fkorn, Tom Sch\u00f6n, Anna Berger, Alexander Dumitran, Produktion: Michel Kl\u00f6fkorn<\/em><br>&#8222;I saw them the first time in Venice&#8220;. Sie kommen! Seid auf der Hut und bringt eure Violinen in Sicherheit.<\/p>\n\n\n\n<p><strong><a href=\"http:\/\/groups.uni-paderborn.de\/oberhausen-trifft-paderborn\/WS0910\/film_10.html\">The conservatory<\/a><\/strong><br><em>Gro\u00dfbritannien 2008, 2&#8217;30 min, Beta SP, ein Film von: Matilda Tristram, Produktion: Royal College of Art<\/em><br>Stell dir vor: Es ist gerade mal Vormittag und du sp\u00fcrst eine g\u00e4hnende Leere in Dir. Was also tun? &#8222;Well, let&#8217;s build a conservatory!&#8220;<\/p>\n\n\n\n<p><a href=\"http:\/\/groups.uni-paderborn.de\/oberhausen-trifft-paderborn\/WS0910\/film_11.html\"><strong>Ramses<\/strong><\/a><br><em>Deutschland 2009, 12&#8217;30 min, Regie, Drehbuch: Romuald Karmakar, Produktion: Herbstfilm Produktion<\/em><br>In Berlin, unweit der Glitzerwelt des Ku&#8217;damms, betreibt der iranische Barbesitzer Ramses seit vielen Jahren einen kleinen Nachtclub. Bizarr und geheimnisvoll mutet der Ort an, genauso wie die Erinnerungen seines Betreibers.<\/p>\n\n\n\n<p><strong><a href=\"http:\/\/groups.uni-paderborn.de\/oberhausen-trifft-paderborn\/WS0910\/film_12.html\">House of cards (Radiohead)<\/a><\/strong><br><em>USA 2008, 4&#8217;30 min, DVD, Regie: James Frost, Label: XL Recordings, Produktion: Zoo Film<\/em><br>Eine Demonstration der technischen M\u00f6glichkeiten digitaler Bilderzeugung. Trotzdem sehr fragil und sensibel &#8211; Radiohead eben.<\/p>\n\n\n\n<p><strong><a href=\"http:\/\/groups.uni-paderborn.de\/oberhausen-trifft-paderborn\/WS0910\/film_13.html\">Please say something<\/a><\/strong><br><em>Deutschland 2009, 10 min, Beta SP, Regie, Drehbuch, Animation: David OReilly<br>Produktion:, David OReilly Animation<\/em><br>Wir schreiben die ferne Zukunft: Eine Maus und eine Katze sind heavy in love. Sie f\u00fchren eine Beziehung, in der Streit und innige Liebe nur einen Steinwurf voneinander entfernt liegen. Doch dann geschieht etwas Schreckliches\u2026<\/p>\n\n\n\n<p><\/p>\n\n\n\n<p><\/p>\n\n\n\n<hr class=\"wp-block-separator alignwide has-alpha-channel-opacity is-style-wide\" \/>\n\n\n\n<h2 class=\"wp-block-heading alignwide\">TEAM<\/h2>\n\n\n\n<p>Katrin Hoffmann, Marc M\u00f6llmann, Nils L. Nebe, Diana Rudolph<\/p>\n\n\n\n<hr class=\"wp-block-separator alignwide has-alpha-channel-opacity is-style-wide\" \/>\n\n\n\n<h2 class=\"wp-block-heading alignwide\">SPONSOREN<\/h2>\n\n\n\n<figure class=\"wp-block-image size-full\"><img loading=\"lazy\" decoding=\"async\" width=\"800\" height=\"116\" src=\"https:\/\/blogs.uni-paderborn.de\/oberhausentrifftpaderborn\/files\/2023\/11\/Sponsoren_2009.jpg\" alt=\"\" class=\"wp-image-172\" srcset=\"https:\/\/blogs.uni-paderborn.de\/oberhausentrifftpaderborn\/files\/2023\/11\/Sponsoren_2009.jpg 800w, https:\/\/blogs.uni-paderborn.de\/oberhausentrifftpaderborn\/files\/2023\/11\/Sponsoren_2009-300x44.jpg 300w, https:\/\/blogs.uni-paderborn.de\/oberhausentrifftpaderborn\/files\/2023\/11\/Sponsoren_2009-768x111.jpg 768w\" sizes=\"auto, (max-width: 800px) 100vw, 800px\" \/><\/figure>\n","protected":false},"excerpt":{"rendered":"<p>TRAILER tba. INFO Nach dem gro\u00dfen Erfolg des letzten Jahres geht &#8222;Oberhausen trifft Paderborn&#8220; in die n\u00e4chste Runde. Die Highlights der 55. Internationalen Kurzfilmtage Oberhausen 2009 werden auch in diesem Jahr wieder exklusiv die Paderborner Kinob\u00fchne erobern. Ob Heartbeats, seelische Abgr\u00fcnde oder die Komik des Allt\u00e4glichen &#8211; dem Facettenreichtum eines Kurzfilmabends kann sich jede:r Cineastin [&hellip;]<\/p>\n","protected":false},"author":9268,"featured_media":33,"parent":0,"menu_order":0,"comment_status":"closed","ping_status":"closed","template":"","meta":{"footnotes":""},"class_list":["post-163","page","type-page","status-publish","has-post-thumbnail","hentry"],"_links":{"self":[{"href":"https:\/\/blogs.uni-paderborn.de\/oberhausentrifftpaderborn\/wp-json\/wp\/v2\/pages\/163","targetHints":{"allow":["GET"]}}],"collection":[{"href":"https:\/\/blogs.uni-paderborn.de\/oberhausentrifftpaderborn\/wp-json\/wp\/v2\/pages"}],"about":[{"href":"https:\/\/blogs.uni-paderborn.de\/oberhausentrifftpaderborn\/wp-json\/wp\/v2\/types\/page"}],"author":[{"embeddable":true,"href":"https:\/\/blogs.uni-paderborn.de\/oberhausentrifftpaderborn\/wp-json\/wp\/v2\/users\/9268"}],"replies":[{"embeddable":true,"href":"https:\/\/blogs.uni-paderborn.de\/oberhausentrifftpaderborn\/wp-json\/wp\/v2\/comments?post=163"}],"version-history":[{"count":11,"href":"https:\/\/blogs.uni-paderborn.de\/oberhausentrifftpaderborn\/wp-json\/wp\/v2\/pages\/163\/revisions"}],"predecessor-version":[{"id":350,"href":"https:\/\/blogs.uni-paderborn.de\/oberhausentrifftpaderborn\/wp-json\/wp\/v2\/pages\/163\/revisions\/350"}],"wp:featuredmedia":[{"embeddable":true,"href":"https:\/\/blogs.uni-paderborn.de\/oberhausentrifftpaderborn\/wp-json\/wp\/v2\/media\/33"}],"wp:attachment":[{"href":"https:\/\/blogs.uni-paderborn.de\/oberhausentrifftpaderborn\/wp-json\/wp\/v2\/media?parent=163"}],"curies":[{"name":"wp","href":"https:\/\/api.w.org\/{rel}","templated":true}]}}