{"id":132,"date":"2023-11-11T17:37:17","date_gmt":"2023-11-11T16:37:17","guid":{"rendered":"https:\/\/blogs.uni-paderborn.de\/oberhausentrifftpaderborn\/?page_id=132"},"modified":"2024-09-12T01:43:38","modified_gmt":"2024-09-11T23:43:38","slug":"otp2018","status":"publish","type":"page","link":"https:\/\/blogs.uni-paderborn.de\/oberhausentrifftpaderborn\/otp2018\/","title":{"rendered":"OBERHAUSEN TRIFFT PADERBORN 2018"},"content":{"rendered":"<div class=\"twoclick_social_bookmarks_post_132 social_share_privacy clearfix 1.6.4 locale-de_DE sprite-de_DE\"><\/div><div class=\"twoclick-js\"><script type=\"text\/javascript\">\/* <![CDATA[ *\/\njQuery(document).ready(function($){if($('.twoclick_social_bookmarks_post_132')){$('.twoclick_social_bookmarks_post_132').socialSharePrivacy({\"txt_help\":\"Wenn Sie diese Felder durch einen Klick aktivieren, werden Informationen an Facebook, Twitter, Flattr, Xing, t3n, LinkedIn, Pinterest oder Google eventuell ins Ausland \\u00fcbertragen und unter Umst\\u00e4nden auch dort gespeichert. N\\u00e4heres erfahren Sie durch einen Klick auf das <em>i<\\\/em>.\",\"settings_perma\":\"Dauerhaft aktivieren und Daten\\u00fcber-tragung zustimmen:\",\"info_link\":\"http:\\\/\\\/www.heise.de\\\/ct\\\/artikel\\\/2-Klicks-fuer-mehr-Datenschutz-1333879.html\",\"uri\":\"https:\\\/\\\/blogs.uni-paderborn.de\\\/oberhausentrifftpaderborn\\\/otp2018\\\/\",\"post_id\":132,\"post_title_referrer_track\":\"OBERHAUSEN+TRIFFT+PADERBORN+2018\",\"display_infobox\":\"on\"});}});\n\/* ]]> *\/<\/script><\/div>\n<div class=\"wp-block-media-text alignwide is-stacked-on-mobile has-tertiary-background-color has-background\" style=\"grid-template-columns:40% auto\"><figure class=\"wp-block-media-text__media\"><img loading=\"lazy\" decoding=\"async\" width=\"354\" height=\"500\" src=\"https:\/\/blogs.uni-paderborn.de\/oberhausentrifftpaderborn\/files\/2023\/11\/OberhausentrifftPaderborn_Plakat_2018.jpg\" alt=\"\" class=\"wp-image-45 size-full\" srcset=\"https:\/\/blogs.uni-paderborn.de\/oberhausentrifftpaderborn\/files\/2023\/11\/OberhausentrifftPaderborn_Plakat_2018.jpg 354w, https:\/\/blogs.uni-paderborn.de\/oberhausentrifftpaderborn\/files\/2023\/11\/OberhausentrifftPaderborn_Plakat_2018-212x300.jpg 212w\" sizes=\"auto, (max-width: 354px) 100vw, 354px\" \/><\/figure><div class=\"wp-block-media-text__content\">\n<h3 class=\"wp-block-heading\"><strong>KURZINFO<\/strong><\/h3>\n\n\n\n<p>Kurzfilmnacht Nr. 11<br>15.11.2018 | 19:30 Uhr <br>Organisator:innen: tba.<br>Seminarleitung: Annette Brauerhoch<\/p>\n\n\n\n<div class=\"wp-block-buttons is-layout-flex wp-block-buttons-is-layout-flex\">\n<div class=\"wp-block-button\"><a class=\"wp-block-button__link wp-element-button\" href=\"https:\/\/blogs.uni-paderborn.de\/oberhausentrifftpaderborn2018\/\" style=\"border-radius:10px\" target=\"_blank\" rel=\"noreferrer noopener\">Veranstaltungs-Website<\/a><\/div>\n\n\n\n<div class=\"wp-block-button\"><a class=\"wp-block-button__link wp-element-button\" href=\"https:\/\/www.youtube.com\/watch?v=CjRQf5jLuQY\" style=\"border-radius:10px\" target=\"_blank\" rel=\"noreferrer noopener\">Trailer<\/a><\/div>\n<\/div>\n<\/div><\/div>\n\n\n\n<hr class=\"wp-block-separator alignwide has-alpha-channel-opacity is-style-wide\" \/>\n\n\n\n<h2 class=\"wp-block-heading alignwide\">TRAILER<\/h2>\n\n\n\n<figure class=\"wp-block-embed alignwide is-type-video is-provider-youtube wp-block-embed-youtube wp-embed-aspect-16-9 wp-has-aspect-ratio\"><div class=\"wp-block-embed__wrapper\">\n<iframe loading=\"lazy\" title=\"Trailer - Oberhausen trifft Paderborn - Kurzfilmnacht 2018\" width=\"500\" height=\"281\" src=\"https:\/\/www.youtube.com\/embed\/CjRQf5jLuQY?feature=oembed\" frameborder=\"0\" allow=\"accelerometer; autoplay; clipboard-write; encrypted-media; gyroscope; picture-in-picture; web-share\" referrerpolicy=\"strict-origin-when-cross-origin\" allowfullscreen><\/iframe>\n<\/div><\/figure>\n\n\n\n<hr class=\"wp-block-separator alignwide has-alpha-channel-opacity is-style-wide\" \/>\n\n\n\n<h2 class=\"wp-block-heading alignwide\">INFO<\/h2>\n\n\n\n<p>Am <strong>15. November 2018<\/strong> ist es wieder soweit!<\/p>\n\n\n\n<p>Wir, neun Studierende der Universit\u00e4t Paderborn, haben im vergangen Mai die <strong>64. Kurzfilmfestspiele in Oberhausen<\/strong> besucht. Mitgebracht haben wir euch eine erlesene Auswahl an Filmen, die uns ganz besonders beeindruckt haben, jedoch in Paderborn nie gezeigt w\u00fcrden. So habt ihr die einmalige Chance konfrontative Dokumentarfilme oder mitrei\u00dfenden Musikvideos zu sehen, welche euch umhauen werden. Also seid gespannt, denn das d\u00fcrft ihr nicht verpassen!<\/p>\n\n\n\n<p>Der Abend beginnt mit einem gem\u00fctlichen Sektempfang um unsere gespannten Nerven etwas zu beruhigen. Erste Gespr\u00e4che rund um das Thema Kurzfilm, der oft im Kino keinen Platz mehr findet, k\u00f6nnen gef\u00fchrt werden.<\/p>\n\n\n\n<p><\/p>\n\n\n\n<h2 class=\"wp-block-heading alignwide\">ZUM PROJEKT<\/h2>\n\n\n\n<p>Bereits zum elften Mal findet das studentische Projekt \u201eOberhausen trifft Paderborn\u201c statt.<br>Organisiert wird die Veranstaltung von Studierenden der Universit\u00e4t Paderborn, die im Rahmen eines Praxisseminars die \u201e64. Internationalen Kurzfilmtage\u201c in Oberhausen besucht haben.Das Kurzfilmfestival im Ruhrgebiet ist im Laufe der vergangenen Jahrzehnte zu einem der wichtigsten Kurzfilmfestivals und damit wichtige Plattform f\u00fcr nationale und internationale Kurzfilme geworden. Der Lichtburg Filmpalast zeigt j\u00e4hrlich Kurzfilme aus aller Welt und verleiht Preise in den Kategorien: Internationaler Wettbewerb, Deutscher Wettbewerb, NRW-Wettbewerb, Kinder- und Jugendkino und Musikvideo. Die vergangenen Kurzfilmn\u00e4chte zum Thema \u201eOberhausen trifft Paderborn\u201c stie\u00dfen bei den Studierenden sowie dem Paderborner Filmpublikum auf erfreulich gro\u00dfes Interesse. Die Resonanz war durchweg positiv. Motiviert durch den Erfolg dieses Projektes wollen wir in diesem Jahr erneut den Kurzfilm f\u00fcr eine Nacht in den Mittelpunkt der Kinob\u00fchne r\u00fccken.<\/p>\n\n\n\n<p>\u201eOberhausen trifft Paderborn\u201c ist ein Projekt, das die Bedeutung des Formats Kurzfilm unterstreichen und, ankn\u00fcpfend an den Erfolg der vergangenen 10 Jahre, in der kulturellen Landschaft Paderborns etablieren m\u00f6chte. Die Kurzfilmnacht richtet sich an alle Filminteressierten in Paderborn und Umgebung, Studierende und Stadtbewohner gleicherma\u00dfen.<\/p>\n\n\n\n<hr class=\"wp-block-separator alignwide has-alpha-channel-opacity is-style-wide\" \/>\n\n\n\n<h2 class=\"wp-block-heading alignwide\">FILMPROGRAMM<\/h2>\n\n\n\n<p><strong><u>Copyshop<\/u><\/strong><br>Definiert der Rapper Romano mit seinem Song das Original neu, oder ist es die Kopie, von der Kopie, von der Kopie?<\/p>\n\n\n\n<p><strong><u>Three Casualties<\/u><\/strong><br>Ein Film, der sich mit der t\u00f6dlichen Seite des Berufsbildes von Stuntdoublen besch\u00e4ftigt. Gezeigt werden drei reale Filmszenen, deren tats\u00e4chlicher Ausgang den Filmzuschauern vorenthalten blieb.<\/p>\n\n\n\n<p><strong><u>Das satanische Dickicht<\/u><\/strong><br>Fernando. Wurstbrot. Rollerblades. Lust. Verlangen. Scham. Plastik. Ritter. Eis. W\u00fcrstchen. Melone. Schnitt. Techno als Takt, Allusion als Rhythmus.<\/p>\n\n\n\n<p><strong><u>Nomades<\/u><\/strong><br>Ein Film zum sich verliebt f\u00fchlen. Er entf\u00fchrt \u2013 stumm \u2013 in die laute Welt Rio de Janeiros. K\u00f6rper und Kamera sind sprechen.<\/p>\n\n\n\n<p><strong><u>Fasse dich kurz<\/u><\/strong><br>Gelbe Gebilde in den St\u00e4dten des Ruhrgebiets als Zeugen einer vergangenen Zeit. Die letzte Episode einer Trilogie, die das Vergessen ins Zentrum r\u00fccken l\u00e4sst und dabei Zufallsprotagonisten eine Stimme gibt.<\/p>\n\n\n\n<p><strong><u>Call of Comfort<\/u><\/strong><br>Stimme den allgemeinen Gesch\u00e4ftsbedingungen zu und genie\u00dfe ASMR im Gro\u00dfformat. Entspannung zu den Kl\u00e4ngen von Big Data, die w\u00f6rtlich unter die Haut geht.<\/p>\n\n\n\n<p><strong><u>Limerence<\/u><\/strong><br>Ein nachdenklicher Trip durch 50 Jahre Film. Ein Triptychon, welches uns im Intimsten beobachtet \u2013 obsessiv und gleichsam erotisch.<\/p>\n\n\n\n<p><strong><u>Fest<\/u><\/strong><br>Puppen, die tanzen, essen und Bungeespringen.<\/p>\n\n\n\n<p><strong><u>Eine Kneipe auf Malle<\/u><\/strong><br>Ein Film \u00fcber eine Kneipe und Kodachrome zeigt in k\u00f6rnigen Bildern die Extreme unserer Gesellschaft, verwebt Politik, Erinnerung und Filmtechnik.<\/p>\n\n\n\n<p><strong><u>I wanna prove to you<\/u><\/strong><br>F\u00fcr das Musikvideodreh l\u00e4dt der junge Regisseur <em>The Lemon Twigs<\/em> zu seinen Gro\u00dfeltern ein, um ihr &nbsp;Leben zu dokumentieren. Dabei treffen frisch und unterhaltsam zwei Welten aufeinander.<\/p>\n\n\n\n<p><strong><u>In Waves<\/u><\/strong><br>Puppenspieler bei Nacht. Tanzend zu elektronischen Kl\u00e4ngen. Im Einklang mit ihren Figuren.<\/p>\n\n\n\n<hr class=\"wp-block-separator alignwide has-alpha-channel-opacity is-style-wide\" \/>\n\n\n\n<h2 class=\"wp-block-heading alignwide\">TEAM<\/h2>\n\n\n\n<figure class=\"wp-block-image size-large\"><img loading=\"lazy\" decoding=\"async\" width=\"1024\" height=\"576\" src=\"https:\/\/blogs.uni-paderborn.de\/oberhausentrifftpaderborn\/files\/2023\/11\/OtP_2018_Gruppe-1024x576.jpeg\" alt=\"\" class=\"wp-image-134\" srcset=\"https:\/\/blogs.uni-paderborn.de\/oberhausentrifftpaderborn\/files\/2023\/11\/OtP_2018_Gruppe-1024x576.jpeg 1024w, https:\/\/blogs.uni-paderborn.de\/oberhausentrifftpaderborn\/files\/2023\/11\/OtP_2018_Gruppe-300x169.jpeg 300w, https:\/\/blogs.uni-paderborn.de\/oberhausentrifftpaderborn\/files\/2023\/11\/OtP_2018_Gruppe-768x432.jpeg 768w, https:\/\/blogs.uni-paderborn.de\/oberhausentrifftpaderborn\/files\/2023\/11\/OtP_2018_Gruppe.jpeg 1280w\" sizes=\"auto, (max-width: 1024px) 100vw, 1024px\" \/><\/figure>\n\n\n\n<hr class=\"wp-block-separator alignwide has-alpha-channel-opacity is-style-wide\" \/>\n\n\n\n<h2 class=\"wp-block-heading alignwide\">SPONSOREN<\/h2>\n\n\n\n<figure class=\"wp-block-image size-large\"><img loading=\"lazy\" decoding=\"async\" width=\"1024\" height=\"538\" src=\"https:\/\/blogs.uni-paderborn.de\/oberhausentrifftpaderborn\/files\/2023\/11\/Sponsoren_2018-1024x538.jpeg\" alt=\"\" class=\"wp-image-135\" srcset=\"https:\/\/blogs.uni-paderborn.de\/oberhausentrifftpaderborn\/files\/2023\/11\/Sponsoren_2018-1024x538.jpeg 1024w, https:\/\/blogs.uni-paderborn.de\/oberhausentrifftpaderborn\/files\/2023\/11\/Sponsoren_2018-300x158.jpeg 300w, https:\/\/blogs.uni-paderborn.de\/oberhausentrifftpaderborn\/files\/2023\/11\/Sponsoren_2018-768x403.jpeg 768w, https:\/\/blogs.uni-paderborn.de\/oberhausentrifftpaderborn\/files\/2023\/11\/Sponsoren_2018.jpeg 1200w\" sizes=\"auto, (max-width: 1024px) 100vw, 1024px\" \/><\/figure>\n\n\n\n<p><\/p>\n\n\n\n<p><\/p>\n\n\n\n<p><\/p>\n","protected":false},"excerpt":{"rendered":"<p>TRAILER INFO Am 15. November 2018 ist es wieder soweit! Wir, neun Studierende der Universit\u00e4t Paderborn, haben im vergangen Mai die 64. Kurzfilmfestspiele in Oberhausen besucht. Mitgebracht haben wir euch eine erlesene Auswahl an Filmen, die uns ganz besonders beeindruckt haben, jedoch in Paderborn nie gezeigt w\u00fcrden. So habt ihr die einmalige Chance konfrontative Dokumentarfilme [&hellip;]<\/p>\n","protected":false},"author":9268,"featured_media":45,"parent":0,"menu_order":0,"comment_status":"closed","ping_status":"closed","template":"","meta":{"footnotes":""},"class_list":["post-132","page","type-page","status-publish","has-post-thumbnail","hentry"],"_links":{"self":[{"href":"https:\/\/blogs.uni-paderborn.de\/oberhausentrifftpaderborn\/wp-json\/wp\/v2\/pages\/132","targetHints":{"allow":["GET"]}}],"collection":[{"href":"https:\/\/blogs.uni-paderborn.de\/oberhausentrifftpaderborn\/wp-json\/wp\/v2\/pages"}],"about":[{"href":"https:\/\/blogs.uni-paderborn.de\/oberhausentrifftpaderborn\/wp-json\/wp\/v2\/types\/page"}],"author":[{"embeddable":true,"href":"https:\/\/blogs.uni-paderborn.de\/oberhausentrifftpaderborn\/wp-json\/wp\/v2\/users\/9268"}],"replies":[{"embeddable":true,"href":"https:\/\/blogs.uni-paderborn.de\/oberhausentrifftpaderborn\/wp-json\/wp\/v2\/comments?post=132"}],"version-history":[{"count":7,"href":"https:\/\/blogs.uni-paderborn.de\/oberhausentrifftpaderborn\/wp-json\/wp\/v2\/pages\/132\/revisions"}],"predecessor-version":[{"id":343,"href":"https:\/\/blogs.uni-paderborn.de\/oberhausentrifftpaderborn\/wp-json\/wp\/v2\/pages\/132\/revisions\/343"}],"wp:featuredmedia":[{"embeddable":true,"href":"https:\/\/blogs.uni-paderborn.de\/oberhausentrifftpaderborn\/wp-json\/wp\/v2\/media\/45"}],"wp:attachment":[{"href":"https:\/\/blogs.uni-paderborn.de\/oberhausentrifftpaderborn\/wp-json\/wp\/v2\/media?parent=132"}],"curies":[{"name":"wp","href":"https:\/\/api.w.org\/{rel}","templated":true}]}}