{"id":110,"date":"2023-11-11T16:55:44","date_gmt":"2023-11-11T15:55:44","guid":{"rendered":"https:\/\/blogs.uni-paderborn.de\/oberhausentrifftpaderborn\/?page_id=110"},"modified":"2024-09-12T02:38:19","modified_gmt":"2024-09-12T00:38:19","slug":"otp2019","status":"publish","type":"page","link":"https:\/\/blogs.uni-paderborn.de\/oberhausentrifftpaderborn\/otp2019\/","title":{"rendered":"OBERHAUSEN TRIFFT PADERBORN 2019"},"content":{"rendered":"<div class=\"twoclick_social_bookmarks_post_110 social_share_privacy clearfix 1.6.4 locale-de_DE sprite-de_DE\"><\/div><div class=\"twoclick-js\"><script type=\"text\/javascript\">\/* <![CDATA[ *\/\njQuery(document).ready(function($){if($('.twoclick_social_bookmarks_post_110')){$('.twoclick_social_bookmarks_post_110').socialSharePrivacy({\"txt_help\":\"Wenn Sie diese Felder durch einen Klick aktivieren, werden Informationen an Facebook, Twitter, Flattr, Xing, t3n, LinkedIn, Pinterest oder Google eventuell ins Ausland \\u00fcbertragen und unter Umst\\u00e4nden auch dort gespeichert. N\\u00e4heres erfahren Sie durch einen Klick auf das <em>i<\\\/em>.\",\"settings_perma\":\"Dauerhaft aktivieren und Daten\\u00fcber-tragung zustimmen:\",\"info_link\":\"http:\\\/\\\/www.heise.de\\\/ct\\\/artikel\\\/2-Klicks-fuer-mehr-Datenschutz-1333879.html\",\"uri\":\"https:\\\/\\\/blogs.uni-paderborn.de\\\/oberhausentrifftpaderborn\\\/otp2019\\\/\",\"post_id\":110,\"post_title_referrer_track\":\"OBERHAUSEN+TRIFFT+PADERBORN+2019\",\"display_infobox\":\"on\"});}});\n\/* ]]> *\/<\/script><\/div>\n<div class=\"wp-block-media-text alignwide is-stacked-on-mobile has-tertiary-background-color has-background\" style=\"grid-template-columns:40% auto\"><figure class=\"wp-block-media-text__media\"><img loading=\"lazy\" decoding=\"async\" width=\"723\" height=\"1024\" src=\"https:\/\/blogs.uni-paderborn.de\/oberhausentrifftpaderborn\/files\/2023\/11\/OberhausentrifftPaderborn_Plakat_2019-723x1024.jpg\" alt=\"\" class=\"wp-image-46 size-full\" srcset=\"https:\/\/blogs.uni-paderborn.de\/oberhausentrifftpaderborn\/files\/2023\/11\/OberhausentrifftPaderborn_Plakat_2019-723x1024.jpg 723w, https:\/\/blogs.uni-paderborn.de\/oberhausentrifftpaderborn\/files\/2023\/11\/OberhausentrifftPaderborn_Plakat_2019-212x300.jpg 212w, https:\/\/blogs.uni-paderborn.de\/oberhausentrifftpaderborn\/files\/2023\/11\/OberhausentrifftPaderborn_Plakat_2019-768x1088.jpg 768w, https:\/\/blogs.uni-paderborn.de\/oberhausentrifftpaderborn\/files\/2023\/11\/OberhausentrifftPaderborn_Plakat_2019-1085x1536.jpg 1085w, https:\/\/blogs.uni-paderborn.de\/oberhausentrifftpaderborn\/files\/2023\/11\/OberhausentrifftPaderborn_Plakat_2019.jpg 1314w\" sizes=\"auto, (max-width: 723px) 100vw, 723px\" \/><\/figure><div class=\"wp-block-media-text__content\">\n<h3 class=\"wp-block-heading\"><strong>KURZINFO<\/strong><\/h3>\n\n\n\n<p><strong>Kurzfilmnacht Nr. 12<\/strong><br>14.11.2019 | 19:30 Uhr <br><br>Organisator:innen: Alja, Antonia, Mina, Marie, Barbara, Sarah, Carina, Lukas, Alex, Sophia und Alwina<br>Seminarleitung: Annette Brauerhoch<\/p>\n\n\n\n<div class=\"wp-block-buttons is-layout-flex wp-block-buttons-is-layout-flex\">\n<div class=\"wp-block-button\"><a class=\"wp-block-button__link wp-element-button\" href=\"https:\/\/blogs.uni-paderborn.de\/oberhausentrifftpaderborn2019\/\" style=\"border-radius:10px\">Veranstaltungs-Website<\/a><\/div>\n\n\n\n<div class=\"wp-block-button\"><a class=\"wp-block-button__link wp-element-button\" href=\"https:\/\/www.youtube.com\/watch?v=y5q1OjNN0wk\" style=\"border-radius:10px\" target=\"_blank\" rel=\"noreferrer noopener\">Trailer<\/a><\/div>\n<\/div>\n<\/div><\/div>\n\n\n\n<hr class=\"wp-block-separator alignwide has-alpha-channel-opacity is-style-wide\" \/>\n\n\n\n<h2 class=\"wp-block-heading alignwide\">TRAILER<\/h2>\n\n\n\n<figure class=\"wp-block-embed alignwide is-type-video is-provider-youtube wp-block-embed-youtube wp-embed-aspect-16-9 wp-has-aspect-ratio\"><div class=\"wp-block-embed__wrapper\">\n<iframe loading=\"lazy\" title=\"Trailer - Oberhausen trifft Paderborn - Kurzfilmnacht 2019\" width=\"500\" height=\"281\" src=\"https:\/\/www.youtube.com\/embed\/y5q1OjNN0wk?feature=oembed\" frameborder=\"0\" allow=\"accelerometer; autoplay; clipboard-write; encrypted-media; gyroscope; picture-in-picture; web-share\" referrerpolicy=\"strict-origin-when-cross-origin\" allowfullscreen><\/iframe>\n<\/div><\/figure>\n\n\n\n<hr class=\"wp-block-separator alignwide has-alpha-channel-opacity is-style-wide\" \/>\n\n\n\n<h2 class=\"wp-block-heading alignwide\">INFO<\/h2>\n\n\n\n<h5 class=\"wp-block-heading\">\u201eVorhang auf\u201c f\u00fcr die 12. Kurzfilmnacht in Paderborn!<\/h5>\n\n\n\n<p>Am <strong>14. November 2019 <\/strong>ist der Kurzfilm wieder zu Besuch in der Domstadt!<\/p>\n\n\n\n<p>Im Mai dieses Jahres fanden die&nbsp;<strong>65. Internationalen Kurzfilmtage<\/strong>&nbsp;in<strong>&nbsp;Oberhausen&nbsp;<\/strong>statt. Wir, 11 Studierende der Uni Paderborn, haben sie miterlebt. Unsere Eindr\u00fccke m\u00f6chten wir an einem au\u00dfergew\u00f6hnlichen Abend im Kino mit euch teilen. Dazu haben wir ein abwechslungsreiches und mitrei\u00dfendes Programm mit Kurzfilmen zusammengestellt, die uns beeindruckt und fasziniert haben. Mit dabei sind Filme von ber\u00fchmten Regisseuren und Regisseurinnen, pr\u00e4mierte Musikvideos, und viele andere Kostbarkeiten.<\/p>\n\n\n\n<p>Neben der M\u00f6glichkeit, eine Ausgabe dieser mittlerweile zum Kult gewordenen Kurzfilmnacht zu gestalten, freuen wir uns in diesem Jahr besonders dar\u00fcber, die Auff\u00fchrung zweier bewegender Filme mit einer kleinen Spendenaktion verbinden zu k\u00f6nnen, die Kindern auf den Philippinen helfen soll. Zusammen mit der Filmemacherin Kiri Dalena, deren Werke \u201eGikan sa \u00c4ngitngit nga Kinailadman\u201c und \u201eMag-uuma\u201c Teil unserer Vorstellung sein werden, haben wir die Idee entwickelt,&nbsp;Geld- und Sachspenden (Spielzeug &amp; Schulutensilien) zu sammeln. Wir freuen uns \u00fcber jeden und jede, die Interesse hat. Man kann an unseren Vorverkaufsstellen, sowie am Veranstaltungsabend spenden.<\/p>\n\n\n\n<p>Um 19:30 Uhr begr\u00fc\u00dfen wir euch mit Getr\u00e4nken und Snacks*, um den Abend in gewohnt froher Runde einzul\u00e4uten. Dabei k\u00f6nnen bereits vor Beginn der Vorstellung Dialoge zum Thema \u201eKurzfilm\u201c gestartet werden.<\/p>\n\n\n\n<p>Wir freuen uns sehr auf euch und den Paderborner Kurzfilmabend!<\/p>\n\n\n\n<h2 class=\"wp-block-heading alignwide\">ZUM PROJEKT<\/h2>\n\n\n\n<p>Nach elf erfolgreichen Ausgaben holt auch in diesem Jahr eine Gruppe Studierender der Uni Paderborn den Kurzfilm f\u00fcr eine Nacht in die Domstadt. Innerhalb des Praxisseminars \u201eOberhausen trifft Paderborn\u201c lie\u00dfen sie sich vom Besuch der <strong>65. Internationalen Kurzfilmtage Oberhausen<\/strong> inspirieren. Das Festival gilt als eines der \u00e4ltesten und wichtigsten Kurzfilmfestivals mit internationaler Reichweite. J\u00e4hrlich werden dort erlesene Kurzfilme von Filmemachern aus aller Welt in verschiedenen Kategorien vorgestellt und mit Preisen ausgezeichnet. Auf dem Programm stehen unter anderem internationale und deutsche Werke, Musikvideos, Filme aus dem Raum NRW, sowie des Kinder- und Jugendkinos.<\/p>\n\n\n\n<p>Mit der Intention, das Format des Kurzfilms zu best\u00e4rken und in die Paderborner Filmkultur einzubetten, gestalten die j\u00e4hrlich wechselnden Projektteilnehmer \u2013 mit Unterst\u00fctzung ihrer Dozentinnen Prof. Dr. Annette Brauerhoch und Elena Fingerhut \u2013 die mittlerweile 12. Kurzfilmnacht in Paderborn. Interessenten jeder Art sind herzlich eingeladen, an dieser Nacht teilzunehmen!<\/p>\n\n\n\n<hr class=\"wp-block-separator alignwide has-alpha-channel-opacity is-style-wide\" \/>\n\n\n\n<h2 class=\"wp-block-heading alignwide\">FILMPROGRAMM<\/h2>\n\n\n\n<p>tba. <\/p>\n\n\n\n<hr class=\"wp-block-separator alignwide has-alpha-channel-opacity is-style-wide\" \/>\n\n\n\n<h2 class=\"wp-block-heading alignwide\">TEAM<\/h2>\n\n\n\n<figure class=\"wp-block-image size-full\"><img loading=\"lazy\" decoding=\"async\" width=\"1024\" height=\"683\" src=\"https:\/\/blogs.uni-paderborn.de\/oberhausentrifftpaderborn\/files\/2023\/11\/OtP_2019_Gruppe.jpg\" alt=\"\" class=\"wp-image-128\" srcset=\"https:\/\/blogs.uni-paderborn.de\/oberhausentrifftpaderborn\/files\/2023\/11\/OtP_2019_Gruppe.jpg 1024w, https:\/\/blogs.uni-paderborn.de\/oberhausentrifftpaderborn\/files\/2023\/11\/OtP_2019_Gruppe-300x200.jpg 300w, https:\/\/blogs.uni-paderborn.de\/oberhausentrifftpaderborn\/files\/2023\/11\/OtP_2019_Gruppe-768x512.jpg 768w\" sizes=\"auto, (max-width: 1024px) 100vw, 1024px\" \/><\/figure>\n\n\n\n<p>Alja, Antonia, Mina, Marie, Barbara, Sarah, Carina, Lukas, Alex, Sophia und Alwina<\/p>\n\n\n\n<hr class=\"wp-block-separator alignwide has-alpha-channel-opacity is-style-wide\" \/>\n\n\n\n<h2 class=\"wp-block-heading alignwide\">SPONSOREN<\/h2>\n\n\n\n<figure class=\"wp-block-image size-large\"><img loading=\"lazy\" decoding=\"async\" width=\"1024\" height=\"577\" src=\"https:\/\/blogs.uni-paderborn.de\/oberhausentrifftpaderborn\/files\/2023\/11\/Sponsoren_2019-1024x577.png\" alt=\"\" class=\"wp-image-129\" srcset=\"https:\/\/blogs.uni-paderborn.de\/oberhausentrifftpaderborn\/files\/2023\/11\/Sponsoren_2019-1024x577.png 1024w, https:\/\/blogs.uni-paderborn.de\/oberhausentrifftpaderborn\/files\/2023\/11\/Sponsoren_2019-300x169.png 300w, https:\/\/blogs.uni-paderborn.de\/oberhausentrifftpaderborn\/files\/2023\/11\/Sponsoren_2019-768x432.png 768w, https:\/\/blogs.uni-paderborn.de\/oberhausentrifftpaderborn\/files\/2023\/11\/Sponsoren_2019.png 1458w\" sizes=\"auto, (max-width: 1024px) 100vw, 1024px\" \/><\/figure>\n\n\n\n<p><\/p>\n\n\n\n<p><\/p>\n\n\n\n<p><\/p>\n","protected":false},"excerpt":{"rendered":"<p>TRAILER INFO \u201eVorhang auf\u201c f\u00fcr die 12. Kurzfilmnacht in Paderborn! Am 14. November 2019 ist der Kurzfilm wieder zu Besuch in der Domstadt! Im Mai dieses Jahres fanden die&nbsp;65. Internationalen Kurzfilmtage&nbsp;in&nbsp;Oberhausen&nbsp;statt. Wir, 11 Studierende der Uni Paderborn, haben sie miterlebt. Unsere Eindr\u00fccke m\u00f6chten wir an einem au\u00dfergew\u00f6hnlichen Abend im Kino mit euch teilen. Dazu haben [&hellip;]<\/p>\n","protected":false},"author":9268,"featured_media":46,"parent":0,"menu_order":0,"comment_status":"closed","ping_status":"closed","template":"","meta":{"footnotes":""},"class_list":["post-110","page","type-page","status-publish","has-post-thumbnail","hentry"],"_links":{"self":[{"href":"https:\/\/blogs.uni-paderborn.de\/oberhausentrifftpaderborn\/wp-json\/wp\/v2\/pages\/110","targetHints":{"allow":["GET"]}}],"collection":[{"href":"https:\/\/blogs.uni-paderborn.de\/oberhausentrifftpaderborn\/wp-json\/wp\/v2\/pages"}],"about":[{"href":"https:\/\/blogs.uni-paderborn.de\/oberhausentrifftpaderborn\/wp-json\/wp\/v2\/types\/page"}],"author":[{"embeddable":true,"href":"https:\/\/blogs.uni-paderborn.de\/oberhausentrifftpaderborn\/wp-json\/wp\/v2\/users\/9268"}],"replies":[{"embeddable":true,"href":"https:\/\/blogs.uni-paderborn.de\/oberhausentrifftpaderborn\/wp-json\/wp\/v2\/comments?post=110"}],"version-history":[{"count":15,"href":"https:\/\/blogs.uni-paderborn.de\/oberhausentrifftpaderborn\/wp-json\/wp\/v2\/pages\/110\/revisions"}],"predecessor-version":[{"id":368,"href":"https:\/\/blogs.uni-paderborn.de\/oberhausentrifftpaderborn\/wp-json\/wp\/v2\/pages\/110\/revisions\/368"}],"wp:featuredmedia":[{"embeddable":true,"href":"https:\/\/blogs.uni-paderborn.de\/oberhausentrifftpaderborn\/wp-json\/wp\/v2\/media\/46"}],"wp:attachment":[{"href":"https:\/\/blogs.uni-paderborn.de\/oberhausentrifftpaderborn\/wp-json\/wp\/v2\/media?parent=110"}],"curies":[{"name":"wp","href":"https:\/\/api.w.org\/{rel}","templated":true}]}}