{"id":67,"date":"2016-10-28T15:54:36","date_gmt":"2016-10-28T13:54:36","guid":{"rendered":"https:\/\/blogs.uni-paderborn.de\/nil\/?page_id=67"},"modified":"2017-01-04T22:21:30","modified_gmt":"2017-01-04T21:21:30","slug":"impressum","status":"publish","type":"page","link":"https:\/\/blogs.uni-paderborn.de\/nil\/impressum\/","title":{"rendered":"Impressum"},"content":{"rendered":"<div class=\"twoclick_social_bookmarks_post_67 social_share_privacy clearfix 1.6.4 locale-de_DE sprite-de_DE\"><\/div><div class=\"twoclick-js\"><script type=\"text\/javascript\">\/* <![CDATA[ *\/\njQuery(document).ready(function($){if($('.twoclick_social_bookmarks_post_67')){$('.twoclick_social_bookmarks_post_67').socialSharePrivacy({\"txt_help\":\"Wenn Sie diese Felder durch einen Klick aktivieren, werden Informationen an Facebook, Twitter, Flattr, Xing, t3n, LinkedIn, Pinterest oder Google eventuell ins Ausland \\u00fcbertragen und unter Umst\\u00e4nden auch dort gespeichert. N\\u00e4heres erfahren Sie durch einen Klick auf das <em>i<\\\/em>.\",\"settings_perma\":\"Dauerhaft aktivieren und Daten\\u00fcber-tragung zustimmen:\",\"info_link\":\"http:\\\/\\\/www.heise.de\\\/ct\\\/artikel\\\/2-Klicks-fuer-mehr-Datenschutz-1333879.html\",\"uri\":\"https:\\\/\\\/blogs.uni-paderborn.de\\\/nil\\\/impressum\\\/\",\"post_id\":67,\"post_title_referrer_track\":\"Impressum\",\"display_infobox\":\"on\"});}});\n\/* ]]> *\/<\/script><\/div><div class=\"entry-content\">\n<p><strong>Kontakt \/ Impressum<\/strong><\/p>\n<p>Natalie Lettenewitsch<br \/>\nUniversit\u00e4t Paderborn<br \/>\nFakult\u00e4t f\u00fcr Kulturwissenschaften<br \/>\nInstitut f\u00fcr\u00a0Medienwissenschaften<br \/>\nWarburgerstra\u00dfe 100<br \/>\n33098 Paderborn<br \/>\nTelefon: +49 5251 60-3289<br \/>\nE-Mail: nil(at)mail.uni-paderborn(dot)de<\/p>\n<p>Sprechstunde:<\/p>\n<p>Dienstag 16-17 Uhr (nach Anmeldung per Email)<br \/>\nRaum E2.164<\/p>\n<\/div>\n<div class=\"entry-content\">\n<div class=\"entry-content\">\n<hr \/>\n<h1>Haftungsausschluss (Disclaimer)<\/h1>\n<p><strong>Haftung f\u00fcr Inhalte<\/strong><\/p>\n<p>Als Diensteanbieter sind wir gem\u00e4\u00df \u00a7 7 Abs.1 TMG f\u00fcr eigene Inhalte auf diesen Seiten nach den allgemeinen Gesetzen verantwortlich. Nach \u00a7\u00a7 8 bis 10 TMG sind wir als Diensteanbieter jedoch nicht verpflichtet, \u00fcbermittelte oder gespeicherte fremde Informationen zu \u00fcberwachen oder nach Umst\u00e4nden zu forschen, die auf eine rechtswidrige T\u00e4tigkeit hinweisen. Verpflichtungen zur Entfernung oder Sperrung der Nutzung von Informationen nach den allgemeinen Gesetzen bleiben hiervon unber\u00fchrt. Eine diesbez\u00fcgliche Haftung ist jedoch erst ab dem Zeitpunkt der Kenntnis einer konkreten Rechtsverletzung m\u00f6glich. Bei Bekanntwerden von entsprechenden Rechtsverletzungen werden wir diese Inhalte umgehend entfernen.<\/p>\n<p><strong>Haftung f\u00fcr Links<\/strong><\/p>\n<p>Unser Angebot enth\u00e4lt Links zu externen Webseiten Dritter, auf deren Inhalte wir keinen Einfluss haben. Deshalb k\u00f6nnen wir f\u00fcr diese fremden Inhalte auch keine Gew\u00e4hr \u00fcbernehmen. F\u00fcr die Inhalte der verlinkten Seiten ist stets der jeweilige Anbieter oder Betreiber der Seiten verantwortlich. Die verlinkten Seiten wurden zum Zeitpunkt der Verlinkung auf m\u00f6gliche Rechtsverst\u00f6\u00dfe \u00fcberpr\u00fcft. Rechtswidrige Inhalte waren zum Zeitpunkt der Verlinkung nicht erkennbar. Eine permanente inhaltliche Kontrolle der verlinkten Seiten ist jedoch ohne konkrete Anhaltspunkte einer Rechtsverletzung nicht zumutbar. Bei Bekanntwerden von Rechtsverletzungen werden wir derartige Links umgehend entfernen.<\/p>\n<p><strong>Urheberrecht<\/strong><\/p>\n<p>Die durch die Seitenbetreiber erstellten Inhalte und Werke auf diesen Seiten unterliegen dem deutschen Urheberrecht. Die Vervielf\u00e4ltigung, Bearbeitung, Verbreitung und jede Art der Verwertung au\u00dferhalb der Grenzen des Urheberrechtes bed\u00fcrfen der schriftlichen Zustimmung des jeweiligen Autors bzw. Erstellers. Downloads und Kopien dieser Seite sind nur f\u00fcr den privaten, nicht kommerziellen Gebrauch gestattet. Soweit die Inhalte auf dieser Seite nicht vom Betreiber erstellt wurden, werden die Urheberrechte Dritter beachtet. Insbesondere werden Inhalte Dritter als solche gekennzeichnet. Sollten Sie trotzdem auf eine Urheberrechtsverletzung aufmerksam werden, bitten wir um einen entsprechenden Hinweis. Bei Bekanntwerden von Rechtsverletzungen werden wir derartige Inhalte umgehend entfernen.<\/p>\n<p><em>Quellenangaben: <a href=\"http:\/\/www.e-recht24.de\/muster-disclaimer.html\" target=\"_blank\" rel=\"nofollow\">eRecht24<\/a><\/em><\/p>\n<\/div>\n<\/div>\n","protected":false},"excerpt":{"rendered":"<p>Kontakt \/ Impressum Natalie Lettenewitsch Universit\u00e4t Paderborn Fakult\u00e4t f\u00fcr Kulturwissenschaften Institut f\u00fcr\u00a0Medienwissenschaften Warburgerstra\u00dfe 100 33098 Paderborn Telefon: +49 5251 60-3289 E-Mail: nil(at)mail.uni-paderborn(dot)de Sprechstunde: Dienstag 16-17 Uhr (nach Anmeldung per Email) Raum E2.164 Haftungsausschluss (Disclaimer) Haftung f\u00fcr Inhalte Als Diensteanbieter sind &hellip; <a href=\"https:\/\/blogs.uni-paderborn.de\/nil\/impressum\/\">Weiterlesen <span class=\"meta-nav\">&rarr;<\/span><\/a><\/p>\n","protected":false},"author":7803,"featured_media":0,"parent":0,"menu_order":0,"comment_status":"closed","ping_status":"closed","template":"showcase.php","meta":{"footnotes":""},"class_list":["post-67","page","type-page","status-publish","hentry"],"_links":{"self":[{"href":"https:\/\/blogs.uni-paderborn.de\/nil\/wp-json\/wp\/v2\/pages\/67","targetHints":{"allow":["GET"]}}],"collection":[{"href":"https:\/\/blogs.uni-paderborn.de\/nil\/wp-json\/wp\/v2\/pages"}],"about":[{"href":"https:\/\/blogs.uni-paderborn.de\/nil\/wp-json\/wp\/v2\/types\/page"}],"author":[{"embeddable":true,"href":"https:\/\/blogs.uni-paderborn.de\/nil\/wp-json\/wp\/v2\/users\/7803"}],"replies":[{"embeddable":true,"href":"https:\/\/blogs.uni-paderborn.de\/nil\/wp-json\/wp\/v2\/comments?post=67"}],"version-history":[{"count":14,"href":"https:\/\/blogs.uni-paderborn.de\/nil\/wp-json\/wp\/v2\/pages\/67\/revisions"}],"predecessor-version":[{"id":336,"href":"https:\/\/blogs.uni-paderborn.de\/nil\/wp-json\/wp\/v2\/pages\/67\/revisions\/336"}],"wp:attachment":[{"href":"https:\/\/blogs.uni-paderborn.de\/nil\/wp-json\/wp\/v2\/media?parent=67"}],"curies":[{"name":"wp","href":"https:\/\/api.w.org\/{rel}","templated":true}]}}