{"id":53,"date":"2016-10-28T15:48:40","date_gmt":"2016-10-28T13:48:40","guid":{"rendered":"https:\/\/blogs.uni-paderborn.de\/nil\/?page_id=53"},"modified":"2018-06-04T21:02:59","modified_gmt":"2018-06-04T19:02:59","slug":"publikationen","status":"publish","type":"page","link":"https:\/\/blogs.uni-paderborn.de\/nil\/publikationen\/","title":{"rendered":"Publikationen \/ Vortr\u00e4ge"},"content":{"rendered":"<div class=\"twoclick_social_bookmarks_post_53 social_share_privacy clearfix 1.6.4 locale-de_DE sprite-de_DE\"><\/div><div class=\"twoclick-js\"><script type=\"text\/javascript\">\/* <![CDATA[ *\/\njQuery(document).ready(function($){if($('.twoclick_social_bookmarks_post_53')){$('.twoclick_social_bookmarks_post_53').socialSharePrivacy({\"txt_help\":\"Wenn Sie diese Felder durch einen Klick aktivieren, werden Informationen an Facebook, Twitter, Flattr, Xing, t3n, LinkedIn, Pinterest oder Google eventuell ins Ausland \\u00fcbertragen und unter Umst\\u00e4nden auch dort gespeichert. N\\u00e4heres erfahren Sie durch einen Klick auf das <em>i<\\\/em>.\",\"settings_perma\":\"Dauerhaft aktivieren und Daten\\u00fcber-tragung zustimmen:\",\"info_link\":\"http:\\\/\\\/www.heise.de\\\/ct\\\/artikel\\\/2-Klicks-fuer-mehr-Datenschutz-1333879.html\",\"uri\":\"https:\\\/\\\/blogs.uni-paderborn.de\\\/nil\\\/publikationen\\\/\",\"post_id\":53,\"post_title_referrer_track\":\"Publikationen+%2F+Vortr%C3%A4ge\",\"display_infobox\":\"on\"});}});\n\/* ]]> *\/<\/script><\/div><p><strong><br \/>\nHerausgabe \/ Redaktion<br \/>\n<\/strong><\/p>\n<ul>\n<li>Christian H\u00fcls, Natalie Lettenewitsch, Anke Zechner (Hg.): <a href=\"http:\/\/www.stroemfeld.de\/de\/buecher_K_717_1\/\">Die K\u00f6rper des Kinos. F\u00fcr eine fr\u00f6hliche Filmwissenschaft.<\/a> Frankfurt a.M.: Stroemfeld 2015.<\/li>\n<li>Floating Food. Katalog zur Ausstellung von Ulrike Ottinger im Haus der Kulturen der Welt. K\u00f6ln: Walther K\u00f6nig 2011. (Red. mit Martin Hager et al.)<\/li>\n<li>Stanley Kubrick. Katalog zur Ausstellung des Deutschen Filmmuseums und des Deutschen Architektur Museums. Frankfurt a.M. 2004. (Red. mit Gerold Hens et al.)<\/li>\n<li>Petra Kraus, Natalie Lettenewitsch, Ursula Saekel, Brigitte Bruns, Matthias Mersch (Hg.): &#8218;Deutschland im Herbst&#8216; &#8211; Terrorismus im Film. M\u00fcnchen 1997. (Schriftenreihe M\u00fcnchner Filmzentrum)<\/li>\n<\/ul>\n<p><strong>Aufs\u00e4tze<\/strong> (Auswahl)<\/p>\n<ul>\n<li>Fundst\u00fccke aus der Tiefe. Filmische Tauchg\u00e4nge zwischen Naturwissenschaft und Geschichte. In: Gonz\u00e1lez de Reufels, Rasmus Greiner, Stefano Odorico, Winfried Pauleit (Hg.): <a href=\"http:\/\/www.bertz-fischer.de\/product_info.php?cPath=1_42&amp;products_id=524\">Film als Forschungsmethode. Produktion \u2013 Geschichte \u2013 Perspektiven<\/a>. Berlin: Bertz + Fischer 2018.<\/li>\n<li>Prek\u00e4re Flanerie. Filmische Streifz\u00fcge durch Berlin. In: Georgiana Banita \/ Judith Ellenb\u00fcrger \/ J\u00f6rn Glasenapp (Hg.): <a href=\"https:\/\/www.fink.de\/katalog\/titel\/978-3-7705-6191-9.html\">Die Lust zu gehen. Weibliche Flanerie in Literatur und Film.<\/a> Paderborn: Fink 2017.<\/li>\n<li><a href=\"https:\/\/blogs.uni-paderborn.de\/nil\/files\/2016\/10\/Breaking_through.pdf\">Breaking through &#8211; Staying inside. Imagining the &#8218;End of the World&#8216; as a Place<\/a>. In: Alexandra Simon Lopez \/ Sheila Bibb (Hg.): <a href=\"http:\/\/www.interdisciplinarypress.net\/product\/framing-the-apocalypse-visions-of-the-end-of-times\/\">Framing the Apocalypse<\/a>. Oxford: Interdisciplinary Press 2015.<\/li>\n<li><a href=\"https:\/\/blogs.uni-paderborn.de\/nil\/files\/2016\/10\/Str\u00e4nde_des_Kinos.pdf\">At land, at sea. Die Str\u00e4nde des Kinos<\/a>. In: Christian H\u00fcls \/ Natalie Lettenewitsch \/ Anke Zechner (Hg.): <a href=\"http:\/\/www.stroemfeld.de\/de\/buecher_K_717_1\/\">Die K\u00f6rper des Kinos. F\u00fcr eine fr\u00f6hliche Filmwissenschaft. <\/a>Frankfurt a.M.: Stroemfeld 2015.<\/li>\n<li><a href=\"http:\/\/dkritik.de\/schwerpunkt\/the-laziest-gal\/\">The Laziest Gal. Auf der Suche nach der faulen Filmheldin.<\/a> In: Daumenkino, Schwerpunkt Faulheit, Nov.\/Dez. 2013, http:\/\/dkritik.de (abgerufen am 01.12. 2013, erweiterte Version aus Schnitt Nr. 51, 3\/2008, S. 14-17)<\/li>\n<li><a href=\"https:\/\/blogs.uni-paderborn.de\/nil\/files\/2016\/10\/Flugbilder.pdf\">Absturz zu Boden. Flugzeugkatastrophe, Terrorismus und Inflight Entertainment<\/a> . In: Judith Keilbach \/ Alexandra Schneider (Hg.): <a href=\"http:\/\/www.lit-verlag.de\/isbn\/3-643-10053-5\">Fasten your\u00a0 Seatbelt! Bewegtbilder vom Fliegen<\/a>. M\u00fcnster: LIT 2009, S. 167-186.<\/li>\n<li><a href=\"https:\/\/blogs.uni-paderborn.de\/nil\/files\/2016\/10\/Helden_und_Gespenster.pdf\">Helden und Gespenster. Die RAF untot auf der Leinwand<\/a>. In: \u00c4sthetik und Kommunikation Nr. 117 (Juni 2002): Politik im deutschen Kino, S. 29-34. (mit Nadine Carina Mang)<\/li>\n<\/ul>\n<p><strong>kleinere Arbeiten &amp; Artikel<\/strong> (Auswahl)<\/p>\n<ul>\n<li><a href=\"https:\/\/blogs.uni-paderborn.de\/nil\/files\/2016\/10\/Schnitt_Verschwimmende_Bilder.pdf\">Verschwimmende Bilder. Tr\u00e4nen am Filmende.<\/a> In: Schnitt Nr. 68 (4\/2012), S.16-19.<\/li>\n<li>Warten auf Bewegung. &#8222;Orly&#8220; von Angela Schanelec. In: Schnitt 60 (4\/2010), S. 51.<\/li>\n<li>Freiheit ist ein wei\u00dfer Mann. In: Katalog des Internationalen Frauenfilmfestivals Dortmund, 2009, S. 64-65.<\/li>\n<li>Allein unter Avataren. Wie aus Computerspielen Filme werden. In: Zeit online, 09.05.2008, http:\/\/www.zeit.de\/online\/2008\/20\/machinima<\/li>\n<li>Das Schiff als Schauplatz. In: mare no. 58 (Okt.\/Nov. 2006), S.119.<\/li>\n<li>Willkommen in der Wirklichkeit. Bilanz der 53. Berlinale. In: Tagblatt, 17.02.2003, S. 19.<\/li>\n<li>Am Ende des Dokumentarischen? Die digitale Herausforderung. In: Sch\u00fcren-Filmkalender 2001, o.S. (mit Thomas Waitz)<\/li>\n<li>\u00dcbersetzung (mit Katharina Kleinen von K\u00f6nigsl\u00f6w): Slavoj Zizek \/ Die zwei Seiten der Perversion. In: Schnitt Nr. 17 (1\/2000).<\/li>\n<li>Schnitt &#8211; das Filmmagazin 1998-2012: diverse Film-, TV- &amp; Buchrezensionen, Festivalberichte &amp; Interviews, weitere Texte f\u00fcr ARTE-TV-Magazin, nachdemfilm.de, taz ruhr u.a.<\/li>\n<\/ul>\n<p><strong>Rezensionen<\/strong> (Auswahl)<\/p>\n<ul>\n<li><a href=\"http:\/\/archiv.ub.uni-marburg.de\/ep\/0002\/article\/view\/5981\/5849\">Kassandra Nakas (Hg.): Verfl\u00fcssigungen. \u00c4sthetische und semantische Dimensionen eines Topos.<\/a> Paderborn: Fink 2015. In: Medienwissenschaft Rezensionen \u2013 Reviews, 3\/2016, S. 299-301.<\/li>\n<li><a href=\"http:\/\/archiv.ub.uni-marburg.de\/ep\/0002\/article\/view\/4984\/4846\">Christian Hadorn: Der Schock des Wirklichen. Wissenschaftsfilm und Pariser Avantgarde.<\/a> Marburg: Sch\u00fcren 2014. In: Medienwissenschaft Rezensionen \u2013 Reviews, 2\/2016, S. 212-213.<\/li>\n<li>J\u00f6rn Glasenapp: Abschied vom Aktionsbild: Der italienische Neorealismus und das Kino der Moderne. M\u00fcnchen: Fink 2013. Medienwissenschaft Rezensionen \u2013 Reviews, 3\/2013, S. 338-340.<\/li>\n<li>Roman Mauer (Hg.): Das Meer im Film. Grenze, Spiegel, \u00dcbergang. M\u00fcnchen: ed. text + kritik 2010. In: mare no. 90 (Feb.\/M\u00e4rz 2012), S. 100.<\/li>\n<\/ul>\n<p><strong>Vortr\u00e4ge <\/strong>(Auswahl)<\/p>\n<ul>\n<li>Fundst\u00fccke aus der Tiefe. Filmische Tauchga\u0308nge zwischen Naturwissenschaft und Geschichte. Vortrag beim 22. Internationalen Bremer Symposium zum Film, 04.05.2017<\/li>\n<li>Marlene Dietrich &amp; Leni Riefenstahl. Zwei &#8218;deutsche Stars&#8216; als Symbolfiguren in Filmgeschichte und Politik. Vortrag im Rahmen der Ausstellung &#8222;Marlene Dietrich. Die Diva. Ihre Haltung. Und die Nazis&#8220;, Gedenkhalle Oberhausen, 29.06.2016<\/li>\n<li>Queeres Welttheater. Reisen durch Raum, Zeit und Geschlecht mit Ulrike Ottingers &#8222;Freak Orlando&#8220;. Vortrag im Rahmen der Filmreihe &#8222;Out of the past. Queere Filmgeschichte_n&#8220;, Cinema, M\u00fcnster, 11.07.2016<\/li>\n<li>Buchvorstellung und Lesung &#8222;Die K\u00f6rper des Kinos. F\u00fcr eine fr\u00f6hliche Filmwissenschaft&#8220;, Mal Seh\u2019n Kino Frankfurt a.M., 21.05.2016<\/li>\n<li>Faule Frauen, faule Filme. Gastvortrag im Seminar &#8222;\u00dcber M\u00fc\u00dfiggangster, Faulosophie &amp; Karriereverweigerung&#8220; von Prof. Jutta Weber, Universit\u00e4t Paderborn, 11.01.2016<\/li>\n<\/ul>\n<ul>\n<li>Figuring the world beneath the sea. Marine science, underwater film, and experimental approaches. Conference &#8222;Oceans and deserts&#8220;, University of Arizona, 06.-07.03.2015<\/li>\n<li>Erdscheibe und Meeresspiegel. Filmische Grenzerkundungen. Tagung &#8222;Scheiben. Medien der Durchsicht und der Speicherung&#8220;, HBK Braunschweig, 23.-24.01.2015<\/li>\n<li>Cinematic encounters at the Non-Place. Traffic, intercourse, and migration at the airport. NECS Conference, Karls-Universit\u00e4t Prag, 20.-22.06.2013<\/li>\n<li>Break on through to the other side. Imagining the end of the world as a place. Conference &#8222;Apocalypse. Imagining the end&#8220;, Oxford University, Mansfied College, 10.-12.07.2013<\/li>\n<\/ul>\n<ul>\n<li>&#8222;Mutternacht&#8220;, Szenischer Vortrag mit Filmausschnitten, Logensaal in den Hamburger Kammerspielen, 09.05.2013<\/li>\n<li>&#8222;Guten Abend, wir sinken, darf ich mich setzen?&#8220;, Szenischer Vortrag mit Filmausschnitten, Logensaal in den Hamburger Kammerspielen, 20.12.2012<\/li>\n<li>&#8222;Die K\u00fcnstlerin Dietrich und die \u00f6ffentliche Sache&#8220;, Szenischer Vortrag mit Filmausschnitten, Logensaal in den Hamburger Kammerspielen, 18.05.2012<\/li>\n<li>Geschichte und Geschichten. Amateurfilm im Gespr\u00e4ch. Kinothek Asta Nielsen, Frankfurt a.M., 28.01.2012<\/li>\n<li>Podiumsteilnahme &#8222;Talk in den Mai: Recht auf Faulheit&#8220;, Logensaal in den Hamburger Kammerspielen, 30.04.2011<\/li>\n<li>Filmvortrag HAMLET (D 1920), Asta-Nielsen-Woche, Insel Hiddensee, 06.-11.09.2010<\/li>\n<li>Podiumsteilnahme &#8222;Filmwissenschaft in der Praxis&#8220;, Freie Universit\u00e4t Berlin, 15.02.2008<\/li>\n<li>Pr\u00e4sentation Gastprogramm und Podiumsteilnahme &#8222;The importance of festivals for filmmakers&#8220;, Filmfestival NexT, Bukarest, 07.-13.04.2008<\/li>\n<\/ul>\n<ul>\n<li>The woman all women want to see. Gastvortrag im Seminar &#8222;Frauen &amp; Film oder Gender &amp; Medien?&#8220; von Sabine Nessel, Goethe Universit\u00e4t Frankfurt a.M., 18.05.2005<\/li>\n<li>Sturz zu Boden. Inflight Entertainment, Katastrophe &amp; Terrorismus. Workshop &#8222;Fasten your Seatbelt \u2013 1. Internationaler Workshop f\u00fcr Flugbilder&#8220;, Freie Universit\u00e4t Berlin, 16.\/17.07.2004<\/li>\n<li>Ghosts returning to the screen. The two lives of the RAF phantom in the German cinema. Conference &#8222;The RAF\u2019s Germany: Terrorism, Politics, Protest&#8220;, Harvard University (USA) 11.\/12.04.2003<\/li>\n<\/ul>\n","protected":false},"excerpt":{"rendered":"<p>Herausgabe \/ Redaktion Christian H\u00fcls, Natalie Lettenewitsch, Anke Zechner (Hg.): Die K\u00f6rper des Kinos. F\u00fcr eine fr\u00f6hliche Filmwissenschaft. Frankfurt a.M.: Stroemfeld 2015. Floating Food. Katalog zur Ausstellung von Ulrike Ottinger im Haus der Kulturen der Welt. K\u00f6ln: Walther K\u00f6nig 2011. &hellip; <a href=\"https:\/\/blogs.uni-paderborn.de\/nil\/publikationen\/\">Weiterlesen <span class=\"meta-nav\">&rarr;<\/span><\/a><\/p>\n","protected":false},"author":7803,"featured_media":112,"parent":0,"menu_order":0,"comment_status":"closed","ping_status":"closed","template":"showcase.php","meta":{"footnotes":""},"class_list":["post-53","page","type-page","status-publish","has-post-thumbnail","hentry"],"_links":{"self":[{"href":"https:\/\/blogs.uni-paderborn.de\/nil\/wp-json\/wp\/v2\/pages\/53","targetHints":{"allow":["GET"]}}],"collection":[{"href":"https:\/\/blogs.uni-paderborn.de\/nil\/wp-json\/wp\/v2\/pages"}],"about":[{"href":"https:\/\/blogs.uni-paderborn.de\/nil\/wp-json\/wp\/v2\/types\/page"}],"author":[{"embeddable":true,"href":"https:\/\/blogs.uni-paderborn.de\/nil\/wp-json\/wp\/v2\/users\/7803"}],"replies":[{"embeddable":true,"href":"https:\/\/blogs.uni-paderborn.de\/nil\/wp-json\/wp\/v2\/comments?post=53"}],"version-history":[{"count":37,"href":"https:\/\/blogs.uni-paderborn.de\/nil\/wp-json\/wp\/v2\/pages\/53\/revisions"}],"predecessor-version":[{"id":420,"href":"https:\/\/blogs.uni-paderborn.de\/nil\/wp-json\/wp\/v2\/pages\/53\/revisions\/420"}],"wp:featuredmedia":[{"embeddable":true,"href":"https:\/\/blogs.uni-paderborn.de\/nil\/wp-json\/wp\/v2\/media\/112"}],"wp:attachment":[{"href":"https:\/\/blogs.uni-paderborn.de\/nil\/wp-json\/wp\/v2\/media?parent=53"}],"curies":[{"name":"wp","href":"https:\/\/api.w.org\/{rel}","templated":true}]}}