{"id":162,"date":"2016-11-02T18:22:11","date_gmt":"2016-11-02T17:22:11","guid":{"rendered":"https:\/\/blogs.uni-paderborn.de\/nil\/?page_id=162"},"modified":"2017-01-06T00:03:44","modified_gmt":"2017-01-05T23:03:44","slug":"162-2","status":"publish","type":"page","link":"https:\/\/blogs.uni-paderborn.de\/nil\/","title":{"rendered":"Natalie Lettenewitsch"},"content":{"rendered":"<div class=\"twoclick_social_bookmarks_post_162 social_share_privacy clearfix 1.6.4 locale-de_DE sprite-de_DE\"><\/div><div class=\"twoclick-js\"><script type=\"text\/javascript\">\/* <![CDATA[ *\/\njQuery(document).ready(function($){if($('.twoclick_social_bookmarks_post_162')){$('.twoclick_social_bookmarks_post_162').socialSharePrivacy({\"txt_help\":\"Wenn Sie diese Felder durch einen Klick aktivieren, werden Informationen an Facebook, Twitter, Flattr, Xing, t3n, LinkedIn, Pinterest oder Google eventuell ins Ausland \\u00fcbertragen und unter Umst\\u00e4nden auch dort gespeichert. N\\u00e4heres erfahren Sie durch einen Klick auf das <em>i<\\\/em>.\",\"settings_perma\":\"Dauerhaft aktivieren und Daten\\u00fcber-tragung zustimmen:\",\"info_link\":\"http:\\\/\\\/www.heise.de\\\/ct\\\/artikel\\\/2-Klicks-fuer-mehr-Datenschutz-1333879.html\",\"uri\":\"https:\\\/\\\/blogs.uni-paderborn.de\\\/nil\\\/\",\"post_id\":162,\"post_title_referrer_track\":\"Natalie+Lettenewitsch\",\"display_infobox\":\"on\"});}});\n\/* ]]> *\/<\/script><\/div><p><strong><br \/>\nNatalie Lettenewitsch <\/strong><\/p>\n<p>Wissenschaftliche Mitarbeiterin am Institut f\u00fcr Medienwissenschaften,<br \/>\nUniversit\u00e4t Paderborn<\/p>\n<p>Arbeitsschwerpunkt:<br \/>\nFilmtheorie, -geschichte und -\u00e4sthetik<\/p>\n<p>Forschungsinteressen:<br \/>\nFilmische Unterwasserr\u00e4ume \/ Meeres- und Tiefseebilder,<br \/>\nDokumentarfilm &#8211; Wissenschaftsfilm &#8211; Naturfilm,<br \/>\nReisen und Transit-R\u00e4ume in Film und Kulturtheorie,<br \/>\nWanderkino \/ Mobiles Kino,<br \/>\nFilmische Flanerie<\/p>\n<p><strong>aktuell<br \/>\n<\/strong><\/p>\n<p>Seminar f\u00fcr Filmwissenschaft, Freie Universit\u00e4t Berlin (Wintersemester 2016\/17)<br \/>\nNaturfilm &#8211; &#8222;Kulturfilm&#8220;. Zur Geschichte und Politik dokumentarischer und wissenschaftlicher Filmformen\u00a0 <a href=\"http:\/\/www.wissensgeschichte-berlin.de\/de\/lehre\/veranstaltung?-recid=3542\">www.wissensgeschichte-berlin.de <\/a><\/p>\n","protected":false},"excerpt":{"rendered":"<p>Natalie Lettenewitsch Wissenschaftliche Mitarbeiterin am Institut f\u00fcr Medienwissenschaften, Universit\u00e4t Paderborn Arbeitsschwerpunkt: Filmtheorie, -geschichte und -\u00e4sthetik Forschungsinteressen: Filmische Unterwasserr\u00e4ume \/ Meeres- und Tiefseebilder, Dokumentarfilm &#8211; Wissenschaftsfilm &#8211; Naturfilm, Reisen und Transit-R\u00e4ume in Film und Kulturtheorie, Wanderkino \/ Mobiles Kino, Filmische Flanerie &hellip; <a href=\"https:\/\/blogs.uni-paderborn.de\/nil\/\">Weiterlesen <span class=\"meta-nav\">&rarr;<\/span><\/a><\/p>\n","protected":false},"author":7803,"featured_media":0,"parent":0,"menu_order":0,"comment_status":"closed","ping_status":"closed","template":"showcase.php","meta":{"footnotes":""},"class_list":["post-162","page","type-page","status-publish","hentry"],"_links":{"self":[{"href":"https:\/\/blogs.uni-paderborn.de\/nil\/wp-json\/wp\/v2\/pages\/162","targetHints":{"allow":["GET"]}}],"collection":[{"href":"https:\/\/blogs.uni-paderborn.de\/nil\/wp-json\/wp\/v2\/pages"}],"about":[{"href":"https:\/\/blogs.uni-paderborn.de\/nil\/wp-json\/wp\/v2\/types\/page"}],"author":[{"embeddable":true,"href":"https:\/\/blogs.uni-paderborn.de\/nil\/wp-json\/wp\/v2\/users\/7803"}],"replies":[{"embeddable":true,"href":"https:\/\/blogs.uni-paderborn.de\/nil\/wp-json\/wp\/v2\/comments?post=162"}],"version-history":[{"count":23,"href":"https:\/\/blogs.uni-paderborn.de\/nil\/wp-json\/wp\/v2\/pages\/162\/revisions"}],"predecessor-version":[{"id":376,"href":"https:\/\/blogs.uni-paderborn.de\/nil\/wp-json\/wp\/v2\/pages\/162\/revisions\/376"}],"wp:attachment":[{"href":"https:\/\/blogs.uni-paderborn.de\/nil\/wp-json\/wp\/v2\/media?parent=162"}],"curies":[{"name":"wp","href":"https:\/\/api.w.org\/{rel}","templated":true}]}}