{"id":122,"date":"2016-11-01T00:12:25","date_gmt":"2016-10-31T23:12:25","guid":{"rendered":"https:\/\/blogs.uni-paderborn.de\/nil\/?page_id=122"},"modified":"2017-01-04T22:51:41","modified_gmt":"2017-01-04T21:51:41","slug":"cv","status":"publish","type":"page","link":"https:\/\/blogs.uni-paderborn.de\/nil\/cv\/","title":{"rendered":"CV"},"content":{"rendered":"<div class=\"twoclick_social_bookmarks_post_122 social_share_privacy clearfix 1.6.4 locale-de_DE sprite-de_DE\"><\/div><div class=\"twoclick-js\"><script type=\"text\/javascript\">\/* <![CDATA[ *\/\njQuery(document).ready(function($){if($('.twoclick_social_bookmarks_post_122')){$('.twoclick_social_bookmarks_post_122').socialSharePrivacy({\"txt_help\":\"Wenn Sie diese Felder durch einen Klick aktivieren, werden Informationen an Facebook, Twitter, Flattr, Xing, t3n, LinkedIn, Pinterest oder Google eventuell ins Ausland \\u00fcbertragen und unter Umst\\u00e4nden auch dort gespeichert. N\\u00e4heres erfahren Sie durch einen Klick auf das <em>i<\\\/em>.\",\"settings_perma\":\"Dauerhaft aktivieren und Daten\\u00fcber-tragung zustimmen:\",\"info_link\":\"http:\\\/\\\/www.heise.de\\\/ct\\\/artikel\\\/2-Klicks-fuer-mehr-Datenschutz-1333879.html\",\"uri\":\"https:\\\/\\\/blogs.uni-paderborn.de\\\/nil\\\/cv\\\/\",\"post_id\":122,\"post_title_referrer_track\":\"CV\",\"display_infobox\":\"on\"});}});\n\/* ]]> *\/<\/script><\/div><p><strong><br \/>\nNatalie Lettenewitsch<\/strong><\/p>\n<p>seit 2012 wissenschaftliche Mitarbeiterin am Institut f\u00fcr Medienwissenschaften, Universit\u00e4t Paderborn<\/p>\n<p>zuvor redaktionelle, kuratorische und koordinatorische Arbeit u.a. f\u00fcr:<\/p>\n<ul>\n<li><a href=\"http:\/\/www.ulrikeottinger.com\">Ulrike Ottinger Filmproduktion<\/a><\/li>\n<li><a href=\"http:\/\/www.kinothek-asta-nielsen.de\/\">Kinothek Asta Nielsen<\/a><\/li>\n<li><a href=\"http:\/\/www.3sat.de\/page\/?source=\/film\/redaktion\/02805\/index.html\">Filmredaktion ZDF\/3sat<\/a><\/li>\n<li><a href=\"http:\/\/www.max-ophuels-preis.de\/\">Filmfestival Max Oph\u00fcls Preis Saarbr\u00fccken<\/a><\/li>\n<li><a href=\"http:\/\/www.festival-gmbh.de\/\">Film und Medien Festival GmbH<\/a><\/li>\n<li><a href=\"http:\/\/www.filmportal.de\/\">filmportal.de<\/a><\/li>\n<li><a href=\"http:\/\/www.filmportal.de\/\">Deutsches Filmmuseum<\/a><\/li>\n<li><a href=\"http:\/\/www.duisburger-filmwoche.de\/\">Duisburger Filmwoche<\/a><\/li>\n<li><a href=\"http:\/\/kurzfilmtage.de\">Internationale Kurzfilmtage Oberhausen<\/a><\/li>\n<li><a href=\"http:\/\/www.schnitt.de\/\">Schnitt &#8211; das Filmmagazin<\/a><\/li>\n<li><a href=\"http:\/\/www.muenchner-filmzentrum.de\/\">M\u00fcnchner Filmzentrum<\/a><\/li>\n<li><a href=\"http:\/\/zebra-kino.de\/\">Zebra Kino Konstanz<br \/>\n<\/a><\/li>\n<\/ul>\n<p>Studium:<\/p>\n<ul>\n<li>1995 Hochschule f\u00fcr Fernsehen und Film M\u00fcnchen (Gasth\u00f6rerin Abt. Dokumentarfilm &amp; Fernsehpublizistik)<\/li>\n<li>1995-1998 Ludwig-Maximilians-Universit\u00e4t M\u00fcnchen (Theaterwissenschaft, Kommunikationswissenschaft, Allgemeine Sprachwissenschaft)<\/li>\n<li>1998-2002 Ruhr-Universit\u00e4t Bochum (Film- und Fernsehwissenschaft, Theaterwissenschaft, Publizistik)<\/li>\n<li>1999-2002 Tutorin Institut f\u00fcr Medienwissenschaften Ruhr-Uni Bochum<\/li>\n<li>2002 <a href=\"http:\/\/www.ub.rub.de\/katalog\/titel\/1778852\">Magisterarbeit <\/a>zur Rezeption von Marlene Dietrich &amp; Leni Riefenstahl<\/li>\n<\/ul>\n","protected":false},"excerpt":{"rendered":"<p>Natalie Lettenewitsch seit 2012 wissenschaftliche Mitarbeiterin am Institut f\u00fcr Medienwissenschaften, Universit\u00e4t Paderborn zuvor redaktionelle, kuratorische und koordinatorische Arbeit u.a. f\u00fcr: Ulrike Ottinger Filmproduktion Kinothek Asta Nielsen Filmredaktion ZDF\/3sat Filmfestival Max Oph\u00fcls Preis Saarbr\u00fccken Film und Medien Festival GmbH filmportal.de Deutsches &hellip; <a href=\"https:\/\/blogs.uni-paderborn.de\/nil\/cv\/\">Weiterlesen <span class=\"meta-nav\">&rarr;<\/span><\/a><\/p>\n","protected":false},"author":7803,"featured_media":0,"parent":0,"menu_order":0,"comment_status":"closed","ping_status":"closed","template":"showcase.php","meta":{"footnotes":""},"class_list":["post-122","page","type-page","status-publish","hentry"],"_links":{"self":[{"href":"https:\/\/blogs.uni-paderborn.de\/nil\/wp-json\/wp\/v2\/pages\/122","targetHints":{"allow":["GET"]}}],"collection":[{"href":"https:\/\/blogs.uni-paderborn.de\/nil\/wp-json\/wp\/v2\/pages"}],"about":[{"href":"https:\/\/blogs.uni-paderborn.de\/nil\/wp-json\/wp\/v2\/types\/page"}],"author":[{"embeddable":true,"href":"https:\/\/blogs.uni-paderborn.de\/nil\/wp-json\/wp\/v2\/users\/7803"}],"replies":[{"embeddable":true,"href":"https:\/\/blogs.uni-paderborn.de\/nil\/wp-json\/wp\/v2\/comments?post=122"}],"version-history":[{"count":24,"href":"https:\/\/blogs.uni-paderborn.de\/nil\/wp-json\/wp\/v2\/pages\/122\/revisions"}],"predecessor-version":[{"id":368,"href":"https:\/\/blogs.uni-paderborn.de\/nil\/wp-json\/wp\/v2\/pages\/122\/revisions\/368"}],"wp:attachment":[{"href":"https:\/\/blogs.uni-paderborn.de\/nil\/wp-json\/wp\/v2\/media?parent=122"}],"curies":[{"name":"wp","href":"https:\/\/api.w.org\/{rel}","templated":true}]}}