{"id":724,"date":"2025-06-04T14:19:17","date_gmt":"2025-06-04T12:19:17","guid":{"rendered":"https:\/\/blogs.uni-paderborn.de\/nachhaltigkeitskultur\/?page_id=724"},"modified":"2026-03-04T14:48:21","modified_gmt":"2026-03-04T13:48:21","slug":"insights","status":"publish","type":"page","link":"https:\/\/blogs.uni-paderborn.de\/nachhaltigkeitskultur\/insights\/","title":{"rendered":"Insights"},"content":{"rendered":"<div class=\"twoclick_social_bookmarks_post_724 social_share_privacy clearfix 1.6.4 locale-de_DE sprite-de_DE\"><\/div><div class=\"twoclick-js\"><script type=\"text\/javascript\">\/* <![CDATA[ *\/\njQuery(document).ready(function($){if($('.twoclick_social_bookmarks_post_724')){$('.twoclick_social_bookmarks_post_724').socialSharePrivacy({\"txt_help\":\"Wenn Sie diese Felder durch einen Klick aktivieren, werden Informationen an Facebook, Twitter, Flattr, Xing, t3n, LinkedIn, Pinterest oder Google eventuell ins Ausland \\u00fcbertragen und unter Umst\\u00e4nden auch dort gespeichert. N\\u00e4heres erfahren Sie durch einen Klick auf das <em>i<\\\/em>.\",\"settings_perma\":\"Dauerhaft aktivieren und Daten\\u00fcber-tragung zustimmen:\",\"info_link\":\"http:\\\/\\\/www.heise.de\\\/ct\\\/artikel\\\/2-Klicks-fuer-mehr-Datenschutz-1333879.html\",\"uri\":\"https:\\\/\\\/blogs.uni-paderborn.de\\\/nachhaltigkeitskultur\\\/insights\\\/\",\"post_id\":724,\"post_title_referrer_track\":\"Insights\",\"display_infobox\":\"on\"});}});\n\/* ]]> *\/<\/script><\/div>\n<p>Hier bekommen Sie einen \u00dcberblick \u00fcber die bisherige Forschungsarbeit des Projekts \u2013 von grundlegenden Themen wie der Sch\u00e4dlichkeit von weggeworfenen Zigarettenfiltern und der Umweltvertr\u00e4glichkeit von Einweg- sowie Mehrwegplastikbechern bis hin zu Mobilit\u00e4tsverhalten auf Festivals.<\/p>\n\n\n\n<div class=\"wp-block-buttons is-layout-flex wp-block-buttons-is-layout-flex\">\n<div class=\"wp-block-button has-custom-width wp-block-button__width-50 is-style-outline is-style-outline--1\"><a class=\"wp-block-button__link has-blue-gray-color has-text-color has-link-color wp-element-button\" href=\"https:\/\/blogs.uni-paderborn.de\/nachhaltigkeitskultur\/insights\/zigarettenabfaelle\/\">Zigarettenabf\u00e4lle<\/a><\/div>\n\n\n\n<div class=\"wp-block-button has-custom-width wp-block-button__width-50 is-style-outline is-style-outline--2\"><a class=\"wp-block-button__link has-blue-gray-color has-text-color has-link-color wp-element-button\" href=\"https:\/\/blogs.uni-paderborn.de\/nachhaltigkeitskultur\/insights\/publikumsmobilitaet\/\">Publikumsmobilit\u00e4t<\/a><\/div>\n<\/div>\n\n\n\n<p><\/p>\n","protected":false},"excerpt":{"rendered":"<p>Hier bekommen Sie einen \u00dcberblick \u00fcber die bisherige Forschungsarbeit des Projekts \u2013 von grundlegenden Themen wie der Sch\u00e4dlichkeit von weggeworfenen Zigarettenfiltern und der Umweltvertr\u00e4glichkeit von Einweg- sowie Mehrwegplastikbechern bis hin zu Mobilit\u00e4tsverhalten auf Festivals.<\/p>\n","protected":false},"author":9535,"featured_media":0,"parent":0,"menu_order":0,"comment_status":"closed","ping_status":"closed","template":"","meta":{"footnotes":""},"class_list":["post-724","page","type-page","status-publish","hentry"],"_links":{"self":[{"href":"https:\/\/blogs.uni-paderborn.de\/nachhaltigkeitskultur\/wp-json\/wp\/v2\/pages\/724","targetHints":{"allow":["GET"]}}],"collection":[{"href":"https:\/\/blogs.uni-paderborn.de\/nachhaltigkeitskultur\/wp-json\/wp\/v2\/pages"}],"about":[{"href":"https:\/\/blogs.uni-paderborn.de\/nachhaltigkeitskultur\/wp-json\/wp\/v2\/types\/page"}],"author":[{"embeddable":true,"href":"https:\/\/blogs.uni-paderborn.de\/nachhaltigkeitskultur\/wp-json\/wp\/v2\/users\/9535"}],"replies":[{"embeddable":true,"href":"https:\/\/blogs.uni-paderborn.de\/nachhaltigkeitskultur\/wp-json\/wp\/v2\/comments?post=724"}],"version-history":[{"count":13,"href":"https:\/\/blogs.uni-paderborn.de\/nachhaltigkeitskultur\/wp-json\/wp\/v2\/pages\/724\/revisions"}],"predecessor-version":[{"id":951,"href":"https:\/\/blogs.uni-paderborn.de\/nachhaltigkeitskultur\/wp-json\/wp\/v2\/pages\/724\/revisions\/951"}],"wp:attachment":[{"href":"https:\/\/blogs.uni-paderborn.de\/nachhaltigkeitskultur\/wp-json\/wp\/v2\/media?parent=724"}],"curies":[{"name":"wp","href":"https:\/\/api.w.org\/{rel}","templated":true}]}}