{"id":51,"date":"2024-06-10T12:40:47","date_gmt":"2024-06-10T10:40:47","guid":{"rendered":"https:\/\/blogs.uni-paderborn.de\/nachhaltigkeitskultur\/?page_id=51"},"modified":"2025-06-03T11:44:26","modified_gmt":"2025-06-03T09:44:26","slug":"ueber-die-studie","status":"publish","type":"page","link":"https:\/\/blogs.uni-paderborn.de\/nachhaltigkeitskultur\/ueber-die-studie\/","title":{"rendered":"Worum geht&#8217;s?"},"content":{"rendered":"<div class=\"twoclick_social_bookmarks_post_51 social_share_privacy clearfix 1.6.4 locale-de_DE sprite-de_DE\"><\/div><div class=\"twoclick-js\"><script type=\"text\/javascript\">\/* <![CDATA[ *\/\njQuery(document).ready(function($){if($('.twoclick_social_bookmarks_post_51')){$('.twoclick_social_bookmarks_post_51').socialSharePrivacy({\"txt_help\":\"Wenn Sie diese Felder durch einen Klick aktivieren, werden Informationen an Facebook, Twitter, Flattr, Xing, t3n, LinkedIn, Pinterest oder Google eventuell ins Ausland \\u00fcbertragen und unter Umst\\u00e4nden auch dort gespeichert. N\\u00e4heres erfahren Sie durch einen Klick auf das <em>i<\\\/em>.\",\"settings_perma\":\"Dauerhaft aktivieren und Daten\\u00fcber-tragung zustimmen:\",\"info_link\":\"http:\\\/\\\/www.heise.de\\\/ct\\\/artikel\\\/2-Klicks-fuer-mehr-Datenschutz-1333879.html\",\"uri\":\"https:\\\/\\\/blogs.uni-paderborn.de\\\/nachhaltigkeitskultur\\\/ueber-die-studie\\\/\",\"post_id\":51,\"post_title_referrer_track\":\"Worum+geht%26%238217%3Bs%3F\",\"display_infobox\":\"on\"});}});\n\/* ]]> *\/<\/script><\/div>\n<details class=\"wp-block-details is-layout-flow wp-block-details-is-layout-flow\"><summary>Key Facts<\/summary>\n<p>Art des Projektes: Wissenstransfer<br>Laufzeit: 04\/2024 &#8211; 04\/2027<br>Gef\u00f6rdert durch: EFRE.NRW<\/p>\n<\/details>\n\n\n\n<hr class=\"wp-block-separator has-alpha-channel-opacity is-style-wide\" \/>\n\n\n\n<figure class=\"wp-block-embed is-type-video is-provider-youtube wp-block-embed-youtube wp-embed-aspect-16-9 wp-has-aspect-ratio\"><div class=\"wp-block-embed__wrapper\">\n<iframe loading=\"lazy\" title=\"Pop forscht \u2013 NachhaltigkeitsKulturOWL\" width=\"660\" height=\"371\" src=\"https:\/\/www.youtube.com\/embed\/Wk1QkeasjpM?feature=oembed\" frameborder=\"0\" allow=\"accelerometer; autoplay; clipboard-write; encrypted-media; gyroscope; picture-in-picture; web-share\" referrerpolicy=\"strict-origin-when-cross-origin\" allowfullscreen><\/iframe>\n<\/div><\/figure>\n\n\n\n<p>Die Entwicklung hin zu einer Kultur der Nachhaltigkeit ist eine der zentralsten Herausforderungen unserer Zeit und pr\u00e4gt den aktuellen \u00f6ffentlichen Diskurs \u2013 zunehmend auch in Hinblick auf die Kulturveranstaltungsbranche. Hierbei ist \u201eNachhaltigkeit\u201c ein multidimensionaler Begriff, der in der theoretischen Auseinandersetzung wie in der kulturbetrieblichen Praxis vielschichtig und komplex ist. Es stellt sich daher die Frage, wie sich Nachhaltigkeit mit den Bed\u00fcrfnissen der Kulturveranstaltungsbranche in Einklang bringen l\u00e4sst. <\/p>\n\n\n\n<p>Hier setzt dieses Projektvorhaben an und fokussiert dabei Outdoor-Kulturfestivals in der Region OstWestfalenLippe (OWL): Ein lebendiges kulturelles Angebot, in dem \u00f6kologische, \u00f6konomische, soziale und kulturelle Nachhaltigkeit integriert sind, ist nicht nur weicher Standortfaktor und regional\u00f6konomischer Impuls, sondern wirkt \u00fcber multiple Effekte in die Region hinein. <\/p>\n\n\n\n<p>Vor diesem Hintergrund werden im Rahmen dieses Projektes Nachhaltigkeitspotenziale von Outdoor-Kulturfestivals identifiziert und in innovative Strategien des Veranstaltungsmanagements \u00fcberf\u00fchrt; davon abgeleitet werden konkrete Ma\u00dfnahmen erprobt, um regional\u00f6konomische und nachhaltigkeitswirksame Strukturen in OWL zu st\u00e4rken. Damit verkn\u00fcpft dieses Projekt gesellschafts- und kulturpolitische Herausforderungen mit jenen der Kulturveranstaltungsbranche vor dem Hintergrund regionaler Entwicklungspotenziale von OWL.<\/p>\n\n\n\n<p>Gef\u00f6rdert von: EFRE (F\u00f6rderbekanntmachung: Regio.NRW &#8211; Transformation)<\/p>\n\n\n\n<p>Mit Mitteln der Europ\u00e4ischen Union finanziert.<\/p>\n\n\n\n<p>Verbundpartner des Projektes: <a href=\"https:\/\/www.schlosspark-paderborn.de\">Schlosspark und Lippesee GmbH<\/a><\/p>\n\n\n\n<p><a href=\"https:\/\/blogs.uni-paderborn.de\/nachhaltigkeitskultur\/kooperationspartner\/\" data-type=\"page\" data-id=\"59\">Assoziierte Projektpartner*innen: <\/a>Carnival der Kulturen Bielefeld, Kulturamt Paderborn, Kulturb\u00fcro OWL, Kulturvereinigung OWL, Kuppel Paderborn e. V., nurguteleute Kreativb\u00fcro, Orange Blossom Special Festival (OBS), OWL Kulturb\u00fcro, Sound Linear, Verband der Clubs und Veranstalter in NRW e. V. (LINA), Wohlsein GmbH<\/p>\n\n\n\n<h3 class=\"wp-block-heading\"><\/h3>\n","protected":false},"excerpt":{"rendered":"<p>Die Entwicklung hin zu einer Kultur der Nachhaltigkeit ist eine der zentralsten Herausforderungen unserer Zeit und pr\u00e4gt den aktuellen \u00f6ffentlichen Diskurs \u2013 zunehmend auch in Hinblick auf die Kulturveranstaltungsbranche. Hierbei ist \u201eNachhaltigkeit\u201c ein multidimensionaler Begriff, der in der theoretischen Auseinandersetzung wie in der kulturbetrieblichen Praxis vielschichtig und komplex ist. Es stellt sich daher die Frage, &hellip; <a href=\"https:\/\/blogs.uni-paderborn.de\/nachhaltigkeitskultur\/ueber-die-studie\/\" class=\"more-link\"><span class=\"screen-reader-text\">Worum geht&#8217;s?<\/span> weiterlesen<\/a><\/p>\n","protected":false},"author":9428,"featured_media":0,"parent":0,"menu_order":0,"comment_status":"closed","ping_status":"closed","template":"","meta":{"footnotes":""},"class_list":["post-51","page","type-page","status-publish","hentry"],"_links":{"self":[{"href":"https:\/\/blogs.uni-paderborn.de\/nachhaltigkeitskultur\/wp-json\/wp\/v2\/pages\/51","targetHints":{"allow":["GET"]}}],"collection":[{"href":"https:\/\/blogs.uni-paderborn.de\/nachhaltigkeitskultur\/wp-json\/wp\/v2\/pages"}],"about":[{"href":"https:\/\/blogs.uni-paderborn.de\/nachhaltigkeitskultur\/wp-json\/wp\/v2\/types\/page"}],"author":[{"embeddable":true,"href":"https:\/\/blogs.uni-paderborn.de\/nachhaltigkeitskultur\/wp-json\/wp\/v2\/users\/9428"}],"replies":[{"embeddable":true,"href":"https:\/\/blogs.uni-paderborn.de\/nachhaltigkeitskultur\/wp-json\/wp\/v2\/comments?post=51"}],"version-history":[{"count":9,"href":"https:\/\/blogs.uni-paderborn.de\/nachhaltigkeitskultur\/wp-json\/wp\/v2\/pages\/51\/revisions"}],"predecessor-version":[{"id":718,"href":"https:\/\/blogs.uni-paderborn.de\/nachhaltigkeitskultur\/wp-json\/wp\/v2\/pages\/51\/revisions\/718"}],"wp:attachment":[{"href":"https:\/\/blogs.uni-paderborn.de\/nachhaltigkeitskultur\/wp-json\/wp\/v2\/media?parent=51"}],"curies":[{"name":"wp","href":"https:\/\/api.w.org\/{rel}","templated":true}]}}