{"id":362,"date":"2025-04-08T08:34:22","date_gmt":"2025-04-08T06:34:22","guid":{"rendered":"https:\/\/blogs.uni-paderborn.de\/nachhaltigkeitskultur\/?page_id=362"},"modified":"2025-05-26T16:14:40","modified_gmt":"2025-05-26T14:14:40","slug":"extremwetterschutz","status":"publish","type":"page","link":"https:\/\/blogs.uni-paderborn.de\/nachhaltigkeitskultur\/good-practice-beispiele\/extremwetterschutz\/","title":{"rendered":"Extremwetterschutz"},"content":{"rendered":"<div class=\"twoclick_social_bookmarks_post_362 social_share_privacy clearfix 1.6.4 locale-de_DE sprite-de_DE\"><\/div><div class=\"twoclick-js\"><script type=\"text\/javascript\">\/* <![CDATA[ *\/\njQuery(document).ready(function($){if($('.twoclick_social_bookmarks_post_362')){$('.twoclick_social_bookmarks_post_362').socialSharePrivacy({\"txt_help\":\"Wenn Sie diese Felder durch einen Klick aktivieren, werden Informationen an Facebook, Twitter, Flattr, Xing, t3n, LinkedIn, Pinterest oder Google eventuell ins Ausland \\u00fcbertragen und unter Umst\\u00e4nden auch dort gespeichert. N\\u00e4heres erfahren Sie durch einen Klick auf das <em>i<\\\/em>.\",\"settings_perma\":\"Dauerhaft aktivieren und Daten\\u00fcber-tragung zustimmen:\",\"info_link\":\"http:\\\/\\\/www.heise.de\\\/ct\\\/artikel\\\/2-Klicks-fuer-mehr-Datenschutz-1333879.html\",\"uri\":\"https:\\\/\\\/blogs.uni-paderborn.de\\\/nachhaltigkeitskultur\\\/good-practice-beispiele\\\/extremwetterschutz\\\/\",\"post_id\":362,\"post_title_referrer_track\":\"Extremwetterschutz\",\"display_infobox\":\"on\"});}});\n\/* ]]> *\/<\/script><\/div>\n<p>Die Klimakrise ist schon heute ein Thema, das bei der Veranstaltungsplanung beachtet werden muss. Von Sonnenschutz bis Abflusswege f\u00fcr Starkregen gibt es viele M\u00f6glichkeiten, wie sich eine Veranstaltung m\u00f6glichst angenehm und vor allem sicher planen l\u00e4sst. <\/p>\n\n\n\n<p><strong>Gewitter und Starkregen<\/strong><\/p>\n\n\n\n<ul class=\"wp-block-list\">\n<li>W\u00e4hrend der Veranstaltung kontinuierlich die Wetterbedingungen kontrollieren (z.B. mit einem Gewittermonitor \/ Warnwetter-App)<\/li>\n\n\n\n<li>Im Vorhinein Veranstaltungsort auf Abflussm\u00f6glichkeiten pr\u00fcfen und ggf. Notwasserwege einrichten oder Abwasserkan\u00e4le freisp\u00fclen<\/li>\n\n\n\n<li>Pr\u00fcfen, dass Flucht- und Rettungswege nicht \u00fcberflutet werden (Starkregengefahrenkarten, Flie\u00dfpfadkarten der Kommune pr\u00fcfen)<\/li>\n\n\n\n<li>Elektrik vor Kurzschl\u00fcssen und Publikum vor Stromschl\u00e4gen sichern<\/li>\n\n\n\n<li>Panik vermeiden mittels deutlicher, verst\u00e4ndlicher Durchsagen an das Publikum\n<ul class=\"wp-block-list\">\n<li>Blitzschutzkonzept<br>&#8211; Bewertung potenzieller Gefahren, Risikoeinsch\u00e4tzung (gef\u00e4hrdete Orte: B\u00fchne, Masten, allgemein: Anziehungspunkte f\u00fcr Blitze)<br>&#8211; <span>Ordnungsgem\u00e4\u00dfes Erdungssystem einrichten<\/span><br>&#8211; <span>Zelte und Freifl\u00e4chen im Zweifelsfall evakuieren, sonst ggf. Einrichtung von Fangstangen (kein 100%-iger Schutz)<\/span><br>&#8211; Konzipierung eines konkreten Notfallplans (klares Verfahren zur Evakuierung, benannte R\u00fcckzugsorte etc.)<\/li>\n<\/ul>\n<\/li>\n<\/ul>\n\n\n\n<p><strong>Hitze<\/strong><\/p>\n\n\n\n<ul class=\"wp-block-list\">\n<li>Veranstaltungen auf Gr\u00fcnfl\u00e4chen anstatt Asphaltfl\u00e4chen<\/li>\n\n\n\n<li>Innerst\u00e4dtische Hitzeinseln vermeiden<\/li>\n\n\n\n<li>Schattenwurf von Geb\u00e4uden ber\u00fccksichtigen und nutzen (vor allem an zentralen Orten der Veranstaltung)<\/li>\n\n\n\n<li>Mittagshitze vermeiden<\/li>\n\n\n\n<li>Genug Pausen einplanen<\/li>\n\n\n\n<li>Ausreichend kostenloses Trinkwasser anbieten (Wasserspender)<\/li>\n\n\n\n<li>Angebot von leichter, elektrolytreicher Kost<\/li>\n\n\n\n<li>Ggf. Alkoholausschank einschr\u00e4nken<\/li>\n\n\n\n<li>Hitzeschutz wie Sonnenh\u00fcte und F\u00e4cher austeilen<\/li>\n\n\n\n<li>Abk\u00fchlungsgelegenheiten schaffen (Springbrunnen, Planschbecken, Vernebelungsanlagen wie bspw. Hydroschilde, aufgeschlitzte Feuerwehrschl\u00e4uche k\u00f6nnen durch lokale Feuerwehr bereitgestellt werden)<\/li>\n\n\n\n<li>UV-Vorhersage pr\u00fcfen und ggf. Sonnencreme stellen (oder auch Zusammenarbeit mit Hautkrebs-Pr\u00e4vention)<\/li>\n\n\n\n<li>Gesundheitsamt Ma\u00dfnahmen pr\u00fcfen lassen und ggf. hygienische Vorgaben nachr\u00fcsten<\/li>\n<\/ul>\n\n\n\n<p><strong>Beispiele:<\/strong><br><br>Hessisches Landesamt f\u00fcr Naturschutz, Umwelt und Geologie &#8211; Fachzentrum Klimawandel und Anpassung (<a href=\"https:\/\/www.hlnug.de\/fileadmin\/dokumente\/klima\/Handlungshilfen\/Factsheet-Klimaangepasste_Veranstaltung-4_Extremwetter_Gewitter.pdf\">Gewitter und Starkregen<\/a>, <a href=\"https:\/\/www.klimabuendnis.at\/wp-content\/uploads\/2024\/11\/Factsheet-Klimaangepasste_Veranstaltung-2_Extremwetter_Hitze.pdf\">Hitze<\/a>)<\/p>\n\n\n\n<p>Festival \u2013 <a href=\"https:\/\/orangeblossomspecial.de\/a-z\/\">Orange Blossom Special<\/a> <br>(Kooperation mit Melanom Info Deutschland \u2013 MID e.V.: kostenfreie Sonnencremespender und Kopfbedeckungen, Informationen zu UV-Strahlung, viele Schattenpl\u00e4tze. Evakuierungsplan bei Unwetter: Durchsagen, Meldungen \u00fcber Social Media, Evakuierung in Autos oder anliegende Hallenr\u00e4umlichkeit)<\/p>\n","protected":false},"excerpt":{"rendered":"<p>Die Klimakrise ist schon heute ein Thema, das bei der Veranstaltungsplanung beachtet werden muss. Von Sonnenschutz bis Abflusswege f\u00fcr Starkregen gibt es viele M\u00f6glichkeiten, wie sich eine Veranstaltung m\u00f6glichst angenehm und vor allem sicher planen l\u00e4sst. Gewitter und Starkregen Hitze Beispiele: Hessisches Landesamt f\u00fcr Naturschutz, Umwelt und Geologie &#8211; Fachzentrum Klimawandel und Anpassung (Gewitter und &hellip; <a href=\"https:\/\/blogs.uni-paderborn.de\/nachhaltigkeitskultur\/good-practice-beispiele\/extremwetterschutz\/\" class=\"more-link\"><span class=\"screen-reader-text\">Extremwetterschutz<\/span> weiterlesen<\/a><\/p>\n","protected":false},"author":9494,"featured_media":0,"parent":197,"menu_order":0,"comment_status":"closed","ping_status":"closed","template":"","meta":{"footnotes":""},"class_list":["post-362","page","type-page","status-publish","hentry"],"_links":{"self":[{"href":"https:\/\/blogs.uni-paderborn.de\/nachhaltigkeitskultur\/wp-json\/wp\/v2\/pages\/362","targetHints":{"allow":["GET"]}}],"collection":[{"href":"https:\/\/blogs.uni-paderborn.de\/nachhaltigkeitskultur\/wp-json\/wp\/v2\/pages"}],"about":[{"href":"https:\/\/blogs.uni-paderborn.de\/nachhaltigkeitskultur\/wp-json\/wp\/v2\/types\/page"}],"author":[{"embeddable":true,"href":"https:\/\/blogs.uni-paderborn.de\/nachhaltigkeitskultur\/wp-json\/wp\/v2\/users\/9494"}],"replies":[{"embeddable":true,"href":"https:\/\/blogs.uni-paderborn.de\/nachhaltigkeitskultur\/wp-json\/wp\/v2\/comments?post=362"}],"version-history":[{"count":5,"href":"https:\/\/blogs.uni-paderborn.de\/nachhaltigkeitskultur\/wp-json\/wp\/v2\/pages\/362\/revisions"}],"predecessor-version":[{"id":654,"href":"https:\/\/blogs.uni-paderborn.de\/nachhaltigkeitskultur\/wp-json\/wp\/v2\/pages\/362\/revisions\/654"}],"up":[{"embeddable":true,"href":"https:\/\/blogs.uni-paderborn.de\/nachhaltigkeitskultur\/wp-json\/wp\/v2\/pages\/197"}],"wp:attachment":[{"href":"https:\/\/blogs.uni-paderborn.de\/nachhaltigkeitskultur\/wp-json\/wp\/v2\/media?parent=362"}],"curies":[{"name":"wp","href":"https:\/\/api.w.org\/{rel}","templated":true}]}}