{"id":343,"date":"2025-04-08T08:45:26","date_gmt":"2025-04-08T06:45:26","guid":{"rendered":"https:\/\/blogs.uni-paderborn.de\/nachhaltigkeitskultur\/?page_id=343"},"modified":"2025-05-27T10:16:27","modified_gmt":"2025-05-27T08:16:27","slug":"ticketing","status":"publish","type":"page","link":"https:\/\/blogs.uni-paderborn.de\/nachhaltigkeitskultur\/good-practice-beispiele\/ticketing\/","title":{"rendered":"Ticketing"},"content":{"rendered":"<div class=\"twoclick_social_bookmarks_post_343 social_share_privacy clearfix 1.6.4 locale-de_DE sprite-de_DE\"><\/div><div class=\"twoclick-js\"><script type=\"text\/javascript\">\/* <![CDATA[ *\/\njQuery(document).ready(function($){if($('.twoclick_social_bookmarks_post_343')){$('.twoclick_social_bookmarks_post_343').socialSharePrivacy({\"txt_help\":\"Wenn Sie diese Felder durch einen Klick aktivieren, werden Informationen an Facebook, Twitter, Flattr, Xing, t3n, LinkedIn, Pinterest oder Google eventuell ins Ausland \\u00fcbertragen und unter Umst\\u00e4nden auch dort gespeichert. N\\u00e4heres erfahren Sie durch einen Klick auf das <em>i<\\\/em>.\",\"settings_perma\":\"Dauerhaft aktivieren und Daten\\u00fcber-tragung zustimmen:\",\"info_link\":\"http:\\\/\\\/www.heise.de\\\/ct\\\/artikel\\\/2-Klicks-fuer-mehr-Datenschutz-1333879.html\",\"uri\":\"https:\\\/\\\/blogs.uni-paderborn.de\\\/nachhaltigkeitskultur\\\/good-practice-beispiele\\\/ticketing\\\/\",\"post_id\":343,\"post_title_referrer_track\":\"Ticketing\",\"display_infobox\":\"on\"});}});\n\/* ]]> *\/<\/script><\/div>\n<p>Nachhaltiges Ticketing hat nicht nur etwas mit dem Preis zu tun, sondern zum Beispiel auch mit Zug\u00e4nglichkeit und der Anreise. Hier sind Beispiele f\u00fcr nachhaltiges Ticketing.<\/p>\n\n\n<div class=\"wp-block-image\">\n<figure class=\"aligncenter size-full is-resized\"><img loading=\"lazy\" decoding=\"async\" width=\"502\" height=\"416\" src=\"https:\/\/blogs.uni-paderborn.de\/nachhaltigkeitskultur\/files\/2025\/05\/Einlass.png\" alt=\"\" class=\"wp-image-678\" style=\"width:375px;height:auto\" srcset=\"https:\/\/blogs.uni-paderborn.de\/nachhaltigkeitskultur\/files\/2025\/05\/Einlass.png 502w, https:\/\/blogs.uni-paderborn.de\/nachhaltigkeitskultur\/files\/2025\/05\/Einlass-300x249.png 300w\" sizes=\"auto, (max-width: 502px) 100vw, 502px\" \/><\/figure>\n<\/div>\n\n\n<ul class=\"wp-block-list\">\n<li><strong>Barrierearme Buchung <\/strong>\ud83d\udfe8<br><br>Festival \u2013 <a href=\"https:\/\/pulsopenair.de\/uber-uns\/\">Puls Open Air<\/a> (Ansprechpersonen per Mail f\u00fcr inklusivere, barriere\u00e4rmere Buchung und Unterst\u00fctzung)<em><br><\/em><br><\/li>\n\n\n\n<li><strong>Spende im Ticket enthalten<\/strong> (zur Unterst\u00fctzung nachhaltiger Projekte) <strong><span style=\"color: #f4ca16\">\ud83d\udfe9 <\/span><\/strong>\ud83d\udfe8<br><br>Festival &#8211; <a href=\"https:\/\/www.documenta.de\/de\/about#3519_nachhaltigkeit\">documenta<\/a> (\u201eNachhaltigkeitseuro\u201c)<em><br><\/em><br><\/li>\n\n\n\n<li><strong>Solidarit\u00e4ts-Tickets<\/strong>: bed\u00fcrftigere Menschen k\u00f6nnen Tickets zu einem g\u00fcnstigeren Preis erwerben, andere Teilnehmende haben die Option zur Aufnahme von Extra-Kosten zur Finanzierung dieser solidarischen Ticketalternative <strong>\ud83d\udfe8 <\/strong><br><br>Festival \u2013 <a href=\"https:\/\/www.documenta.de\/de\/about#3519_nachhaltigkeit\">documenta<\/a><br><br>Festival \u2013 <a href=\"https:\/\/infield.live\/festivals\/lunatic-festival\/#next\">Lunatic<\/a><br><br>Festival \u2013 <a href=\"https:\/\/orangeblossomspecial.de\/nachhaltigkeit\/\">Orange Blossom Special<\/a><em><br><\/em><br><\/li>\n\n\n\n<li class=\"has-dark-gray-color has-text-color has-link-color wp-elements-97b4a64a3d71f9a26bb8a7265d00d2e7\"><strong>Nahverkehrsnutzung ins Ticket einbeziehen \ud83d\udfe9 <\/strong>\ud83d\udfe8<br><br>[f\u00fcr weitere Infos s. <a href=\"https:\/\/blogs.uni-paderborn.de\/nachhaltigkeitskultur\/good-practice-beispiele\/mobilitaet\/\">Mobilit\u00e4t<\/a>]<br><br><\/li>\n\n\n\n<li class=\"has-dark-gray-color has-text-color has-link-color wp-elements-5fffa102f0041fe88e4b8a63fa5d08b9\"><strong>Angebot \u201eInklusionsticket\u201c <\/strong>\ud83d\udfe8<br><br>Festival \u2013 <a href=\"https:\/\/pulsopenair.de\/uber-uns\/\">Puls Open Air<\/a> (Begleitperson im Ticket inbegriffen)<br><em><br><\/em>[f\u00fcr allgemeine Infos zum Thema Begleitpersonen und Ticketing s. <a href=\"https:\/\/blogs.uni-paderborn.de\/nachhaltigkeitskultur\/good-practice-beispiele\/barrierefreiheit-zugaenglichkeit-inklusion\/\">Barrierefreiheit &#8211; Zug\u00e4nglichkeit &#8211; Inklusion<\/a>]<\/li>\n<\/ul>\n\n\n\n<p><strong>Weitere Ticketalternativen:<\/strong><\/p>\n\n\n\n<ul class=\"wp-block-list\">\n<li>Pay-what-you-want \ud83d\udfe8<\/li>\n\n\n\n<li>Umsonst &amp; Drau\u00dfen \ud83d\udfe8<\/li>\n\n\n\n<li>Benefizkonzerte \ud83d\udfe8<br>Beispiele: Netzwerk \u2013 <a href=\"https:\/\/www.orchester-des-wandels.de\/unsere-idee\/\">Orchester des Wandels<\/a> (Veranstaltung von Klima- und Benefizkonzerten)<\/li>\n<\/ul>\n\n\n\n<hr class=\"wp-block-separator has-alpha-channel-opacity is-style-default\" \/>\n\n\n\n<p class=\"has-text-color has-link-color wp-elements-55e4e73c579048fa88c25f79f60127e8\" style=\"color:#5da21c\"><\/p>\n\n\n\n<div class=\"wp-block-group is-vertical is-content-justification-left is-layout-flex wp-container-core-group-is-layout-e497e2f9 wp-block-group-is-layout-flex\">\n<div class=\"wp-block-group is-vertical is-content-justification-center is-layout-flex wp-container-core-group-is-layout-4b2eccd6 wp-block-group-is-layout-flex\">\n<p>Die verschiedenen Aspekte von Nachhaltigkeit sind mit folgenden Farben markiert: <\/p>\n\n\n\n<p class=\"has-text-color has-link-color wp-elements-b48eb7cb1454663384e8899bb207e09f\" style=\"color:#5da21c\"><strong>\u00d6kologisch <\/strong>\ud83d\udfe9<\/p>\n\n\n\n<p class=\"has-text-color has-link-color wp-elements-b2bb20cf63b8c2ce379d20c7afa7cff0\" style=\"color:#3983ea\"><strong>\u00d6konomisch <\/strong>\ud83d\udfe6<\/p>\n\n\n\n<p class=\"has-yellow-color has-text-color has-link-color wp-elements-a1fb50dd221ed44d61af5688488a34f3\"><strong>Sozial <\/strong>\ud83d\udfe8<\/p>\n\n\n\n<p class=\"has-text-color has-link-color wp-elements-058bcd20b9a894dce01fbdc017cdaf82\" style=\"color:#d183fb\"><strong>Kulturell <\/strong>\ud83d\udfea<\/p>\n<\/div>\n<\/div>\n\n\n\n<p class=\"has-text-color has-link-color wp-elements-c8b88da8d80cb0e0991a2fc3cdfdbd0b\" style=\"color:#d183fb\"><\/p>\n","protected":false},"excerpt":{"rendered":"<p>Nachhaltiges Ticketing hat nicht nur etwas mit dem Preis zu tun, sondern zum Beispiel auch mit Zug\u00e4nglichkeit und der Anreise. Hier sind Beispiele f\u00fcr nachhaltiges Ticketing. Weitere Ticketalternativen: Die verschiedenen Aspekte von Nachhaltigkeit sind mit folgenden Farben markiert: \u00d6kologisch \ud83d\udfe9 \u00d6konomisch \ud83d\udfe6 Sozial \ud83d\udfe8 Kulturell \ud83d\udfea<\/p>\n","protected":false},"author":9494,"featured_media":0,"parent":197,"menu_order":0,"comment_status":"closed","ping_status":"closed","template":"","meta":{"footnotes":""},"class_list":["post-343","page","type-page","status-publish","hentry"],"_links":{"self":[{"href":"https:\/\/blogs.uni-paderborn.de\/nachhaltigkeitskultur\/wp-json\/wp\/v2\/pages\/343","targetHints":{"allow":["GET"]}}],"collection":[{"href":"https:\/\/blogs.uni-paderborn.de\/nachhaltigkeitskultur\/wp-json\/wp\/v2\/pages"}],"about":[{"href":"https:\/\/blogs.uni-paderborn.de\/nachhaltigkeitskultur\/wp-json\/wp\/v2\/types\/page"}],"author":[{"embeddable":true,"href":"https:\/\/blogs.uni-paderborn.de\/nachhaltigkeitskultur\/wp-json\/wp\/v2\/users\/9494"}],"replies":[{"embeddable":true,"href":"https:\/\/blogs.uni-paderborn.de\/nachhaltigkeitskultur\/wp-json\/wp\/v2\/comments?post=343"}],"version-history":[{"count":25,"href":"https:\/\/blogs.uni-paderborn.de\/nachhaltigkeitskultur\/wp-json\/wp\/v2\/pages\/343\/revisions"}],"predecessor-version":[{"id":698,"href":"https:\/\/blogs.uni-paderborn.de\/nachhaltigkeitskultur\/wp-json\/wp\/v2\/pages\/343\/revisions\/698"}],"up":[{"embeddable":true,"href":"https:\/\/blogs.uni-paderborn.de\/nachhaltigkeitskultur\/wp-json\/wp\/v2\/pages\/197"}],"wp:attachment":[{"href":"https:\/\/blogs.uni-paderborn.de\/nachhaltigkeitskultur\/wp-json\/wp\/v2\/media?parent=343"}],"curies":[{"name":"wp","href":"https:\/\/api.w.org\/{rel}","templated":true}]}}