{"id":339,"date":"2025-04-08T08:38:03","date_gmt":"2025-04-08T06:38:03","guid":{"rendered":"https:\/\/blogs.uni-paderborn.de\/nachhaltigkeitskultur\/?page_id=339"},"modified":"2025-05-27T10:12:32","modified_gmt":"2025-05-27T08:12:32","slug":"sanitaer-anlagen","status":"publish","type":"page","link":"https:\/\/blogs.uni-paderborn.de\/nachhaltigkeitskultur\/good-practice-beispiele\/sanitaer-anlagen\/","title":{"rendered":"Sanit\u00e4r-Anlagen"},"content":{"rendered":"<div class=\"twoclick_social_bookmarks_post_339 social_share_privacy clearfix 1.6.4 locale-de_DE sprite-de_DE\"><\/div><div class=\"twoclick-js\"><script type=\"text\/javascript\">\/* <![CDATA[ *\/\njQuery(document).ready(function($){if($('.twoclick_social_bookmarks_post_339')){$('.twoclick_social_bookmarks_post_339').socialSharePrivacy({\"txt_help\":\"Wenn Sie diese Felder durch einen Klick aktivieren, werden Informationen an Facebook, Twitter, Flattr, Xing, t3n, LinkedIn, Pinterest oder Google eventuell ins Ausland \\u00fcbertragen und unter Umst\\u00e4nden auch dort gespeichert. N\\u00e4heres erfahren Sie durch einen Klick auf das <em>i<\\\/em>.\",\"settings_perma\":\"Dauerhaft aktivieren und Daten\\u00fcber-tragung zustimmen:\",\"info_link\":\"http:\\\/\\\/www.heise.de\\\/ct\\\/artikel\\\/2-Klicks-fuer-mehr-Datenschutz-1333879.html\",\"uri\":\"https:\\\/\\\/blogs.uni-paderborn.de\\\/nachhaltigkeitskultur\\\/good-practice-beispiele\\\/sanitaer-anlagen\\\/\",\"post_id\":339,\"post_title_referrer_track\":\"Sanit%C3%A4r-Anlagen\",\"display_infobox\":\"on\"});}});\n\/* ]]> *\/<\/script><\/div>\n<p>Sie sind f\u00fcr das menschliche Wohlbefinden unabdinglich, und auch in Fragen der Nachhaltigkeit nicht zu untersch\u00e4tzen. Hier sind Beispiele rund um Nachhaltigkeit und Sanit\u00e4ranlagen. <\/p>\n\n\n<div class=\"wp-block-image\">\n<figure class=\"aligncenter size-full is-resized\"><img loading=\"lazy\" decoding=\"async\" width=\"468\" height=\"321\" src=\"https:\/\/blogs.uni-paderborn.de\/nachhaltigkeitskultur\/files\/2025\/05\/Sanitaeranlagen.png\" alt=\"\" class=\"wp-image-676\" style=\"width:395px;height:auto\" srcset=\"https:\/\/blogs.uni-paderborn.de\/nachhaltigkeitskultur\/files\/2025\/05\/Sanitaeranlagen.png 468w, https:\/\/blogs.uni-paderborn.de\/nachhaltigkeitskultur\/files\/2025\/05\/Sanitaeranlagen-300x206.png 300w\" sizes=\"auto, (max-width: 468px) 100vw, 468px\" \/><\/figure>\n<\/div>\n\n\n<ul class=\"wp-block-list\">\n<li><strong>\u00d6ko-Toiletten \/ Kompostklos <\/strong>\ud83d\udfe9<br><br>Festival &#8211; <a href=\"https:\/\/boomfestival.org\/boom2023\/\">BOOM<\/a><br><br>Festival \u2013 <a href=\"https:\/\/immergutrocken.de\/article\/nachhaltigkeit\">Immergut<\/a><br><br>&#8211;&gt; manchmal k\u00f6nnen mobile Toilettenkabinen nachhaltiger sein, je nach Art und Verwendung der Kl\u00e4rmittel und N\u00e4he von Kl\u00e4rwerken<br>siehe: Festival \u2013 <a href=\"https:\/\/orangeblossomspecial.de\/nachhaltigkeit\/\">Orange Blossom Special<\/a> (Kl\u00e4ranlage lediglich 500m vom Gel\u00e4nde entfernt<em>)<br><\/em><br><\/li>\n\n\n\n<li class=\"has-dark-gray-color has-text-color has-link-color wp-elements-2a0e6e22132565dec1a8bc5d6e139506\"><strong><a href=\"https:\/\/blogs.uni-paderborn.de\/nachhaltigkeitskultur\/good-practice-beispiele\/barrierefreiheit-zugaenglichkeit-inklusion\/\">Barrierefreiheit <\/a>miteinbeziehen <\/strong>\ud83d\udfe8<br><br>Festival \u2013 <a href=\"https:\/\/www.wurzelfestival.de\/infos\/rund-ums-festival-faq\/\">Zur\u00fcck zu den Wurzeln<\/a> (barrierefreie Duschcontainer und WCs)<br><br><\/li>\n\n\n\n<li><strong>Reinigung mit Nachhaltigkeitsanspruch <\/strong>\ud83d\udfe9<br><br>Reinigung \u2013 <a href=\"https:\/\/biberservice.gmbh\/#home\">BIBER Service<\/a> (Verwendung nachhaltiger Reinigungsprodukte, Filterung des Waschwassers\/Entfernen von Mikroplastik)<em><br><\/em><br><\/li>\n\n\n\n<li><strong>Wasserversorgung und Einsparung <span style=\"color: #5da21c\">\ud83d\udfe9<\/span> <\/strong><br><br>Festival \u2013 <a href=\"https:\/\/burningman.org\/about\/about-us\/sustainability\/\">Burning Man<\/a> (Teilnehmer:innen arbeiten an Techologien zur Konservierung von Wasser)<\/li>\n<\/ul>\n\n\n\n<hr class=\"wp-block-separator has-alpha-channel-opacity is-style-default\" \/>\n\n\n\n<p class=\"has-text-color has-link-color wp-elements-55e4e73c579048fa88c25f79f60127e8\" style=\"color:#5da21c\"><\/p>\n\n\n\n<div class=\"wp-block-group is-vertical is-content-justification-center is-layout-flex wp-container-core-group-is-layout-4b2eccd6 wp-block-group-is-layout-flex\">\n<p>Die verschiedenen Aspekte von Nachhaltigkeit sind mit folgenden Farben markiert: <\/p>\n\n\n\n<p class=\"has-text-color has-link-color wp-elements-b48eb7cb1454663384e8899bb207e09f\" style=\"color:#5da21c\"><strong>\u00d6kologisch <\/strong>\ud83d\udfe9<\/p>\n\n\n\n<p class=\"has-text-color has-link-color wp-elements-b2bb20cf63b8c2ce379d20c7afa7cff0\" style=\"color:#3983ea\"><strong>\u00d6konomisch <\/strong>\ud83d\udfe6<\/p>\n\n\n\n<p class=\"has-yellow-color has-text-color has-link-color wp-elements-a1fb50dd221ed44d61af5688488a34f3\"><strong>Sozial <\/strong>\ud83d\udfe8<\/p>\n\n\n\n<p class=\"has-text-color has-link-color wp-elements-058bcd20b9a894dce01fbdc017cdaf82\" style=\"color:#d183fb\"><strong>Kulturell <\/strong>\ud83d\udfea<\/p>\n<\/div>\n\n\n\n<p class=\"has-text-color has-link-color wp-elements-c8b88da8d80cb0e0991a2fc3cdfdbd0b\" style=\"color:#d183fb\"><\/p>\n","protected":false},"excerpt":{"rendered":"<p>Sie sind f\u00fcr das menschliche Wohlbefinden unabdinglich, und auch in Fragen der Nachhaltigkeit nicht zu untersch\u00e4tzen. Hier sind Beispiele rund um Nachhaltigkeit und Sanit\u00e4ranlagen. Die verschiedenen Aspekte von Nachhaltigkeit sind mit folgenden Farben markiert: \u00d6kologisch \ud83d\udfe9 \u00d6konomisch \ud83d\udfe6 Sozial \ud83d\udfe8 Kulturell \ud83d\udfea<\/p>\n","protected":false},"author":9494,"featured_media":0,"parent":197,"menu_order":0,"comment_status":"closed","ping_status":"closed","template":"","meta":{"footnotes":""},"class_list":["post-339","page","type-page","status-publish","hentry"],"_links":{"self":[{"href":"https:\/\/blogs.uni-paderborn.de\/nachhaltigkeitskultur\/wp-json\/wp\/v2\/pages\/339","targetHints":{"allow":["GET"]}}],"collection":[{"href":"https:\/\/blogs.uni-paderborn.de\/nachhaltigkeitskultur\/wp-json\/wp\/v2\/pages"}],"about":[{"href":"https:\/\/blogs.uni-paderborn.de\/nachhaltigkeitskultur\/wp-json\/wp\/v2\/types\/page"}],"author":[{"embeddable":true,"href":"https:\/\/blogs.uni-paderborn.de\/nachhaltigkeitskultur\/wp-json\/wp\/v2\/users\/9494"}],"replies":[{"embeddable":true,"href":"https:\/\/blogs.uni-paderborn.de\/nachhaltigkeitskultur\/wp-json\/wp\/v2\/comments?post=339"}],"version-history":[{"count":20,"href":"https:\/\/blogs.uni-paderborn.de\/nachhaltigkeitskultur\/wp-json\/wp\/v2\/pages\/339\/revisions"}],"predecessor-version":[{"id":695,"href":"https:\/\/blogs.uni-paderborn.de\/nachhaltigkeitskultur\/wp-json\/wp\/v2\/pages\/339\/revisions\/695"}],"up":[{"embeddable":true,"href":"https:\/\/blogs.uni-paderborn.de\/nachhaltigkeitskultur\/wp-json\/wp\/v2\/pages\/197"}],"wp:attachment":[{"href":"https:\/\/blogs.uni-paderborn.de\/nachhaltigkeitskultur\/wp-json\/wp\/v2\/media?parent=339"}],"curies":[{"name":"wp","href":"https:\/\/api.w.org\/{rel}","templated":true}]}}