{"id":335,"date":"2025-04-08T11:44:26","date_gmt":"2025-04-08T09:44:26","guid":{"rendered":"https:\/\/blogs.uni-paderborn.de\/nachhaltigkeitskultur\/?page_id=335"},"modified":"2025-05-27T10:12:02","modified_gmt":"2025-05-27T08:12:02","slug":"mobilitaet","status":"publish","type":"page","link":"https:\/\/blogs.uni-paderborn.de\/nachhaltigkeitskultur\/good-practice-beispiele\/mobilitaet\/","title":{"rendered":"Mobilit\u00e4t"},"content":{"rendered":"<div class=\"twoclick_social_bookmarks_post_335 social_share_privacy clearfix 1.6.4 locale-de_DE sprite-de_DE\"><\/div><div class=\"twoclick-js\"><script type=\"text\/javascript\">\/* <![CDATA[ *\/\njQuery(document).ready(function($){if($('.twoclick_social_bookmarks_post_335')){$('.twoclick_social_bookmarks_post_335').socialSharePrivacy({\"txt_help\":\"Wenn Sie diese Felder durch einen Klick aktivieren, werden Informationen an Facebook, Twitter, Flattr, Xing, t3n, LinkedIn, Pinterest oder Google eventuell ins Ausland \\u00fcbertragen und unter Umst\\u00e4nden auch dort gespeichert. N\\u00e4heres erfahren Sie durch einen Klick auf das <em>i<\\\/em>.\",\"settings_perma\":\"Dauerhaft aktivieren und Daten\\u00fcber-tragung zustimmen:\",\"info_link\":\"http:\\\/\\\/www.heise.de\\\/ct\\\/artikel\\\/2-Klicks-fuer-mehr-Datenschutz-1333879.html\",\"uri\":\"https:\\\/\\\/blogs.uni-paderborn.de\\\/nachhaltigkeitskultur\\\/good-practice-beispiele\\\/mobilitaet\\\/\",\"post_id\":335,\"post_title_referrer_track\":\"Mobilit%C3%A4t\",\"display_infobox\":\"on\"});}});\n\/* ]]> *\/<\/script><\/div>\n<p class=\"has-dark-gray-color has-text-color has-link-color wp-elements-f18c0e2a61c8cba52177d3504df226f5\">Die Relevanz von Mobilit\u00e4t wird u. A. durch die Studie &#8222;<a href=\"https:\/\/www.tickettoride.net\/\">Ticket to ride<\/a>&#8220; (nachhaltige Anreise bei Gro\u00dfveranstaltungen) von <em>The Changency<\/em> und <em>Crowd Impact<\/em> verdeutlicht. Ergebnisse der Studie zeigen, dass beinahe 90% der CO2-Emissionen der untersuchten Veranstaltungen allein durch die An- und Abreise der Besuchenden entstand.<a href=\"#_ftn1\" id=\"_ftnref1\">[1]<\/a><\/p>\n\n\n\n<p>Dennoch ist der Einfluss der Anreise von K\u00fcnstler:innen, sowie Mitarbeitenden, Dienstleistenden und Lieferant:innen nicht zu untersch\u00e4tzen.<\/p>\n\n\n<div class=\"wp-block-image\">\n<figure class=\"aligncenter size-full is-resized\"><img loading=\"lazy\" decoding=\"async\" width=\"572\" height=\"466\" src=\"https:\/\/blogs.uni-paderborn.de\/nachhaltigkeitskultur\/files\/2025\/05\/Fahrradstaender.png\" alt=\"\" class=\"wp-image-674\" style=\"width:411px;height:auto\" srcset=\"https:\/\/blogs.uni-paderborn.de\/nachhaltigkeitskultur\/files\/2025\/05\/Fahrradstaender.png 572w, https:\/\/blogs.uni-paderborn.de\/nachhaltigkeitskultur\/files\/2025\/05\/Fahrradstaender-300x244.png 300w\" sizes=\"auto, (max-width: 572px) 100vw, 572px\" \/><\/figure>\n<\/div>\n\n\n<ul class=\"wp-block-list\">\n<li><strong>\u00d6PNV-Kooperationen<\/strong> \ud83d\udfe9<em><br><\/em><br>Festival \u2013 <a href=\"https:\/\/www.documenta.de\/de\/about#3519_nachhaltigkeit\">documenta<\/a> (Nahverkehrsnutzung im Ticket enthalten)<br><br>Festival \u2013 <a href=\"https:\/\/www.rockwerchter.be\/en\/info\/sustainability-report\">Rock Werchter<\/a> (\u00d6PNV-Ticket im Festivalticket enthalten)<br><br>Festival \u2013 <a href=\"https:\/\/www.tollwood.de\/mensch-und-umwelt\/festival-fuer-mensch-und-umwelt\/\">Tollwood<\/a> (Kooperation mit lokalem Verkehrsbetrieb)<br><br>Hotel &#8211; <a href=\"https:\/\/www.maritim.de\/fileadmin\/user_upload\/Hotels\/Dus\/PDF\/DUS_Flyer_Fact_Sheet_Green.pdf\">MARITIM Hotel D\u00fcsseldorf<\/a> (Kooperation mit Deutscher Bahn zur nachhaltigen Anreise)<br><br>Mobilit\u00e4tsprojekt \u2013 <a href=\"https:\/\/tickettoride.net\/\">Ticket to ride<\/a> (\u00d6PNV-Kombitickets)<br><br><\/li>\n\n\n\n<li><strong>Shuttle-Optionen<\/strong> (um Gel\u00e4nde zu erreichen) \ud83d\udfe9 <br><br>Festival \u2013 <a href=\"https:\/\/www.bush-fire.com\/bring-your-fire\/\">MTN Bushfire<\/a> (Park\u2019n\u2019Ride Alternativen)<br><br>Festival \u2013 <a href=\"https:\/\/www.rockambeckenrand.de\/festival\/abc\">Rock am Beckenrand<\/a> (Shuttle vom n\u00e4chsten Bahnhof)<br><br>Festival \u2013 <a href=\"https:\/\/snntg.de\/\">SNNTG<\/a> (Angebot eines kostenfreien Festival-Shuttles von der Stadt zum Gel\u00e4nde)<br><br>Festival \u2013 <a href=\"https:\/\/www.wurzelfestival.de\/infos\/rund-ums-festival-faq\/\">Zur\u00fcck zu den Wurzeln<\/a> (Shuttle-Service)<br><br><\/li>\n\n\n\n<li><strong>Organisation gemeinsamer Fahrradtouren<\/strong> (zum Gel\u00e4nde, z. B. inkl. Gep\u00e4ckshuttle) <strong>\ud83d\udfe9<\/strong><br><br>Festival \u2013 <a href=\"https:\/\/snntg.de\/\">SNNTG<\/a> (Organisation einer Fahrradtour mit Gep\u00e4ckshuttle)<br><br>Festival \u2013 <a href=\"https:\/\/www.welovegreen.fr\/green\/?lang=en\">We Love Green<\/a> (Organisation von Fahrrad-Konvois)<em><br><\/em><br><\/li>\n\n\n\n<li><strong>Regionalit\u00e4t bei Lieferanten ber\u00fccksichtigen \ud83d\udfe9<\/strong> <strong>\ud83d\udfea <\/strong><br><br>Hotel \u2013 <a href=\"https:\/\/www.maritim.de\/fileadmin\/user_upload\/Hotels\/Dus\/PDF\/DUS_Flyer_Fact_Sheet_Green.pdf\">MARITIM Hotel D\u00fcsseldorf<\/a> (Auswahl regionaler Partner und Lieferanten)<em><br><\/em><br><\/li>\n\n\n\n<li><strong>Ermutigung des Publikums seitens der Veranstaltenden zur nachhaltigen Anreise <\/strong>\ud83d\udfe9<br><br>Festival \u2013 <a href=\"https:\/\/orangeblossomspecial.de\/nachhaltigkeit\/\">Orange Blossom Special<\/a> (Angebot einer Mitfahrb\u00f6rse, ausf\u00fchrliche Informationen zur nachhaltigen Anreise, Schwarzes Brett auf dem Festivalgel\u00e4nde zur Organisation der nachhaltigen Abreise)<br><br>Festival \u2013 <a href=\"https:\/\/www.welovegreen.fr\/green\/?lang=en\">We Love Green<\/a> (Ermutigung zur Anreise mit dem Fahrrad)<br><br>Festival \u2013 <a href=\"https:\/\/www.wurzelfestival.de\/infos\/rund-ums-festival-faq\/\">Zur\u00fcck zu den Wurzeln<\/a> (sichere Fahrrad-Garagen, Mitfahrzentrale f\u00fcr Fahrgemeinschaften)<br><br>Mobilit\u00e4tsprojekt \u2013 <a href=\"https:\/\/tickettoride.net\/\">Ticket to ride<\/a> (Aufruf zu Fahrgemeinschaften, Anreize zur nachhaltigen Anreise kreieren\/Gimmicks, Schaffen sicherer Fahrradstellpl\u00e4tze)<br><a id=\"_msocom_1\"><\/a><\/li>\n<\/ul>\n\n\n\n<ul class=\"wp-block-list\">\n<li><strong>Fahrr\u00e4der f\u00fcr Produktion und K\u00fcnstler:innen auf dem Veranstaltungsgel\u00e4nde \ud83d\udfe9 <\/strong><br><br>Festival \u2013 <a href=\"https:\/\/bildstoerung.net\/\">Bildst\u00f6rung<\/a> (Fahrr\u00e4der f\u00fcr Mitarbeitende und K\u00fcnstler:innen, um l\u00e4ngere Strecken z\u00fcgig zur\u00fcckzulegen, Veranstaltungsorte sind trotz Weitl\u00e4ufigkeit innerhalb der Stadt f\u00fcr Publikum fu\u00dfl\u00e4ufig erreichbar)<em><br><\/em><br><\/li>\n\n\n\n<li><strong>Schulungen zur nachhaltigen Fahrweise f\u00fcr Fahrer:innen \ud83d\udfe9 <\/strong><br><br>Shuttle-Service &#8211; <a href=\"https:\/\/fahrwerk-gzr.de\/nachhaltigkeit\/\">Fahrwerk Gempf zu Rotter GmbH<\/a> (geschulte Fahrer:innen)<em><br><\/em><br><\/li>\n\n\n\n<li><strong>Nutzung nachhaltiger Antriebsmodelle <\/strong>\ud83d\udfe9<br><br>Logistik &#8211; <a href=\"https:\/\/www.pietersmit.com\/sustainability\">Pieter Smit Show Service GmbH<\/a> (Fahrzeuge mit HVO-Kraftstoff)<br><br>Shuttle-Service &#8211; <a href=\"https:\/\/fahrwerk-gzr.de\/nachhaltigkeit\/\">Fahrwerk Gempf zu Rotter GmbH<\/a> (Fokussierung auf Bio-Diesel, E-Lades\u00e4ulen, Wasserstoff)<br><br><\/li>\n\n\n\n<li><strong>Effiziente Planung der notwendigen Fahrten<\/strong> <strong>\ud83d\udfe9 \ud83d\udfe6 <\/strong><br><br>Logistik \u2013 <a href=\"https:\/\/www.pietersmit.com\/sustainability\">Pieter Smit Show Service GmbH<\/a> (besonders gro\u00dfe Ladefl\u00e4chen um an Fahrten zu sparen)<br><br>Shuttle-Service &#8211; <a href=\"https:\/\/fahrwerk-gzr.de\/nachhaltigkeit\/\">Fahrwerk Gempf zu Rotter GmbH<\/a> (kurze Anreise durch effiziente Planung von Auftragsort und Beauftragungsort)<br><br>Veranstaltungstechnik \u2013 <a href=\"https:\/\/www.green-event.de\/unternehmen\/nachhaltigkeit\/\">G.E.T.<\/a> (Gew\u00e4hrleistung kurzer Anreise durch gro\u00dfes Netzwerk innerhalb Deutschlands)<em><br><\/em><br><\/li>\n\n\n\n<li><strong>Unterst\u00fctzung f\u00fcr umweltbewusste Tourplanung in Anspruch nehmen <span style=\"color: #3983ea\">\ud83d\udfe9 <\/span>\ud83d\udfe6 <\/strong><br><br>Netzwerk \u2013 <a href=\"https:\/\/greentouring.net\/\">Green Touring Network<\/a> (Hilfestellung zum umweltbewussten Touring)<br><br><\/li>\n\n\n\n<li><strong>Ber\u00fccksichtigung der Lieferkette zwecks Fahrtenminimierung <span style=\"color: #5da21c\">\ud83d\udfe9<\/span> \ud83d\udfe6 \ud83d\udfe8<br><\/strong><br>Beratung \u2013 <a href=\"https:\/\/www.gruener-werkzeugkasten.de\/ueber-uns\/\">Gr\u00fcner Werkzeugkasten<\/a> (Verbindung zu \u201egr\u00fcnen Lieferanten\u201c<\/li>\n<\/ul>\n\n\n\n<hr class=\"wp-block-separator has-alpha-channel-opacity is-style-default\" \/>\n\n\n\n<div class=\"wp-block-group is-vertical is-content-justification-center is-layout-flex wp-container-core-group-is-layout-4b2eccd6 wp-block-group-is-layout-flex\">\n<p>Die verschiedenen Aspekte von Nachhaltigkeit sind mit folgenden Farben markiert: <\/p>\n\n\n\n<p class=\"has-text-color has-link-color wp-elements-b48eb7cb1454663384e8899bb207e09f\" style=\"color:#5da21c\"><strong>\u00d6kologisch <\/strong>\ud83d\udfe9<\/p>\n\n\n\n<p class=\"has-text-color has-link-color wp-elements-b2bb20cf63b8c2ce379d20c7afa7cff0\" style=\"color:#3983ea\"><strong>\u00d6konomisch <\/strong>\ud83d\udfe6<\/p>\n\n\n\n<p class=\"has-yellow-color has-text-color has-link-color wp-elements-a1fb50dd221ed44d61af5688488a34f3\"><strong>Sozial <\/strong>\ud83d\udfe8<\/p>\n\n\n\n<p class=\"has-text-color has-link-color wp-elements-058bcd20b9a894dce01fbdc017cdaf82\" style=\"color:#d183fb\"><strong>Kulturell <\/strong>\ud83d\udfea<\/p>\n<\/div>\n\n\n\n<hr class=\"wp-block-separator has-alpha-channel-opacity\" \/>\n\n\n\n<p class=\"has-dark-gray-color has-text-color has-link-color wp-elements-97bdc82866aa9958acb34285a0cb2c09\"><a href=\"#_ftnref1\" id=\"_ftn1\">[1]<\/a> The Changency, Crowd Impact (2024), <em>TICKET TO RIDE: Nachhaltige Publikums-Anreise bei Gro\u00dfveranstaltungen &#8211; Projektzusammenfassung<\/em>. S. 12-13.<\/p>\n\n\n\n<p><\/p>\n","protected":false},"excerpt":{"rendered":"<p>Die Relevanz von Mobilit\u00e4t wird u. A. durch die Studie &#8222;Ticket to ride&#8220; (nachhaltige Anreise bei Gro\u00dfveranstaltungen) von The Changency und Crowd Impact verdeutlicht. Ergebnisse der Studie zeigen, dass beinahe 90% der CO2-Emissionen der untersuchten Veranstaltungen allein durch die An- und Abreise der Besuchenden entstand.[1] Dennoch ist der Einfluss der Anreise von K\u00fcnstler:innen, sowie Mitarbeitenden, &hellip; <a href=\"https:\/\/blogs.uni-paderborn.de\/nachhaltigkeitskultur\/good-practice-beispiele\/mobilitaet\/\" class=\"more-link\"><span class=\"screen-reader-text\">Mobilit\u00e4t<\/span> weiterlesen<\/a><\/p>\n","protected":false},"author":9494,"featured_media":0,"parent":197,"menu_order":0,"comment_status":"closed","ping_status":"closed","template":"","meta":{"footnotes":""},"class_list":["post-335","page","type-page","status-publish","hentry"],"_links":{"self":[{"href":"https:\/\/blogs.uni-paderborn.de\/nachhaltigkeitskultur\/wp-json\/wp\/v2\/pages\/335","targetHints":{"allow":["GET"]}}],"collection":[{"href":"https:\/\/blogs.uni-paderborn.de\/nachhaltigkeitskultur\/wp-json\/wp\/v2\/pages"}],"about":[{"href":"https:\/\/blogs.uni-paderborn.de\/nachhaltigkeitskultur\/wp-json\/wp\/v2\/types\/page"}],"author":[{"embeddable":true,"href":"https:\/\/blogs.uni-paderborn.de\/nachhaltigkeitskultur\/wp-json\/wp\/v2\/users\/9494"}],"replies":[{"embeddable":true,"href":"https:\/\/blogs.uni-paderborn.de\/nachhaltigkeitskultur\/wp-json\/wp\/v2\/comments?post=335"}],"version-history":[{"count":24,"href":"https:\/\/blogs.uni-paderborn.de\/nachhaltigkeitskultur\/wp-json\/wp\/v2\/pages\/335\/revisions"}],"predecessor-version":[{"id":694,"href":"https:\/\/blogs.uni-paderborn.de\/nachhaltigkeitskultur\/wp-json\/wp\/v2\/pages\/335\/revisions\/694"}],"up":[{"embeddable":true,"href":"https:\/\/blogs.uni-paderborn.de\/nachhaltigkeitskultur\/wp-json\/wp\/v2\/pages\/197"}],"wp:attachment":[{"href":"https:\/\/blogs.uni-paderborn.de\/nachhaltigkeitskultur\/wp-json\/wp\/v2\/media?parent=335"}],"curies":[{"name":"wp","href":"https:\/\/api.w.org\/{rel}","templated":true}]}}