{"id":329,"date":"2025-04-07T14:19:27","date_gmt":"2025-04-07T12:19:27","guid":{"rendered":"https:\/\/blogs.uni-paderborn.de\/nachhaltigkeitskultur\/?page_id=329"},"modified":"2025-05-27T10:24:16","modified_gmt":"2025-05-27T08:24:16","slug":"backstage","status":"publish","type":"page","link":"https:\/\/blogs.uni-paderborn.de\/nachhaltigkeitskultur\/good-practice-beispiele\/backstage\/","title":{"rendered":"Backstage"},"content":{"rendered":"<div class=\"twoclick_social_bookmarks_post_329 social_share_privacy clearfix 1.6.4 locale-de_DE sprite-de_DE\"><\/div><div class=\"twoclick-js\"><script type=\"text\/javascript\">\/* <![CDATA[ *\/\njQuery(document).ready(function($){if($('.twoclick_social_bookmarks_post_329')){$('.twoclick_social_bookmarks_post_329').socialSharePrivacy({\"txt_help\":\"Wenn Sie diese Felder durch einen Klick aktivieren, werden Informationen an Facebook, Twitter, Flattr, Xing, t3n, LinkedIn, Pinterest oder Google eventuell ins Ausland \\u00fcbertragen und unter Umst\\u00e4nden auch dort gespeichert. N\\u00e4heres erfahren Sie durch einen Klick auf das <em>i<\\\/em>.\",\"settings_perma\":\"Dauerhaft aktivieren und Daten\\u00fcber-tragung zustimmen:\",\"info_link\":\"http:\\\/\\\/www.heise.de\\\/ct\\\/artikel\\\/2-Klicks-fuer-mehr-Datenschutz-1333879.html\",\"uri\":\"https:\\\/\\\/blogs.uni-paderborn.de\\\/nachhaltigkeitskultur\\\/good-practice-beispiele\\\/backstage\\\/\",\"post_id\":329,\"post_title_referrer_track\":\"Backstage\",\"display_infobox\":\"on\"});}});\n\/* ]]> *\/<\/script><\/div>\n<p>Nachhaltigkeit findet auch hinter der B\u00fchne statt. Hier spielen mehrere Komponenten eine Rolle, die auch f\u00fcr den Rest der Veranstaltungen wichtig sind, wie zum Beispiel die Verpflegung, die M\u00fcllentsorgung und -reduzierung, oder auch die Versorgung des Personals. <\/p>\n\n\n\n<ul class=\"wp-block-list\">\n<li><strong>Hospitality Rider beachten\u00a0 \ud83d\udfe8 <\/strong>\ud83d\udfe6<br><br><\/li>\n\n\n\n<li><strong>Kompromisse im Sinne der Nachhaltigkeit einfordern (Erf\u00fcllung des Hospitality Riders unter Beachtung der Lieferkette, Einbezug von Regionalit\u00e4t und Saisonalit\u00e4t usw.)  <\/strong>\ud83d\udfe9<br><br><\/li>\n\n\n\n<li><strong>Umkleide und Aufenthaltsort bieten <\/strong>\ud83d\udfe8<br><br><\/li>\n\n\n\n<li><strong>Verpflegung <strong> <\/strong>\ud83d\udfe9 <\/strong><br><br>Festival \u2013 <a href=\"https:\/\/www.rockwerchter.be\/en\/info\/green\">Rock Werchter<\/a> (Gr\u00fcner M\u00fcll von Artists\/Crew\/VIP wurde gesammelt und in einer Biogasanlage verwertet)<br><br>[f\u00fcr weitere Infos: s. <a href=\"https:\/\/blogs.uni-paderborn.de\/nachhaltigkeitskultur\/good-practice-beispiele\/catering-verpflegung\/\" data-type=\"link\" data-id=\"https:\/\/blogs.uni-paderborn.de\/nachhaltigkeitskultur\/catering-verpflegung\/\">Catering \/ Verpflegung<\/a>]<br><br><\/li>\n\n\n\n<li><strong>Reduzierung des Lebensmittelabfalls  <\/strong>\ud83d\udfe9<br><br>Festival \u2013 <a href=\"https:\/\/www.adelaidefestival.com.au\/about\/sustainability\/\">Adelaide Festival<\/a> (Essen teilen und nach Hause nehmen erw\u00fcnscht)<br><br>Festival \u2013 <a href=\"https:\/\/www.green-juice.de\/nachhaltigkeit\/\">Green Juice<\/a> (M\u00f6glichkeit zur Lebensmittelspende f\u00fcr Bed\u00fcrftige)<br><br>Hotel \u2013 <a href=\"https:\/\/www.maritim.de\/fileadmin\/user_upload\/Hotels\/Dus\/PDF\/DUS_Flyer_Fact_Sheet_Green.pdf\">MARITIM Hotel D\u00fcsseldorf<\/a> (Erstellung einer j\u00e4hrlichen Abfallbilanz)<br><br>Festival \u2013 <a href=\"https:\/\/www.open-flair.de\/info\">Open Flair<\/a> (Foodsharing auf dem Festival mit anschlie\u00dfender Spende)<br><br>[f\u00fcr weitere Infos: s. <a href=\"https:\/\/blogs.uni-paderborn.de\/nachhaltigkeitskultur\/good-practice-beispiele\/catering-verpflegung\/\">Catering \/ Verpflegung<\/a>, <a href=\"https:\/\/blogs.uni-paderborn.de\/nachhaltigkeitskultur\/good-practice-beispiele\/abfallmanagement\/\" data-type=\"link\" data-id=\"https:\/\/blogs.uni-paderborn.de\/nachhaltigkeitskultur\/abfallmanagement\/\">Abfallmanagement<\/a>]<br><br><\/li>\n\n\n\n<li><strong>Stromversorgung <strong> <\/strong>\ud83d\udfe9<\/strong><br><br>[s. <a href=\"https:\/\/blogs.uni-paderborn.de\/nachhaltigkeitskultur\/good-practice-beispiele\/buehne\/\">B\u00fchne: Stromversorgung<\/a>]<br><br><\/li>\n\n\n\n<li><strong>R\u00e4umlichkeiten f\u00fcr Produktionsteam und Helfende bereitstellen \ud83d\udfe8 <\/strong><\/li>\n<\/ul>\n\n\n\n<hr class=\"wp-block-separator has-alpha-channel-opacity is-style-default\" \/>\n\n\n\n<p class=\"has-text-color has-link-color wp-elements-55e4e73c579048fa88c25f79f60127e8\" style=\"color:#5da21c\"><\/p>\n\n\n\n<div class=\"wp-block-group is-vertical is-content-justification-center is-layout-flex wp-container-core-group-is-layout-4b2eccd6 wp-block-group-is-layout-flex\">\n<p>Die verschiedenen Aspekte von Nachhaltigkeit sind mit folgenden Farben markiert: <\/p>\n\n\n\n<p class=\"has-text-color has-link-color wp-elements-b48eb7cb1454663384e8899bb207e09f\" style=\"color:#5da21c\"><strong>\u00d6kologisch <\/strong>\ud83d\udfe9<\/p>\n\n\n\n<p class=\"has-text-color has-link-color wp-elements-b2bb20cf63b8c2ce379d20c7afa7cff0\" style=\"color:#3983ea\"><strong>\u00d6konomisch <\/strong>\ud83d\udfe6<\/p>\n\n\n\n<p class=\"has-yellow-color has-text-color has-link-color wp-elements-a1fb50dd221ed44d61af5688488a34f3\"><strong>Sozial <\/strong>\ud83d\udfe8<\/p>\n\n\n\n<p class=\"has-text-color has-link-color wp-elements-058bcd20b9a894dce01fbdc017cdaf82\" style=\"color:#d183fb\"><strong>Kulturell <\/strong>\ud83d\udfea<\/p>\n<\/div>\n\n\n\n<p class=\"has-text-color has-link-color wp-elements-c8b88da8d80cb0e0991a2fc3cdfdbd0b\" style=\"color:#d183fb\"><\/p>\n\n\n\n<p><\/p>\n","protected":false},"excerpt":{"rendered":"<p>Nachhaltigkeit findet auch hinter der B\u00fchne statt. Hier spielen mehrere Komponenten eine Rolle, die auch f\u00fcr den Rest der Veranstaltungen wichtig sind, wie zum Beispiel die Verpflegung, die M\u00fcllentsorgung und -reduzierung, oder auch die Versorgung des Personals. Die verschiedenen Aspekte von Nachhaltigkeit sind mit folgenden Farben markiert: \u00d6kologisch \ud83d\udfe9 \u00d6konomisch \ud83d\udfe6 Sozial \ud83d\udfe8 Kulturell \ud83d\udfea<\/p>\n","protected":false},"author":9494,"featured_media":0,"parent":197,"menu_order":0,"comment_status":"closed","ping_status":"closed","template":"","meta":{"footnotes":""},"class_list":["post-329","page","type-page","status-publish","hentry"],"_links":{"self":[{"href":"https:\/\/blogs.uni-paderborn.de\/nachhaltigkeitskultur\/wp-json\/wp\/v2\/pages\/329","targetHints":{"allow":["GET"]}}],"collection":[{"href":"https:\/\/blogs.uni-paderborn.de\/nachhaltigkeitskultur\/wp-json\/wp\/v2\/pages"}],"about":[{"href":"https:\/\/blogs.uni-paderborn.de\/nachhaltigkeitskultur\/wp-json\/wp\/v2\/types\/page"}],"author":[{"embeddable":true,"href":"https:\/\/blogs.uni-paderborn.de\/nachhaltigkeitskultur\/wp-json\/wp\/v2\/users\/9494"}],"replies":[{"embeddable":true,"href":"https:\/\/blogs.uni-paderborn.de\/nachhaltigkeitskultur\/wp-json\/wp\/v2\/comments?post=329"}],"version-history":[{"count":26,"href":"https:\/\/blogs.uni-paderborn.de\/nachhaltigkeitskultur\/wp-json\/wp\/v2\/pages\/329\/revisions"}],"predecessor-version":[{"id":703,"href":"https:\/\/blogs.uni-paderborn.de\/nachhaltigkeitskultur\/wp-json\/wp\/v2\/pages\/329\/revisions\/703"}],"up":[{"embeddable":true,"href":"https:\/\/blogs.uni-paderborn.de\/nachhaltigkeitskultur\/wp-json\/wp\/v2\/pages\/197"}],"wp:attachment":[{"href":"https:\/\/blogs.uni-paderborn.de\/nachhaltigkeitskultur\/wp-json\/wp\/v2\/media?parent=329"}],"curies":[{"name":"wp","href":"https:\/\/api.w.org\/{rel}","templated":true}]}}