{"id":296,"date":"2025-04-07T14:08:56","date_gmt":"2025-04-07T12:08:56","guid":{"rendered":"https:\/\/blogs.uni-paderborn.de\/nachhaltigkeitskultur\/?page_id=296"},"modified":"2025-05-27T09:58:04","modified_gmt":"2025-05-27T07:58:04","slug":"buehne","status":"publish","type":"page","link":"https:\/\/blogs.uni-paderborn.de\/nachhaltigkeitskultur\/good-practice-beispiele\/buehne\/","title":{"rendered":"B\u00fchne"},"content":{"rendered":"<div class=\"twoclick_social_bookmarks_post_296 social_share_privacy clearfix 1.6.4 locale-de_DE sprite-de_DE\"><\/div><div class=\"twoclick-js\"><script type=\"text\/javascript\">\/* <![CDATA[ *\/\njQuery(document).ready(function($){if($('.twoclick_social_bookmarks_post_296')){$('.twoclick_social_bookmarks_post_296').socialSharePrivacy({\"txt_help\":\"Wenn Sie diese Felder durch einen Klick aktivieren, werden Informationen an Facebook, Twitter, Flattr, Xing, t3n, LinkedIn, Pinterest oder Google eventuell ins Ausland \\u00fcbertragen und unter Umst\\u00e4nden auch dort gespeichert. N\\u00e4heres erfahren Sie durch einen Klick auf das <em>i<\\\/em>.\",\"settings_perma\":\"Dauerhaft aktivieren und Daten\\u00fcber-tragung zustimmen:\",\"info_link\":\"http:\\\/\\\/www.heise.de\\\/ct\\\/artikel\\\/2-Klicks-fuer-mehr-Datenschutz-1333879.html\",\"uri\":\"https:\\\/\\\/blogs.uni-paderborn.de\\\/nachhaltigkeitskultur\\\/good-practice-beispiele\\\/buehne\\\/\",\"post_id\":296,\"post_title_referrer_track\":\"B%C3%BChne\",\"display_infobox\":\"on\"});}});\n\/* ]]> *\/<\/script><\/div>\n<p>Wer steht auf der B\u00fchne? Wo kommen diese K\u00fcnstler*innen her, wie sieht ihre Anreise aus? An wen richtet sich das Programm und wie wird die B\u00fchne versorgt? Rund um das Herzst\u00fccks einer Veranstaltungen gibt es mehrere Aspekte der Nachhaltigkeit, die beachtet werden sollten.<\/p>\n\n\n<div class=\"wp-block-image is-style-rounded\">\n<figure class=\"aligncenter size-full is-resized\"><img loading=\"lazy\" decoding=\"async\" width=\"674\" height=\"536\" src=\"https:\/\/blogs.uni-paderborn.de\/nachhaltigkeitskultur\/files\/2025\/05\/Buehne-1.png\" alt=\"\" class=\"wp-image-665\" style=\"width:411px;height:auto\" srcset=\"https:\/\/blogs.uni-paderborn.de\/nachhaltigkeitskultur\/files\/2025\/05\/Buehne-1.png 674w, https:\/\/blogs.uni-paderborn.de\/nachhaltigkeitskultur\/files\/2025\/05\/Buehne-1-300x239.png 300w\" sizes=\"auto, (max-width: 674px) 100vw, 674px\" \/><\/figure>\n<\/div>\n\n\n<ul class=\"wp-block-list\">\n<li><strong>Line-Up: Raum f\u00fcr Newcomer*innen schaffen, inklusives Booking, kulturell diverses Booking im Programm \ud83d\udfe8 <\/strong>\ud83d\udfea<br><br>Festival \u2013 <a href=\"https:\/\/www.afrikaburn.org\/about\/our-guiding-principles\/\">Afrika Burn<\/a> (\u201eradical inclusion\u201c)<br><br>Festival \u2013 <a href=\"https:\/\/www.bush-fire.com\/bring-your-fire\/\">MTN Bushfire<\/a> (Plattform f\u00fcr Newcomer*innen)<br><br>Festival \u2013 <a href=\"https:\/\/pulsopenair.de\/uber-uns\/\">Puls Open Air<\/a> (Booking 50% FLINTA*, Unterst\u00fctzung f\u00fcr Newcomer:innen)<br><br>Initiative \u2013 <a href=\"https:\/\/www.charta-der-vielfalt.de\/ueber-uns\/ueber-die-initiative\/\">charta der Vielfalt<\/a> (Selbstverpflichtung)<br><br><\/li>\n\n\n\n<li><strong>Nachhaltige Anreise der K\u00fcnstler:innen unterst\u00fctzen, unn\u00f6tig lange Anreisen vermeiden, effizientes Tour-Routing \ud83d\udfe9 <\/strong><br><br>Multiplikator \u2013 <a href=\"https:\/\/greentouring.net\/\">Green Touring Network<\/a> (Hilfestellung zu umweltbewusstem Touring)<br><br>Shuttle-Service &#8211; <a href=\"https:\/\/fahrwerk-gzr.de\/nachhaltigkeit\/\">Fahrwerk Gempf zu Rotter GmbH<\/a> (effiziente Routenplanung)<br><br><\/li>\n\n\n\n<li><strong>Ggf. K\u00fcnstler:innen mit l\u00e4ngerer Anreise an weitere Veranstalter:innen in der Region vermitteln<span style=\"color: #5da21c\"> \ud83d\udfe9<\/span> <\/strong><br><br>Festival \u2013 <a href=\"https:\/\/bildstoerung.net\/\">Bildst\u00f6rung<\/a> (Weitervermittlung der K\u00fcnstler*innen)<em><br><\/em><br><\/li>\n\n\n\n<li><strong>Diverses Programm \ud83d\udfe8 \ud83d\udfea <\/strong><br><br>Festival \u2013 <a href=\"https:\/\/www.pohodafestival.sk\/en\/about-festival\">Pohoda<\/a> (Angebot besteht nicht nur aus Pop(musik), sondern auch aus visuellen K\u00fcnsten, Theater und anderen klassischen Elementen)<br><br><\/li>\n\n\n\n<li><strong>Programm f\u00fcr Kinder \ud83d\udfe8 \ud83d\udfea <\/strong><br><br>Festival \u2013 <a href=\"https:\/\/infield.live\/festivals\/lunatic-festival\/#next\">Lunatic<\/a><br><br>Festival \u2013 <a href=\"https:\/\/orangeblossomspecial.de\/nachhaltigkeit\/\">Orange Blossom Special<\/a><br><br>Festival \u2013 <a href=\"https:\/\/pulsopenair.de\/uber-uns\/\">Puls Open Air<\/a>\u00a0<\/li>\n<\/ul>\n\n\n\n<p><br><strong>Stromversorgung<\/strong>:<\/p>\n\n\n\n<ul class=\"wp-block-list\">\n<li><strong>Nachhaltiger Strombezug durch erneuerbare Energien (z.B. Solar) \ud83d\udfe9 <\/strong><br><br>Band \u2013 <a href=\"https:\/\/sustainability.coldplay.com\/\">Coldplay<\/a> (Nutzung kinetischer B\u00f6den zur Energiegewinnung bei Shows, strom-generierende Fahrr\u00e4der f\u00fcrs Publikum, Installation von Solarzellen bei jeder Show)<br><br>Energiedienstleister \u2013 <a href=\"https:\/\/www.wip-munich.de\/welcome\/home\/\">WIP Renewable Energies<\/a> (Dienstleistungen,\u00a0um L\u00fccke zwischen Forschung und Implementierung erneuerbarer Energien zu schlie\u00dfen, bspw. Consulting\/Beratung, Unterst\u00fctzung beim Umstieg auf erneuerbare Energien und beim Einhalten\/Erreichen von Kriterien f\u00fcr europ\u00e4ische F\u00f6rderungen)<em><br><\/em><br>Festival \u2013 <a href=\"https:\/\/www.futur2festival.de\/konzept\">Futur 2 Festival<\/a> (vollst\u00e4ndig energieautark durch Solaranlagen und Muskelkraft des Publikums)<br><br>Projekt \u2013 <a href=\"https:\/\/www.everywh2ere.eu\/\">Everywh2ere<\/a> (Energieversorgung durch Wasserstoff-Aggregate)<br><br><\/li>\n\n\n\n<li><strong>Bevorzugung von \u00d6kostrom beim Strombezug \ud83d\udfe9 <\/strong><br><br>Festival \u2013 <a href=\"https:\/\/burningman.org\/about\/about-us\/sustainability\/\">Burning Man<\/a> (Nutzung erneuerbarer Energien)<br><br>Festival \u2013 <a href=\"https:\/\/www.tollwood.de\/mensch-und-umwelt\/festival-fuer-mensch-und-umwelt\/\">Tollwood<\/a> (Nutzung von \u00d6kostrom)<br><br>Shuttle-Service \u2013 <a href=\"https:\/\/www.hansemondial.de\/de\/ueber-uns\/nachhaltigkeit\">Hanse Mondial<\/a> (Nutzung von \u00d6kostrom in B\u00fcros)<br><br>Veranstaltungstechnik \u2013 <a href=\"https:\/\/setcon.de\/nachhaltigkeit\/\">setcon<\/a> (F\u00f6rderung von \u00d6kostrom)<br><br><\/li>\n\n\n\n<li><strong>Bei Nutzung von Stromaggregaten und\/oder Akkus: Herstellung und m\u00f6gliches Recycling ber\u00fccksichtigen, regelm\u00e4\u00dfig warten und effiziente Lagerung bei Nicht-Nutzung \ud83d\udfe9 \ud83d\udfe6 <\/strong><br><br>Band \u2013 <a href=\"https:\/\/sustainability.coldplay.com\/\">Coldplay<\/a> (Nutzung recycelter Autobatterien f\u00fcr Shows)<br><br>Veranstaltungstechnik &#8211; <a href=\"https:\/\/www.green-event.de\/unternehmen\/nachhaltigkeit\/\">G.E.T.<\/a> (ressourcenschonende Planung und Durchf\u00fchrung durch energiesparendes Equipment und nachhaltige Transportkoffer\/Cases)<br><br>Veranstaltungstechnik \u2013 <a href=\"https:\/\/setcon.de\/nachhaltigkeit\/\">setcon<\/a> (Nutzung und Erwerb von haltbarer Ausstattung)<em><br><\/em><br><\/li>\n\n\n\n<li><strong>Nachhaltiger Strombezug durch Anschluss an das regionale Netz \ud83d\udfe9 \ud83d\udfe6<\/strong><br><br>Festival \u2013 <a href=\"https:\/\/www.pohodafestival.sk\/en\/ecology\">Pohoda<\/a> (Anschluss an das lokale Stromnetz)<br><br>Veranstalter \u2013 <a href=\"https:\/\/www.schlosspark-paderborn.de\/\">Schlosspark und Lippesee Gesellschaft mbH<\/a> (st\u00e4dtischer Strombezug)<\/li>\n<\/ul>\n\n\n\n<p><br><strong>B\u00fchnenbau und Deko<\/strong>:<\/p>\n\n\n\n<ul class=\"wp-block-list\">\n<li><strong>Recycling oder Upcycling und Wiederverwendung von bereits produzierten Materialien \ud83d\udfe9 <\/strong>\ud83d\udfe6<br><br>Festival \u2013 <a href=\"https:\/\/echoesofearth.com\/\">Echoes of Earth<\/a> (j\u00e4hrlich neu konzipiertes B\u00fchnendesign, dennoch 80% genutzter Materialien aus Wiederverwertung, Bau aus recyceltem Bambus, Discokugeln aus Upcycling)<br><br>Initiative \u2013 <a href=\"https:\/\/www.musicdeclares.net\/\">Music Declares Emergency<\/a> (digitaler <a href=\"https:\/\/musicdeclares.net\/de\/toolkoffer\">Toolkoffer<\/a>, der u. A. auch Ideen zu Upcycling liefert)<br><br>Kulturelle Bildung \u2013 <a href=\"https:\/\/www.machart-manufaktur.de\/\">Machart Manufaktur<\/a> (Upcycling Workshops)<br><br>Studie \u2013 <a href=\"https:\/\/www.plantaseeed.de\/die-studie\">PLANT A SEEED<\/a> (altes B\u00fchnenbanner wurde zu Taschen weiterverarbeitet)<em><br><\/em><br><\/li>\n\n\n\n<li><strong>B\u00fchnenbau aus recyceltem oder recyclebarem Material (haltbar, einfach zu warten, gut zu lagern) \ud83d\udfe9 <\/strong><br><br>Festival \u2013 <a href=\"https:\/\/echoesofearth.com\/\">Echoes of Earth<\/a> (B\u00fchnenbau zu 80% aus recycelten Materialien, wie z. B. recycelter Bambus)<br><br>Festival \u2013 <a href=\"https:\/\/wonderfruit.co\/\">Wonderfruit<\/a> (Venue aus Materialien des Gel\u00e4ndes gebaut)<br><br>Veranstaltungstechnik\/Messebau \u2013 <a href=\"https:\/\/setcon.de\/nachhaltigkeit\/\">setcon<\/a> (Nutzung und Erwerb von haltbarem Veranstaltungsmobiliar)<em><br><\/em><br><\/li>\n\n\n\n<li><strong>Anlaufstellen und Materialbezugsm\u00f6glichkeiten \ud83d\udfe9 \ud83d\udfe6<\/strong><br><br>Baumarkt \u2013 <a href=\"https:\/\/materialbuffet.de\/\">Material Buffet<\/a> (Second-Hand-Baumarkt, Reststoffe, Veranstaltende k\u00f6nnen Materialien spenden)<br><br>Beratung\/Vermittlung \u2013 <a href=\"https:\/\/www.trashgalore.de\/materialvermittlung\">TRASH GALORE<\/a> (Materialvermittlung: Anmeldung von Restmaterial oder Bedarf, teilw. \u00dcbernahme der Logistik)<em><br><\/em><br><\/li>\n\n\n\n<li><strong>Blumen als Ersatz f\u00fcr Konfetti \ud83d\udfe9 <\/strong><br><br>Festival \u2013 <a href=\"https:\/\/www.wurzelfestival.de\/infos\/rund-ums-festival-faq\/\">Zur\u00fcck zu den Wurzeln<\/a> (Saatgut-Konfetti)<a id=\"_msocom_1\"><\/a><\/li>\n<\/ul>\n\n\n\n<hr class=\"wp-block-separator has-alpha-channel-opacity is-style-default\" \/>\n\n\n\n<p class=\"has-text-color has-link-color wp-elements-55e4e73c579048fa88c25f79f60127e8\" style=\"color:#5da21c\"><\/p>\n\n\n\n<div class=\"wp-block-group is-vertical is-content-justification-center is-layout-flex wp-container-core-group-is-layout-4b2eccd6 wp-block-group-is-layout-flex\">\n<p>Die verschiedenen Aspekte von Nachhaltigkeit sind mit folgenden Farben markiert: <\/p>\n\n\n\n<p class=\"has-text-color has-link-color wp-elements-b48eb7cb1454663384e8899bb207e09f\" style=\"color:#5da21c\"><strong>\u00d6kologisch <\/strong>\ud83d\udfe9<\/p>\n\n\n\n<p class=\"has-text-color has-link-color wp-elements-b2bb20cf63b8c2ce379d20c7afa7cff0\" style=\"color:#3983ea\"><strong>\u00d6konomisch <\/strong>\ud83d\udfe6<\/p>\n\n\n\n<p class=\"has-yellow-color has-text-color has-link-color wp-elements-a1fb50dd221ed44d61af5688488a34f3\"><strong>Sozial <\/strong>\ud83d\udfe8<\/p>\n\n\n\n<p class=\"has-text-color has-link-color wp-elements-058bcd20b9a894dce01fbdc017cdaf82\" style=\"color:#d183fb\"><strong>Kulturell <\/strong>\ud83d\udfea<\/p>\n<\/div>\n\n\n\n<p class=\"has-text-color has-link-color wp-elements-c8b88da8d80cb0e0991a2fc3cdfdbd0b\" style=\"color:#d183fb\"><\/p>\n","protected":false},"excerpt":{"rendered":"<p>Wer steht auf der B\u00fchne? Wo kommen diese K\u00fcnstler*innen her, wie sieht ihre Anreise aus? An wen richtet sich das Programm und wie wird die B\u00fchne versorgt? Rund um das Herzst\u00fccks einer Veranstaltungen gibt es mehrere Aspekte der Nachhaltigkeit, die beachtet werden sollten. Stromversorgung: B\u00fchnenbau und Deko: Die verschiedenen Aspekte von Nachhaltigkeit sind mit folgenden &hellip; <a href=\"https:\/\/blogs.uni-paderborn.de\/nachhaltigkeitskultur\/good-practice-beispiele\/buehne\/\" class=\"more-link\"><span class=\"screen-reader-text\">B\u00fchne<\/span> weiterlesen<\/a><\/p>\n","protected":false},"author":9494,"featured_media":0,"parent":197,"menu_order":0,"comment_status":"closed","ping_status":"closed","template":"","meta":{"footnotes":""},"class_list":["post-296","page","type-page","status-publish","hentry"],"_links":{"self":[{"href":"https:\/\/blogs.uni-paderborn.de\/nachhaltigkeitskultur\/wp-json\/wp\/v2\/pages\/296","targetHints":{"allow":["GET"]}}],"collection":[{"href":"https:\/\/blogs.uni-paderborn.de\/nachhaltigkeitskultur\/wp-json\/wp\/v2\/pages"}],"about":[{"href":"https:\/\/blogs.uni-paderborn.de\/nachhaltigkeitskultur\/wp-json\/wp\/v2\/types\/page"}],"author":[{"embeddable":true,"href":"https:\/\/blogs.uni-paderborn.de\/nachhaltigkeitskultur\/wp-json\/wp\/v2\/users\/9494"}],"replies":[{"embeddable":true,"href":"https:\/\/blogs.uni-paderborn.de\/nachhaltigkeitskultur\/wp-json\/wp\/v2\/comments?post=296"}],"version-history":[{"count":25,"href":"https:\/\/blogs.uni-paderborn.de\/nachhaltigkeitskultur\/wp-json\/wp\/v2\/pages\/296\/revisions"}],"predecessor-version":[{"id":686,"href":"https:\/\/blogs.uni-paderborn.de\/nachhaltigkeitskultur\/wp-json\/wp\/v2\/pages\/296\/revisions\/686"}],"up":[{"embeddable":true,"href":"https:\/\/blogs.uni-paderborn.de\/nachhaltigkeitskultur\/wp-json\/wp\/v2\/pages\/197"}],"wp:attachment":[{"href":"https:\/\/blogs.uni-paderborn.de\/nachhaltigkeitskultur\/wp-json\/wp\/v2\/media?parent=296"}],"curies":[{"name":"wp","href":"https:\/\/api.w.org\/{rel}","templated":true}]}}