{"id":197,"date":"2025-04-07T14:01:47","date_gmt":"2025-04-07T12:01:47","guid":{"rendered":"https:\/\/blogs.uni-paderborn.de\/nachhaltigkeitskultur\/?page_id=197"},"modified":"2025-05-29T23:21:31","modified_gmt":"2025-05-29T21:21:31","slug":"good-practice-beispiele","status":"publish","type":"page","link":"https:\/\/blogs.uni-paderborn.de\/nachhaltigkeitskultur\/good-practice-beispiele\/","title":{"rendered":"Good-Practice-Beispiele"},"content":{"rendered":"<div class=\"twoclick_social_bookmarks_post_197 social_share_privacy clearfix 1.6.4 locale-de_DE sprite-de_DE\"><\/div><div class=\"twoclick-js\"><script type=\"text\/javascript\">\/* <![CDATA[ *\/\njQuery(document).ready(function($){if($('.twoclick_social_bookmarks_post_197')){$('.twoclick_social_bookmarks_post_197').socialSharePrivacy({\"txt_help\":\"Wenn Sie diese Felder durch einen Klick aktivieren, werden Informationen an Facebook, Twitter, Flattr, Xing, t3n, LinkedIn, Pinterest oder Google eventuell ins Ausland \\u00fcbertragen und unter Umst\\u00e4nden auch dort gespeichert. N\\u00e4heres erfahren Sie durch einen Klick auf das <em>i<\\\/em>.\",\"settings_perma\":\"Dauerhaft aktivieren und Daten\\u00fcber-tragung zustimmen:\",\"info_link\":\"http:\\\/\\\/www.heise.de\\\/ct\\\/artikel\\\/2-Klicks-fuer-mehr-Datenschutz-1333879.html\",\"uri\":\"https:\\\/\\\/blogs.uni-paderborn.de\\\/nachhaltigkeitskultur\\\/good-practice-beispiele\\\/\",\"post_id\":197,\"post_title_referrer_track\":\"Good-Practice-Beispiele\",\"display_infobox\":\"on\"});}});\n\/* ]]> *\/<\/script><\/div>\n<p>Hier finden Sie beispielhaft aufgelistet einzelne, konkrete Ma\u00dfnahmen, die dabei helfen k\u00f6nnen, nachhaltiger zu agieren. Dazu finden Sie unter den angegebenen Links Beispiele, wo diese Ma\u00dfnahmen u. A. bereits durchgef\u00fchrt werden. <\/p>\n\n\n\n<figure data-wp-context=\"{&quot;imageId&quot;:&quot;69e1b7ce8a915&quot;}\" data-wp-interactive=\"core\/image\" data-wp-key=\"69e1b7ce8a915\" class=\"wp-block-image size-large wp-lightbox-container\"><img loading=\"lazy\" decoding=\"async\" width=\"3189\" height=\"2255\" data-wp-class--hide=\"state.isContentHidden\" data-wp-class--show=\"state.isContentVisible\" data-wp-init=\"callbacks.setButtonStyles\" data-wp-on--click=\"actions.showLightbox\" data-wp-on--load=\"callbacks.setButtonStyles\" data-wp-on-window--resize=\"callbacks.setButtonStyles\" src=\"https:\/\/blogs.uni-paderborn.de\/nachhaltigkeitskultur\/files\/2025\/03\/2025-01-Kulturkarte_KarteGesamt-edited.png\" alt=\"\" class=\"wp-image-293\" srcset=\"https:\/\/blogs.uni-paderborn.de\/nachhaltigkeitskultur\/files\/2025\/03\/2025-01-Kulturkarte_KarteGesamt-edited.png 3189w, https:\/\/blogs.uni-paderborn.de\/nachhaltigkeitskultur\/files\/2025\/03\/2025-01-Kulturkarte_KarteGesamt-edited-300x212.png 300w, https:\/\/blogs.uni-paderborn.de\/nachhaltigkeitskultur\/files\/2025\/03\/2025-01-Kulturkarte_KarteGesamt-edited-1024x724.png 1024w, https:\/\/blogs.uni-paderborn.de\/nachhaltigkeitskultur\/files\/2025\/03\/2025-01-Kulturkarte_KarteGesamt-edited-768x543.png 768w, https:\/\/blogs.uni-paderborn.de\/nachhaltigkeitskultur\/files\/2025\/03\/2025-01-Kulturkarte_KarteGesamt-edited-1536x1086.png 1536w, https:\/\/blogs.uni-paderborn.de\/nachhaltigkeitskultur\/files\/2025\/03\/2025-01-Kulturkarte_KarteGesamt-edited-2048x1448.png 2048w\" sizes=\"auto, (max-width: 3189px) 100vw, 3189px\" \/><button\n\t\t\tclass=\"lightbox-trigger\"\n\t\t\ttype=\"button\"\n\t\t\taria-haspopup=\"dialog\"\n\t\t\taria-label=\"Vergr\u00f6\u00dfern\"\n\t\t\tdata-wp-init=\"callbacks.initTriggerButton\"\n\t\t\tdata-wp-on--click=\"actions.showLightbox\"\n\t\t\tdata-wp-style--right=\"state.imageButtonRight\"\n\t\t\tdata-wp-style--top=\"state.imageButtonTop\"\n\t\t>\n\t\t\t<svg xmlns=\"http:\/\/www.w3.org\/2000\/svg\" width=\"12\" height=\"12\" fill=\"none\" viewBox=\"0 0 12 12\">\n\t\t\t\t<path fill=\"#fff\" d=\"M2 0a2 2 0 0 0-2 2v2h1.5V2a.5.5 0 0 1 .5-.5h2V0H2Zm2 10.5H2a.5.5 0 0 1-.5-.5V8H0v2a2 2 0 0 0 2 2h2v-1.5ZM8 12v-1.5h2a.5.5 0 0 0 .5-.5V8H12v2a2 2 0 0 1-2 2H8Zm2-12a2 2 0 0 1 2 2v2h-1.5V2a.5.5 0 0 0-.5-.5H8V0h2Z\" \/>\n\t\t\t<\/svg>\n\t\t<\/button><figcaption class=\"wp-element-caption\">Grafik: <a href=\"https:\/\/fabianschwarze.de\/\">Fabian Schwarze<\/a><\/figcaption><\/figure>\n\n\n\n<div class=\"wp-block-buttons is-layout-flex wp-block-buttons-is-layout-flex\">\n<div class=\"wp-block-button has-custom-width wp-block-button__width-50 is-style-outline is-style-outline--1\"><a class=\"wp-block-button__link has-blue-gray-color has-text-color has-link-color wp-element-button\" href=\"https:\/\/blogs.uni-paderborn.de\/nachhaltigkeitskultur\/good-practice-beispiele\/abfallmanagement\/\">Abfallmanagement<\/a><\/div>\n\n\n\n<div class=\"wp-block-button has-custom-width wp-block-button__width-50 is-style-outline is-style-outline--2\"><a class=\"wp-block-button__link has-blue-gray-color has-text-color has-link-color wp-element-button\" href=\"https:\/\/blogs.uni-paderborn.de\/nachhaltigkeitskultur\/good-practice-beispiele\/backstage\/\">Backstage<\/a><\/div>\n\n\n\n<div class=\"wp-block-button has-custom-width wp-block-button__width-50 is-style-outline is-style-outline--3\"><a class=\"wp-block-button__link has-blue-gray-color has-text-color has-link-color wp-element-button\" href=\"https:\/\/blogs.uni-paderborn.de\/nachhaltigkeitskultur\/good-practice-beispiele\/barrierefreiheit-zugaenglichkeit-inklusion\/\">barrierefreihit \/ zug\u00e4nglichkeit \/ Inklusion<\/a><\/div>\n\n\n\n<div class=\"wp-block-button has-custom-width wp-block-button__width-50 is-style-outline is-style-outline--4\"><a class=\"wp-block-button__link has-blue-gray-color has-text-color has-link-color wp-element-button\" href=\"https:\/\/blogs.uni-paderborn.de\/nachhaltigkeitskultur\/good-practice-beispiele\/buehne\/\">B\u00fchne<\/a><\/div>\n\n\n\n<div class=\"wp-block-button has-custom-width wp-block-button__width-50 is-style-outline is-style-outline--5\"><a class=\"wp-block-button__link wp-element-button\" href=\"https:\/\/blogs.uni-paderborn.de\/nachhaltigkeitskultur\/good-practice-beispiele\/camping\/\">Camping<\/a><\/div>\n\n\n\n<div class=\"wp-block-button has-custom-width wp-block-button__width-50 is-style-outline is-style-outline--6\"><a class=\"wp-block-button__link wp-element-button\" href=\"https:\/\/blogs.uni-paderborn.de\/nachhaltigkeitskultur\/good-practice-beispiele\/catering-verpflegung\/\">Catering \/ Verpflegung<\/a><\/div>\n\n\n\n<div class=\"wp-block-button has-custom-width wp-block-button__width-50 is-style-outline is-style-outline--7\"><a class=\"wp-block-button__link wp-element-button\" href=\"https:\/\/blogs.uni-paderborn.de\/nachhaltigkeitskultur\/good-practice-beispiele\/extremwetterschutz\/\">Extremwetterschutz<\/a><\/div>\n\n\n\n<div class=\"wp-block-button has-custom-width wp-block-button__width-50 is-style-outline is-style-outline--8\"><a class=\"wp-block-button__link wp-element-button\" href=\"https:\/\/blogs.uni-paderborn.de\/nachhaltigkeitskultur\/good-practice-beispiele\/kulturelle-bildung\/\">Kulturelle Bildung<\/a><\/div>\n\n\n\n<div class=\"wp-block-button has-custom-width wp-block-button__width-50 is-style-outline is-style-outline--9\"><a class=\"wp-block-button__link wp-element-button\" href=\"https:\/\/blogs.uni-paderborn.de\/nachhaltigkeitskultur\/good-practice-beispiele\/mobilitaet\/\">Mobilit\u00e4t<\/a><\/div>\n\n\n\n<div class=\"wp-block-button has-custom-width wp-block-button__width-50 is-style-outline is-style-outline--10\"><a class=\"wp-block-button__link wp-element-button\" href=\"https:\/\/blogs.uni-paderborn.de\/nachhaltigkeitskultur\/good-practice-beispiele\/sanitaer-anlagen\/\">Sanit\u00e4r-Anlagen<\/a><\/div>\n\n\n\n<div class=\"wp-block-button has-custom-width wp-block-button__width-50 is-style-outline is-style-outline--11\"><a class=\"wp-block-button__link wp-element-button\" href=\"https:\/\/blogs.uni-paderborn.de\/nachhaltigkeitskultur\/good-practice-beispiele\/technik\/\">Technik<\/a><\/div>\n\n\n\n<div class=\"wp-block-button has-custom-width wp-block-button__width-50 is-style-outline is-style-outline--12\"><a class=\"wp-block-button__link wp-element-button\" href=\"https:\/\/blogs.uni-paderborn.de\/nachhaltigkeitskultur\/good-practice-beispiele\/ticketing\/\">Ticketing<\/a><\/div>\n<\/div>\n\n\n\n<p><\/p>\n\n\n\n<p>Der Begriff der \u201cNachhaltigkeit\u201d ist multidimensional. Neben den \u00f6kologischen Dimensionen umfasst er auch soziale, kulturelle und \u00f6konomische Aspekte. Die Verwobenheit dieser Dimensionen und der damit in Zusammenhang stehenden Themenfelder machen das Konzept \u201cNachhaltigkeit\u201d in der theoretischen Auseinandersetzung wie in der kulturbetrieblichen Praxis zu einem vielschichtigen und komplexen Konzept, das nicht zuletzt im Kontext des jeweiligen Kulturbetriebs bzw. des jeweiligen kulturellen Angebots zu sehen ist<a href=\"#_ftn1\" id=\"_ftnref1\"> [1].<\/a> Jede Ma\u00dfnahme wurde farblich markiert und zeigt so an, welcher Dimension von Nachhaltigkeit diese zugeordnet werden kann.<\/p>\n\n\n\n<p class=\"has-text-color has-link-color wp-elements-7de740a7c511e5e4b86c5be202e4013b\" style=\"color:#5da21c\"><strong>\u00d6kologisch  <\/strong>\ud83d\udfe9<\/p>\n\n\n\n<p class=\"has-dark-gray-color has-text-color has-link-color wp-elements-37904e509423665bbd82cfd4c9e60c98\">Alle Aspekte der Wechselwirkung mit der nat\u00fcrlichen Umwelt. Bewahrung der nat\u00fcrlichen Ressourcen als Grundlage des Lebens und Wirtschaftens.<\/p>\n\n\n\n<p><\/p>\n\n\n\n<p class=\"has-text-color has-link-color wp-elements-e5ed14742e163975c0bd45a439b22170\" style=\"color:#3983ea\"><strong>\u00d6konomisch <\/strong>\ud83d\udfe6<\/p>\n\n\n\n<p class=\"has-dark-gray-color has-text-color has-link-color wp-elements-41c4a5a1e94147db58b1c91f7d3d86a0\">Alle Aspekte der Wertsch\u00f6pfung und des Wirtschaftssystems. Erhalt von Wirtschaftssystemen und Wertsch\u00f6pfung zur Befriedigung der Bed\u00fcrfnisse.<\/p>\n\n\n\n<p class=\"has-dark-gray-color has-text-color has-link-color wp-elements-373521b51abac5deb91d81d080f310e6\"><\/p>\n\n\n\n<p class=\"has-yellow-color has-text-color has-link-color wp-elements-a1fb50dd221ed44d61af5688488a34f3\"><strong>Sozial <\/strong>\ud83d\udfe8<\/p>\n\n\n\n<p>Alle Aspekte, die das Zusammenleben der Menschen betreffen. Verteilungsgerechtigkeit und Partizipation, Freiheit bei der Gestaltung des eigenen Lebens.<a href=\"#_ftn1\">[2]<\/a><\/p>\n\n\n\n<p><\/p>\n\n\n\n<p class=\"has-text-color has-link-color wp-elements-e8467da0099cc9b0282064c515fb38bf\" style=\"color:#d183fb\"><strong>Kulturell  <\/strong>\ud83d\udfea<\/p>\n\n\n\n<p>Alle Aspekte, die kulturelle Formen, Orientierungen, Werte und Praktiken betreffen. Die Bewahrung des Kulturellen, aber auch die Hinterfragung und Legitimierung des Tradierten auf seine Gegenwarts- und Zukunftsf\u00e4higkeit.<a href=\"#_ftn1\" id=\"_ftnref1\">[3]<\/a><\/p>\n\n\n\n<hr class=\"wp-block-separator has-alpha-channel-opacity is-style-dots\" \/>\n\n\n\n<p>Diese Listen dienen als Exempel und Impulsgeber und haben weder den Anspruch auf Vollst\u00e4ndigkeit, noch handelt es sich hierbei um Werbung f\u00fcr einzelne Akteur:innen aus der Kulturveranstaltungsbranche.<\/p>\n\n\n\n<p>Der Beitrag wird laufend aktualisiert. Bei Vorschl\u00e4gen melden Sie sich gerne <a href=\"https:\/\/blogs.uni-paderborn.de\/nachhaltigkeitskultur\/kontakt\/\" data-type=\"page\" data-id=\"57\">per Mail<\/a>!<\/p>\n\n\n\n<hr class=\"wp-block-separator has-alpha-channel-opacity\" \/>\n\n\n\n<p><a href=\"#_ftnref1\" id=\"_ftn1\">[1]<\/a> <a href=\"https:\/\/www.un.org\/sustainabledevelopment\/sustainable-development-goals\/\">https:\/\/www.un.org\/sustainabledevelopment\/sustainable-development-goals\/<\/a> (Abrufdatum: 02.04.2025).<\/p>\n\n\n\n<p><a href=\"#_ftnref1\">[2]<\/a> Ulrich Holzbaur (2016), <em>Events nachhaltig gestalten: Grundlagen und Leitfaden f\u00fcr die Konzeption und Umsetzung von Nachhaltigen Events, <\/em>Wiesbaden: SpringerVS. S. 11-12.<\/p>\n\n\n\n<p><a href=\"#_ftnref1\" id=\"_ftn1\">[3]<\/a> <a href=\"https:\/\/www.kulturrat.de\/themen\/nachhaltigkeit-kultur\/klima-kultur\/kulturelle-nachhaltigkeit\/\">https:\/\/www.kulturrat.de\/themen\/nachhaltigkeit-kultur\/klima-kultur\/kulturelle-nachhaltigkeit\/<\/a> (Abrufdatum: 02.04.2025)<\/p>\n\n\n\n<p><\/p>\n","protected":false},"excerpt":{"rendered":"<p>Hier finden Sie beispielhaft aufgelistet einzelne, konkrete Ma\u00dfnahmen, die dabei helfen k\u00f6nnen, nachhaltiger zu agieren. Dazu finden Sie unter den angegebenen Links Beispiele, wo diese Ma\u00dfnahmen u. A. bereits durchgef\u00fchrt werden. Der Begriff der \u201cNachhaltigkeit\u201d ist multidimensional. Neben den \u00f6kologischen Dimensionen umfasst er auch soziale, kulturelle und \u00f6konomische Aspekte. Die Verwobenheit dieser Dimensionen und der &hellip; <a href=\"https:\/\/blogs.uni-paderborn.de\/nachhaltigkeitskultur\/good-practice-beispiele\/\" class=\"more-link\"><span class=\"screen-reader-text\">Good-Practice-Beispiele<\/span> weiterlesen<\/a><\/p>\n","protected":false},"author":9494,"featured_media":0,"parent":0,"menu_order":0,"comment_status":"closed","ping_status":"closed","template":"","meta":{"footnotes":""},"class_list":["post-197","page","type-page","status-publish","hentry"],"_links":{"self":[{"href":"https:\/\/blogs.uni-paderborn.de\/nachhaltigkeitskultur\/wp-json\/wp\/v2\/pages\/197","targetHints":{"allow":["GET"]}}],"collection":[{"href":"https:\/\/blogs.uni-paderborn.de\/nachhaltigkeitskultur\/wp-json\/wp\/v2\/pages"}],"about":[{"href":"https:\/\/blogs.uni-paderborn.de\/nachhaltigkeitskultur\/wp-json\/wp\/v2\/types\/page"}],"author":[{"embeddable":true,"href":"https:\/\/blogs.uni-paderborn.de\/nachhaltigkeitskultur\/wp-json\/wp\/v2\/users\/9494"}],"replies":[{"embeddable":true,"href":"https:\/\/blogs.uni-paderborn.de\/nachhaltigkeitskultur\/wp-json\/wp\/v2\/comments?post=197"}],"version-history":[{"count":28,"href":"https:\/\/blogs.uni-paderborn.de\/nachhaltigkeitskultur\/wp-json\/wp\/v2\/pages\/197\/revisions"}],"predecessor-version":[{"id":779,"href":"https:\/\/blogs.uni-paderborn.de\/nachhaltigkeitskultur\/wp-json\/wp\/v2\/pages\/197\/revisions\/779"}],"wp:attachment":[{"href":"https:\/\/blogs.uni-paderborn.de\/nachhaltigkeitskultur\/wp-json\/wp\/v2\/media?parent=197"}],"curies":[{"name":"wp","href":"https:\/\/api.w.org\/{rel}","templated":true}]}}