{"id":95,"date":"2021-06-23T10:47:36","date_gmt":"2021-06-23T08:47:36","guid":{"rendered":"https:\/\/blogs.uni-paderborn.de\/mink-owl\/?page_id=95"},"modified":"2021-08-03T16:17:14","modified_gmt":"2021-08-03T14:17:14","slug":"presseinformationen","status":"publish","type":"page","link":"https:\/\/blogs.uni-paderborn.de\/mink-owl\/presseinformationen\/","title":{"rendered":"Presseinformationen"},"content":{"rendered":"<div class=\"twoclick_social_bookmarks_post_95 social_share_privacy clearfix 1.6.4 locale-de_DE sprite-de_DE\"><\/div><div class=\"twoclick-js\"><script type=\"text\/javascript\">\/* <![CDATA[ *\/\njQuery(document).ready(function($){if($('.twoclick_social_bookmarks_post_95')){$('.twoclick_social_bookmarks_post_95').socialSharePrivacy({\"txt_help\":\"Wenn Sie diese Felder durch einen Klick aktivieren, werden Informationen an Facebook, Twitter, Flattr, Xing, t3n, LinkedIn, Pinterest oder Google eventuell ins Ausland \\u00fcbertragen und unter Umst\\u00e4nden auch dort gespeichert. N\\u00e4heres erfahren Sie durch einen Klick auf das <em>i<\\\/em>.\",\"settings_perma\":\"Dauerhaft aktivieren und Daten\\u00fcber-tragung zustimmen:\",\"info_link\":\"http:\\\/\\\/www.heise.de\\\/ct\\\/artikel\\\/2-Klicks-fuer-mehr-Datenschutz-1333879.html\",\"uri\":\"https:\\\/\\\/blogs.uni-paderborn.de\\\/mink-owl\\\/presseinformationen\\\/\",\"post_id\":95,\"post_title_referrer_track\":\"Presseinformationen\",\"display_infobox\":\"on\"});}});\n\/* ]]> *\/<\/script><\/div>\n<p>Seit \u00fcber einem Jahr k\u00f6nnen Veranstaltungen jeder Art kaum bis gar nicht stattfinden. Besonders die Musikveranstaltungsbranche treffen die Einschr\u00e4nkungen, welche mit den Ma\u00dfnahmen zur Eind\u00e4mmung der COVID-19 Pandemie einhergehen, hart. <\/p>\n\n\n\n<p>Teilnehmer*innen des transdisziplin\u00e4ren Forschungsseminars \u201eEventdesign\u201c (Sommersemester 2021) haben es sich unter der Leitung von Jun.-Prof.in Dr.in\u00a0phil.\u00a0Beate Flath zur Aufgabe gemacht, \u00f6konomische, soziale und kulturelle Aspekte der aktuellen Lage von Musikspielst\u00e4tten in Ostwestfalen-Lippe (OWL) vor dem Hintergrund der COVID-19 Pandemie zu untersuchen. 19 Masterstudent*innen aus den Bereichen \u201ePopul\u00e4re Musik und Medien\u201c sowie \u201eMedienwissenschaften\u201c arbeiteten gemeinsam an der Entwicklung eines entsprechenden Forschungs<ins>\u00ad<\/ins>designs, der Datenerhebung (leitfadengest\u00fctzte Interviews) und -auswertung sowie der Interpretation und Pr\u00e4sentation der Ergebnisse.<\/p>\n\n\n\n<p>Gerade f\u00fcr Studierende der Kulturwissenschaften mit starken Ber\u00fchrungspunkten zur Kulturbranche handelt es sich hierbei um ein besonders interessantes Projekt. Nicht nur in Hinblick auf berufliche Zukunftsperspektiven, sondern auch in Hinblick auf die ver\u00e4nderte Zug\u00e4nglichkeiten sowie Nutzbarkeiten kultureller Angebote. <\/p>\n","protected":false},"excerpt":{"rendered":"<p>Seit \u00fcber einem Jahr k\u00f6nnen Veranstaltungen jeder Art kaum bis gar nicht stattfinden. Besonders die Musikveranstaltungsbranche treffen die Einschr\u00e4nkungen, welche mit den Ma\u00dfnahmen zur Eind\u00e4mmung der COVID-19 Pandemie einhergehen, hart. Teilnehmer*innen des transdisziplin\u00e4ren Forschungsseminars \u201eEventdesign\u201c (Sommersemester 2021) haben es sich unter der Leitung von Jun.-Prof.in Dr.in\u00a0phil.\u00a0Beate Flath zur Aufgabe gemacht, \u00f6konomische, soziale und kulturelle Aspekte &hellip; <a href=\"https:\/\/blogs.uni-paderborn.de\/mink-owl\/presseinformationen\/\" class=\"more-link\"><span class=\"screen-reader-text\">Presseinformationen<\/span> weiterlesen<\/a><\/p>\n","protected":false},"author":9085,"featured_media":0,"parent":0,"menu_order":0,"comment_status":"closed","ping_status":"closed","template":"","meta":{"footnotes":""},"class_list":["post-95","page","type-page","status-publish","hentry"],"_links":{"self":[{"href":"https:\/\/blogs.uni-paderborn.de\/mink-owl\/wp-json\/wp\/v2\/pages\/95","targetHints":{"allow":["GET"]}}],"collection":[{"href":"https:\/\/blogs.uni-paderborn.de\/mink-owl\/wp-json\/wp\/v2\/pages"}],"about":[{"href":"https:\/\/blogs.uni-paderborn.de\/mink-owl\/wp-json\/wp\/v2\/types\/page"}],"author":[{"embeddable":true,"href":"https:\/\/blogs.uni-paderborn.de\/mink-owl\/wp-json\/wp\/v2\/users\/9085"}],"replies":[{"embeddable":true,"href":"https:\/\/blogs.uni-paderborn.de\/mink-owl\/wp-json\/wp\/v2\/comments?post=95"}],"version-history":[{"count":10,"href":"https:\/\/blogs.uni-paderborn.de\/mink-owl\/wp-json\/wp\/v2\/pages\/95\/revisions"}],"predecessor-version":[{"id":445,"href":"https:\/\/blogs.uni-paderborn.de\/mink-owl\/wp-json\/wp\/v2\/pages\/95\/revisions\/445"}],"wp:attachment":[{"href":"https:\/\/blogs.uni-paderborn.de\/mink-owl\/wp-json\/wp\/v2\/media?parent=95"}],"curies":[{"name":"wp","href":"https:\/\/api.w.org\/{rel}","templated":true}]}}