{"id":93,"date":"2021-06-23T10:47:22","date_gmt":"2021-06-23T08:47:22","guid":{"rendered":"https:\/\/blogs.uni-paderborn.de\/mink-owl\/?page_id=93"},"modified":"2021-08-06T15:14:35","modified_gmt":"2021-08-06T13:14:35","slug":"ergebnisse","status":"publish","type":"page","link":"https:\/\/blogs.uni-paderborn.de\/mink-owl\/ergebnisse\/","title":{"rendered":"Ergebnisse"},"content":{"rendered":"<div class=\"twoclick_social_bookmarks_post_93 social_share_privacy clearfix 1.6.4 locale-de_DE sprite-de_DE\"><\/div><div class=\"twoclick-js\"><script type=\"text\/javascript\">\/* <![CDATA[ *\/\njQuery(document).ready(function($){if($('.twoclick_social_bookmarks_post_93')){$('.twoclick_social_bookmarks_post_93').socialSharePrivacy({\"txt_help\":\"Wenn Sie diese Felder durch einen Klick aktivieren, werden Informationen an Facebook, Twitter, Flattr, Xing, t3n, LinkedIn, Pinterest oder Google eventuell ins Ausland \\u00fcbertragen und unter Umst\\u00e4nden auch dort gespeichert. N\\u00e4heres erfahren Sie durch einen Klick auf das <em>i<\\\/em>.\",\"settings_perma\":\"Dauerhaft aktivieren und Daten\\u00fcber-tragung zustimmen:\",\"info_link\":\"http:\\\/\\\/www.heise.de\\\/ct\\\/artikel\\\/2-Klicks-fuer-mehr-Datenschutz-1333879.html\",\"uri\":\"https:\\\/\\\/blogs.uni-paderborn.de\\\/mink-owl\\\/ergebnisse\\\/\",\"post_id\":93,\"post_title_referrer_track\":\"Ergebnisse\",\"display_infobox\":\"on\"});}});\n\/* ]]> *\/<\/script><\/div>\n<hr class=\"wp-block-separator\" \/>\n\n\n\n<p>Im Folgenden sind die wichtigsten Ergebnisse der Studie, unterteilt nach den drei Kategorien <font color=\"6F1F1B\"><strong>\u00f6konomische<\/strong><\/font>, <font color=\"F29452\"><strong>kulturelle<\/strong><\/font> und <font color=\"5D555F\"><strong>soziale<\/strong><\/font> Aspekte, zusammengefasst. Blau dargestellt sind Ergebnisse, die sich auf mehrere oder alle der drei Kategorien beziehen und damit die <font color=\"202C4E\"><strong>\u00dcberschneidungen und Verschr\u00e4nkungen<\/strong><\/font> der Aspekte offenlegen. <\/p>\n\n\n\n<p>An dieser Stelle ist es wichtig, darauf hinzuweisen, dass die Ergebnisse nicht auf alle Musikspielst\u00e4tten in OWL \u00fcbertragbar sind, sondern sich lediglich auf die 14 gef\u00fchrten Interviews beziehen! Dennoch k\u00f6nnen sie erste Hinweise und Anhaltspunkte hinsichtlich der aktuellen Lage von Musikspielst\u00e4tten in OWL geben und Ausgangspunkt f\u00fcr weitere Untersuchungen sein. <br> <\/p>\n\n\n\n<hr class=\"wp-block-separator\" \/>\n\n\n\n<div class=\"wp-block-image\"><figure class=\"aligncenter size-large\"><a href=\"https:\/\/blogs.uni-paderborn.de\/mink-owl\/files\/2021\/08\/Grafik-Ergebnisse.png\"><img loading=\"lazy\" decoding=\"async\" width=\"1024\" height=\"535\" src=\"https:\/\/blogs.uni-paderborn.de\/mink-owl\/files\/2021\/08\/Grafik-Ergebnisse-1024x535.png\" alt=\"\" class=\"wp-image-457\" srcset=\"https:\/\/blogs.uni-paderborn.de\/mink-owl\/files\/2021\/08\/Grafik-Ergebnisse-1024x535.png 1024w, https:\/\/blogs.uni-paderborn.de\/mink-owl\/files\/2021\/08\/Grafik-Ergebnisse-300x157.png 300w, https:\/\/blogs.uni-paderborn.de\/mink-owl\/files\/2021\/08\/Grafik-Ergebnisse-768x401.png 768w, https:\/\/blogs.uni-paderborn.de\/mink-owl\/files\/2021\/08\/Grafik-Ergebnisse-1536x803.png 1536w, https:\/\/blogs.uni-paderborn.de\/mink-owl\/files\/2021\/08\/Grafik-Ergebnisse-2048x1070.png 2048w\" sizes=\"auto, (max-width: 1024px) 100vw, 1024px\" \/><\/a><figcaption>Schematische Darstellung der wichtigsten Ergebnisse<\/figcaption><\/figure><\/div>\n\n\n\n<hr class=\"wp-block-separator\" \/>\n\n\n\n<p><strong><font color=\"6F1F1B\">\u00d6KONOMISCHE ASPEKTE<\/font><\/strong><\/p>\n\n\n\n<p><font color=\"6F1F1B\">Finanzielles<\/font><br><em>\u201eMan ist da sicher wirklich, wirklich drauf angewiesen, dass irgendwann dann auch die Zahlungen flie\u00dfen.\u201c<\/em><br>Laufende Kosten f\u00fcr Mitarbeiter*innen und Miete fallen trotz der Umsatzausf\u00e4lle weiter an, sodass die Situation teilweise als prek\u00e4r zu bezeichnen ist. Durchgef\u00fchrte Spendenaktionen dienen zum Ausgleich von Verlusten.<\/p>\n\n\n\n<p><font color=\"6F1F1B\">Staatliche Hilfen<\/font><br><em>\u201eAlso, das was ich beantragt habe bis dato, [&#8230;] dem ist weitestgehend entsprochen worden.\u201c<\/em><br>Geld, das beantragt wurde, ist geflossen, auch wenn daf\u00fcr ein gro\u00dfer b\u00fcrokratischer Aufwand n\u00f6tig war. Die Existenzen sind gesichert. Auf das Geld musste teilweise allerdings lange gewartet werden. Die Betreiber*innen zeigen sich dankbar f\u00fcr die Hilfen.<\/p>\n\n\n\n<hr class=\"wp-block-separator\" \/>\n\n\n\n<p><strong><font color=\"F39251\">KULTURELLE ASPEKTE<\/font><\/strong><\/p>\n\n\n\n<p><font color=\"F39251\">Veranstaltungsformate<\/font><br><em>\u201eDas eine oder andere Mal haben wir Streams gemacht. Das wei\u00df man ja mittlerweile auch, dass das einfach nur Geld verbrennt.\u201c<\/em><br>Ganz oder gar nicht! Die Schwierigkeiten bei der Konzeption digitaler Formate waren gro\u00df, da es das Ziel war, so wenige Ressourcen wie m\u00f6glich zu verbrauchen.<br>Auch analoge Live-Formate in kleiner Ausf\u00fchrung wurden entweder in den Musikspielst\u00e4tten selbst oder in Form von Open Air-Veranstaltungen durchgef\u00fchrt. In erster Linie wurden jedoch alternative Nutzungsm\u00f6glichkeiten der Musikspielst\u00e4tten angedacht. <br><br><font color=\"F39251\">Zukunftsperspektiven<\/font><br><em>\u201eNat\u00fcrlich werden die Leute in die Disco gehen. Ich glaube aber nicht, dass es sich auf einem Level einpendelt wie vorher.\u201c<\/em><br>Hygienekonzepte werden die Branche noch lange begleiten. Einerseits herrscht <br>Optimismus: Die staatlichen Hilfen gehen in die richtige Richtung, die Betreiber*innen haben gro\u00dfe Lust, wieder aktiv zu arbeiten. Andererseits herrscht auch Pessimismus: Alte Arbeitsabl\u00e4ufe m\u00fcssen reaktiviert werden, das Verhalten des Publikums hat sich ge\u00e4ndert und die Konkurrenz durch globale Player ist gr\u00f6\u00dfer geworden. <\/p>\n\n\n\n<hr class=\"wp-block-separator\" \/>\n\n\n\n<p><strong><font color=\"5E545F\">SOZIALE ASPEKTE<\/font><\/strong><br><br><font color=\"5E545F\">Pers\u00f6nliche Motivation<\/font><br>\u201e<em>Am Ende des Tages habe ich mein Hobby zum Beruf gemacht.\u201c<\/em><br>Leidenschaft f\u00fcr die Arbeit in der Branche und die soziale Wertsch\u00e4tzung daf\u00fcr stehen bei der pers\u00f6nlichen Motivation im Vordergrund. So wurde vielfach das Hobby zum Beruf gemacht, um K\u00fcnstler*innen eine B\u00fchne zu bieten, gestalterisch aktiv zu sein sowie um f\u00fcr und mit Menschen zu arbeiten.<br><br><font color=\"5E545F\">Berufliche Ver\u00e4nderungen<\/font><br><em>\u201eAlso ich habe genug Leute aus meiner Firma, die halt wirklich in den Lebensmitteleinzelhandel gegangen sind oder zur Post.\u201c<\/em><br>Beruflich bedeutet die COVID-19 Pandemie f\u00fcr die Befragten vor allem mehr Aufwand durch ver\u00e4nderte Aufgaben, die vielfach in Kurzarbeit oder dem Home-Office verrichtet werden. Teilweise haben berufliche Umorientierungen durch Neugr\u00fcndungen oder Zweitjobs stattgefunden, wobei ein besseres Lohnniveau in anderen Branchen festgestellt wurde.<br><br><font color=\"5E545F\">Ver\u00e4nderungen des Alltags<\/font><br><em>\u201eDie ersten drei Wochen der Pandemie fand ich total gewinnbringend, weil ich auch aus dem Hamsterrad rausgeflogen bin.\u201c<\/em><br>Der Beginn der Pandemie wurde als Pause genutzt. Die B\u00fcrozeiten nahmen im weiteren Verlauf zu, da eine stetige Neuorganisation notwendig war. <\/p>\n\n\n\n<hr class=\"wp-block-separator\" \/>\n\n\n\n<p><font color=\"202B4D\"><strong>\u00dcBERSCHNEIDUNGEN, VERSCHR\u00c4NKUNGEN UND QUERLIEGENDE ASPEKTE<\/strong><\/font><br><br>Es fehlt an Planungssicherheit in allen Bereichen, was zu gro\u00dfer emotionaler Belastung aller Befragten f\u00fchrt.<br>Alternative Veranstaltungsformate rentieren sich finanziell nicht. Stattdessen dienen Umbauarbeiten oder Neugr\u00fcndungen als \u00dcberbr\u00fcckung.<br>Die Leidenschaft f\u00fcr die kulturelle Arbeit l\u00e4sst finanzielle Erw\u00e4gungen jedoch in den Hintergrund treten.<br><br><\/p>\n\n\n\n<hr class=\"wp-block-separator\" \/>\n\n\n\n<figure class=\"wp-block-image size-large is-resized\"><img loading=\"lazy\" decoding=\"async\" src=\"https:\/\/blogs.uni-paderborn.de\/mink-owl\/files\/2021\/07\/Wortwolke-NEU-1024x601.png\" alt=\"\" class=\"wp-image-331\" width=\"729\" height=\"427\" srcset=\"https:\/\/blogs.uni-paderborn.de\/mink-owl\/files\/2021\/07\/Wortwolke-NEU-1024x601.png 1024w, https:\/\/blogs.uni-paderborn.de\/mink-owl\/files\/2021\/07\/Wortwolke-NEU-300x176.png 300w, https:\/\/blogs.uni-paderborn.de\/mink-owl\/files\/2021\/07\/Wortwolke-NEU-768x450.png 768w, https:\/\/blogs.uni-paderborn.de\/mink-owl\/files\/2021\/07\/Wortwolke-NEU-1536x901.png 1536w, https:\/\/blogs.uni-paderborn.de\/mink-owl\/files\/2021\/07\/Wortwolke-NEU-2048x1201.png 2048w\" sizes=\"auto, (max-width: 729px) 100vw, 729px\" \/><figcaption>Wortwolke: Die Gr\u00f6\u00dfe des jeweiligen Wortes entspricht der H\u00e4ufigkeit seiner Nennung in den Interviews<\/figcaption><\/figure>\n\n\n\n<p><\/p>\n","protected":false},"excerpt":{"rendered":"<p>Im Folgenden sind die wichtigsten Ergebnisse der Studie, unterteilt nach den drei Kategorien \u00f6konomische, kulturelle und soziale Aspekte, zusammengefasst. Blau dargestellt sind Ergebnisse, die sich auf mehrere oder alle der drei Kategorien beziehen und damit die \u00dcberschneidungen und Verschr\u00e4nkungen der Aspekte offenlegen. An dieser Stelle ist es wichtig, darauf hinzuweisen, dass die Ergebnisse nicht auf &hellip; <a href=\"https:\/\/blogs.uni-paderborn.de\/mink-owl\/ergebnisse\/\" class=\"more-link\"><span class=\"screen-reader-text\">Ergebnisse<\/span> weiterlesen<\/a><\/p>\n","protected":false},"author":9085,"featured_media":0,"parent":0,"menu_order":0,"comment_status":"closed","ping_status":"closed","template":"","meta":{"footnotes":""},"class_list":["post-93","page","type-page","status-publish","hentry"],"_links":{"self":[{"href":"https:\/\/blogs.uni-paderborn.de\/mink-owl\/wp-json\/wp\/v2\/pages\/93","targetHints":{"allow":["GET"]}}],"collection":[{"href":"https:\/\/blogs.uni-paderborn.de\/mink-owl\/wp-json\/wp\/v2\/pages"}],"about":[{"href":"https:\/\/blogs.uni-paderborn.de\/mink-owl\/wp-json\/wp\/v2\/types\/page"}],"author":[{"embeddable":true,"href":"https:\/\/blogs.uni-paderborn.de\/mink-owl\/wp-json\/wp\/v2\/users\/9085"}],"replies":[{"embeddable":true,"href":"https:\/\/blogs.uni-paderborn.de\/mink-owl\/wp-json\/wp\/v2\/comments?post=93"}],"version-history":[{"count":61,"href":"https:\/\/blogs.uni-paderborn.de\/mink-owl\/wp-json\/wp\/v2\/pages\/93\/revisions"}],"predecessor-version":[{"id":459,"href":"https:\/\/blogs.uni-paderborn.de\/mink-owl\/wp-json\/wp\/v2\/pages\/93\/revisions\/459"}],"wp:attachment":[{"href":"https:\/\/blogs.uni-paderborn.de\/mink-owl\/wp-json\/wp\/v2\/media?parent=93"}],"curies":[{"name":"wp","href":"https:\/\/api.w.org\/{rel}","templated":true}]}}