{"id":248,"date":"2021-07-05T13:25:27","date_gmt":"2021-07-05T11:25:27","guid":{"rendered":"https:\/\/blogs.uni-paderborn.de\/mink-owl\/?page_id=248"},"modified":"2021-08-03T16:17:14","modified_gmt":"2021-08-03T14:17:14","slug":"links-und-literatur","status":"publish","type":"page","link":"https:\/\/blogs.uni-paderborn.de\/mink-owl\/links-und-literatur\/","title":{"rendered":"Links und Literatur"},"content":{"rendered":"<div class=\"twoclick_social_bookmarks_post_248 social_share_privacy clearfix 1.6.4 locale-de_DE sprite-de_DE\"><\/div><div class=\"twoclick-js\"><script type=\"text\/javascript\">\/* <![CDATA[ *\/\njQuery(document).ready(function($){if($('.twoclick_social_bookmarks_post_248')){$('.twoclick_social_bookmarks_post_248').socialSharePrivacy({\"txt_help\":\"Wenn Sie diese Felder durch einen Klick aktivieren, werden Informationen an Facebook, Twitter, Flattr, Xing, t3n, LinkedIn, Pinterest oder Google eventuell ins Ausland \\u00fcbertragen und unter Umst\\u00e4nden auch dort gespeichert. N\\u00e4heres erfahren Sie durch einen Klick auf das <em>i<\\\/em>.\",\"settings_perma\":\"Dauerhaft aktivieren und Daten\\u00fcber-tragung zustimmen:\",\"info_link\":\"http:\\\/\\\/www.heise.de\\\/ct\\\/artikel\\\/2-Klicks-fuer-mehr-Datenschutz-1333879.html\",\"uri\":\"https:\\\/\\\/blogs.uni-paderborn.de\\\/mink-owl\\\/links-und-literatur\\\/\",\"post_id\":248,\"post_title_referrer_track\":\"Links+und+Literatur\",\"display_infobox\":\"on\"});}});\n\/* ]]> *\/<\/script><\/div>\n<p>Zur weiteren Information finden Sie hier Links zu Studien, Artikeln und Verb\u00e4nden, die sich mit Musikspielst\u00e4tten und Kultur im Allgemeinen zu Zeiten der COVID-19 Pandemie besch\u00e4ftigen.<\/p>\n\n\n\n<p><strong><a href=\"https:\/\/www.initiative-musik.de\/clubstudie\/\">Clubstudie der Initiative Musik<\/a><\/strong><br>Breit angelegte Studie aus dem Oktober 2020 \u00fcber die kulturelle, soziale und \u00f6konomische Situation deutscher Musikspielst\u00e4tten mit besonderem Schwerpunkt auf der COVID-19 Pandemie.<\/p>\n\n\n\n<p><strong><a href=\"https:\/\/kupoge.de\/produkt\/heft-173-ii-2021-kulturfoerderung-in-der-krise\/\">Kulturf\u00f6rderung in der Krise<\/a><\/strong><br>Heft 173 &nbsp;\u2022 II\/2021: Kulturf\u00f6rderung in der Krise der Kulturpolitischen Mitteilungen &#8211; Kulturpolitische Gesellschaft e.V.<\/p>\n\n\n\n<p><a href=\"https:\/\/www.livekomm.org\/\"><strong>LiveKomm<\/strong><\/a><br>Verband der Musikspielst\u00e4tten in Deutschland.<\/p>\n\n\n\n<p><strong><a href=\"https:\/\/www.initiative-musik.de\/\">Initiative Musik<\/a><\/strong><br>Zentrale F\u00f6rdereinrichtung der Bundesregierung und der Musikbranche f\u00fcr die deutsche Musikwirtschaft.<\/p>\n\n\n\n<p><a href=\"https:\/\/www.kulturrat.de\/\"><strong>Deutscher Musikrat<\/strong><\/a><br>Dachverband musikbezogener Fachverb\u00e4nde in Deutschland.<\/p>\n\n\n\n<p><\/p>\n","protected":false},"excerpt":{"rendered":"<p>Zur weiteren Information finden Sie hier Links zu Studien, Artikeln und Verb\u00e4nden, die sich mit Musikspielst\u00e4tten und Kultur im Allgemeinen zu Zeiten der COVID-19 Pandemie besch\u00e4ftigen. Clubstudie der Initiative MusikBreit angelegte Studie aus dem Oktober 2020 \u00fcber die kulturelle, soziale und \u00f6konomische Situation deutscher Musikspielst\u00e4tten mit besonderem Schwerpunkt auf der COVID-19 Pandemie. Kulturf\u00f6rderung in der &hellip; <a href=\"https:\/\/blogs.uni-paderborn.de\/mink-owl\/links-und-literatur\/\" class=\"more-link\"><span class=\"screen-reader-text\">Links und Literatur<\/span> weiterlesen<\/a><\/p>\n","protected":false},"author":9085,"featured_media":0,"parent":0,"menu_order":0,"comment_status":"closed","ping_status":"closed","template":"","meta":{"footnotes":""},"class_list":["post-248","page","type-page","status-publish","hentry"],"_links":{"self":[{"href":"https:\/\/blogs.uni-paderborn.de\/mink-owl\/wp-json\/wp\/v2\/pages\/248","targetHints":{"allow":["GET"]}}],"collection":[{"href":"https:\/\/blogs.uni-paderborn.de\/mink-owl\/wp-json\/wp\/v2\/pages"}],"about":[{"href":"https:\/\/blogs.uni-paderborn.de\/mink-owl\/wp-json\/wp\/v2\/types\/page"}],"author":[{"embeddable":true,"href":"https:\/\/blogs.uni-paderborn.de\/mink-owl\/wp-json\/wp\/v2\/users\/9085"}],"replies":[{"embeddable":true,"href":"https:\/\/blogs.uni-paderborn.de\/mink-owl\/wp-json\/wp\/v2\/comments?post=248"}],"version-history":[{"count":6,"href":"https:\/\/blogs.uni-paderborn.de\/mink-owl\/wp-json\/wp\/v2\/pages\/248\/revisions"}],"predecessor-version":[{"id":427,"href":"https:\/\/blogs.uni-paderborn.de\/mink-owl\/wp-json\/wp\/v2\/pages\/248\/revisions\/427"}],"wp:attachment":[{"href":"https:\/\/blogs.uni-paderborn.de\/mink-owl\/wp-json\/wp\/v2\/media?parent=248"}],"curies":[{"name":"wp","href":"https:\/\/api.w.org\/{rel}","templated":true}]}}